{"id":4426,"date":"2018-04-22T10:38:30","date_gmt":"2018-04-22T10:38:30","guid":{"rendered":"https:\/\/museocavallinodellagiara.it\/contacts\/"},"modified":"2025-03-29T14:15:48","modified_gmt":"2025-03-29T14:15:48","slug":"contacts","status":"publish","type":"page","link":"https:\/\/museocavallinodellagiara.it\/fr\/contacts\/","title":{"rendered":"Contact"},"content":{"rendered":"<p>[vc_row css=\u00a0\u00bb.vc_custom_1493998472841{padding-top: 75px !important;padding-bottom: 40px !important;}\u00a0\u00bb][vc_column width=\u00a0\u00bb2\/3&Prime; col_padding=\u00a0\u00bb2&Prime; col_padding_side=\u00a0\u00bbright\u00a0\u00bb][vc_column_text css=\u00a0\u00bb.vc_custom_1493998522496{margin-bottom: 35px !important;}\u00a0\u00bb]<\/p>\n<h3>Formulaire de contact<\/h3>\n<p>[\/vc_column_text]\n\t<div class=\"contact-form-holder \">\n\n\t\t<form enctype=\"application\/x-www-form-urlencoded;\" id=\"engage-contact-form\" class=\"form-horizontal vntd-contact-form contact-form-modern\" role=\"form\" method=\"post\" data-path=\"https:\/\/museocavallinodellagiara.it\/wp-content\/plugins\/engage-core\/shortcodes\/lib\/contact-form\/process.php\">\n\n\t    \t<div class=\"form-row\">\n\t    \t\t<div class=\"row\">\n\t\t        \t<div class=\"col-md-6\">\n\t\t        \t\t<span class=\"form-input-holder\">\n\t\t        \t\t\t<input type=\"text\" name=\"form-name\" value=\"\" size=\"40\" id=\"form-name\" class=\"form-control\" placeholder=\"Name\" required>\n\t\t        \t\t<\/span>\n\t\t        \t<\/div>\n\t\t        \t<div class=\"col-md-6\">\n\t\t        \t\t<span class=\"form-input-holder\">\n\t\t\t        \t\t<input type=\"email\" name=\"form-email\" id=\"form-email\" value=\"\" size=\"40\" class=\"form-control\" placeholder=\"Email\" required>\n\t\t        \t\t<\/span>\n\t\t        \t<\/div>\n\t\t        <\/div>\n\t    \t<\/div>\n\n\t    \t<div class=\"form-group\" id=\"subject-field\">\n\t    \t\t<span class=\"form-input-holder\">\n\t    \t\t\t<input type=\"text\" id=\"form-subject\" name=\"form-subject\" value=\"\" size=\"40\" class=\"form-control\" placeholder=\"Subject\" required>\n\t    \t\t<\/span>\n\t    \t<\/div>\n\n\t    \t<div class=\"form-row\">\n\t    \t\t<span class=\"form-input-holder\">\n\t    \t\t\t<textarea cols=\"40\" rows=\"10\" class=\"form-control\" id=\"form-message\" name=\"form-message\" placeholder=\"Message\" required><\/textarea>\n\t    \t\t<\/span>\n\t    \t<\/div>\n                            <div class=\"form-row\">\n\t    \t\t<span class=\"form-input-holder\">\n\t    \t\t\t<input type=\"checkbox\" id=\"engage-gdpr-consent\" name=\"engage-gdpr-consent\"\n                           class=\"engage-form-checkbox\" required>\n                    <label for=\"engage-gdpr-consent\">I consent to having this website store my submitted information so they can respond to my inquiry.<span class=\"engage-gdpr-consent-asterisk\">*<\/span><\/label>\n\t    \t\t<\/span>\n                <\/div>\n                \n\t        <div class=\"form-row\">\n\t        \t<input type=\"hidden\" class=\"hidden\" name=\"destination_email\" id=\"destination_email\" value=\"info__xyzx__museocavallinodellagiara.it\">\n                <div id=\"vntd-success-msg\" class=\"hidden\" style=\"display:none;\">Your message has been sent successfully.<\/div>\n\t            <button type=\"submit\" class=\"btn btn-accent\">Send<\/button>\n\t        <\/div>\n\n\t    <\/form>\n\n    <\/div>\n\n\t[\/vc_column][vc_column width=\u00a0\u00bb1\/3&Prime; col_padding=\u00a0\u00bb2&Prime; col_padding_side=\u00a0\u00bbleft\u00a0\u00bb][vc_column_text]<\/p>\n<h3>Contact<\/h3>\n<p>Le mus\u00e9e est ouvert du mercredi au dimanche et les autres jours sur rendez-vous. Pour plus de d\u00e9tails, consultez la section <strong><a href=\"https:\/\/museocavallinodellagiara.it\/orari-e-biglietteria\/\">horaires et billetterie<\/a><\/strong>.<\/p>\n<p>Vous pouvez nous contacter aux num\u00e9ros ci-dessous ou par email sur le c\u00f4t\u00e9 &#8211; Nous r\u00e9pondons dans les 24 heures &#8211; Aussi whatsApp[\/vc_column_text][vc_column_text css=\u00a0\u00bb.vc_custom_1730477421835{margin-bottom: 18px !important;}\u00a0\u00bb]Nos coordonn\u00e9es :<\/p>\n<p>Civico Museo del Cavallino della Giara<br \/>\nVia Chiesa, 7<br \/>\n09054 &#8211; Genoni (SU)<br \/>\nCellulaire : +39 339 16 76 863<br \/>\nTel : +39 0782 194 0235<br \/>\nE-Mail : <a href=\"mailto:info@museocavallinodellagiara.it\">info@museocavallinodellagiara.it<\/a>[\/vc_column_text][\/vc_column][\/vc_row][vc_row full_width=\u00a0\u00bbstretch_row_content_no_spaces\u00a0\u00bb][vc_column][vc_column_text]\t<script type=\"text\/javascript\">\n\n\tjQuery(document).ready(function() {\n\n\t\t'use strict';\n\n\t\t\n\t\t\/\/ Map Coordination\n\n\t\tvar latlng = new google.maps.LatLng(39.79483,9.006834);\n\n\t\t\/\/ Map Options\n\n\t\tvar myOptions = {\n\t\t\tzoom: 11,\n\t\t\tcenter: latlng,\n\t\t\tmapTypeId: google.maps.MapTypeId.ROADMAP,\n\t\t\tdisableDefaultUI: false,\n\t\t\tmapTypeControl: false,\n\t\t\tscrollwheel: true,\n\t\t\tstyles: [{\"featureType\":\"administrative\",\"elementType\":\"all\",\"stylers\":[{\"saturation\":\"-100\"}]},{\"featureType\":\"administrative.province\",\"elementType\":\"all\",\"stylers\":[{\"visibility\":\"off\"}]},{\"featureType\":\"landscape\",\"elementType\":\"all\",\"stylers\":[{\"saturation\":-100},{\"lightness\":65},{\"visibility\":\"on\"}]},{\"featureType\":\"poi\",\"elementType\":\"all\",\"stylers\":[{\"saturation\":-100},{\"lightness\":\"50\"},{\"visibility\":\"simplified\"}]},{\"featureType\":\"road\",\"elementType\":\"all\",\"stylers\":[{\"saturation\":\"-100\"}]},{\"featureType\":\"road.highway\",\"elementType\":\"all\",\"stylers\":[{\"visibility\":\"simplified\"}]},{\"featureType\":\"road.arterial\",\"elementType\":\"all\",\"stylers\":[{\"lightness\":\"30\"}]},{\"featureType\":\"road.local\",\"elementType\":\"all\",\"stylers\":[{\"lightness\":\"40\"}]},{\"featureType\":\"transit\",\"elementType\":\"all\",\"stylers\":[{\"saturation\":-100},{\"visibility\":\"simplified\"}]},{\"featureType\":\"water\",\"elementType\":\"geometry\",\"stylers\":[{\"hue\":\"#ffff00\"},{\"lightness\":-25},{\"saturation\":-97}]},{\"featureType\":\"water\",\"elementType\":\"labels\",\"stylers\":[{\"lightness\":-25},{\"saturation\":-100}]}]\t\t};\n\n\t\tvar map = new google.maps.Map( document.getElementById('google-map-4671' ), myOptions);\n\n\t\tvar markersArray = [];\n\t\tvar markersContentArray = [];\n\t\tvar infoWindows = [];\n\n\t\t                    var markerLocation = new google.maps.LatLng(39.79483,9.006834);\n                    var contentString = '<div id=\"content\">' +\n                        '<div id=\"siteNotice\">' +\n                        '<\/div>' +\n                        '<h4>' + 'Civico Museo del Cavallino della Giara' + '<\/h4>' +\n                        \n                        '<p class=\"vntd-marker-text\">' +\n\n                        'Clicca sulla mappa per i dettagli' +\n\n                        '<\/p>' + \n                        '<\/div>';\n\n                    markersContentArray.push(contentString);\n\n                    var markerIcon = ' ';\n\n                    \n                    var marker = new MarkerWithLabel({\n                        position: markerLocation,\n                        draggable: false,\n                        raiseOnDrag: false,\n                        icon: markerIcon,\n                        map: map,\n                        labelContent: '<div class=\"vntd-gmap-marker vntd-gmap-marker1 vntd-marker-color-blue\"><\/div>',\n                        labelAnchor: new google.maps.Point(22, 50),\n                        labelClass: \"labels\" \/\/ the CSS class for the label\n                    });\n\n                    markersArray.push(marker);\n\n                    markersArray[0].setMap(map);\n\n                    var infowindow = new google.maps.InfoWindow({\n                        content: contentString\n                    });\n\n                    infoWindows.push(infowindow);\n\n                    google.maps.event.addListener(markersArray[0], 'click', function (e) {\n                        infoWindows[0].open(map, this);\n                    });\n\n                    \n\t});\n\n\t<\/script>\n\n\t<div class=\"vntd-gmap map-skin-grayscale\">\n\t\t    <div id=\"google-map-4671\" style=\"height:540px;\"><\/div>\n\n\t<\/div>\n\t[\/vc_column_text][\/vc_column][\/vc_row]<\/p>\n","protected":false},"excerpt":{"rendered":"<p>[vc_row css=\u00a0\u00bb.vc_custom_1493998472841{padding-top: 75px !important;padding-bottom: 40px !important;}\u00a0\u00bb][vc_column width=\u00a0\u00bb2\/3&Prime; col_padding=\u00a0\u00bb2&Prime; col_padding_side=\u00a0\u00bbright\u00a0\u00bb][vc_column_text css=\u00a0\u00bb.vc_custom_1493998522496{margin-bottom: 35px !important;}\u00a0\u00bb] Formulaire de contact [\/vc_column_text][\/vc_column][vc_column width=\u00a0\u00bb1\/3&Prime; col_padding=\u00a0\u00bb2&Prime; col_padding_side=\u00a0\u00bbleft\u00a0\u00bb][vc_column_text] Contact Le mus\u00e9e est ouvert du mercredi au dimanche et les autres jours sur rendez-vous. Pour plus de d\u00e9tails, consultez la section horaires et billetterie. Vous pouvez nous contacter aux num\u00e9ros [&hellip;]<\/p>\n","protected":false},"author":1,"featured_media":0,"parent":0,"menu_order":0,"comment_status":"closed","ping_status":"closed","template":"","meta":{"footnotes":""},"class_list":["post-4426","page","type-page","status-publish","hentry"],"yoast_head":"<!-- This site is optimized with the Yoast SEO plugin v27.1.1 - https:\/\/yoast.com\/product\/yoast-seo-wordpress\/ -->\n<title>Contact - Museo del Cavallino della Giara<\/title>\n<meta name=\"description\" content=\"Contacts du mus\u00e9e Cavallino della Giara. Le mus\u00e9e est ouvert du mercredi au dimanche, tous les autres jours et heures sur rendez-vous. Pour plus d&#039;informations et pour r\u00e9server votre visite, n&#039;h\u00e9sitez pas \u00e0 nous \u00e9crire !\" \/>\n<meta name=\"robots\" content=\"index, follow, max-snippet:-1, max-image-preview:large, max-video-preview:-1\" \/>\n<link rel=\"canonical\" href=\"https:\/\/museocavallinodellagiara.it\/fr\/contacts\/\" \/>\n<meta property=\"og:locale\" content=\"fr_FR\" \/>\n<meta property=\"og:type\" content=\"article\" \/>\n<meta property=\"og:title\" content=\"Contact - Museo del Cavallino della Giara\" \/>\n<meta property=\"og:description\" content=\"Contacts du mus\u00e9e Cavallino della Giara. Le mus\u00e9e est ouvert du mercredi au dimanche, tous les autres jours et heures sur rendez-vous. Pour plus d&#039;informations et pour r\u00e9server votre visite, n&#039;h\u00e9sitez pas \u00e0 nous \u00e9crire !\" \/>\n<meta property=\"og:url\" content=\"https:\/\/museocavallinodellagiara.it\/fr\/contacts\/\" \/>\n<meta property=\"og:site_name\" content=\"Museo del Cavallino della Giara\" \/>\n<meta property=\"article:publisher\" content=\"https:\/\/business.facebook.com\/parcgenoni\/\" \/>\n<meta property=\"article:modified_time\" content=\"2025-03-29T14:15:48+00:00\" \/>\n<meta property=\"og:image\" content=\"https:\/\/museocavallinodellagiara.it\/wp-content\/uploads\/2018\/01\/cavalla_puledro_giara-min.jpg\" \/>\n\t<meta property=\"og:image:width\" content=\"1200\" \/>\n\t<meta property=\"og:image:height\" content=\"800\" \/>\n\t<meta property=\"og:image:type\" content=\"image\/jpeg\" \/>\n<meta name=\"twitter:card\" content=\"summary_large_image\" \/>\n<meta name=\"twitter:label1\" content=\"Dur\u00e9e de lecture estim\u00e9e\" \/>\n\t<meta name=\"twitter:data1\" content=\"1 minute\" \/>\n<script type=\"application\/ld+json\" class=\"yoast-schema-graph\">{\"@context\":\"https:\/\/schema.org\",\"@graph\":[{\"@type\":\"WebPage\",\"@id\":\"https:\/\/museocavallinodellagiara.it\/fr\/contacts\/\",\"url\":\"https:\/\/museocavallinodellagiara.it\/fr\/contacts\/\",\"name\":\"Contact - Museo del Cavallino della Giara\",\"isPartOf\":{\"@id\":\"https:\/\/museocavallinodellagiara.it\/#website\"},\"datePublished\":\"2018-04-22T10:38:30+00:00\",\"dateModified\":\"2025-03-29T14:15:48+00:00\",\"description\":\"Contacts du mus\u00e9e Cavallino della Giara. Le mus\u00e9e est ouvert du mercredi au dimanche, tous les autres jours et heures sur rendez-vous. Pour plus d'informations et pour r\u00e9server votre visite, n'h\u00e9sitez pas \u00e0 nous \u00e9crire !\",\"breadcrumb\":{\"@id\":\"https:\/\/museocavallinodellagiara.it\/fr\/contacts\/#breadcrumb\"},\"inLanguage\":\"fr-FR\",\"potentialAction\":[{\"@type\":\"ReadAction\",\"target\":[\"https:\/\/museocavallinodellagiara.it\/fr\/contacts\/\"]}]},{\"@type\":\"BreadcrumbList\",\"@id\":\"https:\/\/museocavallinodellagiara.it\/fr\/contacts\/#breadcrumb\",\"itemListElement\":[{\"@type\":\"ListItem\",\"position\":1,\"name\":\"Home\",\"item\":\"https:\/\/museocavallinodellagiara.it\/fr\/\"},{\"@type\":\"ListItem\",\"position\":2,\"name\":\"Contact\"}]},{\"@type\":\"WebSite\",\"@id\":\"https:\/\/museocavallinodellagiara.it\/#website\",\"url\":\"https:\/\/museocavallinodellagiara.it\/\",\"name\":\"Museo del Cavallino della Giara\",\"description\":\"Il museo dedicato al cavallo e al Parco della Giara\",\"publisher\":{\"@id\":\"https:\/\/museocavallinodellagiara.it\/#organization\"},\"potentialAction\":[{\"@type\":\"SearchAction\",\"target\":{\"@type\":\"EntryPoint\",\"urlTemplate\":\"https:\/\/museocavallinodellagiara.it\/?s={search_term_string}\"},\"query-input\":{\"@type\":\"PropertyValueSpecification\",\"valueRequired\":true,\"valueName\":\"search_term_string\"}}],\"inLanguage\":\"fr-FR\"},{\"@type\":\"Organization\",\"@id\":\"https:\/\/museocavallinodellagiara.it\/#organization\",\"name\":\"Museo del Cavallino della Giara\",\"url\":\"https:\/\/museocavallinodellagiara.it\/\",\"logo\":{\"@type\":\"ImageObject\",\"inLanguage\":\"fr-FR\",\"@id\":\"https:\/\/museocavallinodellagiara.it\/#\/schema\/logo\/image\/\",\"url\":\"https:\/\/museocavallinodellagiara.it\/wp-content\/uploads\/2018\/01\/logo_cavallino.png\",\"contentUrl\":\"https:\/\/museocavallinodellagiara.it\/wp-content\/uploads\/2018\/01\/logo_cavallino.png\",\"width\":606,\"height\":739,\"caption\":\"Museo del Cavallino della Giara\"},\"image\":{\"@id\":\"https:\/\/museocavallinodellagiara.it\/#\/schema\/logo\/image\/\"},\"sameAs\":[\"https:\/\/business.facebook.com\/parcgenoni\/\",\"https:\/\/www.youtube.com\/user\/ParcGenoni\"]}]}<\/script>\n<!-- \/ Yoast SEO plugin. -->","yoast_head_json":{"title":"Contact - Museo del Cavallino della Giara","description":"Contacts du mus\u00e9e Cavallino della Giara. Le mus\u00e9e est ouvert du mercredi au dimanche, tous les autres jours et heures sur rendez-vous. Pour plus d'informations et pour r\u00e9server votre visite, n'h\u00e9sitez pas \u00e0 nous \u00e9crire !","robots":{"index":"index","follow":"follow","max-snippet":"max-snippet:-1","max-image-preview":"max-image-preview:large","max-video-preview":"max-video-preview:-1"},"canonical":"https:\/\/museocavallinodellagiara.it\/fr\/contacts\/","og_locale":"fr_FR","og_type":"article","og_title":"Contact - Museo del Cavallino della Giara","og_description":"Contacts du mus\u00e9e Cavallino della Giara. Le mus\u00e9e est ouvert du mercredi au dimanche, tous les autres jours et heures sur rendez-vous. Pour plus d'informations et pour r\u00e9server votre visite, n'h\u00e9sitez pas \u00e0 nous \u00e9crire !","og_url":"https:\/\/museocavallinodellagiara.it\/fr\/contacts\/","og_site_name":"Museo del Cavallino della Giara","article_publisher":"https:\/\/business.facebook.com\/parcgenoni\/","article_modified_time":"2025-03-29T14:15:48+00:00","og_image":[{"width":1200,"height":800,"url":"https:\/\/museocavallinodellagiara.it\/wp-content\/uploads\/2018\/01\/cavalla_puledro_giara-min.jpg","type":"image\/jpeg"}],"twitter_card":"summary_large_image","twitter_misc":{"Dur\u00e9e de lecture estim\u00e9e":"1 minute"},"schema":{"@context":"https:\/\/schema.org","@graph":[{"@type":"WebPage","@id":"https:\/\/museocavallinodellagiara.it\/fr\/contacts\/","url":"https:\/\/museocavallinodellagiara.it\/fr\/contacts\/","name":"Contact - Museo del Cavallino della Giara","isPartOf":{"@id":"https:\/\/museocavallinodellagiara.it\/#website"},"datePublished":"2018-04-22T10:38:30+00:00","dateModified":"2025-03-29T14:15:48+00:00","description":"Contacts du mus\u00e9e Cavallino della Giara. Le mus\u00e9e est ouvert du mercredi au dimanche, tous les autres jours et heures sur rendez-vous. Pour plus d'informations et pour r\u00e9server votre visite, n'h\u00e9sitez pas \u00e0 nous \u00e9crire !","breadcrumb":{"@id":"https:\/\/museocavallinodellagiara.it\/fr\/contacts\/#breadcrumb"},"inLanguage":"fr-FR","potentialAction":[{"@type":"ReadAction","target":["https:\/\/museocavallinodellagiara.it\/fr\/contacts\/"]}]},{"@type":"BreadcrumbList","@id":"https:\/\/museocavallinodellagiara.it\/fr\/contacts\/#breadcrumb","itemListElement":[{"@type":"ListItem","position":1,"name":"Home","item":"https:\/\/museocavallinodellagiara.it\/fr\/"},{"@type":"ListItem","position":2,"name":"Contact"}]},{"@type":"WebSite","@id":"https:\/\/museocavallinodellagiara.it\/#website","url":"https:\/\/museocavallinodellagiara.it\/","name":"Museo del Cavallino della Giara","description":"Il museo dedicato al cavallo e al Parco della Giara","publisher":{"@id":"https:\/\/museocavallinodellagiara.it\/#organization"},"potentialAction":[{"@type":"SearchAction","target":{"@type":"EntryPoint","urlTemplate":"https:\/\/museocavallinodellagiara.it\/?s={search_term_string}"},"query-input":{"@type":"PropertyValueSpecification","valueRequired":true,"valueName":"search_term_string"}}],"inLanguage":"fr-FR"},{"@type":"Organization","@id":"https:\/\/museocavallinodellagiara.it\/#organization","name":"Museo del Cavallino della Giara","url":"https:\/\/museocavallinodellagiara.it\/","logo":{"@type":"ImageObject","inLanguage":"fr-FR","@id":"https:\/\/museocavallinodellagiara.it\/#\/schema\/logo\/image\/","url":"https:\/\/museocavallinodellagiara.it\/wp-content\/uploads\/2018\/01\/logo_cavallino.png","contentUrl":"https:\/\/museocavallinodellagiara.it\/wp-content\/uploads\/2018\/01\/logo_cavallino.png","width":606,"height":739,"caption":"Museo del Cavallino della Giara"},"image":{"@id":"https:\/\/museocavallinodellagiara.it\/#\/schema\/logo\/image\/"},"sameAs":["https:\/\/business.facebook.com\/parcgenoni\/","https:\/\/www.youtube.com\/user\/ParcGenoni"]}]}},"_links":{"self":[{"href":"https:\/\/museocavallinodellagiara.it\/fr\/wp-json\/wp\/v2\/pages\/4426","targetHints":{"allow":["GET"]}}],"collection":[{"href":"https:\/\/museocavallinodellagiara.it\/fr\/wp-json\/wp\/v2\/pages"}],"about":[{"href":"https:\/\/museocavallinodellagiara.it\/fr\/wp-json\/wp\/v2\/types\/page"}],"author":[{"embeddable":true,"href":"https:\/\/museocavallinodellagiara.it\/fr\/wp-json\/wp\/v2\/users\/1"}],"replies":[{"embeddable":true,"href":"https:\/\/museocavallinodellagiara.it\/fr\/wp-json\/wp\/v2\/comments?post=4426"}],"version-history":[{"count":3,"href":"https:\/\/museocavallinodellagiara.it\/fr\/wp-json\/wp\/v2\/pages\/4426\/revisions"}],"predecessor-version":[{"id":5596,"href":"https:\/\/museocavallinodellagiara.it\/fr\/wp-json\/wp\/v2\/pages\/4426\/revisions\/5596"}],"wp:attachment":[{"href":"https:\/\/museocavallinodellagiara.it\/fr\/wp-json\/wp\/v2\/media?parent=4426"}],"curies":[{"name":"wp","href":"https:\/\/api.w.org\/{rel}","templated":true}]}}