{"id":4439,"date":"2018-04-22T17:18:58","date_gmt":"2018-04-22T17:18:58","guid":{"rendered":"https:\/\/museocavallinodellagiara.it\/petit-cheval-de-la-giara\/"},"modified":"2025-03-29T14:13:41","modified_gmt":"2025-03-29T14:13:41","slug":"petit-cheval-de-la-giara-2","status":"publish","type":"page","link":"https:\/\/museocavallinodellagiara.it\/fr\/petit-cheval-de-la-giara-2\/","title":{"rendered":"Cavallino della Giara"},"content":{"rendered":"<p>[vc_row][vc_column][vc_single_image image=\u00a0\u00bb3295&Prime; img_size=\u00a0\u00bb720&#215;480&Prime; alignment=\u00a0\u00bbcenter\u00a0\u00bb onclick=\u00a0\u00bbzoom\u00a0\u00bb css_animation=\u00a0\u00bbnone\u00a0\u00bb][\/vc_column][\/vc_row][vc_row][vc_column][vc_column_text]Le cheval Giara est certainement l&rsquo;un des animaux sauvages les plus c\u00e9l\u00e8bres de Sardaigne. Ce n&rsquo;est pas un cheval, malgr\u00e9 sa petite taille au garrot, mais un vrai petit cheval. L&rsquo;environnement hostile et pr\u00e9serv\u00e9 de la Giara a s\u00e9lectionn\u00e9 au fil du temps des animaux rustiques et r\u00e9sistants, au caract\u00e8re fier et indomptable.<\/p>\n<p><strong>O\u00f9 vivent les chevaux Giara  <\/strong><\/p>\n<p>Le cheval Giara vit \u00e0 l&rsquo;\u00e9tat sauvage sur le plateau connu sous le nom de Sa Jara Manna (la grande Giara) ou, plus connu encore, Giara di Gesturi. Les chevaux sauvages vivent regroup\u00e9s en troupeaux, les harems, o\u00f9 un m\u00e2le domine moins de dix juments et poulains. Les chevaux naissent entre mars et mai, rarement pendant l&rsquo;\u00e9t\u00e9 ou l&rsquo;automne ; d\u00e8s que les poulains sont n\u00e9s, la saison des amours commence. \u00c0 cette \u00e9poque de l&rsquo;ann\u00e9e, qui co\u00efncide avec le printemps, les \u00e9talons prot\u00e8gent le troupeau et les jeunes m\u00e2les se battent pour gagner leur propre harem.<\/p>\n<p><strong>Quand visiter le parc de la Giara<\/strong><\/p>\n<p>Les excursions \u00e0 la Giara au printemps sont particuli\u00e8rement impressionnantes : au milieu d&rsquo;une myriade de fleurs, il est possible d&rsquo;admirer les chevaux Giara nouvellement n\u00e9s, les femelles en chaleur et les \u00e9talons en pleine vigueur. Mais chaque saison a ses particularit\u00e9s, si le printemps est la meilleure p\u00e9riode pour les excursions parmi les fleurs et les poulains, l&rsquo;hiver permet de voir les chevaux Giara avec leurs longs poils et les montagnes enneig\u00e9es du Gennargentu en toile de fond, l&rsquo;\u00e9t\u00e9 voit les chevaux se rafra\u00eechir dans les eaux des derniers paulis. Toute p\u00e9riode de l&rsquo;ann\u00e9e permet d&rsquo;agr\u00e9ables excursions et de longues randonn\u00e9es \u00e0 la d\u00e9couverte d&rsquo;un environnement magique et d&rsquo;un animal fort et vigoureux comme le cheval Giara.<\/p>\n<p><strong>La carte du cheval Giara<\/strong><\/p>\n<p>Le cheval Giara est <a href=\"https:\/\/www.garzantilinguistica.it\/ricerca\/?q=mesomorfo\">m\u00e9somorphe<\/a>, de forme <a href=\"http:\/\/www.treccani.it\/enciclopedia\/bovini_%28Enciclopedia-Italiana%29\/\">elliptique<\/a>, avec un poids vif compris entre 170 et 220 kg, une hauteur au garrot comprise entre 1,28 et 1,32 m pour les m\u00e2les, entre 1,25 et 1,27 m pour les femelles, une robe brun fonc\u00e9 ou bai de type sauvage ou br\u00fbl\u00e9, avec de rares caract\u00e9ristiques de si\u00e8ge fixe. Le torse est ramass\u00e9 pr\u00e8s du sol avec le dos l\u00e9g\u00e8rement d\u00e9prim\u00e9 ; la croupe est courte et \u00e9troite, la queue est attach\u00e9e bas et couverte d&rsquo;une crini\u00e8re \u00e9paisse. T\u00eate carr\u00e9e charg\u00e9e de m\u00e2choires orn\u00e9es d&rsquo;une abondante cr\u00eate ; cou fort avec une riche crini\u00e8re tombant souvent de deux c\u00f4t\u00e9s ; cuisses peu muscl\u00e9es ; membres minces ; longs jarrets ; longs boulets ; pied petit mais sain et s\u00fbr. Les d\u00e9fauts de plan\u00e9it\u00e9, souvent li\u00e9s au rachitisme, sont fr\u00e9quents, surtout dans la r\u00e9gion des jarrets, qui apparaissent souvent vaccin\u00e9s et tondus\u00a0\u00bb (fiche de L. Gratani).<\/p>\n<p>Le mus\u00e9e pr\u00e9sente des informations d\u00e9taill\u00e9es, des photos et des documents int\u00e9ressants sur l&rsquo;origine et la vie de l&rsquo;animal.[\/vc_column_text][\/vc_column][\/vc_row][vc_row][vc_column][vc_column_text]<div class=\"vntd-image-gallery vntd-content-element \"><div id=\"vntd-gallery-6759\" class=\"vntd-grid grid-items vntd-gallery-grid grid-cols-3 hover-effect-scale hover-icon\" data-cols=\"3\" data-data-cols-tablet=\"3\" data-data-cols-mobile=\"1\" data-item-gap=\"5\"><div class=\"item grid-item cbp-item vntd-gallery-item mp-gallery\"><a href=\"https:\/\/museocavallinodellagiara.it\/wp-content\/uploads\/2018\/01\/MG_6677-min.jpg\" title=\"Cavalli al pascolo tra gli asfodeli\"><div class=\"gallery-item-overlay\"><i class=\"vntd-gallery-zoom-icon engage-icon-icon engage-icon-zoom-2\"><\/i><\/div><img loading=\"lazy\" decoding=\"async\" width=\"600\" height=\"600\" src=\"https:\/\/museocavallinodellagiara.it\/wp-content\/uploads\/2018\/01\/MG_6677-min-600x600.jpg\" class=\"attachment-engage-masonry-square\" alt=\"\" srcset=\"https:\/\/museocavallinodellagiara.it\/wp-content\/uploads\/2018\/01\/MG_6677-min-600x600.jpg 600w, https:\/\/museocavallinodellagiara.it\/wp-content\/uploads\/2018\/01\/MG_6677-min-150x150.jpg 150w\" sizes=\"auto, (max-width: 600px) 100vw, 600px\" \/><\/a><\/div><div class=\"item grid-item cbp-item vntd-gallery-item mp-gallery\"><a href=\"https:\/\/museocavallinodellagiara.it\/wp-content\/uploads\/2018\/01\/MG_6697-min.jpg\" title=\"Cavallo della Giara\"><div class=\"gallery-item-overlay\"><i class=\"vntd-gallery-zoom-icon engage-icon-icon engage-icon-zoom-2\"><\/i><\/div><img loading=\"lazy\" decoding=\"async\" width=\"600\" height=\"600\" src=\"https:\/\/museocavallinodellagiara.it\/wp-content\/uploads\/2018\/01\/MG_6697-min-600x600.jpg\" class=\"attachment-engage-masonry-square\" alt=\"\" srcset=\"https:\/\/museocavallinodellagiara.it\/wp-content\/uploads\/2018\/01\/MG_6697-min-600x600.jpg 600w, https:\/\/museocavallinodellagiara.it\/wp-content\/uploads\/2018\/01\/MG_6697-min-150x150.jpg 150w\" sizes=\"auto, (max-width: 600px) 100vw, 600px\" \/><\/a><\/div><div class=\"item grid-item cbp-item vntd-gallery-item mp-gallery\"><a href=\"https:\/\/museocavallinodellagiara.it\/wp-content\/uploads\/2018\/01\/MG_6724-min.jpg\" title=\"Cavallini della Giara nel Pauli\"><div class=\"gallery-item-overlay\"><i class=\"vntd-gallery-zoom-icon engage-icon-icon engage-icon-zoom-2\"><\/i><\/div><img loading=\"lazy\" decoding=\"async\" width=\"600\" height=\"600\" src=\"https:\/\/museocavallinodellagiara.it\/wp-content\/uploads\/2018\/01\/MG_6724-min-600x600.jpg\" class=\"attachment-engage-masonry-square\" alt=\"\" srcset=\"https:\/\/museocavallinodellagiara.it\/wp-content\/uploads\/2018\/01\/MG_6724-min-600x600.jpg 600w, https:\/\/museocavallinodellagiara.it\/wp-content\/uploads\/2018\/01\/MG_6724-min-150x150.jpg 150w\" sizes=\"auto, (max-width: 600px) 100vw, 600px\" \/><\/a><\/div><\/div><\/div>[\/vc_column_text][\/vc_column][\/vc_row][vc_row full_width=\u00a0\u00bbstretch_row_content_no_spaces\u00a0\u00bb bg_color_pre=\u00a0\u00bbbg-color-accent\u00a0\u00bb css=\u00a0\u00bb.vc_custom_1494250403646{padding-top: 0px !important;}\u00a0\u00bb][vc_column][vc_column_text css=\u00a0\u00bb.vc_custom_1518284609976{background-color: #204d62 !important;}\u00a0\u00bb]<div class=\"vntd-cta cta-text-color-white bg-color-none cta-align-center\"><div class=\"container\"><div class=\"row\"><div class=\"cta-texts\"><h2 class=\"cta-heading\"><span>Hai bisogno di maggiori informazioni?<\/span><\/h2><\/div><div class=\"cta-buttons\"><a href=\"http:\/\/www.museocavallinodellagiara.it\/contatti\/\" class=\"btn cta-btn1 btn-outline btn-white btn-hover-white\">Click<\/a><\/div><\/div><\/div><\/div>[\/vc_column_text][\/vc_column][\/vc_row]<\/p>\n","protected":false},"excerpt":{"rendered":"<p>[vc_row][vc_column][vc_single_image image=\u00a0\u00bb3295&Prime; img_size=\u00a0\u00bb720&#215;480&Prime; alignment=\u00a0\u00bbcenter\u00a0\u00bb onclick=\u00a0\u00bbzoom\u00a0\u00bb css_animation=\u00a0\u00bbnone\u00a0\u00bb][\/vc_column][\/vc_row][vc_row][vc_column][vc_column_text]Le cheval Giara est certainement l&rsquo;un des animaux sauvages les plus c\u00e9l\u00e8bres de Sardaigne. Ce n&rsquo;est pas un cheval, malgr\u00e9 sa petite taille au garrot, mais un vrai petit cheval. L&rsquo;environnement hostile et pr\u00e9serv\u00e9 de la Giara a s\u00e9lectionn\u00e9 au fil du temps des animaux [&hellip;]<\/p>\n","protected":false},"author":1,"featured_media":0,"parent":0,"menu_order":0,"comment_status":"closed","ping_status":"closed","template":"","meta":{"footnotes":""},"class_list":["post-4439","page","type-page","status-publish","hentry"],"yoast_head":"<!-- This site is optimized with the Yoast SEO plugin v27.5 - https:\/\/yoast.com\/product\/yoast-seo-wordpress\/ -->\n<title>Cavallino della Giara - Museo del Cavallino della Giara<\/title>\n<meta name=\"description\" content=\"Le Cavallino della Giara, l&#039;un des animaux sauvages les plus c\u00e9l\u00e8bres au monde. Il vit dans le parc pittoresque de Giara. Une caract\u00e9ristique importante de ce cheval est sa stature. Contactez-nous pour plus d&#039;informations.\" \/>\n<meta name=\"robots\" content=\"index, follow, max-snippet:-1, max-image-preview:large, max-video-preview:-1\" \/>\n<link rel=\"canonical\" href=\"https:\/\/museocavallinodellagiara.it\/fr\/petit-cheval-de-la-giara-2\/\" \/>\n<meta property=\"og:locale\" content=\"fr_FR\" \/>\n<meta property=\"og:type\" content=\"article\" \/>\n<meta property=\"og:title\" content=\"Cavallino della Giara - Museo del Cavallino della Giara\" \/>\n<meta property=\"og:description\" content=\"Le Cavallino della Giara, l&#039;un des animaux sauvages les plus c\u00e9l\u00e8bres au monde. Il vit dans le parc pittoresque de Giara. Une caract\u00e9ristique importante de ce cheval est sa stature. Contactez-nous pour plus d&#039;informations.\" \/>\n<meta property=\"og:url\" content=\"https:\/\/museocavallinodellagiara.it\/fr\/petit-cheval-de-la-giara-2\/\" \/>\n<meta property=\"og:site_name\" content=\"Museo del Cavallino della Giara\" \/>\n<meta property=\"article:publisher\" content=\"https:\/\/business.facebook.com\/parcgenoni\/\" \/>\n<meta property=\"article:modified_time\" content=\"2025-03-29T14:13:41+00:00\" \/>\n<meta property=\"og:image\" content=\"https:\/\/museocavallinodellagiara.it\/wp-content\/uploads\/2018\/01\/cavalla_puledro_giara-min.jpg\" \/>\n\t<meta property=\"og:image:width\" content=\"1200\" \/>\n\t<meta property=\"og:image:height\" content=\"800\" \/>\n\t<meta property=\"og:image:type\" content=\"image\/jpeg\" \/>\n<meta name=\"twitter:card\" content=\"summary_large_image\" \/>\n<meta name=\"twitter:label1\" content=\"Dur\u00e9e de lecture estim\u00e9e\" \/>\n\t<meta name=\"twitter:data1\" content=\"3 minutes\" \/>\n<script type=\"application\/ld+json\" class=\"yoast-schema-graph\">{\"@context\":\"https:\\\/\\\/schema.org\",\"@graph\":[{\"@type\":\"WebPage\",\"@id\":\"https:\\\/\\\/museocavallinodellagiara.it\\\/fr\\\/petit-cheval-de-la-giara-2\\\/\",\"url\":\"https:\\\/\\\/museocavallinodellagiara.it\\\/fr\\\/petit-cheval-de-la-giara-2\\\/\",\"name\":\"Cavallino della Giara - Museo del Cavallino della Giara\",\"isPartOf\":{\"@id\":\"https:\\\/\\\/museocavallinodellagiara.it\\\/#website\"},\"datePublished\":\"2018-04-22T17:18:58+00:00\",\"dateModified\":\"2025-03-29T14:13:41+00:00\",\"description\":\"Le Cavallino della Giara, l'un des animaux sauvages les plus c\u00e9l\u00e8bres au monde. Il vit dans le parc pittoresque de Giara. Une caract\u00e9ristique importante de ce cheval est sa stature. Contactez-nous pour plus d'informations.\",\"breadcrumb\":{\"@id\":\"https:\\\/\\\/museocavallinodellagiara.it\\\/fr\\\/petit-cheval-de-la-giara-2\\\/#breadcrumb\"},\"inLanguage\":\"fr-FR\",\"potentialAction\":[{\"@type\":\"ReadAction\",\"target\":[\"https:\\\/\\\/museocavallinodellagiara.it\\\/fr\\\/petit-cheval-de-la-giara-2\\\/\"]}]},{\"@type\":\"BreadcrumbList\",\"@id\":\"https:\\\/\\\/museocavallinodellagiara.it\\\/fr\\\/petit-cheval-de-la-giara-2\\\/#breadcrumb\",\"itemListElement\":[{\"@type\":\"ListItem\",\"position\":1,\"name\":\"Home\",\"item\":\"https:\\\/\\\/museocavallinodellagiara.it\\\/fr\\\/\"},{\"@type\":\"ListItem\",\"position\":2,\"name\":\"Cavallino della Giara\"}]},{\"@type\":\"WebSite\",\"@id\":\"https:\\\/\\\/museocavallinodellagiara.it\\\/#website\",\"url\":\"https:\\\/\\\/museocavallinodellagiara.it\\\/\",\"name\":\"Museo del Cavallino della Giara\",\"description\":\"Il museo dedicato al cavallo e al Parco della Giara\",\"publisher\":{\"@id\":\"https:\\\/\\\/museocavallinodellagiara.it\\\/#organization\"},\"potentialAction\":[{\"@type\":\"SearchAction\",\"target\":{\"@type\":\"EntryPoint\",\"urlTemplate\":\"https:\\\/\\\/museocavallinodellagiara.it\\\/?s={search_term_string}\"},\"query-input\":{\"@type\":\"PropertyValueSpecification\",\"valueRequired\":true,\"valueName\":\"search_term_string\"}}],\"inLanguage\":\"fr-FR\"},{\"@type\":\"Organization\",\"@id\":\"https:\\\/\\\/museocavallinodellagiara.it\\\/#organization\",\"name\":\"Museo del Cavallino della Giara\",\"url\":\"https:\\\/\\\/museocavallinodellagiara.it\\\/\",\"logo\":{\"@type\":\"ImageObject\",\"inLanguage\":\"fr-FR\",\"@id\":\"https:\\\/\\\/museocavallinodellagiara.it\\\/#\\\/schema\\\/logo\\\/image\\\/\",\"url\":\"https:\\\/\\\/museocavallinodellagiara.it\\\/wp-content\\\/uploads\\\/2018\\\/01\\\/logo_cavallino.png\",\"contentUrl\":\"https:\\\/\\\/museocavallinodellagiara.it\\\/wp-content\\\/uploads\\\/2018\\\/01\\\/logo_cavallino.png\",\"width\":606,\"height\":739,\"caption\":\"Museo del Cavallino della Giara\"},\"image\":{\"@id\":\"https:\\\/\\\/museocavallinodellagiara.it\\\/#\\\/schema\\\/logo\\\/image\\\/\"},\"sameAs\":[\"https:\\\/\\\/business.facebook.com\\\/parcgenoni\\\/\",\"https:\\\/\\\/www.youtube.com\\\/user\\\/ParcGenoni\"]}]}<\/script>\n<!-- \/ Yoast SEO plugin. -->","yoast_head_json":{"title":"Cavallino della Giara - Museo del Cavallino della Giara","description":"Le Cavallino della Giara, l'un des animaux sauvages les plus c\u00e9l\u00e8bres au monde. Il vit dans le parc pittoresque de Giara. Une caract\u00e9ristique importante de ce cheval est sa stature. Contactez-nous pour plus d'informations.","robots":{"index":"index","follow":"follow","max-snippet":"max-snippet:-1","max-image-preview":"max-image-preview:large","max-video-preview":"max-video-preview:-1"},"canonical":"https:\/\/museocavallinodellagiara.it\/fr\/petit-cheval-de-la-giara-2\/","og_locale":"fr_FR","og_type":"article","og_title":"Cavallino della Giara - Museo del Cavallino della Giara","og_description":"Le Cavallino della Giara, l'un des animaux sauvages les plus c\u00e9l\u00e8bres au monde. Il vit dans le parc pittoresque de Giara. Une caract\u00e9ristique importante de ce cheval est sa stature. Contactez-nous pour plus d'informations.","og_url":"https:\/\/museocavallinodellagiara.it\/fr\/petit-cheval-de-la-giara-2\/","og_site_name":"Museo del Cavallino della Giara","article_publisher":"https:\/\/business.facebook.com\/parcgenoni\/","article_modified_time":"2025-03-29T14:13:41+00:00","og_image":[{"width":1200,"height":800,"url":"https:\/\/museocavallinodellagiara.it\/wp-content\/uploads\/2018\/01\/cavalla_puledro_giara-min.jpg","type":"image\/jpeg"}],"twitter_card":"summary_large_image","twitter_misc":{"Dur\u00e9e de lecture estim\u00e9e":"3 minutes"},"schema":{"@context":"https:\/\/schema.org","@graph":[{"@type":"WebPage","@id":"https:\/\/museocavallinodellagiara.it\/fr\/petit-cheval-de-la-giara-2\/","url":"https:\/\/museocavallinodellagiara.it\/fr\/petit-cheval-de-la-giara-2\/","name":"Cavallino della Giara - Museo del Cavallino della Giara","isPartOf":{"@id":"https:\/\/museocavallinodellagiara.it\/#website"},"datePublished":"2018-04-22T17:18:58+00:00","dateModified":"2025-03-29T14:13:41+00:00","description":"Le Cavallino della Giara, l'un des animaux sauvages les plus c\u00e9l\u00e8bres au monde. Il vit dans le parc pittoresque de Giara. Une caract\u00e9ristique importante de ce cheval est sa stature. Contactez-nous pour plus d'informations.","breadcrumb":{"@id":"https:\/\/museocavallinodellagiara.it\/fr\/petit-cheval-de-la-giara-2\/#breadcrumb"},"inLanguage":"fr-FR","potentialAction":[{"@type":"ReadAction","target":["https:\/\/museocavallinodellagiara.it\/fr\/petit-cheval-de-la-giara-2\/"]}]},{"@type":"BreadcrumbList","@id":"https:\/\/museocavallinodellagiara.it\/fr\/petit-cheval-de-la-giara-2\/#breadcrumb","itemListElement":[{"@type":"ListItem","position":1,"name":"Home","item":"https:\/\/museocavallinodellagiara.it\/fr\/"},{"@type":"ListItem","position":2,"name":"Cavallino della Giara"}]},{"@type":"WebSite","@id":"https:\/\/museocavallinodellagiara.it\/#website","url":"https:\/\/museocavallinodellagiara.it\/","name":"Museo del Cavallino della Giara","description":"Il museo dedicato al cavallo e al Parco della Giara","publisher":{"@id":"https:\/\/museocavallinodellagiara.it\/#organization"},"potentialAction":[{"@type":"SearchAction","target":{"@type":"EntryPoint","urlTemplate":"https:\/\/museocavallinodellagiara.it\/?s={search_term_string}"},"query-input":{"@type":"PropertyValueSpecification","valueRequired":true,"valueName":"search_term_string"}}],"inLanguage":"fr-FR"},{"@type":"Organization","@id":"https:\/\/museocavallinodellagiara.it\/#organization","name":"Museo del Cavallino della Giara","url":"https:\/\/museocavallinodellagiara.it\/","logo":{"@type":"ImageObject","inLanguage":"fr-FR","@id":"https:\/\/museocavallinodellagiara.it\/#\/schema\/logo\/image\/","url":"https:\/\/museocavallinodellagiara.it\/wp-content\/uploads\/2018\/01\/logo_cavallino.png","contentUrl":"https:\/\/museocavallinodellagiara.it\/wp-content\/uploads\/2018\/01\/logo_cavallino.png","width":606,"height":739,"caption":"Museo del Cavallino della Giara"},"image":{"@id":"https:\/\/museocavallinodellagiara.it\/#\/schema\/logo\/image\/"},"sameAs":["https:\/\/business.facebook.com\/parcgenoni\/","https:\/\/www.youtube.com\/user\/ParcGenoni"]}]}},"_links":{"self":[{"href":"https:\/\/museocavallinodellagiara.it\/fr\/wp-json\/wp\/v2\/pages\/4439","targetHints":{"allow":["GET"]}}],"collection":[{"href":"https:\/\/museocavallinodellagiara.it\/fr\/wp-json\/wp\/v2\/pages"}],"about":[{"href":"https:\/\/museocavallinodellagiara.it\/fr\/wp-json\/wp\/v2\/types\/page"}],"author":[{"embeddable":true,"href":"https:\/\/museocavallinodellagiara.it\/fr\/wp-json\/wp\/v2\/users\/1"}],"replies":[{"embeddable":true,"href":"https:\/\/museocavallinodellagiara.it\/fr\/wp-json\/wp\/v2\/comments?post=4439"}],"version-history":[{"count":5,"href":"https:\/\/museocavallinodellagiara.it\/fr\/wp-json\/wp\/v2\/pages\/4439\/revisions"}],"predecessor-version":[{"id":5583,"href":"https:\/\/museocavallinodellagiara.it\/fr\/wp-json\/wp\/v2\/pages\/4439\/revisions\/5583"}],"wp:attachment":[{"href":"https:\/\/museocavallinodellagiara.it\/fr\/wp-json\/wp\/v2\/media?parent=4439"}],"curies":[{"name":"wp","href":"https:\/\/api.w.org\/{rel}","templated":true}]}}