{"id":5565,"date":"2025-03-29T14:10:27","date_gmt":"2025-03-29T14:10:27","guid":{"rendered":"https:\/\/museocavallinodellagiara.it\/accessibilite\/"},"modified":"2025-03-29T14:10:27","modified_gmt":"2025-03-29T14:10:27","slug":"accessibilite","status":"publish","type":"page","link":"https:\/\/museocavallinodellagiara.it\/fr\/accessibilite\/","title":{"rendered":"Accessibilit\u00e9"},"content":{"rendered":"<p>[vc_row][vc_column]<div class=\"special-heading vntd-heading heading-border-below heading-align-center heading-with-icon\"><div class=\"special-heading-icon colored\"><i class=\"fa fa-wheelchair-alt\"><\/i><\/div><h3 class=\"special-heading-title\">Accessibilit\u00e0<\/h3><\/div>[vc_column_text]L&rsquo;accessibilit\u00e9 est un point important pour le Civico Museo del Cavallino della Giara. Lors du dernier am\u00e9nagement, la structure a \u00e9t\u00e9 adapt\u00e9e aux normes des meilleurs mus\u00e9es, offrant les outils n\u00e9cessaires \u00e0 une visite pour tous.<\/p>\n<p>Le mus\u00e9e est \u00e9quip\u00e9 de supports braille pour la lecture des panneaux, et il y a \u00e9galement un PC, pentalibro, avec une barre braille \u00e9quip\u00e9e de diff\u00e9rents logiciels (Magic, Jaws et Open Book) pour l&rsquo;acc\u00e8s aux documents et au mat\u00e9riel du mus\u00e9e pour les personnes handicap\u00e9es.<\/p>\n<p>Plus des deux tiers du mus\u00e9e, tout le rez-de-chauss\u00e9e, est accessible aux fauteuils roulants.<\/p>\n<p>[\/vc_column_text][\/vc_column][\/vc_row]<\/p>\n","protected":false},"excerpt":{"rendered":"<p>[vc_row][vc_column][vc_column_text]L&rsquo;accessibilit\u00e9 est un point important pour le Civico Museo del Cavallino della Giara. Lors du dernier am\u00e9nagement, la structure a \u00e9t\u00e9 adapt\u00e9e aux normes des meilleurs mus\u00e9es, offrant les outils n\u00e9cessaires \u00e0 une visite pour tous. Le mus\u00e9e est \u00e9quip\u00e9 de supports braille pour la lecture des panneaux, et il [&hellip;]<\/p>\n","protected":false},"author":1,"featured_media":0,"parent":0,"menu_order":0,"comment_status":"closed","ping_status":"closed","template":"","meta":{"footnotes":""},"class_list":["post-5565","page","type-page","status-publish","hentry"],"yoast_head":"<!-- This site is optimized with the Yoast SEO plugin v27.1.1 - https:\/\/yoast.com\/product\/yoast-seo-wordpress\/ -->\n<title>Accessibilit\u00e9 - Museo del Cavallino della Giara<\/title>\n<meta name=\"description\" content=\"Le mus\u00e9e est \u00e9quip\u00e9 de supports braille pour la lecture des panneaux, ainsi que d&#039;un PC, pentalibre, avec une barre braille \u00e9quip\u00e9e de diff\u00e9rents logiciels (Magic, Jaws et Open Book) pour l&#039;acc\u00e8s aux documents et mat\u00e9riels du mus\u00e9e pour les personnes handicap\u00e9es.\" \/>\n<meta name=\"robots\" content=\"index, follow, max-snippet:-1, max-image-preview:large, max-video-preview:-1\" \/>\n<link rel=\"canonical\" href=\"https:\/\/museocavallinodellagiara.it\/fr\/accessibilite\/\" \/>\n<meta property=\"og:locale\" content=\"fr_FR\" \/>\n<meta property=\"og:type\" content=\"article\" \/>\n<meta property=\"og:title\" content=\"Accessibilit\u00e9 - Museo del Cavallino della Giara\" \/>\n<meta property=\"og:description\" content=\"Le mus\u00e9e est \u00e9quip\u00e9 de supports braille pour la lecture des panneaux, ainsi que d&#039;un PC, pentalibre, avec une barre braille \u00e9quip\u00e9e de diff\u00e9rents logiciels (Magic, Jaws et Open Book) pour l&#039;acc\u00e8s aux documents et mat\u00e9riels du mus\u00e9e pour les personnes handicap\u00e9es.\" \/>\n<meta property=\"og:url\" content=\"https:\/\/museocavallinodellagiara.it\/fr\/accessibilite\/\" \/>\n<meta property=\"og:site_name\" content=\"Museo del Cavallino della Giara\" \/>\n<meta property=\"article:publisher\" content=\"https:\/\/business.facebook.com\/parcgenoni\/\" \/>\n<meta property=\"og:image\" content=\"https:\/\/museocavallinodellagiara.it\/wp-content\/uploads\/2018\/01\/cavalla_puledro_giara-min.jpg\" \/>\n\t<meta property=\"og:image:width\" content=\"1200\" \/>\n\t<meta property=\"og:image:height\" content=\"800\" \/>\n\t<meta property=\"og:image:type\" content=\"image\/jpeg\" \/>\n<meta name=\"twitter:card\" content=\"summary_large_image\" \/>\n<meta name=\"twitter:label1\" content=\"Dur\u00e9e de lecture estim\u00e9e\" \/>\n\t<meta name=\"twitter:data1\" content=\"1 minute\" \/>\n<script type=\"application\/ld+json\" class=\"yoast-schema-graph\">{\"@context\":\"https:\/\/schema.org\",\"@graph\":[{\"@type\":\"WebPage\",\"@id\":\"https:\/\/museocavallinodellagiara.it\/fr\/accessibilite\/\",\"url\":\"https:\/\/museocavallinodellagiara.it\/fr\/accessibilite\/\",\"name\":\"Accessibilit\u00e9 - Museo del Cavallino della Giara\",\"isPartOf\":{\"@id\":\"https:\/\/museocavallinodellagiara.it\/#website\"},\"datePublished\":\"2025-03-29T14:10:27+00:00\",\"description\":\"Le mus\u00e9e est \u00e9quip\u00e9 de supports braille pour la lecture des panneaux, ainsi que d'un PC, pentalibre, avec une barre braille \u00e9quip\u00e9e de diff\u00e9rents logiciels (Magic, Jaws et Open Book) pour l'acc\u00e8s aux documents et mat\u00e9riels du mus\u00e9e pour les personnes handicap\u00e9es.\",\"breadcrumb\":{\"@id\":\"https:\/\/museocavallinodellagiara.it\/fr\/accessibilite\/#breadcrumb\"},\"inLanguage\":\"fr-FR\",\"potentialAction\":[{\"@type\":\"ReadAction\",\"target\":[\"https:\/\/museocavallinodellagiara.it\/fr\/accessibilite\/\"]}]},{\"@type\":\"BreadcrumbList\",\"@id\":\"https:\/\/museocavallinodellagiara.it\/fr\/accessibilite\/#breadcrumb\",\"itemListElement\":[{\"@type\":\"ListItem\",\"position\":1,\"name\":\"Home\",\"item\":\"https:\/\/museocavallinodellagiara.it\/fr\/\"},{\"@type\":\"ListItem\",\"position\":2,\"name\":\"Accessibilit\u00e9\"}]},{\"@type\":\"WebSite\",\"@id\":\"https:\/\/museocavallinodellagiara.it\/#website\",\"url\":\"https:\/\/museocavallinodellagiara.it\/\",\"name\":\"Museo del Cavallino della Giara\",\"description\":\"Il museo dedicato al cavallo e al Parco della Giara\",\"publisher\":{\"@id\":\"https:\/\/museocavallinodellagiara.it\/#organization\"},\"potentialAction\":[{\"@type\":\"SearchAction\",\"target\":{\"@type\":\"EntryPoint\",\"urlTemplate\":\"https:\/\/museocavallinodellagiara.it\/?s={search_term_string}\"},\"query-input\":{\"@type\":\"PropertyValueSpecification\",\"valueRequired\":true,\"valueName\":\"search_term_string\"}}],\"inLanguage\":\"fr-FR\"},{\"@type\":\"Organization\",\"@id\":\"https:\/\/museocavallinodellagiara.it\/#organization\",\"name\":\"Museo del Cavallino della Giara\",\"url\":\"https:\/\/museocavallinodellagiara.it\/\",\"logo\":{\"@type\":\"ImageObject\",\"inLanguage\":\"fr-FR\",\"@id\":\"https:\/\/museocavallinodellagiara.it\/#\/schema\/logo\/image\/\",\"url\":\"https:\/\/museocavallinodellagiara.it\/wp-content\/uploads\/2018\/01\/logo_cavallino.png\",\"contentUrl\":\"https:\/\/museocavallinodellagiara.it\/wp-content\/uploads\/2018\/01\/logo_cavallino.png\",\"width\":606,\"height\":739,\"caption\":\"Museo del Cavallino della Giara\"},\"image\":{\"@id\":\"https:\/\/museocavallinodellagiara.it\/#\/schema\/logo\/image\/\"},\"sameAs\":[\"https:\/\/business.facebook.com\/parcgenoni\/\",\"https:\/\/www.youtube.com\/user\/ParcGenoni\"]}]}<\/script>\n<!-- \/ Yoast SEO plugin. -->","yoast_head_json":{"title":"Accessibilit\u00e9 - Museo del Cavallino della Giara","description":"Le mus\u00e9e est \u00e9quip\u00e9 de supports braille pour la lecture des panneaux, ainsi que d'un PC, pentalibre, avec une barre braille \u00e9quip\u00e9e de diff\u00e9rents logiciels (Magic, Jaws et Open Book) pour l'acc\u00e8s aux documents et mat\u00e9riels du mus\u00e9e pour les personnes handicap\u00e9es.","robots":{"index":"index","follow":"follow","max-snippet":"max-snippet:-1","max-image-preview":"max-image-preview:large","max-video-preview":"max-video-preview:-1"},"canonical":"https:\/\/museocavallinodellagiara.it\/fr\/accessibilite\/","og_locale":"fr_FR","og_type":"article","og_title":"Accessibilit\u00e9 - Museo del Cavallino della Giara","og_description":"Le mus\u00e9e est \u00e9quip\u00e9 de supports braille pour la lecture des panneaux, ainsi que d'un PC, pentalibre, avec une barre braille \u00e9quip\u00e9e de diff\u00e9rents logiciels (Magic, Jaws et Open Book) pour l'acc\u00e8s aux documents et mat\u00e9riels du mus\u00e9e pour les personnes handicap\u00e9es.","og_url":"https:\/\/museocavallinodellagiara.it\/fr\/accessibilite\/","og_site_name":"Museo del Cavallino della Giara","article_publisher":"https:\/\/business.facebook.com\/parcgenoni\/","og_image":[{"width":1200,"height":800,"url":"https:\/\/museocavallinodellagiara.it\/wp-content\/uploads\/2018\/01\/cavalla_puledro_giara-min.jpg","type":"image\/jpeg"}],"twitter_card":"summary_large_image","twitter_misc":{"Dur\u00e9e de lecture estim\u00e9e":"1 minute"},"schema":{"@context":"https:\/\/schema.org","@graph":[{"@type":"WebPage","@id":"https:\/\/museocavallinodellagiara.it\/fr\/accessibilite\/","url":"https:\/\/museocavallinodellagiara.it\/fr\/accessibilite\/","name":"Accessibilit\u00e9 - Museo del Cavallino della Giara","isPartOf":{"@id":"https:\/\/museocavallinodellagiara.it\/#website"},"datePublished":"2025-03-29T14:10:27+00:00","description":"Le mus\u00e9e est \u00e9quip\u00e9 de supports braille pour la lecture des panneaux, ainsi que d'un PC, pentalibre, avec une barre braille \u00e9quip\u00e9e de diff\u00e9rents logiciels (Magic, Jaws et Open Book) pour l'acc\u00e8s aux documents et mat\u00e9riels du mus\u00e9e pour les personnes handicap\u00e9es.","breadcrumb":{"@id":"https:\/\/museocavallinodellagiara.it\/fr\/accessibilite\/#breadcrumb"},"inLanguage":"fr-FR","potentialAction":[{"@type":"ReadAction","target":["https:\/\/museocavallinodellagiara.it\/fr\/accessibilite\/"]}]},{"@type":"BreadcrumbList","@id":"https:\/\/museocavallinodellagiara.it\/fr\/accessibilite\/#breadcrumb","itemListElement":[{"@type":"ListItem","position":1,"name":"Home","item":"https:\/\/museocavallinodellagiara.it\/fr\/"},{"@type":"ListItem","position":2,"name":"Accessibilit\u00e9"}]},{"@type":"WebSite","@id":"https:\/\/museocavallinodellagiara.it\/#website","url":"https:\/\/museocavallinodellagiara.it\/","name":"Museo del Cavallino della Giara","description":"Il museo dedicato al cavallo e al Parco della Giara","publisher":{"@id":"https:\/\/museocavallinodellagiara.it\/#organization"},"potentialAction":[{"@type":"SearchAction","target":{"@type":"EntryPoint","urlTemplate":"https:\/\/museocavallinodellagiara.it\/?s={search_term_string}"},"query-input":{"@type":"PropertyValueSpecification","valueRequired":true,"valueName":"search_term_string"}}],"inLanguage":"fr-FR"},{"@type":"Organization","@id":"https:\/\/museocavallinodellagiara.it\/#organization","name":"Museo del Cavallino della Giara","url":"https:\/\/museocavallinodellagiara.it\/","logo":{"@type":"ImageObject","inLanguage":"fr-FR","@id":"https:\/\/museocavallinodellagiara.it\/#\/schema\/logo\/image\/","url":"https:\/\/museocavallinodellagiara.it\/wp-content\/uploads\/2018\/01\/logo_cavallino.png","contentUrl":"https:\/\/museocavallinodellagiara.it\/wp-content\/uploads\/2018\/01\/logo_cavallino.png","width":606,"height":739,"caption":"Museo del Cavallino della Giara"},"image":{"@id":"https:\/\/museocavallinodellagiara.it\/#\/schema\/logo\/image\/"},"sameAs":["https:\/\/business.facebook.com\/parcgenoni\/","https:\/\/www.youtube.com\/user\/ParcGenoni"]}]}},"_links":{"self":[{"href":"https:\/\/museocavallinodellagiara.it\/fr\/wp-json\/wp\/v2\/pages\/5565","targetHints":{"allow":["GET"]}}],"collection":[{"href":"https:\/\/museocavallinodellagiara.it\/fr\/wp-json\/wp\/v2\/pages"}],"about":[{"href":"https:\/\/museocavallinodellagiara.it\/fr\/wp-json\/wp\/v2\/types\/page"}],"author":[{"embeddable":true,"href":"https:\/\/museocavallinodellagiara.it\/fr\/wp-json\/wp\/v2\/users\/1"}],"replies":[{"embeddable":true,"href":"https:\/\/museocavallinodellagiara.it\/fr\/wp-json\/wp\/v2\/comments?post=5565"}],"version-history":[{"count":2,"href":"https:\/\/museocavallinodellagiara.it\/fr\/wp-json\/wp\/v2\/pages\/5565\/revisions"}],"predecessor-version":[{"id":5567,"href":"https:\/\/museocavallinodellagiara.it\/fr\/wp-json\/wp\/v2\/pages\/5565\/revisions\/5567"}],"wp:attachment":[{"href":"https:\/\/museocavallinodellagiara.it\/fr\/wp-json\/wp\/v2\/media?parent=5565"}],"curies":[{"name":"wp","href":"https:\/\/api.w.org\/{rel}","templated":true}]}}