{"id":5588,"date":"2025-03-29T14:14:26","date_gmt":"2025-03-29T14:14:26","guid":{"rendered":"https:\/\/museocavallinodellagiara.it\/collections\/"},"modified":"2025-03-29T14:14:27","modified_gmt":"2025-03-29T14:14:27","slug":"collections","status":"publish","type":"page","link":"https:\/\/museocavallinodellagiara.it\/fr\/collections\/","title":{"rendered":"Collections"},"content":{"rendered":"<p>[vc_row][vc_column]<div class=\"special-heading vntd-heading heading-border-below heading-align-center heading-with-icon\"><div class=\"special-heading-icon colored\"><i class=\"fa fa-university\"><\/i><\/div><h3 class=\"special-heading-title\">Les sections et les collections du mus\u00e9e<\/h3><p class=\"special-heading-subtitle\">Scorri la pagina per vedere i beni culturali esposti<\/p><\/div><div class=\"btn-holder btn-align-center\"><a href=\"https:\/\/my.matterport.com\/show\/?m=rfg77xJqYUw\" title=\"\" class=\"btn btn-xlarge btn-solid  btn-accent btn-hover-dark mp-video\" target=\"\">Visite virtuelle du mus\u00e9e<\/a><\/div><div class=\"wpb_content_element\"><div class=\"wpb_wrapper\"><div class=\"vntd-separator separator-color-default\"><\/div><\/div><\/div>[\/vc_column][\/vc_row][vc_row][vc_column][vc_column_text]Le mus\u00e9e Cavallino della Giara se trouve dans une maison \u00e0 cour centrale typique, divis\u00e9e en deux ailes et plusieurs sections.<\/p>\n<p><strong>S&rsquo;\u00f2mmu e su massaiu :<\/strong><br \/>\nCompos\u00e9 de l&rsquo;\u00e9table, de la cave et de la salle des outils, S&rsquo;\u00f2mmu e su massaiu nous raconte le pass\u00e9 \u00e0 travers des illustrations, de vieux outils et des descriptions. Il nous parle du labeur mais aussi de la passion, de la joie et de la f\u00eate qui accompagnaient la fin de chaque travail. <\/p>\n<p><strong>La cuisine :<\/strong><br \/>\nLieu principal de la maison o\u00f9, outre les saveurs et les repas, les histoires et les contes sont cr\u00e9\u00e9s et consomm\u00e9s.<\/p>\n<p><strong>Chambres \u00e0 coucher :<\/strong><br \/>\nLa chambre du soir, o\u00f9, dans l&rsquo;obscurit\u00e9, on se souvient et on fait des projets pour la famille, ravive les souvenirs : bons et mauvais. C&rsquo;est surtout le lieu des espoirs et des r\u00eaves. <\/p>\n<p><strong>Section Cavallino :<\/strong><br \/>\nLa m\u00e9moire historique d&rsquo;une communaut\u00e9 dont le parcours est accompagn\u00e9 par la pr\u00e9sence du <a href=\"https:\/\/museocavallinodellagiara.it\/fr\/petit-cheval-de-la-giara-2\/\">Cavallino della Giara<\/a>, comme une ombre qui la suit sans l&rsquo;abandonner, d\u00e9finissant ses contours et marquant son chemin.[\/vc_column_text][\/vc_column][\/vc_row][vc_row full_height=\u00a0\u00bbyes\u00a0\u00bb parallax=\u00a0\u00bbcontent-moving\u00a0\u00bb bg_color_pre=\u00a0\u00bbbg-color-accent\u00a0\u00bb css=\u00a0\u00bb.vc_custom_1518167087407{padding-top: 95px !important;padding-bottom: 60px !important;background-color: #204d62 !important;}\u00a0\u00bb][vc_column width=\u00a0\u00bb1\/4&Prime;]<div id=\"counter-70\" class=\"vntd-counter vntd-content-element counter-color-white counter-with-icon\" data-perc=\"400\"><div class=\"counter-icon\"><i class=\"vc_li vc_li-diamond\"><\/i><\/div><div class=\"counter-value\"><div class=\"counter-number\">0<\/div><\/div><div class=\"counter-title\">Expositions<\/div><\/div>[\/vc_column][vc_column width=\u00a0\u00bb1\/4&Prime;]<div id=\"counter-921\" class=\"vntd-counter vntd-content-element counter-color-white counter-with-icon\" data-perc=\"300\"><div class=\"counter-icon\"><i class=\"vc_li vc_li-video\"><\/i><\/div><div class=\"counter-value\"><div class=\"counter-number\">0<\/div><\/div><div class=\"counter-title\">Interviews vid\u00e9o<\/div><\/div>[\/vc_column][vc_column width=\u00a0\u00bb1\/4&Prime;]<div id=\"counter-931\" class=\"vntd-counter vntd-content-element counter-color-white counter-with-icon\" data-perc=\"1200\"><div class=\"counter-icon\"><i class=\"fa fa-child\"><\/i><\/div><div class=\"counter-value\"><div class=\"counter-number\">0<\/div><\/div><div class=\"counter-title\">Ateliers \u00e9ducatifs par an<\/div><\/div>[\/vc_column][vc_column width=\u00a0\u00bb1\/4&Prime;]<div id=\"counter-139\" class=\"vntd-counter vntd-content-element counter-color-white counter-with-icon\" data-perc=\"42\"><div class=\"counter-icon\"><i class=\"vc_li vc_li-photo\"><\/i><\/div><div class=\"counter-value\"><div class=\"counter-number\">0<\/div><\/div><div class=\"counter-title\">Illustrations originales<\/div><\/div>[\/vc_column][\/vc_row][vc_row equal_height=\u00a0\u00bbyes\u00a0\u00bb content_placement=\u00a0\u00bbmiddle\u00a0\u00bb css=\u00a0\u00bb.vc_custom_1493993344324{padding-top: 60px !important;padding-bottom: 20px !important;background-color: #ffffff !important;}\u00a0\u00bb][vc_column col_padding_side=\u00a0\u00bbright\u00a0\u00bb css=\u00a0\u00bb.vc_custom_1493057150253{padding-bottom: 15px !important;}\u00a0\u00bb][vc_tta_tabs style=\u00a0\u00bbengage_outline\u00a0\u00bb color=\u00a0\u00bbsky\u00a0\u00bb alignment=\u00a0\u00bbcenter\u00a0\u00bb active_section=\u00a0\u00bb1&Prime; css=\u00a0\u00bb.vc_custom_1515347026545{padding-top: 30px !important;}\u00a0\u00bb][vc_tta_section title=\u00a0\u00bbSection ethnographique\u00a0\u00bb tab_id=\u00a0\u00bb1493993190806-9d610dc4-3b3c\u00a0\u00bb][vc_column_text]La section ethnographique du mus\u00e9e du Cavallino della Giara se d\u00e9ploie dans les diff\u00e9rentes pi\u00e8ces de la maison Serra restaur\u00e9e et mus\u00e9ifi\u00e9e. Les outils de travail des champs, des charpentiers et des bergers, ainsi que des objets de cuisine et de chambre \u00e0 coucher du d\u00e9but du XXe si\u00e8cle cr\u00e9ent un parcours mus\u00e9al agr\u00e9able et instructif. La pr\u00e9sence des objets et leur signification sont compl\u00e9t\u00e9es par des entretiens vid\u00e9o avec des anciens de la r\u00e9gion qui parlent des outils et de l&rsquo;histoire du village. La section ethnographique du mus\u00e9e est document\u00e9e par le <a href=\"https:\/\/it.wikipedia.org\/wiki\/Giulio_Angioni\">professeur Giulio Angioni<\/a>, qui donne une vision plus large de la d\u00e9moethnoanthropologie sarde et g\u00e9n\u00e8re une relation dialectique entre le local et le r\u00e9gional.   <\/p>\n<p>Le mus\u00e9e compte environ 400 pi\u00e8ces, restaur\u00e9es, catalogu\u00e9es et r\u00e9pertori\u00e9es selon les normes de catalogage de l&rsquo;ICCD&#8230;. En savoir plus[\/vc_column_text][\/vc_tta_section][vc_tta_section title=\u00a0\u00bbSection Cavallino della Giara\u00a0\u00bb tab_id=\u00a0\u00bb1493993191420-fb42ce34-d873&Prime;][vc_column_text]La m\u00e9moire historique d&rsquo;une communaut\u00e9 dont le parcours est accompagn\u00e9 par la pr\u00e9sence du cheval de Giara, comme une ombre qui la suit sans l&rsquo;abandonner, en d\u00e9finissant ses contours et en marquant son chemin. La section consacr\u00e9e au cheval de Giara d\u00e9crit les origines, l&rsquo;habitat et les caract\u00e9ristiques de l&rsquo;animal.<\/p>\n<p>[\/vc_column_text]<div class=\"btn-holder btn-align-left\"><a href=\"http:\/\/www.museocavallinodellagiara.it\/cavallino-della-giara\/\" title=\"\" class=\"btn btn-regular btn-solid  btn-accent btn-hover-dark\" target=\"\">More info<\/a><\/div>[\/vc_tta_section][vc_tta_section title=\u00a0\u00bbIllustrations\u00a0\u00bb tab_id=\u00a0\u00bb1515062342667-43c856fa-1add\u00a0\u00bb][vc_column_text]Dans le but d&rsquo;impliquer les plus jeunes, les interviews et les contenus du Mus\u00e9e du Petit Cheval de la Giara sont pass\u00e9s entre les mains d&rsquo;une grande artiste, l&rsquo;illustratrice <a href=\"http:\/\/www.piavalentinis.com\/\">Pia Valentinis<\/a>, qui, apr\u00e8s avoir analys\u00e9 le mat\u00e9riel recueilli, l&rsquo;a transpos\u00e9 en illustrations. Des illustrations qui renforcent l&rsquo;exposition du mus\u00e9e avec l&rsquo;objectif ambitieux de toucher diff\u00e9rentes sensibilit\u00e9s. Les illustrations elles-m\u00eames, accompagn\u00e9es de l\u00e9gendes tir\u00e9es des interviews, constituent un guide original pour la visite du mus\u00e9e.  <\/p>\n<p>Les illustrations de Pia Valentinis, au nombre d&rsquo;une quarantaine, sont pr\u00e9sentes dans toutes les salles du mus\u00e9e et font partie int\u00e9grante de l&rsquo;am\u00e9nagement du mus\u00e9e. Les illustrations, tant en couleur qu&rsquo;en noir et blanc, ont \u00e9t\u00e9 cr\u00e9\u00e9es par l&rsquo;artiste Pia Valentinis en un an environ et racontent l&rsquo;histoire du contenu du mus\u00e9e d&rsquo;une mani\u00e8re tout \u00e0 fait originale. <\/p>\n<p>Le mus\u00e9e du Cavallino della Giara est l&rsquo;un des nombreux mus\u00e9es de Sardaigne et d&rsquo;Italie \u00e0 proposer un parcours ethnographique, c&rsquo;est pourquoi nous avons voulu cr\u00e9er un parcours diff\u00e9rent. Une mus\u00e9ographie qui aborde les th\u00e8mes et les objets d&rsquo;un mus\u00e9e scientifique et ethnographique \u00e0 travers les dessins d&rsquo;un grand artiste. <\/p>\n<p>Les illustrations originales de Pia Valentinis sont visibles sur rendez-vous.<\/p>\n<p><strong>Biographie Pia Valentinis :<\/strong><br \/>\nPia Valentinis a remport\u00e9 la XXXIe \u00e9dition du prix Andersen, le plus grand prix italien pour les livres d&rsquo;enfants, dans la cat\u00e9gorie \u00ab\u00a0Meilleur illustrateur\u00a0\u00bb. Le livre \u00ab\u00a0Raccontare gli alberi\u00a0\u00bb (Raconter les arbres), illustr\u00e9 avec Mauro Evangelista, a remport\u00e9 le prix Andersen du meilleur livre de vulgarisation en 2012. Il a illustr\u00e9 de nombreux livres pour enfants pour des \u00e9diteurs nationaux et internationaux. Son livre le plus r\u00e9cent, \u00ab\u00a0Ferriera\u00a0\u00bb (Coconino Press), est un roman graphique.[\/vc_column_text][\/vc_tta_section][vc_tta_section title=\u00a0\u00bbInterviews vid\u00e9o\u00a0\u00bb tab_id=\u00a0\u00bb1515062443339-c1e65046-1348&Prime;][vc_column_text]Le travail de mise \u00e0 jour du mus\u00e9e a comport\u00e9 une trentaine d&rsquo;entretiens avec la population locale qui avait v\u00e9cu les ann\u00e9es de guerre. Les habitants de G\u00eanes ont \u00e9t\u00e9 invit\u00e9s \u00e0 participer et la r\u00e9ponse a \u00e9t\u00e9 importante et active, comme toujours.<br \/>\nLors des entretiens, une image objective a \u00e9t\u00e9 recueillie, en \u00e9vitant d&rsquo;influencer la personne interrog\u00e9e avec des questions trop sp\u00e9cifiques, et une tentative a \u00e9t\u00e9 faite pour documenter les souvenirs les plus clairs. Cette m\u00e9thode a ses limites, car il n&rsquo;est souvent pas possible d&rsquo;entrer dans les d\u00e9tails des sujets, \u00e0 moins que la personne interrog\u00e9e ne le fasse elle-m\u00eame. Le r\u00e9sultat est cependant absolument sinc\u00e8re. A la base de la m\u00e9thode, il y a le syst\u00e8me des micro-r\u00e9cits. Grendi nous a appris que : \u00ab\u00a0La micro-analyse sociale est davantage li\u00e9e au caract\u00e8re fondamental des donn\u00e9es prises en consid\u00e9ration qu&rsquo;\u00e0 la taille de l&rsquo;espace social en tant que tel\u00a0\u00bb. Mais<br \/>\n, ce qui a renforc\u00e9 l&rsquo;id\u00e9e, c&rsquo;est le caract\u00e8re exp\u00e9rimental, comme le souligne Levi : \u00ab\u00a0Le vrai probl\u00e8me est le choix exp\u00e9rimental de la taille de l&rsquo;\u00e9chelle dans l&rsquo;observation. La possibilit\u00e9 qu&rsquo;une observation microscopique nous montre des choses qui n&rsquo;avaient pas \u00e9t\u00e9 observ\u00e9es auparavant est le caract\u00e8re unificateur de la recherche microscopique\u00a0\u00bb.<br \/>\nCette pr\u00e9misse donne de la force au projet. Les micro-histoires racont\u00e9es sont li\u00e9es au territoire sans jamais se d\u00e9tacher du contexte, mais en donnant un \u00e9clairage documentaire suppl\u00e9mentaire qui n\u00e9cessite un syst\u00e8me d&rsquo;exposition mus\u00e9ale alternatif.<br \/>\nLes interviews sont divis\u00e9es en mini-vid\u00e9os, aussi concises que repr\u00e9sentatives, et sont li\u00e9es \u00e0 la visite du mus\u00e9e par des Qr-codes qui renvoient aux vid\u00e9os o\u00f9 c&rsquo;est la population locale qui raconte des situations, des anecdotes, des objets et des histoires.[\/vc_column_text][\/vc_tta_section][\/vc_tta_tabs][\/vc_column][\/vc_row][vc_row][vc_column][vc_basic_grid post_type=\u00a0\u00bbpage\u00a0\u00bb max_items=\u00a0\u00bb10&Prime; element_width=\u00a0\u00bb3&Prime; item=\u00a0\u00bbbasicGrid_VerticalFlip\u00a0\u00bb grid_id=\u00a0\u00bbvc_gid:1675165702270-3c24be34-5862-9&Prime; taxonomies=\u00a0\u00bb115, 46&Prime;][\/vc_column][\/vc_row][vc_row full_width=\u00a0\u00bbstretch_row_content_no_spaces\u00a0\u00bb bg_color_pre=\u00a0\u00bbbg-color-accent\u00a0\u00bb css=\u00a0\u00bb.vc_custom_1494250403646{padding-top: 0px !important;}\u00a0\u00bb][vc_column]<div class=\"vntd-cta cta-text-color-white bg-color-accent cta-align-center\"><div class=\"container\"><div class=\"row\"><div class=\"cta-texts\"><h2 class=\"cta-heading\"><span>Maggiori informazioni?<\/span><\/h2><p class=\"cta-subtitle\">Per visitare il museo ed organizzare una gita a Genoni non esitate a scriverci!<\/p><\/div><div class=\"cta-buttons\"><a href=\"http:\/\/www.museocavallinodellagiara.it\/contatti\/\" class=\"btn cta-btn1 btn-outline btn-white btn-hover-white\">Scrivi ora!<\/a><a href=\"https:\/\/www.museumshop.inlandsardinia.it\/prodotto\/biglietteria\/biglietto-museo-del-cavallino\/\" target=\"_blank\" class=\"btn cta-btn2 btn-solid btn-white btn-hover-white\">Acquista il biglietto on-line!<\/a><\/div><\/div><\/div><\/div>[\/vc_column][\/vc_row]<\/p>\n","protected":false},"excerpt":{"rendered":"<p>[vc_row][vc_column][\/vc_column][\/vc_row][vc_row][vc_column][vc_column_text]Le mus\u00e9e Cavallino della Giara se trouve dans une maison \u00e0 cour centrale typique, divis\u00e9e en deux ailes et plusieurs sections. S&rsquo;\u00f2mmu e su massaiu : Compos\u00e9 de l&rsquo;\u00e9table, de la cave et de la salle des outils, S&rsquo;\u00f2mmu e su massaiu nous raconte le pass\u00e9 \u00e0 travers des illustrations, [&hellip;]<\/p>\n","protected":false},"author":1,"featured_media":0,"parent":0,"menu_order":0,"comment_status":"closed","ping_status":"closed","template":"","meta":{"footnotes":""},"class_list":["post-5588","page","type-page","status-publish","hentry"],"yoast_head":"<!-- This site is optimized with the Yoast SEO plugin v27.1.1 - https:\/\/yoast.com\/product\/yoast-seo-wordpress\/ -->\n<title>Collections - Museo del Cavallino della Giara<\/title>\n<meta name=\"description\" content=\"Un mus\u00e9e ethnographique avec une section consacr\u00e9e au cheval Giara, install\u00e9 dans une ancienne maison campidane. Les salles sont compos\u00e9es d&#039;objets, d&#039;illustrations et de vid\u00e9os qui racontent l&#039;histoire du pass\u00e9.\" \/>\n<meta name=\"robots\" content=\"index, follow, max-snippet:-1, max-image-preview:large, max-video-preview:-1\" \/>\n<link rel=\"canonical\" href=\"https:\/\/museocavallinodellagiara.it\/fr\/collections\/\" \/>\n<meta property=\"og:locale\" content=\"fr_FR\" \/>\n<meta property=\"og:type\" content=\"article\" \/>\n<meta property=\"og:title\" content=\"Collections - Museo del Cavallino della Giara\" \/>\n<meta property=\"og:description\" content=\"Un mus\u00e9e ethnographique avec une section consacr\u00e9e au cheval Giara, install\u00e9 dans une ancienne maison campidane. Les salles sont compos\u00e9es d&#039;objets, d&#039;illustrations et de vid\u00e9os qui racontent l&#039;histoire du pass\u00e9.\" \/>\n<meta property=\"og:url\" content=\"https:\/\/museocavallinodellagiara.it\/fr\/collections\/\" \/>\n<meta property=\"og:site_name\" content=\"Museo del Cavallino della Giara\" \/>\n<meta property=\"article:publisher\" content=\"https:\/\/business.facebook.com\/parcgenoni\/\" \/>\n<meta property=\"article:modified_time\" content=\"2025-03-29T14:14:27+00:00\" \/>\n<meta property=\"og:image\" content=\"https:\/\/museocavallinodellagiara.it\/wp-content\/uploads\/2018\/01\/cavalla_puledro_giara-min.jpg\" \/>\n\t<meta property=\"og:image:width\" content=\"1200\" \/>\n\t<meta property=\"og:image:height\" content=\"800\" \/>\n\t<meta property=\"og:image:type\" content=\"image\/jpeg\" \/>\n<meta name=\"twitter:card\" content=\"summary_large_image\" \/>\n<meta name=\"twitter:label1\" content=\"Dur\u00e9e de lecture estim\u00e9e\" \/>\n\t<meta name=\"twitter:data1\" content=\"7 minutes\" \/>\n<script type=\"application\/ld+json\" class=\"yoast-schema-graph\">{\"@context\":\"https:\/\/schema.org\",\"@graph\":[{\"@type\":\"WebPage\",\"@id\":\"https:\/\/museocavallinodellagiara.it\/fr\/collections\/\",\"url\":\"https:\/\/museocavallinodellagiara.it\/fr\/collections\/\",\"name\":\"Collections - Museo del Cavallino della Giara\",\"isPartOf\":{\"@id\":\"https:\/\/museocavallinodellagiara.it\/#website\"},\"datePublished\":\"2025-03-29T14:14:26+00:00\",\"dateModified\":\"2025-03-29T14:14:27+00:00\",\"description\":\"Un mus\u00e9e ethnographique avec une section consacr\u00e9e au cheval Giara, install\u00e9 dans une ancienne maison campidane. Les salles sont compos\u00e9es d'objets, d'illustrations et de vid\u00e9os qui racontent l'histoire du pass\u00e9.\",\"breadcrumb\":{\"@id\":\"https:\/\/museocavallinodellagiara.it\/fr\/collections\/#breadcrumb\"},\"inLanguage\":\"fr-FR\",\"potentialAction\":[{\"@type\":\"ReadAction\",\"target\":[\"https:\/\/museocavallinodellagiara.it\/fr\/collections\/\"]}]},{\"@type\":\"BreadcrumbList\",\"@id\":\"https:\/\/museocavallinodellagiara.it\/fr\/collections\/#breadcrumb\",\"itemListElement\":[{\"@type\":\"ListItem\",\"position\":1,\"name\":\"Home\",\"item\":\"https:\/\/museocavallinodellagiara.it\/fr\/\"},{\"@type\":\"ListItem\",\"position\":2,\"name\":\"Collections\"}]},{\"@type\":\"WebSite\",\"@id\":\"https:\/\/museocavallinodellagiara.it\/#website\",\"url\":\"https:\/\/museocavallinodellagiara.it\/\",\"name\":\"Museo del Cavallino della Giara\",\"description\":\"Il museo dedicato al cavallo e al Parco della Giara\",\"publisher\":{\"@id\":\"https:\/\/museocavallinodellagiara.it\/#organization\"},\"potentialAction\":[{\"@type\":\"SearchAction\",\"target\":{\"@type\":\"EntryPoint\",\"urlTemplate\":\"https:\/\/museocavallinodellagiara.it\/?s={search_term_string}\"},\"query-input\":{\"@type\":\"PropertyValueSpecification\",\"valueRequired\":true,\"valueName\":\"search_term_string\"}}],\"inLanguage\":\"fr-FR\"},{\"@type\":\"Organization\",\"@id\":\"https:\/\/museocavallinodellagiara.it\/#organization\",\"name\":\"Museo del Cavallino della Giara\",\"url\":\"https:\/\/museocavallinodellagiara.it\/\",\"logo\":{\"@type\":\"ImageObject\",\"inLanguage\":\"fr-FR\",\"@id\":\"https:\/\/museocavallinodellagiara.it\/#\/schema\/logo\/image\/\",\"url\":\"https:\/\/museocavallinodellagiara.it\/wp-content\/uploads\/2018\/01\/logo_cavallino.png\",\"contentUrl\":\"https:\/\/museocavallinodellagiara.it\/wp-content\/uploads\/2018\/01\/logo_cavallino.png\",\"width\":606,\"height\":739,\"caption\":\"Museo del Cavallino della Giara\"},\"image\":{\"@id\":\"https:\/\/museocavallinodellagiara.it\/#\/schema\/logo\/image\/\"},\"sameAs\":[\"https:\/\/business.facebook.com\/parcgenoni\/\",\"https:\/\/www.youtube.com\/user\/ParcGenoni\"]}]}<\/script>\n<!-- \/ Yoast SEO plugin. -->","yoast_head_json":{"title":"Collections - Museo del Cavallino della Giara","description":"Un mus\u00e9e ethnographique avec une section consacr\u00e9e au cheval Giara, install\u00e9 dans une ancienne maison campidane. Les salles sont compos\u00e9es d'objets, d'illustrations et de vid\u00e9os qui racontent l'histoire du pass\u00e9.","robots":{"index":"index","follow":"follow","max-snippet":"max-snippet:-1","max-image-preview":"max-image-preview:large","max-video-preview":"max-video-preview:-1"},"canonical":"https:\/\/museocavallinodellagiara.it\/fr\/collections\/","og_locale":"fr_FR","og_type":"article","og_title":"Collections - Museo del Cavallino della Giara","og_description":"Un mus\u00e9e ethnographique avec une section consacr\u00e9e au cheval Giara, install\u00e9 dans une ancienne maison campidane. Les salles sont compos\u00e9es d'objets, d'illustrations et de vid\u00e9os qui racontent l'histoire du pass\u00e9.","og_url":"https:\/\/museocavallinodellagiara.it\/fr\/collections\/","og_site_name":"Museo del Cavallino della Giara","article_publisher":"https:\/\/business.facebook.com\/parcgenoni\/","article_modified_time":"2025-03-29T14:14:27+00:00","og_image":[{"width":1200,"height":800,"url":"https:\/\/museocavallinodellagiara.it\/wp-content\/uploads\/2018\/01\/cavalla_puledro_giara-min.jpg","type":"image\/jpeg"}],"twitter_card":"summary_large_image","twitter_misc":{"Dur\u00e9e de lecture estim\u00e9e":"7 minutes"},"schema":{"@context":"https:\/\/schema.org","@graph":[{"@type":"WebPage","@id":"https:\/\/museocavallinodellagiara.it\/fr\/collections\/","url":"https:\/\/museocavallinodellagiara.it\/fr\/collections\/","name":"Collections - Museo del Cavallino della Giara","isPartOf":{"@id":"https:\/\/museocavallinodellagiara.it\/#website"},"datePublished":"2025-03-29T14:14:26+00:00","dateModified":"2025-03-29T14:14:27+00:00","description":"Un mus\u00e9e ethnographique avec une section consacr\u00e9e au cheval Giara, install\u00e9 dans une ancienne maison campidane. Les salles sont compos\u00e9es d'objets, d'illustrations et de vid\u00e9os qui racontent l'histoire du pass\u00e9.","breadcrumb":{"@id":"https:\/\/museocavallinodellagiara.it\/fr\/collections\/#breadcrumb"},"inLanguage":"fr-FR","potentialAction":[{"@type":"ReadAction","target":["https:\/\/museocavallinodellagiara.it\/fr\/collections\/"]}]},{"@type":"BreadcrumbList","@id":"https:\/\/museocavallinodellagiara.it\/fr\/collections\/#breadcrumb","itemListElement":[{"@type":"ListItem","position":1,"name":"Home","item":"https:\/\/museocavallinodellagiara.it\/fr\/"},{"@type":"ListItem","position":2,"name":"Collections"}]},{"@type":"WebSite","@id":"https:\/\/museocavallinodellagiara.it\/#website","url":"https:\/\/museocavallinodellagiara.it\/","name":"Museo del Cavallino della Giara","description":"Il museo dedicato al cavallo e al Parco della Giara","publisher":{"@id":"https:\/\/museocavallinodellagiara.it\/#organization"},"potentialAction":[{"@type":"SearchAction","target":{"@type":"EntryPoint","urlTemplate":"https:\/\/museocavallinodellagiara.it\/?s={search_term_string}"},"query-input":{"@type":"PropertyValueSpecification","valueRequired":true,"valueName":"search_term_string"}}],"inLanguage":"fr-FR"},{"@type":"Organization","@id":"https:\/\/museocavallinodellagiara.it\/#organization","name":"Museo del Cavallino della Giara","url":"https:\/\/museocavallinodellagiara.it\/","logo":{"@type":"ImageObject","inLanguage":"fr-FR","@id":"https:\/\/museocavallinodellagiara.it\/#\/schema\/logo\/image\/","url":"https:\/\/museocavallinodellagiara.it\/wp-content\/uploads\/2018\/01\/logo_cavallino.png","contentUrl":"https:\/\/museocavallinodellagiara.it\/wp-content\/uploads\/2018\/01\/logo_cavallino.png","width":606,"height":739,"caption":"Museo del Cavallino della Giara"},"image":{"@id":"https:\/\/museocavallinodellagiara.it\/#\/schema\/logo\/image\/"},"sameAs":["https:\/\/business.facebook.com\/parcgenoni\/","https:\/\/www.youtube.com\/user\/ParcGenoni"]}]}},"_links":{"self":[{"href":"https:\/\/museocavallinodellagiara.it\/fr\/wp-json\/wp\/v2\/pages\/5588","targetHints":{"allow":["GET"]}}],"collection":[{"href":"https:\/\/museocavallinodellagiara.it\/fr\/wp-json\/wp\/v2\/pages"}],"about":[{"href":"https:\/\/museocavallinodellagiara.it\/fr\/wp-json\/wp\/v2\/types\/page"}],"author":[{"embeddable":true,"href":"https:\/\/museocavallinodellagiara.it\/fr\/wp-json\/wp\/v2\/users\/1"}],"replies":[{"embeddable":true,"href":"https:\/\/museocavallinodellagiara.it\/fr\/wp-json\/wp\/v2\/comments?post=5588"}],"version-history":[{"count":2,"href":"https:\/\/museocavallinodellagiara.it\/fr\/wp-json\/wp\/v2\/pages\/5588\/revisions"}],"predecessor-version":[{"id":5590,"href":"https:\/\/museocavallinodellagiara.it\/fr\/wp-json\/wp\/v2\/pages\/5588\/revisions\/5590"}],"wp:attachment":[{"href":"https:\/\/museocavallinodellagiara.it\/fr\/wp-json\/wp\/v2\/media?parent=5588"}],"curies":[{"name":"wp","href":"https:\/\/api.w.org\/{rel}","templated":true}]}}