{"id":5600,"date":"2025-03-29T14:16:49","date_gmt":"2025-03-29T14:16:49","guid":{"rendered":"https:\/\/museocavallinodellagiara.it\/cookies\/"},"modified":"2025-03-29T14:16:49","modified_gmt":"2025-03-29T14:16:49","slug":"cookies","status":"publish","type":"page","link":"https:\/\/museocavallinodellagiara.it\/fr\/cookies\/","title":{"rendered":"Cookies"},"content":{"rendered":"<p>[vc_row][vc_column][vc_column_text]<\/p>\n<h1>Cookies<\/h1>\n<p>Sur ce site, l&rsquo;utilisation de <em>cookies<\/em> vise exclusivement \u00e0 une utilisation fonctionnelle des nouvelles technologies et \u00e0 l&rsquo;am\u00e9lioration de l&rsquo;exp\u00e9rience en ligne de nos utilisateurs. Vous trouverez ci-dessous un petit guide sur les cookies, leur personnalisation et leur suppression.<\/p>\n<p>QU&rsquo;EST-CE QU&rsquo;UN COOKIE?<br \/>\nUn cookie est un fichier texte qui est enregistr\u00e9 sur votre ordinateur ou votre appareil mobile et qui permet \u00e0 un site web de se souvenir de vos pr\u00e9f\u00e9rences de navigation pour une performance plus efficace. Gr\u00e2ce aux cookies, l&rsquo;interaction entre le site web et l&rsquo;utilisateur est plus efficace.<\/p>\n<p>COMMENT FONCTIONNENT-ILS ?<br \/>\nLes cookies ne peuvent stocker que du texte, toujours sous une forme anonyme et crypt\u00e9e. Aucune information personnelle ne sera stock\u00e9e et ne pourra \u00eatre associ\u00e9e \u00e0 des personnes identifi\u00e9es ou identifiables. Les donn\u00e9es permettent de conserver ce type d&rsquo;informations entre les pages et d&rsquo;\u00e9viter de recevoir ou de r\u00e9introduire les m\u00eames informations.<\/p>\n<p>COMMENT SUPPRIMER LES COOKIES ?<br \/>\nEn acc\u00e9dant aux param\u00e8tres du navigateur utilis\u00e9, il est possible de vider le cache de navigation et, par cons\u00e9quent, de supprimer toutes les donn\u00e9es stock\u00e9es. Les liens suivants indiquent comment d\u00e9sactiver les cookies \u00e0 partir des navigateurs les plus couramment utilis\u00e9s :<\/p>\n<p><a href=\"https:\/\/support.google.com\/chrome\/answer\/95647?hl=it\">Google Chrome<\/a><br \/>\n<a href=\"https:\/\/support.mozilla.org\/it\/kb\/Gestione%20dei%20cookie\">Mozilla Firefox<\/a><br \/>\n<a href=\"https:\/\/support.microsoft.com\/it-it\/help\/17442\/windows-internet-explorer-delete-manage-cookies#ie=ie-11\">Microsoft Internet Explorer<\/a><br \/>\n<a href=\"https:\/\/support.apple.com\/it-it\/HT201265\">Safari (iOS)<\/a><\/p>\n<p>VOIR LA PAGE SUR <a href=\"https:\/\/museocavallinodellagiara.it\/privacy\/\">LA PROTECTION DE LA VIE PRIV\u00c9E<\/a>[\/vc_column_text][\/vc_column][\/vc_row]<\/p>\n","protected":false},"excerpt":{"rendered":"<p>[vc_row][vc_column][vc_column_text] Cookies Sur ce site, l&rsquo;utilisation de cookies vise exclusivement \u00e0 une utilisation fonctionnelle des nouvelles technologies et \u00e0 l&rsquo;am\u00e9lioration de l&rsquo;exp\u00e9rience en ligne de nos utilisateurs. Vous trouverez ci-dessous un petit guide sur les cookies, leur personnalisation et leur suppression. QU&rsquo;EST-CE QU&rsquo;UN COOKIE? Un cookie est un fichier texte [&hellip;]<\/p>\n","protected":false},"author":1,"featured_media":0,"parent":0,"menu_order":0,"comment_status":"closed","ping_status":"closed","template":"","meta":{"footnotes":""},"class_list":["post-5600","page","type-page","status-publish","hentry"],"yoast_head":"<!-- This site is optimized with the Yoast SEO plugin v27.1.1 - https:\/\/yoast.com\/product\/yoast-seo-wordpress\/ -->\n<title>Cookies - Museo del Cavallino della Giara<\/title>\n<meta name=\"robots\" content=\"index, follow, max-snippet:-1, max-image-preview:large, max-video-preview:-1\" \/>\n<link rel=\"canonical\" href=\"https:\/\/museocavallinodellagiara.it\/fr\/cookies\/\" \/>\n<meta property=\"og:locale\" content=\"fr_FR\" \/>\n<meta property=\"og:type\" content=\"article\" \/>\n<meta property=\"og:title\" content=\"Cookies - Museo del Cavallino della Giara\" \/>\n<meta property=\"og:description\" content=\"[vc_row][vc_column][vc_column_text] Cookies Sur ce site, l&rsquo;utilisation de cookies vise exclusivement \u00e0 une utilisation fonctionnelle des nouvelles technologies et \u00e0 l&rsquo;am\u00e9lioration de l&rsquo;exp\u00e9rience en ligne de nos utilisateurs. Vous trouverez ci-dessous un petit guide sur les cookies, leur personnalisation et leur suppression. QU&rsquo;EST-CE QU&rsquo;UN COOKIE? Un cookie est un fichier texte [&hellip;]\" \/>\n<meta property=\"og:url\" content=\"https:\/\/museocavallinodellagiara.it\/fr\/cookies\/\" \/>\n<meta property=\"og:site_name\" content=\"Museo del Cavallino della Giara\" \/>\n<meta property=\"article:publisher\" content=\"https:\/\/business.facebook.com\/parcgenoni\/\" \/>\n<meta property=\"og:image\" content=\"https:\/\/museocavallinodellagiara.it\/wp-content\/uploads\/2018\/01\/cavalla_puledro_giara-min.jpg\" \/>\n\t<meta property=\"og:image:width\" content=\"1200\" \/>\n\t<meta property=\"og:image:height\" content=\"800\" \/>\n\t<meta property=\"og:image:type\" content=\"image\/jpeg\" \/>\n<meta name=\"twitter:card\" content=\"summary_large_image\" \/>\n<meta name=\"twitter:label1\" content=\"Dur\u00e9e de lecture estim\u00e9e\" \/>\n\t<meta name=\"twitter:data1\" content=\"1 minute\" \/>\n<script type=\"application\/ld+json\" class=\"yoast-schema-graph\">{\"@context\":\"https:\/\/schema.org\",\"@graph\":[{\"@type\":\"WebPage\",\"@id\":\"https:\/\/museocavallinodellagiara.it\/fr\/cookies\/\",\"url\":\"https:\/\/museocavallinodellagiara.it\/fr\/cookies\/\",\"name\":\"Cookies - Museo del Cavallino della Giara\",\"isPartOf\":{\"@id\":\"https:\/\/museocavallinodellagiara.it\/#website\"},\"datePublished\":\"2025-03-29T14:16:49+00:00\",\"breadcrumb\":{\"@id\":\"https:\/\/museocavallinodellagiara.it\/fr\/cookies\/#breadcrumb\"},\"inLanguage\":\"fr-FR\",\"potentialAction\":[{\"@type\":\"ReadAction\",\"target\":[\"https:\/\/museocavallinodellagiara.it\/fr\/cookies\/\"]}]},{\"@type\":\"BreadcrumbList\",\"@id\":\"https:\/\/museocavallinodellagiara.it\/fr\/cookies\/#breadcrumb\",\"itemListElement\":[{\"@type\":\"ListItem\",\"position\":1,\"name\":\"Home\",\"item\":\"https:\/\/museocavallinodellagiara.it\/fr\/\"},{\"@type\":\"ListItem\",\"position\":2,\"name\":\"Cookies\"}]},{\"@type\":\"WebSite\",\"@id\":\"https:\/\/museocavallinodellagiara.it\/#website\",\"url\":\"https:\/\/museocavallinodellagiara.it\/\",\"name\":\"Museo del Cavallino della Giara\",\"description\":\"Il museo dedicato al cavallo e al Parco della Giara\",\"publisher\":{\"@id\":\"https:\/\/museocavallinodellagiara.it\/#organization\"},\"potentialAction\":[{\"@type\":\"SearchAction\",\"target\":{\"@type\":\"EntryPoint\",\"urlTemplate\":\"https:\/\/museocavallinodellagiara.it\/?s={search_term_string}\"},\"query-input\":{\"@type\":\"PropertyValueSpecification\",\"valueRequired\":true,\"valueName\":\"search_term_string\"}}],\"inLanguage\":\"fr-FR\"},{\"@type\":\"Organization\",\"@id\":\"https:\/\/museocavallinodellagiara.it\/#organization\",\"name\":\"Museo del Cavallino della Giara\",\"url\":\"https:\/\/museocavallinodellagiara.it\/\",\"logo\":{\"@type\":\"ImageObject\",\"inLanguage\":\"fr-FR\",\"@id\":\"https:\/\/museocavallinodellagiara.it\/#\/schema\/logo\/image\/\",\"url\":\"https:\/\/museocavallinodellagiara.it\/wp-content\/uploads\/2018\/01\/logo_cavallino.png\",\"contentUrl\":\"https:\/\/museocavallinodellagiara.it\/wp-content\/uploads\/2018\/01\/logo_cavallino.png\",\"width\":606,\"height\":739,\"caption\":\"Museo del Cavallino della Giara\"},\"image\":{\"@id\":\"https:\/\/museocavallinodellagiara.it\/#\/schema\/logo\/image\/\"},\"sameAs\":[\"https:\/\/business.facebook.com\/parcgenoni\/\",\"https:\/\/www.youtube.com\/user\/ParcGenoni\"]}]}<\/script>\n<!-- \/ Yoast SEO plugin. -->","yoast_head_json":{"title":"Cookies - Museo del Cavallino della Giara","robots":{"index":"index","follow":"follow","max-snippet":"max-snippet:-1","max-image-preview":"max-image-preview:large","max-video-preview":"max-video-preview:-1"},"canonical":"https:\/\/museocavallinodellagiara.it\/fr\/cookies\/","og_locale":"fr_FR","og_type":"article","og_title":"Cookies - Museo del Cavallino della Giara","og_description":"[vc_row][vc_column][vc_column_text] Cookies Sur ce site, l&rsquo;utilisation de cookies vise exclusivement \u00e0 une utilisation fonctionnelle des nouvelles technologies et \u00e0 l&rsquo;am\u00e9lioration de l&rsquo;exp\u00e9rience en ligne de nos utilisateurs. Vous trouverez ci-dessous un petit guide sur les cookies, leur personnalisation et leur suppression. QU&rsquo;EST-CE QU&rsquo;UN COOKIE? Un cookie est un fichier texte [&hellip;]","og_url":"https:\/\/museocavallinodellagiara.it\/fr\/cookies\/","og_site_name":"Museo del Cavallino della Giara","article_publisher":"https:\/\/business.facebook.com\/parcgenoni\/","og_image":[{"width":1200,"height":800,"url":"https:\/\/museocavallinodellagiara.it\/wp-content\/uploads\/2018\/01\/cavalla_puledro_giara-min.jpg","type":"image\/jpeg"}],"twitter_card":"summary_large_image","twitter_misc":{"Dur\u00e9e de lecture estim\u00e9e":"1 minute"},"schema":{"@context":"https:\/\/schema.org","@graph":[{"@type":"WebPage","@id":"https:\/\/museocavallinodellagiara.it\/fr\/cookies\/","url":"https:\/\/museocavallinodellagiara.it\/fr\/cookies\/","name":"Cookies - Museo del Cavallino della Giara","isPartOf":{"@id":"https:\/\/museocavallinodellagiara.it\/#website"},"datePublished":"2025-03-29T14:16:49+00:00","breadcrumb":{"@id":"https:\/\/museocavallinodellagiara.it\/fr\/cookies\/#breadcrumb"},"inLanguage":"fr-FR","potentialAction":[{"@type":"ReadAction","target":["https:\/\/museocavallinodellagiara.it\/fr\/cookies\/"]}]},{"@type":"BreadcrumbList","@id":"https:\/\/museocavallinodellagiara.it\/fr\/cookies\/#breadcrumb","itemListElement":[{"@type":"ListItem","position":1,"name":"Home","item":"https:\/\/museocavallinodellagiara.it\/fr\/"},{"@type":"ListItem","position":2,"name":"Cookies"}]},{"@type":"WebSite","@id":"https:\/\/museocavallinodellagiara.it\/#website","url":"https:\/\/museocavallinodellagiara.it\/","name":"Museo del Cavallino della Giara","description":"Il museo dedicato al cavallo e al Parco della Giara","publisher":{"@id":"https:\/\/museocavallinodellagiara.it\/#organization"},"potentialAction":[{"@type":"SearchAction","target":{"@type":"EntryPoint","urlTemplate":"https:\/\/museocavallinodellagiara.it\/?s={search_term_string}"},"query-input":{"@type":"PropertyValueSpecification","valueRequired":true,"valueName":"search_term_string"}}],"inLanguage":"fr-FR"},{"@type":"Organization","@id":"https:\/\/museocavallinodellagiara.it\/#organization","name":"Museo del Cavallino della Giara","url":"https:\/\/museocavallinodellagiara.it\/","logo":{"@type":"ImageObject","inLanguage":"fr-FR","@id":"https:\/\/museocavallinodellagiara.it\/#\/schema\/logo\/image\/","url":"https:\/\/museocavallinodellagiara.it\/wp-content\/uploads\/2018\/01\/logo_cavallino.png","contentUrl":"https:\/\/museocavallinodellagiara.it\/wp-content\/uploads\/2018\/01\/logo_cavallino.png","width":606,"height":739,"caption":"Museo del Cavallino della Giara"},"image":{"@id":"https:\/\/museocavallinodellagiara.it\/#\/schema\/logo\/image\/"},"sameAs":["https:\/\/business.facebook.com\/parcgenoni\/","https:\/\/www.youtube.com\/user\/ParcGenoni"]}]}},"_links":{"self":[{"href":"https:\/\/museocavallinodellagiara.it\/fr\/wp-json\/wp\/v2\/pages\/5600","targetHints":{"allow":["GET"]}}],"collection":[{"href":"https:\/\/museocavallinodellagiara.it\/fr\/wp-json\/wp\/v2\/pages"}],"about":[{"href":"https:\/\/museocavallinodellagiara.it\/fr\/wp-json\/wp\/v2\/types\/page"}],"author":[{"embeddable":true,"href":"https:\/\/museocavallinodellagiara.it\/fr\/wp-json\/wp\/v2\/users\/1"}],"replies":[{"embeddable":true,"href":"https:\/\/museocavallinodellagiara.it\/fr\/wp-json\/wp\/v2\/comments?post=5600"}],"version-history":[{"count":2,"href":"https:\/\/museocavallinodellagiara.it\/fr\/wp-json\/wp\/v2\/pages\/5600\/revisions"}],"predecessor-version":[{"id":5602,"href":"https:\/\/museocavallinodellagiara.it\/fr\/wp-json\/wp\/v2\/pages\/5600\/revisions\/5602"}],"wp:attachment":[{"href":"https:\/\/museocavallinodellagiara.it\/fr\/wp-json\/wp\/v2\/media?parent=5600"}],"curies":[{"name":"wp","href":"https:\/\/api.w.org\/{rel}","templated":true}]}}