{"id":5606,"date":"2025-03-29T14:17:49","date_gmt":"2025-03-29T14:17:49","guid":{"rendered":"https:\/\/museocavallinodellagiara.it\/ce-quil-faut-faire\/"},"modified":"2025-03-29T14:17:49","modified_gmt":"2025-03-29T14:17:49","slug":"ce-quil-faut-faire","status":"publish","type":"page","link":"https:\/\/museocavallinodellagiara.it\/fr\/ce-quil-faut-faire\/","title":{"rendered":"Ce qu&rsquo;il faut faire"},"content":{"rendered":"<p>[vc_row][vc_column]<div class=\"special-heading vntd-heading heading-border-below heading-align-center heading-with-icon\"><div class=\"special-heading-icon colored\"><i class=\"fa fa-map-signs\"><\/i><\/div><h3 class=\"special-heading-title\">Que faire \u00e0 Genoni ?<\/h3><p class=\"special-heading-subtitle\">Alcune proposte per una gita fuori porta<\/p><\/div>[\/vc_column][\/vc_row][vc_row parallax=\u00a0\u00bbcontent-moving\u00a0\u00bb bg_overlay=\u00a0\u00bbdark40&Prime; css=\u00a0\u00bb.vc_custom_1519399999178{padding-top: 130px !important;padding-bottom: 110px !important;background-image: url(https:\/\/museocavallinodellagiara.it\/wp-content\/uploads\/2018\/01\/coop_giunone_giara_piccola-min.jpg?id=3584) !important;background-position: center;background-repeat: no-repeat !important;background-size: contain !important;}\u00a0\u00bb][vc_column]<div class=\"video-lightbox color-scheme-white video-lightbox-text\"><div class=\"video-lightbox-inner\"><a href=\"https:\/\/www.youtube.com\/watch?v=B2E3t91O_Kc\" class=\"video-link mp-video\"><i class=\"engage-icon-icon engage-icon-triangle-right-17\"><\/i><\/a><h2 class=\"video-lightbox-title\">Un voyage de millions d'ann\u00e9es en un jour<\/h2><p class=\"video-lightbox-length\">03:46<\/p><\/div><\/div>[\/vc_column][\/vc_row][vc_row][vc_column][vc_column_text]Propositions pour Genoni et son territoire, en passant par les mus\u00e9es, les sites d&rsquo;int\u00e9r\u00eat culturel et le splendide parc de la Giara, accompagn\u00e9s par des guides qualifi\u00e9s et passionn\u00e9s.<\/p>\n<p>Voici les diff\u00e9rentes propositions :<br \/>\n<a href=\"https:\/\/www.inlandsardinia.it\/itinerario-di-una-giornata\/visite-guidate\/itinerario-di-una-giornata\">Itin\u00e9raire d&rsquo;une journ\u00e9e<\/a><br \/>\n<a href=\"https:\/\/www.inlandsardinia.it\/visite-guidate\/cose-fare\/visite-guidate-sardegna\">Randonn\u00e9e urbaine<\/a><br \/>\n<a href=\"https:\/\/www.inlandsardinia.it\/tour-paleontologico\/cosa-vedere\/tour-paleontologico\">Visite pal\u00e9ontologique<\/a><br \/>\n<a href=\"https:\/\/www.inlandsardinia.it\/tour-della-giara\/cose-fare\/tour-archeologico-e-antropologico-della-giara\">Visite arch\u00e9ologique et anthropologique de la Giara<\/a><\/p>\n<p><strong>Guides<\/strong><strong>touristiques <\/strong> <strong>Guides environnementaux<\/strong><br \/>\nFederico Melis Oscar Carboni<br \/>\nLorenza Pili<br \/>\nVirginia Secci<br \/>\nIlenia Vallieri<br \/>\nMichele Zucca[\/vc_column_text][\/vc_column][\/vc_row][vc_row equal_height=\u00a0\u00bbyes\u00a0\u00bb content_placement=\u00a0\u00bbmiddle\u00a0\u00bb css=\u00a0\u00bb.vc_custom_1493822260304{padding-top: 90px !important;padding-bottom: 90px !important;}\u00a0\u00bb][vc_column width=\u00a0\u00bb1\/2&Prime; col_padding=\u00a0\u00bb2&Prime; col_padding_side=\u00a0\u00bbright\u00a0\u00bb][vc_single_image image=\u00a0\u00bb3502&Prime; img_size=\u00a0\u00bb700&#215;600&Prime; css_animation=\u00a0\u00bbnone\u00a0\u00bb css=\u00a0\u00bb.vc_custom_1515446299967{margin-bottom: 0px !important;}\u00a0\u00bb][\/vc_column][vc_column width=\u00a0\u00bb1\/2&Prime; col_padding=\u00a0\u00bb2&Prime; col_padding_side=\u00a0\u00bbleft\u00a0\u00bb][vc_column_text font_size=\u00a0\u00bbmedium\u00a0\u00bb]<\/p>\n<h3>Propositions d&rsquo;une journ\u00e9e enti\u00e8re<\/h3>\n<p>Des itin\u00e9raires con\u00e7us et adapt\u00e9s \u00e0 vos besoins en compagnie d&rsquo;un guide expert qui vous permet de visiter des sites d&rsquo;int\u00e9r\u00eat culturel, des mus\u00e9es, et qui comprend \u00e9galement un d\u00e9jeuner \u00e0 la ferme ou un panier-repas.<\/p>\n<p>Les propositions comprennent les points de vue suivants<\/p>\n<p><a href=\"http:\/\/www.parcgenoni.it\/it\/\">PARC<\/a><br \/>\n<a href=\"https:\/\/www.inlandsardinia.it\/ex-convento-dei-frati-osservanti-minori\/cosa-vedere\/ex-convento-dei-frati-osservanti-minori\">Ancien couvent de l&rsquo;Ordre des Fr\u00e8res Mineurs<\/a><br \/>\n<a href=\"https:\/\/museocavallinodellagiara.it\/fr\/\">Mus\u00e9e municipal du cheval de Giara<\/a><br \/>\n<a href=\"https:\/\/www.inlandsardinia.it\/geo-paleo-sito\/cosa-vedere\/geo-paleo-sito\">Site G\u00e9o Pal\u00e9o<\/a><br \/>\n<a href=\"https:\/\/www.inlandsardinia.it\/parco-della-giara\/cosa-vedere\/il-parco-della-giara\">Giara di Gesturi<\/a><\/p>\n<p>[\/vc_column_text]<div class=\"wpb_content_element\"><div class=\"wpb_wrapper\"><div class=\"vntd-separator separator-color-default\"><\/div><\/div><\/div>[vc_column_text]Pour en savoir plus, consultez la <a href=\"https:\/\/museocavallinodellagiara.it\/proposte-unintera-giornata\/\">section d\u00e9di\u00e9e<\/a>.<\/p>\n<p>[\/vc_column_text][\/vc_column][\/vc_row][vc_row equal_height=\u00a0\u00bbyes\u00a0\u00bb content_placement=\u00a0\u00bbmiddle\u00a0\u00bb css=\u00a0\u00bb.vc_custom_1493822260304{padding-top: 90px !important;padding-bottom: 90px !important;}\u00a0\u00bb][vc_column width=\u00a0\u00bb1\/2&Prime; col_padding=\u00a0\u00bb2&Prime; col_padding_side=\u00a0\u00bbleft\u00a0\u00bb][vc_column_text font_size=\u00a0\u00bbmedium\u00a0\u00bb]<\/p>\n<h3>Ateliers \u00e9ducatifs<\/h3>\n<p>Les ateliers sont adapt\u00e9s aux \u00e9coles mais aussi aux familles. Les enfants et les jeunes, guid\u00e9s par un \u00e9ducateur de mus\u00e9e, visitent des mus\u00e9es, abordent des th\u00e8mes scientifiques et ethnographiques avec une approche dynamique, afin de rendre la visite claire et stimulante.<\/p>\n<p>Pour compl\u00e9ter la journ\u00e9e, vous avez la possibilit\u00e9 de visiter l&rsquo;un des plus beaux parcs du monde, le <a href=\"https:\/\/museocavallinodellagiara.it\/parco-della-giara\/\">parc de la Giara<\/a>, \u00e0 la recherche des Cavallini.<\/p>\n<p>Pour en savoir plus, visitez la <a href=\"https:\/\/museocavallinodellagiara.it\/laboratori-didattici\/\">section d\u00e9di\u00e9e<\/a>.<\/p>\n<p>[\/vc_column_text]<div class=\"wpb_content_element\"><div class=\"wpb_wrapper\"><div class=\"vntd-separator separator-color-default\"><\/div><\/div><\/div>[vc_column_text]<a href=\"https:\/\/museocavallinodellagiara.it\/fr\/contacts\/\">Contactez-nous<\/a> pour plus d&rsquo;informations[\/vc_column_text][\/vc_column][vc_column width=\u00a0\u00bb1\/2&Prime; col_padding=\u00a0\u00bb2&Prime; col_padding_side=\u00a0\u00bbright\u00a0\u00bb][vc_single_image image=\u00a0\u00bb3542&Prime; img_size=\u00a0\u00bb720&#215;480&Prime; css_animation=\u00a0\u00bbnone\u00a0\u00bb css=\u00a0\u00bb.vc_custom_1515446618733{margin-bottom: 0px !important;}\u00a0\u00bb][\/vc_column][\/vc_row][vc_row equal_height=\u00a0\u00bbyes\u00a0\u00bb content_placement=\u00a0\u00bbmiddle\u00a0\u00bb css=\u00a0\u00bb.vc_custom_1493822260304{padding-top: 90px !important;padding-bottom: 90px !important;}\u00a0\u00bb][vc_column width=\u00a0\u00bb1\/2&Prime; col_padding=\u00a0\u00bb2&Prime; col_padding_side=\u00a0\u00bbright\u00a0\u00bb][vc_single_image image=\u00a0\u00bb3830&Prime; img_size=\u00a0\u00bb780&#215;480&Prime; css_animation=\u00a0\u00bbnone\u00a0\u00bb css=\u00a0\u00bb.vc_custom_1515447011559{margin-bottom: 0px !important;}\u00a0\u00bb][\/vc_column][vc_column width=\u00a0\u00bb1\/2&Prime; col_padding=\u00a0\u00bb2&Prime; col_padding_side=\u00a0\u00bbleft\u00a0\u00bb][vc_column_text font_size=\u00a0\u00bbmedium\u00a0\u00bb]<\/p>\n<h3>Propositions pour les familles<\/h3>\n<p>Propositions d\u00e9di\u00e9es aux familles au nom de la culture et de la d\u00e9tente.<\/p>\n<p>&nbsp;<\/p>\n<p>Les enfants et les jeunes, guid\u00e9s par un \u00e9ducateur de mus\u00e9e, suivent un parcours stimulant dont ils deviennent les protagonistes en entrant en contact direct avec les objets et le contenu du mus\u00e9e.<\/p>\n<p>Pendant ce temps, les parents peuvent visiter le mus\u00e9e civique du Cavallino della Giara.<\/p>\n<p>Pour la soir\u00e9e ? Rien de tel qu&rsquo;une promenade dans la Giara di Gesturi \u00e0 la recherche des Cavallini.<\/p>\n<p>Pour en savoir plus, consultez la <a href=\"https:\/\/museocavallinodellagiara.it\/proposte-le-famiglie\/\">section d\u00e9di\u00e9e<\/a>.[\/vc_column_text]<div class=\"wpb_content_element\"><div class=\"wpb_wrapper\"><div class=\"vntd-separator separator-color-default\"><\/div><\/div><\/div>[vc_column_text]<a href=\"https:\/\/museocavallinodellagiara.it\/staff-gestione-museo\/\">Visitez la page des op\u00e9rateurs<\/a><\/p>\n<p>[\/vc_column_text][\/vc_column][\/vc_row][vc_row][vc_column]<div class=\"special-heading vntd-heading heading-border-below heading-align-center heading-with-icon\"><div class=\"special-heading-icon colored\"><i class=\"fa fa-cutlery\"><\/i><\/div><h3 class=\"special-heading-title\">L'hospitalit\u00e9<\/h3><p class=\"special-heading-subtitle\">Dove mangiare e dormine nel territorio<\/p><\/div>[\/vc_column][\/vc_row][vc_row][vc_column width=\u00a0\u00bb1\/2&Prime;][vc_column_text]<\/p>\n<h3>Ferme Cuaddus e Tellas<\/h3>\n<p>Une v\u00e9ritable oasis de tranquillit\u00e9 sur 15 hectares, o\u00f9 vous pourrez vous essayer aux activit\u00e9s de la ferme, de la garde des animaux \u00e0 la fabrication du pain et des p\u00e2tes. Encadrement ? Un troupeau de Cavallini della Giara<\/p>\n<p><strong>Informations et r\u00e9servations :<\/strong><\/p>\n<p>Ferme Cuaddus &amp; Tellas<br \/>\nlocalit\u00e9 Priluzza<br \/>\ntel : +39 347 65 10 485<br \/>\n<strong><a href=\"http:\/\/www.cuaddusetellas.com\/\" target=\"_blank\" rel=\"noopener\">Site web<\/a><\/strong>[\/vc_column_text][\/vc_column][vc_column width=\u00a0\u00bb1\/2&Prime;][vc_single_image image=\u00a0\u00bb3848&Prime; img_size=\u00a0\u00bblarge\u00a0\u00bb alignment=\u00a0\u00bbcenter\u00a0\u00bb][\/vc_column][\/vc_row][vc_row full_width=\u00a0\u00bbstretch_row_content_no_spaces\u00a0\u00bb css_animation=\u00a0\u00bbfadeInLeftBig\u00a0\u00bb bg_color_pre=\u00a0\u00bbbg-color-accent\u00a0\u00bb css=\u00a0\u00bb.vc_custom_1519400737684{padding-top: 0px !important;}\u00a0\u00bb][vc_column]<div class=\"vntd-cta cta-text-color-white bg-color-none cta-align-center\"><div class=\"container\"><div class=\"row\"><div class=\"cta-texts\"><h2 class=\"cta-heading\"><span>Per organizzare la tua giornata non esitare a contattarci!<\/span><\/h2><\/div><div class=\"cta-buttons\"><a href=\"http:\/\/www.museocavallinodellagiara.it\/contatti\/\" class=\"btn cta-btn1 btn-outline btn-white btn-hover-white\">Scrivi ora!<\/a><a href=\"http:\/\/www.museocavallinodellagiara.it\/orari-e-biglietteria\/\" class=\"btn cta-btn2 btn-solid btn-white btn-hover-white\">Prezzi e orari<\/a><\/div><\/div><\/div><\/div>[\/vc_column][\/vc_row]<\/p>\n","protected":false},"excerpt":{"rendered":"<p>[vc_row][vc_column][\/vc_column][\/vc_row][vc_row parallax=\u00a0\u00bbcontent-moving\u00a0\u00bb bg_overlay=\u00a0\u00bbdark40&Prime; css=\u00a0\u00bb.vc_custom_1519399999178{padding-top: 130px !important;padding-bottom: 110px !important;background-image: url(https:\/\/museocavallinodellagiara.it\/wp-content\/uploads\/2018\/01\/coop_giunone_giara_piccola-min.jpg?id=3584) !important;background-position: center;background-repeat: no-repeat !important;background-size: contain !important;}\u00a0\u00bb][vc_column][\/vc_column][\/vc_row][vc_row][vc_column][vc_column_text]Propositions pour Genoni et son territoire, en passant par les mus\u00e9es, les sites d&rsquo;int\u00e9r\u00eat culturel et le splendide parc de la Giara, accompagn\u00e9s par des guides qualifi\u00e9s et passionn\u00e9s. Voici les diff\u00e9rentes propositions : Itin\u00e9raire d&rsquo;une [&hellip;]<\/p>\n","protected":false},"author":1,"featured_media":0,"parent":0,"menu_order":0,"comment_status":"closed","ping_status":"closed","template":"","meta":{"footnotes":""},"class_list":["post-5606","page","type-page","status-publish","hentry"],"yoast_head":"<!-- This site is optimized with the Yoast SEO plugin v27.1.1 - https:\/\/yoast.com\/product\/yoast-seo-wordpress\/ -->\n<title>Ce qu&#039;il faut faire - Museo del Cavallino della Giara<\/title>\n<meta name=\"description\" content=\"Certaines propositions sont \u00e9galement adapt\u00e9es aux familles, pour d\u00e9couvrir Genoni et son territoire, en passant par les mus\u00e9es, les sites d&#039;int\u00e9r\u00eat culturel et le merveilleux parc de la Giara.\" \/>\n<meta name=\"robots\" content=\"index, follow, max-snippet:-1, max-image-preview:large, max-video-preview:-1\" \/>\n<link rel=\"canonical\" href=\"https:\/\/museocavallinodellagiara.it\/fr\/ce-quil-faut-faire\/\" \/>\n<meta property=\"og:locale\" content=\"fr_FR\" \/>\n<meta property=\"og:type\" content=\"article\" \/>\n<meta property=\"og:title\" content=\"Ce qu&#039;il faut faire - Museo del Cavallino della Giara\" \/>\n<meta property=\"og:description\" content=\"Certaines propositions sont \u00e9galement adapt\u00e9es aux familles, pour d\u00e9couvrir Genoni et son territoire, en passant par les mus\u00e9es, les sites d&#039;int\u00e9r\u00eat culturel et le merveilleux parc de la Giara.\" \/>\n<meta property=\"og:url\" content=\"https:\/\/museocavallinodellagiara.it\/fr\/ce-quil-faut-faire\/\" \/>\n<meta property=\"og:site_name\" content=\"Museo del Cavallino della Giara\" \/>\n<meta property=\"article:publisher\" content=\"https:\/\/business.facebook.com\/parcgenoni\/\" \/>\n<meta property=\"og:image\" content=\"https:\/\/museocavallinodellagiara.it\/wp-content\/uploads\/2018\/01\/cavalla_puledro_giara-min.jpg\" \/>\n\t<meta property=\"og:image:width\" content=\"1200\" \/>\n\t<meta property=\"og:image:height\" content=\"800\" \/>\n\t<meta property=\"og:image:type\" content=\"image\/jpeg\" \/>\n<meta name=\"twitter:card\" content=\"summary_large_image\" \/>\n<meta name=\"twitter:label1\" content=\"Dur\u00e9e de lecture estim\u00e9e\" \/>\n\t<meta name=\"twitter:data1\" content=\"4 minutes\" \/>\n<script type=\"application\/ld+json\" class=\"yoast-schema-graph\">{\"@context\":\"https:\/\/schema.org\",\"@graph\":[{\"@type\":\"WebPage\",\"@id\":\"https:\/\/museocavallinodellagiara.it\/fr\/ce-quil-faut-faire\/\",\"url\":\"https:\/\/museocavallinodellagiara.it\/fr\/ce-quil-faut-faire\/\",\"name\":\"Ce qu'il faut faire - Museo del Cavallino della Giara\",\"isPartOf\":{\"@id\":\"https:\/\/museocavallinodellagiara.it\/#website\"},\"datePublished\":\"2025-03-29T14:17:49+00:00\",\"description\":\"Certaines propositions sont \u00e9galement adapt\u00e9es aux familles, pour d\u00e9couvrir Genoni et son territoire, en passant par les mus\u00e9es, les sites d'int\u00e9r\u00eat culturel et le merveilleux parc de la Giara.\",\"breadcrumb\":{\"@id\":\"https:\/\/museocavallinodellagiara.it\/fr\/ce-quil-faut-faire\/#breadcrumb\"},\"inLanguage\":\"fr-FR\",\"potentialAction\":[{\"@type\":\"ReadAction\",\"target\":[\"https:\/\/museocavallinodellagiara.it\/fr\/ce-quil-faut-faire\/\"]}]},{\"@type\":\"BreadcrumbList\",\"@id\":\"https:\/\/museocavallinodellagiara.it\/fr\/ce-quil-faut-faire\/#breadcrumb\",\"itemListElement\":[{\"@type\":\"ListItem\",\"position\":1,\"name\":\"Home\",\"item\":\"https:\/\/museocavallinodellagiara.it\/fr\/\"},{\"@type\":\"ListItem\",\"position\":2,\"name\":\"Ce qu&rsquo;il faut faire\"}]},{\"@type\":\"WebSite\",\"@id\":\"https:\/\/museocavallinodellagiara.it\/#website\",\"url\":\"https:\/\/museocavallinodellagiara.it\/\",\"name\":\"Museo del Cavallino della Giara\",\"description\":\"Il museo dedicato al cavallo e al Parco della Giara\",\"publisher\":{\"@id\":\"https:\/\/museocavallinodellagiara.it\/#organization\"},\"potentialAction\":[{\"@type\":\"SearchAction\",\"target\":{\"@type\":\"EntryPoint\",\"urlTemplate\":\"https:\/\/museocavallinodellagiara.it\/?s={search_term_string}\"},\"query-input\":{\"@type\":\"PropertyValueSpecification\",\"valueRequired\":true,\"valueName\":\"search_term_string\"}}],\"inLanguage\":\"fr-FR\"},{\"@type\":\"Organization\",\"@id\":\"https:\/\/museocavallinodellagiara.it\/#organization\",\"name\":\"Museo del Cavallino della Giara\",\"url\":\"https:\/\/museocavallinodellagiara.it\/\",\"logo\":{\"@type\":\"ImageObject\",\"inLanguage\":\"fr-FR\",\"@id\":\"https:\/\/museocavallinodellagiara.it\/#\/schema\/logo\/image\/\",\"url\":\"https:\/\/museocavallinodellagiara.it\/wp-content\/uploads\/2018\/01\/logo_cavallino.png\",\"contentUrl\":\"https:\/\/museocavallinodellagiara.it\/wp-content\/uploads\/2018\/01\/logo_cavallino.png\",\"width\":606,\"height\":739,\"caption\":\"Museo del Cavallino della Giara\"},\"image\":{\"@id\":\"https:\/\/museocavallinodellagiara.it\/#\/schema\/logo\/image\/\"},\"sameAs\":[\"https:\/\/business.facebook.com\/parcgenoni\/\",\"https:\/\/www.youtube.com\/user\/ParcGenoni\"]}]}<\/script>\n<!-- \/ Yoast SEO plugin. -->","yoast_head_json":{"title":"Ce qu'il faut faire - Museo del Cavallino della Giara","description":"Certaines propositions sont \u00e9galement adapt\u00e9es aux familles, pour d\u00e9couvrir Genoni et son territoire, en passant par les mus\u00e9es, les sites d'int\u00e9r\u00eat culturel et le merveilleux parc de la Giara.","robots":{"index":"index","follow":"follow","max-snippet":"max-snippet:-1","max-image-preview":"max-image-preview:large","max-video-preview":"max-video-preview:-1"},"canonical":"https:\/\/museocavallinodellagiara.it\/fr\/ce-quil-faut-faire\/","og_locale":"fr_FR","og_type":"article","og_title":"Ce qu'il faut faire - Museo del Cavallino della Giara","og_description":"Certaines propositions sont \u00e9galement adapt\u00e9es aux familles, pour d\u00e9couvrir Genoni et son territoire, en passant par les mus\u00e9es, les sites d'int\u00e9r\u00eat culturel et le merveilleux parc de la Giara.","og_url":"https:\/\/museocavallinodellagiara.it\/fr\/ce-quil-faut-faire\/","og_site_name":"Museo del Cavallino della Giara","article_publisher":"https:\/\/business.facebook.com\/parcgenoni\/","og_image":[{"width":1200,"height":800,"url":"https:\/\/museocavallinodellagiara.it\/wp-content\/uploads\/2018\/01\/cavalla_puledro_giara-min.jpg","type":"image\/jpeg"}],"twitter_card":"summary_large_image","twitter_misc":{"Dur\u00e9e de lecture estim\u00e9e":"4 minutes"},"schema":{"@context":"https:\/\/schema.org","@graph":[{"@type":"WebPage","@id":"https:\/\/museocavallinodellagiara.it\/fr\/ce-quil-faut-faire\/","url":"https:\/\/museocavallinodellagiara.it\/fr\/ce-quil-faut-faire\/","name":"Ce qu'il faut faire - Museo del Cavallino della Giara","isPartOf":{"@id":"https:\/\/museocavallinodellagiara.it\/#website"},"datePublished":"2025-03-29T14:17:49+00:00","description":"Certaines propositions sont \u00e9galement adapt\u00e9es aux familles, pour d\u00e9couvrir Genoni et son territoire, en passant par les mus\u00e9es, les sites d'int\u00e9r\u00eat culturel et le merveilleux parc de la Giara.","breadcrumb":{"@id":"https:\/\/museocavallinodellagiara.it\/fr\/ce-quil-faut-faire\/#breadcrumb"},"inLanguage":"fr-FR","potentialAction":[{"@type":"ReadAction","target":["https:\/\/museocavallinodellagiara.it\/fr\/ce-quil-faut-faire\/"]}]},{"@type":"BreadcrumbList","@id":"https:\/\/museocavallinodellagiara.it\/fr\/ce-quil-faut-faire\/#breadcrumb","itemListElement":[{"@type":"ListItem","position":1,"name":"Home","item":"https:\/\/museocavallinodellagiara.it\/fr\/"},{"@type":"ListItem","position":2,"name":"Ce qu&rsquo;il faut faire"}]},{"@type":"WebSite","@id":"https:\/\/museocavallinodellagiara.it\/#website","url":"https:\/\/museocavallinodellagiara.it\/","name":"Museo del Cavallino della Giara","description":"Il museo dedicato al cavallo e al Parco della Giara","publisher":{"@id":"https:\/\/museocavallinodellagiara.it\/#organization"},"potentialAction":[{"@type":"SearchAction","target":{"@type":"EntryPoint","urlTemplate":"https:\/\/museocavallinodellagiara.it\/?s={search_term_string}"},"query-input":{"@type":"PropertyValueSpecification","valueRequired":true,"valueName":"search_term_string"}}],"inLanguage":"fr-FR"},{"@type":"Organization","@id":"https:\/\/museocavallinodellagiara.it\/#organization","name":"Museo del Cavallino della Giara","url":"https:\/\/museocavallinodellagiara.it\/","logo":{"@type":"ImageObject","inLanguage":"fr-FR","@id":"https:\/\/museocavallinodellagiara.it\/#\/schema\/logo\/image\/","url":"https:\/\/museocavallinodellagiara.it\/wp-content\/uploads\/2018\/01\/logo_cavallino.png","contentUrl":"https:\/\/museocavallinodellagiara.it\/wp-content\/uploads\/2018\/01\/logo_cavallino.png","width":606,"height":739,"caption":"Museo del Cavallino della Giara"},"image":{"@id":"https:\/\/museocavallinodellagiara.it\/#\/schema\/logo\/image\/"},"sameAs":["https:\/\/business.facebook.com\/parcgenoni\/","https:\/\/www.youtube.com\/user\/ParcGenoni"]}]}},"_links":{"self":[{"href":"https:\/\/museocavallinodellagiara.it\/fr\/wp-json\/wp\/v2\/pages\/5606","targetHints":{"allow":["GET"]}}],"collection":[{"href":"https:\/\/museocavallinodellagiara.it\/fr\/wp-json\/wp\/v2\/pages"}],"about":[{"href":"https:\/\/museocavallinodellagiara.it\/fr\/wp-json\/wp\/v2\/types\/page"}],"author":[{"embeddable":true,"href":"https:\/\/museocavallinodellagiara.it\/fr\/wp-json\/wp\/v2\/users\/1"}],"replies":[{"embeddable":true,"href":"https:\/\/museocavallinodellagiara.it\/fr\/wp-json\/wp\/v2\/comments?post=5606"}],"version-history":[{"count":2,"href":"https:\/\/museocavallinodellagiara.it\/fr\/wp-json\/wp\/v2\/pages\/5606\/revisions"}],"predecessor-version":[{"id":5608,"href":"https:\/\/museocavallinodellagiara.it\/fr\/wp-json\/wp\/v2\/pages\/5606\/revisions\/5608"}],"wp:attachment":[{"href":"https:\/\/museocavallinodellagiara.it\/fr\/wp-json\/wp\/v2\/media?parent=5606"}],"curies":[{"name":"wp","href":"https:\/\/api.w.org\/{rel}","templated":true}]}}