{"id":5614,"date":"2025-03-29T14:19:40","date_gmt":"2025-03-29T14:19:40","guid":{"rendered":"https:\/\/museocavallinodellagiara.it\/telecharger-le-jeu\/"},"modified":"2025-03-29T14:19:40","modified_gmt":"2025-03-29T14:19:40","slug":"telecharger-le-jeu","status":"publish","type":"page","link":"https:\/\/museocavallinodellagiara.it\/fr\/telecharger-le-jeu\/","title":{"rendered":"T\u00e9l\u00e9charger le jeu"},"content":{"rendered":"<p>[vc_row][vc_column]<div class=\"special-heading vntd-heading heading-border-below heading-align-center heading-with-icon\"><div class=\"special-heading-icon colored\"><i class=\"fa fa-scissors\"><\/i><\/div><h3 class=\"special-heading-title\">Gioco per bambini<\/h3><p class=\"special-heading-subtitle\">Ritaglia e costruisci il tuo museo<\/p><\/div>[vc_column_text]Un petit cadeau pour les enfants qui, avec leurs parents, peuvent d\u00e9couper et construire le Mus\u00e9e du Cheval Giara en miniature et y ajouter des objets, des outils et, pourquoi pas, des animaux ou tout ce que l&rsquo;imagination leur sugg\u00e8re.<\/p>\n<p>Le mus\u00e9e dispose d&rsquo;un vaste catalogue de propositions \u00e9ducatives, aussi bien pour les \u00e9coles que pour les familles. Si vous souhaitez passer une journ\u00e9e au mus\u00e9e en famille, visitez la section consacr\u00e9e aux <a href=\"https:\/\/museocavallinodellagiara.it\/proposte-le-famiglie\/\"><strong>propositions pour les familles<\/strong><\/a> ou celle des <a href=\"https:\/\/museocavallinodellagiara.it\/laboratori-didattici\/\"><strong>ateliers \u00e9ducatifs<\/strong> <\/a>e <a href=\"https:\/\/museocavallinodellagiara.it\/gite-scolastiche\/\"><strong>voyages scolaires<\/strong><\/a>.[\/vc_column_text][\/vc_column][\/vc_row][vc_row][vc_column][vc_column_text]<a href=\"https:\/\/museocavallinodellagiara.it\/wp-content\/uploads\/2018\/01\/gioco-museo-cavallino-della-giara.pdf\" class=\"pdfemb-viewer\" style=\"\" data-width=\"max\" data-height=\"max\" data-toolbar=\"bottom\" data-toolbar-fixed=\"off\">jeu mus\u00e9e jar cheval<\/a>[\/vc_column_text][\/vc_column][\/vc_row][vc_row full_width=\u00a0\u00bbstretch_row_content_no_spaces\u00a0\u00bb bg_color_pre=\u00a0\u00bbbg-color-accent\u00a0\u00bb css=\u00a0\u00bb.vc_custom_1494250403646{padding-top: 0px !important;}\u00a0\u00bb][vc_column]<div class=\"vntd-cta cta-text-color-white bg-color-none cta-align-center\"><div class=\"container\"><div class=\"row\"><div class=\"cta-texts\"><h2 class=\"cta-heading\"><span>Vuoi provare?<\/span><\/h2><p class=\"cta-subtitle\">Scarica il gioco, fatti aiutare da un adulto, e costruisci il tuo museo.<\/p><\/div><div class=\"cta-buttons\"><a href=\"https:\/\/drive.google.com\/file\/d\/12B0JDIwfFbgwYvzCld8Z9Tq-RhEmM1oV\/view?usp=sharing\" target=\"_blank\" title=\"Scarica il gioco del museo\" class=\"btn cta-btn1 btn-outline btn-white btn-hover-white\">Scarica ora!<\/a><\/div><\/div><\/div><\/div>[\/vc_column][\/vc_row]<\/p>\n","protected":false},"excerpt":{"rendered":"<p>[vc_row][vc_column][vc_column_text]Un petit cadeau pour les enfants qui, avec leurs parents, peuvent d\u00e9couper et construire le Mus\u00e9e du Cheval Giara en miniature et y ajouter des objets, des outils et, pourquoi pas, des animaux ou tout ce que l&rsquo;imagination leur sugg\u00e8re. Le mus\u00e9e dispose d&rsquo;un vaste catalogue de propositions \u00e9ducatives, aussi [&hellip;]<\/p>\n","protected":false},"author":1,"featured_media":0,"parent":0,"menu_order":0,"comment_status":"closed","ping_status":"closed","template":"","meta":{"footnotes":""},"class_list":["post-5614","page","type-page","status-publish","hentry"],"yoast_head":"<!-- This site is optimized with the Yoast SEO plugin v27.1.1 - https:\/\/yoast.com\/product\/yoast-seo-wordpress\/ -->\n<title>T\u00e9l\u00e9charger le jeu - Museo del Cavallino della Giara<\/title>\n<meta name=\"robots\" content=\"index, follow, max-snippet:-1, max-image-preview:large, max-video-preview:-1\" \/>\n<link rel=\"canonical\" href=\"https:\/\/museocavallinodellagiara.it\/fr\/telecharger-le-jeu\/\" \/>\n<meta property=\"og:locale\" content=\"fr_FR\" \/>\n<meta property=\"og:type\" content=\"article\" \/>\n<meta property=\"og:title\" content=\"T\u00e9l\u00e9charger le jeu - Museo del Cavallino della Giara\" \/>\n<meta property=\"og:description\" content=\"[vc_row][vc_column][vc_column_text]Un petit cadeau pour les enfants qui, avec leurs parents, peuvent d\u00e9couper et construire le Mus\u00e9e du Cheval Giara en miniature et y ajouter des objets, des outils et, pourquoi pas, des animaux ou tout ce que l&rsquo;imagination leur sugg\u00e8re. Le mus\u00e9e dispose d&rsquo;un vaste catalogue de propositions \u00e9ducatives, aussi [&hellip;]\" \/>\n<meta property=\"og:url\" content=\"https:\/\/museocavallinodellagiara.it\/fr\/telecharger-le-jeu\/\" \/>\n<meta property=\"og:site_name\" content=\"Museo del Cavallino della Giara\" \/>\n<meta property=\"article:publisher\" content=\"https:\/\/business.facebook.com\/parcgenoni\/\" \/>\n<meta property=\"og:image\" content=\"https:\/\/museocavallinodellagiara.it\/wp-content\/uploads\/2018\/01\/cavalla_puledro_giara-min.jpg\" \/>\n\t<meta property=\"og:image:width\" content=\"1200\" \/>\n\t<meta property=\"og:image:height\" content=\"800\" \/>\n\t<meta property=\"og:image:type\" content=\"image\/jpeg\" \/>\n<meta name=\"twitter:card\" content=\"summary_large_image\" \/>\n<meta name=\"twitter:label1\" content=\"Dur\u00e9e de lecture estim\u00e9e\" \/>\n\t<meta name=\"twitter:data1\" content=\"1 minute\" \/>\n<script type=\"application\/ld+json\" class=\"yoast-schema-graph\">{\"@context\":\"https:\/\/schema.org\",\"@graph\":[{\"@type\":\"WebPage\",\"@id\":\"https:\/\/museocavallinodellagiara.it\/fr\/telecharger-le-jeu\/\",\"url\":\"https:\/\/museocavallinodellagiara.it\/fr\/telecharger-le-jeu\/\",\"name\":\"T\u00e9l\u00e9charger le jeu - Museo del Cavallino della Giara\",\"isPartOf\":{\"@id\":\"https:\/\/museocavallinodellagiara.it\/#website\"},\"datePublished\":\"2025-03-29T14:19:40+00:00\",\"breadcrumb\":{\"@id\":\"https:\/\/museocavallinodellagiara.it\/fr\/telecharger-le-jeu\/#breadcrumb\"},\"inLanguage\":\"fr-FR\",\"potentialAction\":[{\"@type\":\"ReadAction\",\"target\":[\"https:\/\/museocavallinodellagiara.it\/fr\/telecharger-le-jeu\/\"]}]},{\"@type\":\"BreadcrumbList\",\"@id\":\"https:\/\/museocavallinodellagiara.it\/fr\/telecharger-le-jeu\/#breadcrumb\",\"itemListElement\":[{\"@type\":\"ListItem\",\"position\":1,\"name\":\"Home\",\"item\":\"https:\/\/museocavallinodellagiara.it\/fr\/\"},{\"@type\":\"ListItem\",\"position\":2,\"name\":\"T\u00e9l\u00e9charger le jeu\"}]},{\"@type\":\"WebSite\",\"@id\":\"https:\/\/museocavallinodellagiara.it\/#website\",\"url\":\"https:\/\/museocavallinodellagiara.it\/\",\"name\":\"Museo del Cavallino della Giara\",\"description\":\"Il museo dedicato al cavallo e al Parco della Giara\",\"publisher\":{\"@id\":\"https:\/\/museocavallinodellagiara.it\/#organization\"},\"potentialAction\":[{\"@type\":\"SearchAction\",\"target\":{\"@type\":\"EntryPoint\",\"urlTemplate\":\"https:\/\/museocavallinodellagiara.it\/?s={search_term_string}\"},\"query-input\":{\"@type\":\"PropertyValueSpecification\",\"valueRequired\":true,\"valueName\":\"search_term_string\"}}],\"inLanguage\":\"fr-FR\"},{\"@type\":\"Organization\",\"@id\":\"https:\/\/museocavallinodellagiara.it\/#organization\",\"name\":\"Museo del Cavallino della Giara\",\"url\":\"https:\/\/museocavallinodellagiara.it\/\",\"logo\":{\"@type\":\"ImageObject\",\"inLanguage\":\"fr-FR\",\"@id\":\"https:\/\/museocavallinodellagiara.it\/#\/schema\/logo\/image\/\",\"url\":\"https:\/\/museocavallinodellagiara.it\/wp-content\/uploads\/2018\/01\/logo_cavallino.png\",\"contentUrl\":\"https:\/\/museocavallinodellagiara.it\/wp-content\/uploads\/2018\/01\/logo_cavallino.png\",\"width\":606,\"height\":739,\"caption\":\"Museo del Cavallino della Giara\"},\"image\":{\"@id\":\"https:\/\/museocavallinodellagiara.it\/#\/schema\/logo\/image\/\"},\"sameAs\":[\"https:\/\/business.facebook.com\/parcgenoni\/\",\"https:\/\/www.youtube.com\/user\/ParcGenoni\"]}]}<\/script>\n<!-- \/ Yoast SEO plugin. -->","yoast_head_json":{"title":"T\u00e9l\u00e9charger le jeu - Museo del Cavallino della Giara","robots":{"index":"index","follow":"follow","max-snippet":"max-snippet:-1","max-image-preview":"max-image-preview:large","max-video-preview":"max-video-preview:-1"},"canonical":"https:\/\/museocavallinodellagiara.it\/fr\/telecharger-le-jeu\/","og_locale":"fr_FR","og_type":"article","og_title":"T\u00e9l\u00e9charger le jeu - Museo del Cavallino della Giara","og_description":"[vc_row][vc_column][vc_column_text]Un petit cadeau pour les enfants qui, avec leurs parents, peuvent d\u00e9couper et construire le Mus\u00e9e du Cheval Giara en miniature et y ajouter des objets, des outils et, pourquoi pas, des animaux ou tout ce que l&rsquo;imagination leur sugg\u00e8re. Le mus\u00e9e dispose d&rsquo;un vaste catalogue de propositions \u00e9ducatives, aussi [&hellip;]","og_url":"https:\/\/museocavallinodellagiara.it\/fr\/telecharger-le-jeu\/","og_site_name":"Museo del Cavallino della Giara","article_publisher":"https:\/\/business.facebook.com\/parcgenoni\/","og_image":[{"width":1200,"height":800,"url":"https:\/\/museocavallinodellagiara.it\/wp-content\/uploads\/2018\/01\/cavalla_puledro_giara-min.jpg","type":"image\/jpeg"}],"twitter_card":"summary_large_image","twitter_misc":{"Dur\u00e9e de lecture estim\u00e9e":"1 minute"},"schema":{"@context":"https:\/\/schema.org","@graph":[{"@type":"WebPage","@id":"https:\/\/museocavallinodellagiara.it\/fr\/telecharger-le-jeu\/","url":"https:\/\/museocavallinodellagiara.it\/fr\/telecharger-le-jeu\/","name":"T\u00e9l\u00e9charger le jeu - Museo del Cavallino della Giara","isPartOf":{"@id":"https:\/\/museocavallinodellagiara.it\/#website"},"datePublished":"2025-03-29T14:19:40+00:00","breadcrumb":{"@id":"https:\/\/museocavallinodellagiara.it\/fr\/telecharger-le-jeu\/#breadcrumb"},"inLanguage":"fr-FR","potentialAction":[{"@type":"ReadAction","target":["https:\/\/museocavallinodellagiara.it\/fr\/telecharger-le-jeu\/"]}]},{"@type":"BreadcrumbList","@id":"https:\/\/museocavallinodellagiara.it\/fr\/telecharger-le-jeu\/#breadcrumb","itemListElement":[{"@type":"ListItem","position":1,"name":"Home","item":"https:\/\/museocavallinodellagiara.it\/fr\/"},{"@type":"ListItem","position":2,"name":"T\u00e9l\u00e9charger le jeu"}]},{"@type":"WebSite","@id":"https:\/\/museocavallinodellagiara.it\/#website","url":"https:\/\/museocavallinodellagiara.it\/","name":"Museo del Cavallino della Giara","description":"Il museo dedicato al cavallo e al Parco della Giara","publisher":{"@id":"https:\/\/museocavallinodellagiara.it\/#organization"},"potentialAction":[{"@type":"SearchAction","target":{"@type":"EntryPoint","urlTemplate":"https:\/\/museocavallinodellagiara.it\/?s={search_term_string}"},"query-input":{"@type":"PropertyValueSpecification","valueRequired":true,"valueName":"search_term_string"}}],"inLanguage":"fr-FR"},{"@type":"Organization","@id":"https:\/\/museocavallinodellagiara.it\/#organization","name":"Museo del Cavallino della Giara","url":"https:\/\/museocavallinodellagiara.it\/","logo":{"@type":"ImageObject","inLanguage":"fr-FR","@id":"https:\/\/museocavallinodellagiara.it\/#\/schema\/logo\/image\/","url":"https:\/\/museocavallinodellagiara.it\/wp-content\/uploads\/2018\/01\/logo_cavallino.png","contentUrl":"https:\/\/museocavallinodellagiara.it\/wp-content\/uploads\/2018\/01\/logo_cavallino.png","width":606,"height":739,"caption":"Museo del Cavallino della Giara"},"image":{"@id":"https:\/\/museocavallinodellagiara.it\/#\/schema\/logo\/image\/"},"sameAs":["https:\/\/business.facebook.com\/parcgenoni\/","https:\/\/www.youtube.com\/user\/ParcGenoni"]}]}},"_links":{"self":[{"href":"https:\/\/museocavallinodellagiara.it\/fr\/wp-json\/wp\/v2\/pages\/5614","targetHints":{"allow":["GET"]}}],"collection":[{"href":"https:\/\/museocavallinodellagiara.it\/fr\/wp-json\/wp\/v2\/pages"}],"about":[{"href":"https:\/\/museocavallinodellagiara.it\/fr\/wp-json\/wp\/v2\/types\/page"}],"author":[{"embeddable":true,"href":"https:\/\/museocavallinodellagiara.it\/fr\/wp-json\/wp\/v2\/users\/1"}],"replies":[{"embeddable":true,"href":"https:\/\/museocavallinodellagiara.it\/fr\/wp-json\/wp\/v2\/comments?post=5614"}],"version-history":[{"count":2,"href":"https:\/\/museocavallinodellagiara.it\/fr\/wp-json\/wp\/v2\/pages\/5614\/revisions"}],"predecessor-version":[{"id":5616,"href":"https:\/\/museocavallinodellagiara.it\/fr\/wp-json\/wp\/v2\/pages\/5614\/revisions\/5616"}],"wp:attachment":[{"href":"https:\/\/museocavallinodellagiara.it\/fr\/wp-json\/wp\/v2\/media?parent=5614"}],"curies":[{"name":"wp","href":"https:\/\/api.w.org\/{rel}","templated":true}]}}