{"id":5632,"date":"2025-03-29T14:22:26","date_gmt":"2025-03-29T14:22:26","guid":{"rendered":"https:\/\/museocavallinodellagiara.it\/le-parc-giara\/"},"modified":"2025-03-29T14:22:27","modified_gmt":"2025-03-29T14:22:27","slug":"le-parc-giara","status":"publish","type":"page","link":"https:\/\/museocavallinodellagiara.it\/fr\/le-parc-giara\/","title":{"rendered":"Le parc Giara"},"content":{"rendered":"<p>[vc_row][vc_column]<div class=\"special-heading vntd-heading heading-border-below heading-align-center heading-with-icon\"><div class=\"special-heading-icon colored\"><i class=\"fa fa-wpexplorer\"><\/i><\/div><h3 class=\"special-heading-title\">Il Parco della Giara<\/h3><p class=\"special-heading-subtitle\">Nota come Giara di Gesturi, uno degli ambienti pi\u00f9 suggestivi al mondo<\/p><\/div>[vc_single_image image=\u00a0\u00bb3765&Prime;][\/vc_column][\/vc_row][vc_row][vc_column][vc_column_text]Le parc de Giara, Giara di Gesturi ou Sa Jara Manna, (500-600 m d&rsquo;altitude), s&rsquo;\u00e9tend sur quatre communes : Genoni, Gesturi, Setzu et Tuili. Elle s&rsquo;\u00e9tend sur 44 kilom\u00e8tres carr\u00e9s, dont une quinzaine appartiennent \u00e0 la commune de Genoni. Le nom Giara (Sa Jara, Pranu &lsquo;e Jara) semble d\u00e9river du latin glarea (gravier), en r\u00e9f\u00e9rence \u00e0 la pierrosit\u00e9 g\u00e9n\u00e9ralis\u00e9e qui caract\u00e9rise sa surface.  <\/p>\n<p>La Giara est un plateau basaltique aux traits caract\u00e9ristiques, une \u00e9norme forteresse naturelle au centre de la Sardaigne qui abrite une flore end\u00e9mique et un environnement f\u00e9erique. Elle est surtout connue pour la pr\u00e9sence des chevaux de la Giara, les floraisons printani\u00e8res et les petits lacs connus sous le nom de Paulis. <\/p>\n<p>Des falaises abruptes de lave sombre, d&rsquo;o\u00f9 jaillissent parfois des cascades tonitruantes, entourent ce vaste plateau, dont le sommet, \u00e9tonnamment plat, est embelli par les mares \u00e9vocatrices des paulis (Pauli Tramatzu, Pauli Maiori, etc.), avec leur splendide floraison printani\u00e8re de boutons d&rsquo;eau blanchis \u00e0 la chaux. Les pentes abruptes de la Giara, couvertes de for\u00eats verdoyantes et de maquis m\u00e9diterran\u00e9en, sont model\u00e9es dans les s\u00e9diments marneux tendres de l&rsquo;\u00e9poque du Mioc\u00e8ne, par endroits entaill\u00e9s par des canaux d&rsquo;eau saisonniers abrupts. Sur ces pentes, de fr\u00e9quentes sources (funtanas ou mitzas) naissent souvent de l&rsquo;infiltration des eaux de pluie le long du r\u00e9seau de diaclases qui traverse la roche basaltique sommitale.  <\/p>\n<p>Parmi les sp\u00e9cificit\u00e9s du parc de la Giara figurent les nombreux end\u00e9mismes, plantes et fleurs rares typiques de cet environnement unique. L&rsquo;un d&rsquo;entre eux est la Morisia Monanthos, la c\u00e9l\u00e8bre \u00ab\u00a0erba de oro\u00a0\u00bb, ou les plus de 25 orchid\u00e9es sauvages qui fleurissent sur la grande Giara. <\/p>\n<p>En raison de sa grande valeur paysag\u00e8re et naturaliste, le plateau de la Giara a \u00e9t\u00e9 inclus dans les neuf parcs naturels pr\u00e9vus par la loi r\u00e9gionale n\u00b0 31 de 1989.<\/p>\n<h2>Fossiles vivants dans le parc de la Giara<\/h2>\n<p>Le Lepidurus apus lubbocki Brauer et le Triops cancriformis Schaff sont deux petits crustac\u00e9s de l&rsquo;ordre des Notostraca qui, inchang\u00e9s depuis plus de 200 millions d&rsquo;ann\u00e9es, vivent dans les Paulis du parc de la Giara.<\/p>\n<p>Le Lepidurus est un petit crustac\u00e9 d&rsquo;une longueur maximale d&rsquo;environ un centim\u00e8tre, \u00e0 la carapace verte, qui se d\u00e9place rapidement dans l&rsquo;eau. L&rsquo;une des particularit\u00e9s de ce fossile vivant est sans aucun doute son troisi\u00e8me \u0153il, appel\u00e9 nauplia. Le Lepidurus se distingue du Triops cancriformis Schaff par une sorte de troisi\u00e8me plaque supra-anale, absente dans le genre Triops.  <\/p>\n<p>Les \u0153ufs, extr\u00eamement r\u00e9sistants, sont pondus par la femelle dans la boue des mares d&rsquo;eau, typiques du plateau de Giara. Les \u0153ufs survivent au froid et surtout \u00e0 la chaleur de l&rsquo;\u00e9t\u00e9, lorsque les paulis sont compl\u00e8tement secs. Lorsque les conditions de vie sont r\u00e9unies, les \u0153ufs \u00e9closent et le cycle de vie de ces petits animaux reprend.  <\/p>\n<h2>Quand et comment visiter le parc de la Giara<\/h2>\n<p>La Giara est ouverte et peut \u00eatre visit\u00e9e tous les jours de l&rsquo;ann\u00e9e. De Genoni, vous pouvez atteindre le parking \u00e0 l&rsquo;entr\u00e9e apr\u00e8s environ 6 km (voir la carte ci-dessous). Dans les mus\u00e9es : <a href=\"https:\/\/www.inlandsardinia.it\/p-ar-c\/cosa-vedere\/p-ar-c\">PARC<\/a> et Civico Museo del Cavallino della Giara, vous pouvez obtenir des cartes pratiques pour la visite par vous-m\u00eame ou contacter un guide local pour des visites guid\u00e9es. Une visite au mus\u00e9e du Cavallino, avant la promenade dans le parc de la Giara, vous fournira certainement les outils culturels et scientifiques n\u00e9cessaires \u00e0 l&rsquo;excursion.[\/vc_column_text][vc_video link=\u00a0\u00bbhttps:\/\/www.youtube.com\/watch?v=MmJsjFGOCak\u00a0\u00bb title=\u00a0\u00bbLepidurus apus lubbocki Brauer et Triops cancriformis Schaff\u00a0\u00bb][vc_column_text]<\/p>\n<h2>Constructions typiques de Giara<\/h2>\n<p>La pinnetta (ou pinnettu, pinnette, etc.) ou barraca est l&rsquo;objet pastoral le plus typique du centre-nord de la Sardaigne, un lieu pour des activit\u00e9s telles que la production et l&rsquo;affinage du fromage, \u00e9galement utilis\u00e9 comme abri et logement, surtout en hiver, pour le berger de moutons ou de ch\u00e8vres. Il fait g\u00e9n\u00e9ralement partie d&rsquo;un enclos pastoral (cuile\/i, bergerie), avec d&rsquo;autres artefacts tels que le corte\/i ou mandra, enclos pour le troupeau, lacus (abreuvoirs) et autres enclos pour la traite, pour les agneaux ou les chevreaux \u00e0 sevrer, etc. En r\u00e8gle g\u00e9n\u00e9rale, il se compose d&rsquo;une base circulaire en pierre s\u00e8che d&rsquo;environ deux m\u00e8tres de haut, sur laquelle est fix\u00e9e une toiture conique faite de poteaux et de branches porteuses (antas et fustis) et de branchages, li\u00e9s entre eux par des joncs ou des cordes ou du fil de fer, qui est renouvel\u00e9e en moyenne tous les deux ans et au moins r\u00e9ajust\u00e9e en fonction des saisons. Les branches sont dispos\u00e9es avec le feuillage vers le bas pour faciliter l&rsquo;\u00e9coulement de l&rsquo;eau vers le bas et vers l&rsquo;ext\u00e9rieur et l&rsquo;\u00e9vacuation de la fum\u00e9e. Au sommet, quelques pierres ou rondins assurent une stabilit\u00e9 suppl\u00e9mentaire, de m\u00eame que les c\u00f4t\u00e9s de l&rsquo;entr\u00e9e. Il peut n&rsquo;y avoir aucune fermeture \u00e0 l&rsquo;entr\u00e9e ou en avoir une faite de branches. L&rsquo;entr\u00e9e peut \u00e9galement \u00eatre enti\u00e8rement ma\u00e7onn\u00e9e, m\u00eame avec un mortier de liaison, avec un linteau en pierre, m\u00eame \u00e9quarri. Le sol int\u00e9rieur est rendu plus accessible en le battant avec de grosses pierres. Au centre, on creuse le foyer (foxili, foghile), utilis\u00e9 principalement pour la transformation du lait en fromage, qui s&rsquo;affine sur des planches suspendues aux antas du toit. Un foghile (plus souvent appel\u00e9 barraca dans ce cas) peut \u00e9galement \u00eatre enti\u00e8rement constitu\u00e9 de poteaux, de branches et de branchages, fix\u00e9s au sol, de forme conique-circulaire ou avec seulement deux grandes pentes. Sa d\u00e9rivation a \u00e9t\u00e9 identifi\u00e9e au moins \u00e0 partir des huttes nuragiques.[\/vc_column_text][vc_column_text]<\/p>\n<h2>Formation et origine g\u00e9ologique de la Grande Giara<\/h2>\n<p>La formation de la Giara a commenc\u00e9 au Mioc\u00e8ne, il y a 20-25 millions d&rsquo;ann\u00e9es, \u00e0 partir de la Sardaigne submerg\u00e9e par la mer, les marnes se sont form\u00e9es et constituent la base du plateau de la Giara. Ce moment est d\u00e9crit et peut \u00eatre visit\u00e9 au <a href=\"http:\/\/www.parcgenoni.it\/it\/sito-archeologico\">Geosito di Genoni<\/a>, connu sous le nom de Cava di Duidduru.<\/p>\n<p>La formation actuelle de la Giara di Gesturi remonte au Plioc\u00e8ne, il y a 5 \u00e0 2 millions d&rsquo;ann\u00e9es, lorsque Zeppara Manna et Zepparedda ont r\u00e9pandu sur cette vaste plaine les laves br\u00fblantes qui ont form\u00e9 la couche basaltique qui caract\u00e9rise aujourd&rsquo;hui le parc de la Giara.<\/p>\n<p>Dans la vid\u00e9o, la description de la formation du Colle di Santu Antine \u00e0 Genoni et du plateau de Giara.[\/vc_column_text][vc_video link=\u00a0\u00bbhttps:\/\/www.youtube.com\/watch?v=4OCWuAn0cLY\u00a0\u00bb title=\u00a0\u00bbVolcanisme de la Marmilla et formation g\u00e9ologique de la Grande Giara\u00a0\u00bb][\/vc_column][\/vc_row][vc_row full_width=\u00a0\u00bbstretch_row_content_no_spaces\u00a0\u00bb bg_color_pre=\u00a0\u00bbbg-color-accent\u00a0\u00bb css=\u00a0\u00bb.vc_custom_1494250403646{padding-top: 0px !important;}\u00a0\u00bb][vc_column]<div class=\"vntd-cta cta-text-color-white bg-color-custom cta-align-center\" style=\"background-color: #204d62\"><div class=\"container\"><div class=\"row\"><div class=\"cta-texts\"><h2 class=\"cta-heading\"><span>Vuoi visitare il Parco della Giara?<\/span><\/h2><p class=\"cta-subtitle\">Prenota una visita guidata.<\/p><\/div><div class=\"cta-buttons\"><a href=\"http:\/\/www.museocavallinodellagiara.it\/contatti\/\" class=\"btn cta-btn1 btn-outline btn-white btn-hover-white\">Contattaci!<\/a><a href=\"https:\/\/www.museumshop.inlandsardinia.it\/prodotto\/biglietteria\/visita-guidata-al-parco-della-giara\/\" target=\"_blank\" class=\"btn cta-btn2 btn-solid btn-white btn-hover-white\">Prenota on-line!<\/a><\/div><\/div><\/div><\/div>[\/vc_column][\/vc_row][vc_row][vc_column width=\u00a0\u00bb1\/4&Prime;][\/vc_column][\/vc_row]<\/p>\n","protected":false},"excerpt":{"rendered":"<p>[vc_row][vc_column][vc_single_image image=\u00a0\u00bb3765&Prime;][\/vc_column][\/vc_row][vc_row][vc_column][vc_column_text]Le parc de Giara, Giara di Gesturi ou Sa Jara Manna, (500-600 m d&rsquo;altitude), s&rsquo;\u00e9tend sur quatre communes : Genoni, Gesturi, Setzu et Tuili. Elle s&rsquo;\u00e9tend sur 44 kilom\u00e8tres carr\u00e9s, dont une quinzaine appartiennent \u00e0 la commune de Genoni. Le nom Giara (Sa Jara, Pranu &lsquo;e Jara) semble d\u00e9river [&hellip;]<\/p>\n","protected":false},"author":1,"featured_media":0,"parent":0,"menu_order":0,"comment_status":"closed","ping_status":"closed","template":"","meta":{"footnotes":""},"class_list":["post-5632","page","type-page","status-publish","hentry"],"yoast_head":"<!-- This site is optimized with the Yoast SEO plugin v27.1.1 - https:\/\/yoast.com\/product\/yoast-seo-wordpress\/ -->\n<title>Le parc Giara - Museo del Cavallino della Giara<\/title>\n<meta name=\"description\" content=\"Le parc de la Giara, connu sous le nom de Giara di Gesturi, est l&#039;un des environnements les plus \u00e9vocateurs au monde. Il s&#039;\u00e9tend sur quatre communes : Genoni, Gesturi, Tuili et Setzu et a une superficie d&#039;environ 44 kilom\u00e8tres carr\u00e9s, dont environ 15 appartiennent \u00e0 la commune de Genoni. Contactez-nous pour une visite guid\u00e9e !\" \/>\n<meta name=\"robots\" content=\"index, follow, max-snippet:-1, max-image-preview:large, max-video-preview:-1\" \/>\n<link rel=\"canonical\" href=\"https:\/\/museocavallinodellagiara.it\/fr\/le-parc-giara\/\" \/>\n<meta property=\"og:locale\" content=\"fr_FR\" \/>\n<meta property=\"og:type\" content=\"article\" \/>\n<meta property=\"og:title\" content=\"Le parc Giara - Museo del Cavallino della Giara\" \/>\n<meta property=\"og:description\" content=\"Le parc de la Giara, connu sous le nom de Giara di Gesturi, est l&#039;un des environnements les plus \u00e9vocateurs au monde. Il s&#039;\u00e9tend sur quatre communes : Genoni, Gesturi, Tuili et Setzu et a une superficie d&#039;environ 44 kilom\u00e8tres carr\u00e9s, dont environ 15 appartiennent \u00e0 la commune de Genoni. Contactez-nous pour une visite guid\u00e9e !\" \/>\n<meta property=\"og:url\" content=\"https:\/\/museocavallinodellagiara.it\/fr\/le-parc-giara\/\" \/>\n<meta property=\"og:site_name\" content=\"Museo del Cavallino della Giara\" \/>\n<meta property=\"article:publisher\" content=\"https:\/\/business.facebook.com\/parcgenoni\/\" \/>\n<meta property=\"article:modified_time\" content=\"2025-03-29T14:22:27+00:00\" \/>\n<meta property=\"og:image\" content=\"https:\/\/museocavallinodellagiara.it\/wp-content\/uploads\/2018\/01\/cavalla_puledro_giara-min.jpg\" \/>\n\t<meta property=\"og:image:width\" content=\"1200\" \/>\n\t<meta property=\"og:image:height\" content=\"800\" \/>\n\t<meta property=\"og:image:type\" content=\"image\/jpeg\" \/>\n<meta name=\"twitter:card\" content=\"summary_large_image\" \/>\n<meta name=\"twitter:label1\" content=\"Dur\u00e9e de lecture estim\u00e9e\" \/>\n\t<meta name=\"twitter:data1\" content=\"7 minutes\" \/>\n<script type=\"application\/ld+json\" class=\"yoast-schema-graph\">{\"@context\":\"https:\/\/schema.org\",\"@graph\":[{\"@type\":\"WebPage\",\"@id\":\"https:\/\/museocavallinodellagiara.it\/fr\/le-parc-giara\/\",\"url\":\"https:\/\/museocavallinodellagiara.it\/fr\/le-parc-giara\/\",\"name\":\"Le parc Giara - Museo del Cavallino della Giara\",\"isPartOf\":{\"@id\":\"https:\/\/museocavallinodellagiara.it\/#website\"},\"datePublished\":\"2025-03-29T14:22:26+00:00\",\"dateModified\":\"2025-03-29T14:22:27+00:00\",\"description\":\"Le parc de la Giara, connu sous le nom de Giara di Gesturi, est l'un des environnements les plus \u00e9vocateurs au monde. Il s'\u00e9tend sur quatre communes : Genoni, Gesturi, Tuili et Setzu et a une superficie d'environ 44 kilom\u00e8tres carr\u00e9s, dont environ 15 appartiennent \u00e0 la commune de Genoni. Contactez-nous pour une visite guid\u00e9e !\",\"breadcrumb\":{\"@id\":\"https:\/\/museocavallinodellagiara.it\/fr\/le-parc-giara\/#breadcrumb\"},\"inLanguage\":\"fr-FR\",\"potentialAction\":[{\"@type\":\"ReadAction\",\"target\":[\"https:\/\/museocavallinodellagiara.it\/fr\/le-parc-giara\/\"]}]},{\"@type\":\"BreadcrumbList\",\"@id\":\"https:\/\/museocavallinodellagiara.it\/fr\/le-parc-giara\/#breadcrumb\",\"itemListElement\":[{\"@type\":\"ListItem\",\"position\":1,\"name\":\"Home\",\"item\":\"https:\/\/museocavallinodellagiara.it\/fr\/\"},{\"@type\":\"ListItem\",\"position\":2,\"name\":\"Le parc Giara\"}]},{\"@type\":\"WebSite\",\"@id\":\"https:\/\/museocavallinodellagiara.it\/#website\",\"url\":\"https:\/\/museocavallinodellagiara.it\/\",\"name\":\"Museo del Cavallino della Giara\",\"description\":\"Il museo dedicato al cavallo e al Parco della Giara\",\"publisher\":{\"@id\":\"https:\/\/museocavallinodellagiara.it\/#organization\"},\"potentialAction\":[{\"@type\":\"SearchAction\",\"target\":{\"@type\":\"EntryPoint\",\"urlTemplate\":\"https:\/\/museocavallinodellagiara.it\/?s={search_term_string}\"},\"query-input\":{\"@type\":\"PropertyValueSpecification\",\"valueRequired\":true,\"valueName\":\"search_term_string\"}}],\"inLanguage\":\"fr-FR\"},{\"@type\":\"Organization\",\"@id\":\"https:\/\/museocavallinodellagiara.it\/#organization\",\"name\":\"Museo del Cavallino della Giara\",\"url\":\"https:\/\/museocavallinodellagiara.it\/\",\"logo\":{\"@type\":\"ImageObject\",\"inLanguage\":\"fr-FR\",\"@id\":\"https:\/\/museocavallinodellagiara.it\/#\/schema\/logo\/image\/\",\"url\":\"https:\/\/museocavallinodellagiara.it\/wp-content\/uploads\/2018\/01\/logo_cavallino.png\",\"contentUrl\":\"https:\/\/museocavallinodellagiara.it\/wp-content\/uploads\/2018\/01\/logo_cavallino.png\",\"width\":606,\"height\":739,\"caption\":\"Museo del Cavallino della Giara\"},\"image\":{\"@id\":\"https:\/\/museocavallinodellagiara.it\/#\/schema\/logo\/image\/\"},\"sameAs\":[\"https:\/\/business.facebook.com\/parcgenoni\/\",\"https:\/\/www.youtube.com\/user\/ParcGenoni\"]}]}<\/script>\n<!-- \/ Yoast SEO plugin. -->","yoast_head_json":{"title":"Le parc Giara - Museo del Cavallino della Giara","description":"Le parc de la Giara, connu sous le nom de Giara di Gesturi, est l'un des environnements les plus \u00e9vocateurs au monde. Il s'\u00e9tend sur quatre communes : Genoni, Gesturi, Tuili et Setzu et a une superficie d'environ 44 kilom\u00e8tres carr\u00e9s, dont environ 15 appartiennent \u00e0 la commune de Genoni. Contactez-nous pour une visite guid\u00e9e !","robots":{"index":"index","follow":"follow","max-snippet":"max-snippet:-1","max-image-preview":"max-image-preview:large","max-video-preview":"max-video-preview:-1"},"canonical":"https:\/\/museocavallinodellagiara.it\/fr\/le-parc-giara\/","og_locale":"fr_FR","og_type":"article","og_title":"Le parc Giara - Museo del Cavallino della Giara","og_description":"Le parc de la Giara, connu sous le nom de Giara di Gesturi, est l'un des environnements les plus \u00e9vocateurs au monde. Il s'\u00e9tend sur quatre communes : Genoni, Gesturi, Tuili et Setzu et a une superficie d'environ 44 kilom\u00e8tres carr\u00e9s, dont environ 15 appartiennent \u00e0 la commune de Genoni. Contactez-nous pour une visite guid\u00e9e !","og_url":"https:\/\/museocavallinodellagiara.it\/fr\/le-parc-giara\/","og_site_name":"Museo del Cavallino della Giara","article_publisher":"https:\/\/business.facebook.com\/parcgenoni\/","article_modified_time":"2025-03-29T14:22:27+00:00","og_image":[{"width":1200,"height":800,"url":"https:\/\/museocavallinodellagiara.it\/wp-content\/uploads\/2018\/01\/cavalla_puledro_giara-min.jpg","type":"image\/jpeg"}],"twitter_card":"summary_large_image","twitter_misc":{"Dur\u00e9e de lecture estim\u00e9e":"7 minutes"},"schema":{"@context":"https:\/\/schema.org","@graph":[{"@type":"WebPage","@id":"https:\/\/museocavallinodellagiara.it\/fr\/le-parc-giara\/","url":"https:\/\/museocavallinodellagiara.it\/fr\/le-parc-giara\/","name":"Le parc Giara - Museo del Cavallino della Giara","isPartOf":{"@id":"https:\/\/museocavallinodellagiara.it\/#website"},"datePublished":"2025-03-29T14:22:26+00:00","dateModified":"2025-03-29T14:22:27+00:00","description":"Le parc de la Giara, connu sous le nom de Giara di Gesturi, est l'un des environnements les plus \u00e9vocateurs au monde. Il s'\u00e9tend sur quatre communes : Genoni, Gesturi, Tuili et Setzu et a une superficie d'environ 44 kilom\u00e8tres carr\u00e9s, dont environ 15 appartiennent \u00e0 la commune de Genoni. Contactez-nous pour une visite guid\u00e9e !","breadcrumb":{"@id":"https:\/\/museocavallinodellagiara.it\/fr\/le-parc-giara\/#breadcrumb"},"inLanguage":"fr-FR","potentialAction":[{"@type":"ReadAction","target":["https:\/\/museocavallinodellagiara.it\/fr\/le-parc-giara\/"]}]},{"@type":"BreadcrumbList","@id":"https:\/\/museocavallinodellagiara.it\/fr\/le-parc-giara\/#breadcrumb","itemListElement":[{"@type":"ListItem","position":1,"name":"Home","item":"https:\/\/museocavallinodellagiara.it\/fr\/"},{"@type":"ListItem","position":2,"name":"Le parc Giara"}]},{"@type":"WebSite","@id":"https:\/\/museocavallinodellagiara.it\/#website","url":"https:\/\/museocavallinodellagiara.it\/","name":"Museo del Cavallino della Giara","description":"Il museo dedicato al cavallo e al Parco della Giara","publisher":{"@id":"https:\/\/museocavallinodellagiara.it\/#organization"},"potentialAction":[{"@type":"SearchAction","target":{"@type":"EntryPoint","urlTemplate":"https:\/\/museocavallinodellagiara.it\/?s={search_term_string}"},"query-input":{"@type":"PropertyValueSpecification","valueRequired":true,"valueName":"search_term_string"}}],"inLanguage":"fr-FR"},{"@type":"Organization","@id":"https:\/\/museocavallinodellagiara.it\/#organization","name":"Museo del Cavallino della Giara","url":"https:\/\/museocavallinodellagiara.it\/","logo":{"@type":"ImageObject","inLanguage":"fr-FR","@id":"https:\/\/museocavallinodellagiara.it\/#\/schema\/logo\/image\/","url":"https:\/\/museocavallinodellagiara.it\/wp-content\/uploads\/2018\/01\/logo_cavallino.png","contentUrl":"https:\/\/museocavallinodellagiara.it\/wp-content\/uploads\/2018\/01\/logo_cavallino.png","width":606,"height":739,"caption":"Museo del Cavallino della Giara"},"image":{"@id":"https:\/\/museocavallinodellagiara.it\/#\/schema\/logo\/image\/"},"sameAs":["https:\/\/business.facebook.com\/parcgenoni\/","https:\/\/www.youtube.com\/user\/ParcGenoni"]}]}},"_links":{"self":[{"href":"https:\/\/museocavallinodellagiara.it\/fr\/wp-json\/wp\/v2\/pages\/5632","targetHints":{"allow":["GET"]}}],"collection":[{"href":"https:\/\/museocavallinodellagiara.it\/fr\/wp-json\/wp\/v2\/pages"}],"about":[{"href":"https:\/\/museocavallinodellagiara.it\/fr\/wp-json\/wp\/v2\/types\/page"}],"author":[{"embeddable":true,"href":"https:\/\/museocavallinodellagiara.it\/fr\/wp-json\/wp\/v2\/users\/1"}],"replies":[{"embeddable":true,"href":"https:\/\/museocavallinodellagiara.it\/fr\/wp-json\/wp\/v2\/comments?post=5632"}],"version-history":[{"count":2,"href":"https:\/\/museocavallinodellagiara.it\/fr\/wp-json\/wp\/v2\/pages\/5632\/revisions"}],"predecessor-version":[{"id":5634,"href":"https:\/\/museocavallinodellagiara.it\/fr\/wp-json\/wp\/v2\/pages\/5632\/revisions\/5634"}],"wp:attachment":[{"href":"https:\/\/museocavallinodellagiara.it\/fr\/wp-json\/wp\/v2\/media?parent=5632"}],"curies":[{"name":"wp","href":"https:\/\/api.w.org\/{rel}","templated":true}]}}