{"id":5638,"date":"2025-03-29T14:23:09","date_gmt":"2025-03-29T14:23:09","guid":{"rendered":"https:\/\/museocavallinodellagiara.it\/illustrations-de-pia-valentinis\/"},"modified":"2025-03-29T14:23:09","modified_gmt":"2025-03-29T14:23:09","slug":"illustrations-de-pia-valentinis","status":"publish","type":"page","link":"https:\/\/museocavallinodellagiara.it\/fr\/illustrations-de-pia-valentinis\/","title":{"rendered":"Illustrations de Pia Valentinis"},"content":{"rendered":"<p>[vc_row][vc_column]<div class=\"special-heading vntd-heading heading-border-below heading-align-center heading-with-icon\"><div class=\"special-heading-icon colored\"><i class=\"fa fa-diamond\"><\/i><\/div><h3 class=\"special-heading-title\">Illustrations de Pia Valentinis<\/h3><p class=\"special-heading-subtitle\">Oltre 40 illustrazioni originali!<\/p><\/div>[\/vc_column][\/vc_row][vc_row][vc_column][vc_single_image image=\u00a0\u00bb3221&Prime; alignment=\u00a0\u00bbcenter\u00a0\u00bb][\/vc_column][\/vc_row][vc_row][vc_column][vc_column_text]Dans le but d&rsquo;impliquer m\u00eame les plus jeunes, les interviews et les contenus du Mus\u00e9e du Petit Cheval de la Giara sont pass\u00e9s entre les mains d&rsquo;une grande artiste, l&rsquo;illustratrice <a href=\"http:\/\/www.piavalentinis.com\/\">Pia Valentinis<\/a>, qui, apr\u00e8s avoir analys\u00e9 le mat\u00e9riel recueilli, l&rsquo;a transpos\u00e9 en illustrations. Des peintures qui renforcent l&rsquo;exposition du mus\u00e9e avec l&rsquo;objectif ambitieux d&rsquo;atteindre diff\u00e9rentes sensibilit\u00e9s. Les m\u00eames illustrations, accompagn\u00e9es de l\u00e9gendes tir\u00e9es des interviews, constituent un guide original pour la visite du mus\u00e9e.<\/p>\n<p>Les illustrations de Pia Valentinis, au nombre d&rsquo;une quarantaine, sont pr\u00e9sentes dans toutes les salles du mus\u00e9e et font partie int\u00e9grante de l&rsquo;am\u00e9nagement du mus\u00e9e. Les illustrations, en couleur et en noir et blanc, ont \u00e9t\u00e9 cr\u00e9\u00e9es par l&rsquo;artiste Pia Valentinis en l&rsquo;espace d&rsquo;un an environ et racontent l&rsquo;histoire du contenu du mus\u00e9e d&rsquo;une mani\u00e8re tout \u00e0 fait originale.<\/p>\n<p>Le mus\u00e9e du Cavallino della Giara fait partie des nombreux mus\u00e9es de Sardaigne et d&rsquo;Italie qui proposent un parcours ethnographique. Une pr\u00e9sentation de mus\u00e9e qui aborde les sujets et les objets d&rsquo;un mus\u00e9e scientifique et ethnographique \u00e0 travers les dessins d&rsquo;un grand artiste.<\/p>\n<p>Les illustrations originales de Pia Valentinis sont visibles sur rendez-vous.<\/p>\n<p><strong>Biographie Pia Valentinis :<\/strong><br \/>\nPia Valentinis a remport\u00e9 la XXXIe \u00e9dition du prix Andersen, le plus grand prix italien pour les livres d&rsquo;enfants, dans la cat\u00e9gorie \u00ab\u00a0Meilleure illustration\u00a0\u00bb. Le livre \u00ab\u00a0Raccontare gli alberi\u00a0\u00bb, illustr\u00e9 avec Mauro Evangelista, a re\u00e7u le prix Andersen du meilleur livre de vulgarisation en 2012. Il a illustr\u00e9 de nombreux livres pour enfants pour des \u00e9diteurs nationaux et internationaux. Son dernier livre, \u00ab\u00a0Ferriera\u00a0\u00bb (Coconino Press), est un roman graphique.[\/vc_column_text][\/vc_column][\/vc_row][vc_row][vc_column]<div class=\"vntd-image-gallery vntd-content-element \"><div id=\"vntd-gallery-2150\" class=\"vntd-grid grid-items vntd-gallery-grid grid-cols-3 hover-effect-scale hover-icon\" data-cols=\"3\" data-data-cols-tablet=\"3\" data-data-cols-mobile=\"1\" data-item-gap=\"5\"><div class=\"item grid-item cbp-item vntd-gallery-item mp-gallery\"><a href=\"https:\/\/museocavallinodellagiara.it\/wp-content\/uploads\/2018\/02\/Ziu_Bernardiu-min-min.jpg\"><div class=\"gallery-item-overlay\"><i class=\"vntd-gallery-zoom-icon engage-icon-icon engage-icon-zoom-2\"><\/i><\/div><img loading=\"lazy\" decoding=\"async\" width=\"543\" height=\"600\" src=\"https:\/\/museocavallinodellagiara.it\/wp-content\/uploads\/2018\/02\/Ziu_Bernardiu-min-min-543x600.jpg\" class=\"attachment-engage-masonry-square\" alt=\"\" \/><\/a><\/div><div class=\"item grid-item cbp-item vntd-gallery-item mp-gallery\"><a href=\"https:\/\/museocavallinodellagiara.it\/wp-content\/uploads\/2018\/02\/Malocchio-min-min.jpg\"><div class=\"gallery-item-overlay\"><i class=\"vntd-gallery-zoom-icon engage-icon-icon engage-icon-zoom-2\"><\/i><\/div><img loading=\"lazy\" decoding=\"async\" width=\"544\" height=\"600\" src=\"https:\/\/museocavallinodellagiara.it\/wp-content\/uploads\/2018\/02\/Malocchio-min-min-544x600.jpg\" class=\"attachment-engage-masonry-square\" alt=\"\" \/><\/a><\/div><div class=\"item grid-item cbp-item vntd-gallery-item mp-gallery\"><a href=\"https:\/\/museocavallinodellagiara.it\/wp-content\/uploads\/2018\/02\/LaMaschera-min-min.jpg\"><div class=\"gallery-item-overlay\"><i class=\"vntd-gallery-zoom-icon engage-icon-icon engage-icon-zoom-2\"><\/i><\/div><img loading=\"lazy\" decoding=\"async\" width=\"543\" height=\"600\" src=\"https:\/\/museocavallinodellagiara.it\/wp-content\/uploads\/2018\/02\/LaMaschera-min-min-543x600.jpg\" class=\"attachment-engage-masonry-square\" alt=\"\" \/><\/a><\/div><div class=\"item grid-item cbp-item vntd-gallery-item mp-gallery\"><a href=\"https:\/\/museocavallinodellagiara.it\/wp-content\/uploads\/2018\/02\/Lamalaria-min-min.jpg\"><div class=\"gallery-item-overlay\"><i class=\"vntd-gallery-zoom-icon engage-icon-icon engage-icon-zoom-2\"><\/i><\/div><img loading=\"lazy\" decoding=\"async\" width=\"543\" height=\"600\" src=\"https:\/\/museocavallinodellagiara.it\/wp-content\/uploads\/2018\/02\/Lamalaria-min-min-543x600.jpg\" class=\"attachment-engage-masonry-square\" alt=\"\" \/><\/a><\/div><div class=\"item grid-item cbp-item vntd-gallery-item mp-gallery\"><a href=\"https:\/\/museocavallinodellagiara.it\/wp-content\/uploads\/2018\/02\/La_partenza-min-min.jpg\"><div class=\"gallery-item-overlay\"><i class=\"vntd-gallery-zoom-icon engage-icon-icon engage-icon-zoom-2\"><\/i><\/div><img loading=\"lazy\" decoding=\"async\" width=\"532\" height=\"600\" src=\"https:\/\/museocavallinodellagiara.it\/wp-content\/uploads\/2018\/02\/La_partenza-min-min-532x600.jpg\" class=\"attachment-engage-masonry-square\" alt=\"\" \/><\/a><\/div><div class=\"item grid-item cbp-item vntd-gallery-item mp-gallery\"><a href=\"https:\/\/museocavallinodellagiara.it\/wp-content\/uploads\/2018\/02\/Il_matrimonio-min-min.jpg\"><div class=\"gallery-item-overlay\"><i class=\"vntd-gallery-zoom-icon engage-icon-icon engage-icon-zoom-2\"><\/i><\/div><img loading=\"lazy\" decoding=\"async\" width=\"542\" height=\"600\" src=\"https:\/\/museocavallinodellagiara.it\/wp-content\/uploads\/2018\/02\/Il_matrimonio-min-min-542x600.jpg\" class=\"attachment-engage-masonry-square\" alt=\"\" \/><\/a><\/div><div class=\"item grid-item cbp-item vntd-gallery-item mp-gallery\"><a href=\"https:\/\/museocavallinodellagiara.it\/wp-content\/uploads\/2018\/02\/Il_maiale-min-min.jpg\"><div class=\"gallery-item-overlay\"><i class=\"vntd-gallery-zoom-icon engage-icon-icon engage-icon-zoom-2\"><\/i><\/div><img loading=\"lazy\" decoding=\"async\" width=\"543\" height=\"600\" src=\"https:\/\/museocavallinodellagiara.it\/wp-content\/uploads\/2018\/02\/Il_maiale-min-min-543x600.jpg\" class=\"attachment-engage-masonry-square\" alt=\"\" \/><\/a><\/div><div class=\"item grid-item cbp-item vntd-gallery-item mp-gallery\"><a href=\"https:\/\/museocavallinodellagiara.it\/wp-content\/uploads\/2018\/02\/Il_canto-min-min.jpg\" title=\"Illustrazione di Pia Valentinis sul canto \"><div class=\"gallery-item-overlay\"><i class=\"vntd-gallery-zoom-icon engage-icon-icon engage-icon-zoom-2\"><\/i><\/div><img loading=\"lazy\" decoding=\"async\" width=\"543\" height=\"600\" src=\"https:\/\/museocavallinodellagiara.it\/wp-content\/uploads\/2018\/02\/Il_canto-min-min-543x600.jpg\" class=\"attachment-engage-masonry-square\" alt=\"\" \/><\/a><\/div><div class=\"item grid-item cbp-item vntd-gallery-item mp-gallery\"><a href=\"https:\/\/museocavallinodellagiara.it\/wp-content\/uploads\/2018\/02\/Il_ballo-min-min.jpg\" title=\"Mani giunte nel ballo\"><div class=\"gallery-item-overlay\"><i class=\"vntd-gallery-zoom-icon engage-icon-icon engage-icon-zoom-2\"><\/i><\/div><img loading=\"lazy\" decoding=\"async\" width=\"543\" height=\"600\" src=\"https:\/\/museocavallinodellagiara.it\/wp-content\/uploads\/2018\/02\/Il_ballo-min-min-543x600.jpg\" class=\"attachment-engage-masonry-square\" alt=\"Mani giunte nel ballo\" \/><\/a><\/div><div class=\"item grid-item cbp-item vntd-gallery-item mp-gallery\"><a href=\"https:\/\/museocavallinodellagiara.it\/wp-content\/uploads\/2018\/02\/I_pidocchi-min-min.jpg\"><div class=\"gallery-item-overlay\"><i class=\"vntd-gallery-zoom-icon engage-icon-icon engage-icon-zoom-2\"><\/i><\/div><img loading=\"lazy\" decoding=\"async\" width=\"543\" height=\"600\" src=\"https:\/\/museocavallinodellagiara.it\/wp-content\/uploads\/2018\/02\/I_pidocchi-min-min-543x600.jpg\" class=\"attachment-engage-masonry-square\" alt=\"\" \/><\/a><\/div><div class=\"item grid-item cbp-item vntd-gallery-item mp-gallery\"><a href=\"https:\/\/museocavallinodellagiara.it\/wp-content\/uploads\/2018\/02\/Giara-min-min.jpg\" title=\"Illustrazione con cavallini della Giara\"><div class=\"gallery-item-overlay\"><i class=\"vntd-gallery-zoom-icon engage-icon-icon engage-icon-zoom-2\"><\/i><\/div><img loading=\"lazy\" decoding=\"async\" width=\"600\" height=\"600\" src=\"https:\/\/museocavallinodellagiara.it\/wp-content\/uploads\/2018\/02\/Giara-min-min-600x600.jpg\" class=\"attachment-engage-masonry-square\" alt=\"Illustrazione con cavallini della giara\" srcset=\"https:\/\/museocavallinodellagiara.it\/wp-content\/uploads\/2018\/02\/Giara-min-min-600x600.jpg 600w, https:\/\/museocavallinodellagiara.it\/wp-content\/uploads\/2018\/02\/Giara-min-min-150x150.jpg 150w\" sizes=\"auto, (max-width: 600px) 100vw, 600px\" \/><\/a><\/div><div class=\"item grid-item cbp-item vntd-gallery-item mp-gallery\"><a href=\"https:\/\/museocavallinodellagiara.it\/wp-content\/uploads\/2018\/02\/fascismo600-min-min.jpg\"><div class=\"gallery-item-overlay\"><i class=\"vntd-gallery-zoom-icon engage-icon-icon engage-icon-zoom-2\"><\/i><\/div><img loading=\"lazy\" decoding=\"async\" width=\"600\" height=\"600\" src=\"https:\/\/museocavallinodellagiara.it\/wp-content\/uploads\/2018\/02\/fascismo600-min-min-600x600.jpg\" class=\"attachment-engage-masonry-square\" alt=\"\" srcset=\"https:\/\/museocavallinodellagiara.it\/wp-content\/uploads\/2018\/02\/fascismo600-min-min-600x600.jpg 600w, https:\/\/museocavallinodellagiara.it\/wp-content\/uploads\/2018\/02\/fascismo600-min-min-150x150.jpg 150w\" sizes=\"auto, (max-width: 600px) 100vw, 600px\" \/><\/a><\/div><div class=\"item grid-item cbp-item vntd-gallery-item mp-gallery\"><a href=\"https:\/\/museocavallinodellagiara.it\/wp-content\/uploads\/2018\/02\/fame600-min-min.jpg\"><div class=\"gallery-item-overlay\"><i class=\"vntd-gallery-zoom-icon engage-icon-icon engage-icon-zoom-2\"><\/i><\/div><img loading=\"lazy\" decoding=\"async\" width=\"543\" height=\"600\" src=\"https:\/\/museocavallinodellagiara.it\/wp-content\/uploads\/2018\/02\/fame600-min-min-543x600.jpg\" class=\"attachment-engage-masonry-square\" alt=\"\" \/><\/a><\/div><div class=\"item grid-item cbp-item vntd-gallery-item mp-gallery\"><a href=\"https:\/\/museocavallinodellagiara.it\/wp-content\/uploads\/2018\/02\/Dalla_notte_dei_tempi-min-min.jpg\"><div class=\"gallery-item-overlay\"><i class=\"vntd-gallery-zoom-icon engage-icon-icon engage-icon-zoom-2\"><\/i><\/div><img loading=\"lazy\" decoding=\"async\" width=\"543\" height=\"600\" src=\"https:\/\/museocavallinodellagiara.it\/wp-content\/uploads\/2018\/02\/Dalla_notte_dei_tempi-min-min-543x600.jpg\" class=\"attachment-engage-masonry-square\" alt=\"\" \/><\/a><\/div><div class=\"item grid-item cbp-item vntd-gallery-item mp-gallery\"><a href=\"https:\/\/museocavallinodellagiara.it\/wp-content\/uploads\/2018\/02\/cavallo600-min-min.jpg\" title=\"Cavallino della Giara Illustrato da Pia Valentinis\"><div class=\"gallery-item-overlay\"><i class=\"vntd-gallery-zoom-icon engage-icon-icon engage-icon-zoom-2\"><\/i><\/div><img loading=\"lazy\" decoding=\"async\" width=\"544\" height=\"600\" src=\"https:\/\/museocavallinodellagiara.it\/wp-content\/uploads\/2018\/02\/cavallo600-min-min-544x600.jpg\" class=\"attachment-engage-masonry-square\" alt=\"\" \/><\/a><\/div><div class=\"item grid-item cbp-item vntd-gallery-item mp-gallery\"><a href=\"https:\/\/museocavallinodellagiara.it\/wp-content\/uploads\/2018\/02\/buevivo-min-min-2.jpg\"><div class=\"gallery-item-overlay\"><i class=\"vntd-gallery-zoom-icon engage-icon-icon engage-icon-zoom-2\"><\/i><\/div><img loading=\"lazy\" decoding=\"async\" width=\"543\" height=\"600\" src=\"https:\/\/museocavallinodellagiara.it\/wp-content\/uploads\/2018\/02\/buevivo-min-min-2-543x600.jpg\" class=\"attachment-engage-masonry-square\" alt=\"\" \/><\/a><\/div><\/div><\/div>[\/vc_column][\/vc_row][vc_row full_width=\u00a0\u00bbstretch_row_content_no_spaces\u00a0\u00bb bg_color_pre=\u00a0\u00bbbg-color-accent\u00a0\u00bb css=\u00a0\u00bb.vc_custom_1494250403646{padding-top: 0px !important;}\u00a0\u00bb][vc_column]<div class=\"vntd-cta cta-text-color-white bg-color-none cta-align-center\"><div class=\"container\"><div class=\"row\"><div class=\"cta-texts\"><h2 class=\"cta-heading\"><span>Vuoi saperne di pi\u00f9?<\/span><\/h2><p class=\"cta-subtitle\">Vieni a trovarci<\/p><\/div><div class=\"cta-buttons\"><a href=\"\" class=\"btn cta-btn1 btn-outline btn-white btn-hover-white\">Scrivici!<\/a><a href=\"https:\/\/www.museumshop.inlandsardinia.it\/prodotto\/biglietteria\/biglietto-museo-del-cavallino\/\" target=\"_blank\" class=\"btn cta-btn2 btn-solid btn-white btn-hover-white\">Acquista on-line<\/a><\/div><\/div><\/div><\/div>[\/vc_column][\/vc_row]<\/p>\n","protected":false},"excerpt":{"rendered":"<p>[vc_row][vc_column][\/vc_column][\/vc_row][vc_row][vc_column][vc_single_image image=\u00a0\u00bb3221&Prime; alignment=\u00a0\u00bbcenter\u00a0\u00bb][\/vc_column][\/vc_row][vc_row][vc_column][vc_column_text]Dans le but d&rsquo;impliquer m\u00eame les plus jeunes, les interviews et les contenus du Mus\u00e9e du Petit Cheval de la Giara sont pass\u00e9s entre les mains d&rsquo;une grande artiste, l&rsquo;illustratrice Pia Valentinis, qui, apr\u00e8s avoir analys\u00e9 le mat\u00e9riel recueilli, l&rsquo;a transpos\u00e9 en illustrations. Des peintures qui renforcent l&rsquo;exposition [&hellip;]<\/p>\n","protected":false},"author":1,"featured_media":5639,"parent":0,"menu_order":0,"comment_status":"closed","ping_status":"closed","template":"","meta":{"footnotes":""},"class_list":["post-5638","page","type-page","status-publish","has-post-thumbnail","hentry"],"yoast_head":"<!-- This site is optimized with the Yoast SEO plugin v27.1.1 - https:\/\/yoast.com\/product\/yoast-seo-wordpress\/ -->\n<title>Illustrations de Pia Valentinis - Museo del Cavallino della Giara<\/title>\n<meta name=\"description\" content=\"Le mus\u00e9e du Cavallino della Giara pr\u00e9sente plus de 40 illustrations originales de l&#039;artiste Pia Valentinis. A ne pas manquer !\" \/>\n<meta name=\"robots\" content=\"index, follow, max-snippet:-1, max-image-preview:large, max-video-preview:-1\" \/>\n<link rel=\"canonical\" href=\"https:\/\/museocavallinodellagiara.it\/fr\/illustrations-de-pia-valentinis\/\" \/>\n<meta property=\"og:locale\" content=\"fr_FR\" \/>\n<meta property=\"og:type\" content=\"article\" \/>\n<meta property=\"og:title\" content=\"Illustrations\" \/>\n<meta property=\"og:description\" content=\"Le mus\u00e9e du Cavallino della Giara pr\u00e9sente plus de 40 illustrations originales de l&#039;artiste Pia Valentinis. A ne pas manquer !\" \/>\n<meta property=\"og:url\" content=\"https:\/\/museocavallinodellagiara.it\/fr\/illustrations-de-pia-valentinis\/\" \/>\n<meta property=\"og:site_name\" content=\"Museo del Cavallino della Giara\" \/>\n<meta property=\"article:publisher\" content=\"https:\/\/business.facebook.com\/parcgenoni\/\" \/>\n<meta property=\"og:image\" content=\"https:\/\/museocavallinodellagiara.it\/wp-content\/uploads\/2018\/02\/Giara-min-min.jpg\" \/>\n<meta name=\"twitter:card\" content=\"summary_large_image\" \/>\n<meta name=\"twitter:title\" content=\"Illustrations\" \/>\n<meta name=\"twitter:description\" content=\"Le mus\u00e9e du Cavallino della Giara pr\u00e9sente plus de 40 illustrations originales de l&#039;artiste Pia Valentinis. A ne pas manquer !\" \/>\n<meta name=\"twitter:image\" content=\"https:\/\/museocavallinodellagiara.it\/wp-content\/uploads\/2018\/02\/Giara-min-min.jpg\" \/>\n<meta name=\"twitter:label1\" content=\"Dur\u00e9e de lecture estim\u00e9e\" \/>\n\t<meta name=\"twitter:data1\" content=\"2 minutes\" \/>\n<script type=\"application\/ld+json\" class=\"yoast-schema-graph\">{\"@context\":\"https:\/\/schema.org\",\"@graph\":[{\"@type\":\"WebPage\",\"@id\":\"https:\/\/museocavallinodellagiara.it\/fr\/illustrations-de-pia-valentinis\/\",\"url\":\"https:\/\/museocavallinodellagiara.it\/fr\/illustrations-de-pia-valentinis\/\",\"name\":\"Illustrations de Pia Valentinis - Museo del Cavallino della Giara\",\"isPartOf\":{\"@id\":\"https:\/\/museocavallinodellagiara.it\/#website\"},\"primaryImageOfPage\":{\"@id\":\"https:\/\/museocavallinodellagiara.it\/fr\/illustrations-de-pia-valentinis\/#primaryimage\"},\"image\":{\"@id\":\"https:\/\/museocavallinodellagiara.it\/fr\/illustrations-de-pia-valentinis\/#primaryimage\"},\"thumbnailUrl\":\"https:\/\/museocavallinodellagiara.it\/wp-content\/uploads\/2018\/02\/cavallo600-min-min.jpg\",\"datePublished\":\"2025-03-29T14:23:09+00:00\",\"description\":\"Le mus\u00e9e du Cavallino della Giara pr\u00e9sente plus de 40 illustrations originales de l'artiste Pia Valentinis. A ne pas manquer !\",\"breadcrumb\":{\"@id\":\"https:\/\/museocavallinodellagiara.it\/fr\/illustrations-de-pia-valentinis\/#breadcrumb\"},\"inLanguage\":\"fr-FR\",\"potentialAction\":[{\"@type\":\"ReadAction\",\"target\":[\"https:\/\/museocavallinodellagiara.it\/fr\/illustrations-de-pia-valentinis\/\"]}]},{\"@type\":\"ImageObject\",\"inLanguage\":\"fr-FR\",\"@id\":\"https:\/\/museocavallinodellagiara.it\/fr\/illustrations-de-pia-valentinis\/#primaryimage\",\"url\":\"https:\/\/museocavallinodellagiara.it\/wp-content\/uploads\/2018\/02\/cavallo600-min-min.jpg\",\"contentUrl\":\"https:\/\/museocavallinodellagiara.it\/wp-content\/uploads\/2018\/02\/cavallo600-min-min.jpg\",\"width\":544,\"height\":768,\"caption\":\"Cavallino della Giara Illustrato da Pia Valentinis\"},{\"@type\":\"BreadcrumbList\",\"@id\":\"https:\/\/museocavallinodellagiara.it\/fr\/illustrations-de-pia-valentinis\/#breadcrumb\",\"itemListElement\":[{\"@type\":\"ListItem\",\"position\":1,\"name\":\"Home\",\"item\":\"https:\/\/museocavallinodellagiara.it\/fr\/\"},{\"@type\":\"ListItem\",\"position\":2,\"name\":\"Illustrations de Pia Valentinis\"}]},{\"@type\":\"WebSite\",\"@id\":\"https:\/\/museocavallinodellagiara.it\/#website\",\"url\":\"https:\/\/museocavallinodellagiara.it\/\",\"name\":\"Museo del Cavallino della Giara\",\"description\":\"Il museo dedicato al cavallo e al Parco della Giara\",\"publisher\":{\"@id\":\"https:\/\/museocavallinodellagiara.it\/#organization\"},\"potentialAction\":[{\"@type\":\"SearchAction\",\"target\":{\"@type\":\"EntryPoint\",\"urlTemplate\":\"https:\/\/museocavallinodellagiara.it\/?s={search_term_string}\"},\"query-input\":{\"@type\":\"PropertyValueSpecification\",\"valueRequired\":true,\"valueName\":\"search_term_string\"}}],\"inLanguage\":\"fr-FR\"},{\"@type\":\"Organization\",\"@id\":\"https:\/\/museocavallinodellagiara.it\/#organization\",\"name\":\"Museo del Cavallino della Giara\",\"url\":\"https:\/\/museocavallinodellagiara.it\/\",\"logo\":{\"@type\":\"ImageObject\",\"inLanguage\":\"fr-FR\",\"@id\":\"https:\/\/museocavallinodellagiara.it\/#\/schema\/logo\/image\/\",\"url\":\"https:\/\/museocavallinodellagiara.it\/wp-content\/uploads\/2018\/01\/logo_cavallino.png\",\"contentUrl\":\"https:\/\/museocavallinodellagiara.it\/wp-content\/uploads\/2018\/01\/logo_cavallino.png\",\"width\":606,\"height\":739,\"caption\":\"Museo del Cavallino della Giara\"},\"image\":{\"@id\":\"https:\/\/museocavallinodellagiara.it\/#\/schema\/logo\/image\/\"},\"sameAs\":[\"https:\/\/business.facebook.com\/parcgenoni\/\",\"https:\/\/www.youtube.com\/user\/ParcGenoni\"]}]}<\/script>\n<!-- \/ Yoast SEO plugin. -->","yoast_head_json":{"title":"Illustrations de Pia Valentinis - Museo del Cavallino della Giara","description":"Le mus\u00e9e du Cavallino della Giara pr\u00e9sente plus de 40 illustrations originales de l'artiste Pia Valentinis. A ne pas manquer !","robots":{"index":"index","follow":"follow","max-snippet":"max-snippet:-1","max-image-preview":"max-image-preview:large","max-video-preview":"max-video-preview:-1"},"canonical":"https:\/\/museocavallinodellagiara.it\/fr\/illustrations-de-pia-valentinis\/","og_locale":"fr_FR","og_type":"article","og_title":"Illustrations","og_description":"Le mus\u00e9e du Cavallino della Giara pr\u00e9sente plus de 40 illustrations originales de l'artiste Pia Valentinis. A ne pas manquer !","og_url":"https:\/\/museocavallinodellagiara.it\/fr\/illustrations-de-pia-valentinis\/","og_site_name":"Museo del Cavallino della Giara","article_publisher":"https:\/\/business.facebook.com\/parcgenoni\/","og_image":[{"url":"https:\/\/museocavallinodellagiara.it\/wp-content\/uploads\/2018\/02\/Giara-min-min.jpg","type":"","width":"","height":""}],"twitter_card":"summary_large_image","twitter_title":"Illustrations","twitter_description":"Le mus\u00e9e du Cavallino della Giara pr\u00e9sente plus de 40 illustrations originales de l'artiste Pia Valentinis. A ne pas manquer !","twitter_image":"https:\/\/museocavallinodellagiara.it\/wp-content\/uploads\/2018\/02\/Giara-min-min.jpg","twitter_misc":{"Dur\u00e9e de lecture estim\u00e9e":"2 minutes"},"schema":{"@context":"https:\/\/schema.org","@graph":[{"@type":"WebPage","@id":"https:\/\/museocavallinodellagiara.it\/fr\/illustrations-de-pia-valentinis\/","url":"https:\/\/museocavallinodellagiara.it\/fr\/illustrations-de-pia-valentinis\/","name":"Illustrations de Pia Valentinis - Museo del Cavallino della Giara","isPartOf":{"@id":"https:\/\/museocavallinodellagiara.it\/#website"},"primaryImageOfPage":{"@id":"https:\/\/museocavallinodellagiara.it\/fr\/illustrations-de-pia-valentinis\/#primaryimage"},"image":{"@id":"https:\/\/museocavallinodellagiara.it\/fr\/illustrations-de-pia-valentinis\/#primaryimage"},"thumbnailUrl":"https:\/\/museocavallinodellagiara.it\/wp-content\/uploads\/2018\/02\/cavallo600-min-min.jpg","datePublished":"2025-03-29T14:23:09+00:00","description":"Le mus\u00e9e du Cavallino della Giara pr\u00e9sente plus de 40 illustrations originales de l'artiste Pia Valentinis. A ne pas manquer !","breadcrumb":{"@id":"https:\/\/museocavallinodellagiara.it\/fr\/illustrations-de-pia-valentinis\/#breadcrumb"},"inLanguage":"fr-FR","potentialAction":[{"@type":"ReadAction","target":["https:\/\/museocavallinodellagiara.it\/fr\/illustrations-de-pia-valentinis\/"]}]},{"@type":"ImageObject","inLanguage":"fr-FR","@id":"https:\/\/museocavallinodellagiara.it\/fr\/illustrations-de-pia-valentinis\/#primaryimage","url":"https:\/\/museocavallinodellagiara.it\/wp-content\/uploads\/2018\/02\/cavallo600-min-min.jpg","contentUrl":"https:\/\/museocavallinodellagiara.it\/wp-content\/uploads\/2018\/02\/cavallo600-min-min.jpg","width":544,"height":768,"caption":"Cavallino della Giara Illustrato da Pia Valentinis"},{"@type":"BreadcrumbList","@id":"https:\/\/museocavallinodellagiara.it\/fr\/illustrations-de-pia-valentinis\/#breadcrumb","itemListElement":[{"@type":"ListItem","position":1,"name":"Home","item":"https:\/\/museocavallinodellagiara.it\/fr\/"},{"@type":"ListItem","position":2,"name":"Illustrations de Pia Valentinis"}]},{"@type":"WebSite","@id":"https:\/\/museocavallinodellagiara.it\/#website","url":"https:\/\/museocavallinodellagiara.it\/","name":"Museo del Cavallino della Giara","description":"Il museo dedicato al cavallo e al Parco della Giara","publisher":{"@id":"https:\/\/museocavallinodellagiara.it\/#organization"},"potentialAction":[{"@type":"SearchAction","target":{"@type":"EntryPoint","urlTemplate":"https:\/\/museocavallinodellagiara.it\/?s={search_term_string}"},"query-input":{"@type":"PropertyValueSpecification","valueRequired":true,"valueName":"search_term_string"}}],"inLanguage":"fr-FR"},{"@type":"Organization","@id":"https:\/\/museocavallinodellagiara.it\/#organization","name":"Museo del Cavallino della Giara","url":"https:\/\/museocavallinodellagiara.it\/","logo":{"@type":"ImageObject","inLanguage":"fr-FR","@id":"https:\/\/museocavallinodellagiara.it\/#\/schema\/logo\/image\/","url":"https:\/\/museocavallinodellagiara.it\/wp-content\/uploads\/2018\/01\/logo_cavallino.png","contentUrl":"https:\/\/museocavallinodellagiara.it\/wp-content\/uploads\/2018\/01\/logo_cavallino.png","width":606,"height":739,"caption":"Museo del Cavallino della Giara"},"image":{"@id":"https:\/\/museocavallinodellagiara.it\/#\/schema\/logo\/image\/"},"sameAs":["https:\/\/business.facebook.com\/parcgenoni\/","https:\/\/www.youtube.com\/user\/ParcGenoni"]}]}},"_links":{"self":[{"href":"https:\/\/museocavallinodellagiara.it\/fr\/wp-json\/wp\/v2\/pages\/5638","targetHints":{"allow":["GET"]}}],"collection":[{"href":"https:\/\/museocavallinodellagiara.it\/fr\/wp-json\/wp\/v2\/pages"}],"about":[{"href":"https:\/\/museocavallinodellagiara.it\/fr\/wp-json\/wp\/v2\/types\/page"}],"author":[{"embeddable":true,"href":"https:\/\/museocavallinodellagiara.it\/fr\/wp-json\/wp\/v2\/users\/1"}],"replies":[{"embeddable":true,"href":"https:\/\/museocavallinodellagiara.it\/fr\/wp-json\/wp\/v2\/comments?post=5638"}],"version-history":[{"count":2,"href":"https:\/\/museocavallinodellagiara.it\/fr\/wp-json\/wp\/v2\/pages\/5638\/revisions"}],"predecessor-version":[{"id":5641,"href":"https:\/\/museocavallinodellagiara.it\/fr\/wp-json\/wp\/v2\/pages\/5638\/revisions\/5641"}],"wp:featuredmedia":[{"embeddable":true,"href":"https:\/\/museocavallinodellagiara.it\/fr\/wp-json\/wp\/v2\/media\/5639"}],"wp:attachment":[{"href":"https:\/\/museocavallinodellagiara.it\/fr\/wp-json\/wp\/v2\/media?parent=5638"}],"curies":[{"name":"wp","href":"https:\/\/api.w.org\/{rel}","templated":true}]}}