{"id":5645,"date":"2025-03-29T14:23:47","date_gmt":"2025-03-29T14:23:47","guid":{"rendered":"https:\/\/museocavallinodellagiara.it\/ateliers-educatifs\/"},"modified":"2025-03-29T14:23:48","modified_gmt":"2025-03-29T14:23:48","slug":"ateliers-educatifs","status":"publish","type":"page","link":"https:\/\/museocavallinodellagiara.it\/fr\/ateliers-educatifs\/","title":{"rendered":"Ateliers \u00e9ducatifs"},"content":{"rendered":"<p>[vc_row][vc_column][vc_single_image image=\u00a0\u00bb3551&Prime; img_size=\u00a0\u00bb780&#215;420&Prime; alignment=\u00a0\u00bbcenter\u00a0\u00bb]<div class=\"special-heading vntd-heading heading-border-below heading-align-center heading-with-icon\"><div class=\"special-heading-icon colored\"><i class=\"fa fa-child\"><\/i><\/div><h3 class=\"special-heading-title\">Laboratori didattici: La miglior soluzione per i bambini<\/h3><p class=\"special-heading-subtitle\">Laboratori per le scuole e per le famiglie da realizzare tutto l'anno!<\/p><\/div>[\/vc_column][\/vc_row][vc_row][vc_column][vc_column_text]Les ateliers d&rsquo;enseignement sont des voies de formation alternatives \u00e0 l&rsquo;expos\u00e9 frontal, devenant une journ\u00e9e de formation pleine de stimuli et d&rsquo;activit\u00e9s.<\/p>\n<p>Le responsable des services \u00e9ducatifs, en collaboration avec le personnel du mus\u00e9e, adapte les ateliers aux diff\u00e9rents niveaux scolaires : plus simples pour l&rsquo;enseignement pr\u00e9scolaire, plus articul\u00e9s pour l&rsquo;enseignement primaire et plus approfondis pour l&rsquo;enseignement secondaire.<\/p>\n<p>La journ\u00e9e est organis\u00e9e en collaboration avec les enseignants, qui ont la t\u00e2che fondamentale d&rsquo;orienter le contenu culturel et didactique de l&rsquo;activit\u00e9. Le mus\u00e9e du Cavallino della Giara offre les espaces et les \u00e9quipements appropri\u00e9s pour les activit\u00e9s, en particulier celles li\u00e9es au recyclage, \u00e0 l&rsquo;histoire de la Sardaigne et du Cavallino della Giara. <\/p>\n<p>En plus des ateliers au mus\u00e9e Cavallino della Giara, nous vous proposons un itin\u00e9raire complet sur l&rsquo;ensemble du territoire : le PARC, la Giara di Gesturi et la ferme p\u00e9dagogique Genoni.<b><\/b><\/p>\n<ul>\n<li><a href=\"https:\/\/www.inlandsardinia.it\/paleolab\/laboratori-didattici\/paleolab\">PaleoLab<\/a>, atelier \u00e9ducatif sur la pal\u00e9ontologie, le travail du pal\u00e9ontologue et les fossiles<\/li>\n<li><a href=\"https:\/\/www.inlandsardinia.it\/archeolab\/laboratori-didattici\/archeolab\">ArcheoLab<\/a>, cours de formation sur l&rsquo;arch\u00e9ologie nuragique<\/li>\n<li><a href=\"https:\/\/www.inlandsardinia.it\/cartaciclo\/laboratori-didattici\/cartaciclo\">CartaCiclo<\/a>, une activit\u00e9 \u00e9ducative consacr\u00e9e au recyclage du papier<\/li>\n<li><a href=\"https:\/\/www.inlandsardinia.it\/ricicloleole\/laboratori-didattici\/ricicloleole\">RecycleOl\u00e8<\/a>, atelier \u00e9ducatif sur la collecte s\u00e9lective des d\u00e9chets<\/li>\n<li>Poterie et textiles, l&rsquo;atelier comprend une visite de la maison ancienne puis la cr\u00e9ation ou la d\u00e9coration d&rsquo;un plat en terre cuite ou la r\u00e9alisation d&rsquo;une petite tapisserie au m\u00e9tier \u00e0 tisser.<\/li>\n<li><a href=\"https:\/\/www.inlandsardinia.it\/educazione-ambientale-sulla-giara\/laboratori-didattici\/educazione-ambientale-sulla-giara\">\u00c9ducation \u00e0 l&rsquo;environnement<\/a>, visant \u00e0 d\u00e9couvrir la biodiversit\u00e9<\/li>\n<li>Camp scolaire de deux ou trois jours !  <a href=\"https:\/\/www.inlandsardinia.it\/campi-estivi-paleontologia-archeologia-sardegna\/cose-fare\/campi-estivi-paleontologia-archeologia-sardegna\">Voir quelques exemples et propositions similaires<\/a><\/li>\n<\/ul>\n<p>Les propositions \u00e9ducatives sont con\u00e7ues pour les \u00e9coles de Sardaigne de tous niveaux :<\/p>\n<p>Jardin d&rsquo;enfants<br \/>\n\u00c9cole primaire<br \/>\n\u00c9cole secondaire<br \/>\nUniversit\u00e9<br \/>\nLes activit\u00e9s en atelier font partie int\u00e9grante de la vie du mus\u00e9e. Elles peuvent se d\u00e9rouler tout au long de l&rsquo;ann\u00e9e et sont \u00e9galement adapt\u00e9es aux familles, qui peuvent ainsi passer une journ\u00e9e enti\u00e8re entre culture et nature.<\/p>\n<p>Des ateliers p\u00e9dagogiques abordent des th\u00e8mes li\u00e9s \u00e0 l&rsquo;arch\u00e9ologie et \u00e0 la pal\u00e9ontologie au <a href=\"http:\/\/www.parcgenoni.it\/it\/\">PARC<\/a>, un mus\u00e9e dot\u00e9 d&rsquo;une grande salle d&rsquo;atelier. La salle d&rsquo;enseignement s&rsquo;adapte aux diff\u00e9rents besoins et permet de r\u00e9aliser diff\u00e9rents projets p\u00e9dagogiques. L&rsquo;\u00e9tablissement est \u00e9quip\u00e9 du mat\u00e9riel n\u00e9cessaire pour organiser et g\u00e9rer des activit\u00e9s avec plus de 50 enfants. <\/p>\n<p>En revanche, des ateliers \u00e9ducatifs sur le recyclage et l&rsquo;\u00e9ducation alimentaire sont organis\u00e9s au mus\u00e9e civique du Cavallino della Giara, une structure mus\u00e9ale plus petite mais tr\u00e8s atmosph\u00e9rique du PARC, \u00e9galement \u00e9quip\u00e9e d&rsquo;un atelier avec les supports appropri\u00e9s pour les jeunes chercheurs.<\/p>\n<p>Si vous pr\u00e9f\u00e9rez les excursions en plein air, certaines activit\u00e9s peuvent avoir lieu dans le parc de <a href=\"https:\/\/museocavallinodellagiara.it\/fr\/le-parc-giara\/\">la Giara<\/a> ou dans le parc du mus\u00e9e.<\/p>\n<p>L&rsquo;organisation de votre voyage scolaire ne prend que quelques minutes : apr\u00e8s un appel ou un courriel de demande de devis, nous organisons et adaptons l&rsquo;itin\u00e9raire p\u00e9dagogique \u00e0 votre classe, nous contactons la ferme pour v\u00e9rifier sa disponibilit\u00e9 et, en quelques heures, nous finalisons la r\u00e9servation de votre voyage p\u00e9dagogique.<\/p>\n<p>Visitez la section d\u00e9di\u00e9e aux <a href=\"https:\/\/museocavallinodellagiara.it\/staff-gestione-museo\/\">op\u00e9rateurs<\/a>.[\/vc_column_text][\/vc_column][\/vc_row][vc_row][vc_column]<div class=\"special-heading vntd-heading heading-border-below heading-align-center heading-with-icon\"><div class=\"special-heading-icon colored\"><i class=\"\"><\/i><\/div><h3 class=\"special-heading-title\">NOVIT\u00c0: Laboratori Didattici a Distanza<\/h3><\/div>[vc_column_text]<img loading=\"lazy\" decoding=\"async\" class=\"size-large wp-image-4792 aligncenter\" src=\"https:\/\/www.parcgenoni.it\/wp-content\/uploads\/2020\/12\/laboratori-didatti-a-distanza-paleolab-web-1024x682.jpg\" alt=\"Ateliers d'apprentissage \u00e0 distance\" width=\"1024\" height=\"682\"><\/p>\n<p>Les parcours d&rsquo;apprentissage du mus\u00e9e de PARC pour les <strong>\u00e9coles et les familles<\/strong> sont \u00e9galement virtuels. Nous proposons aux <strong>\u00e9coles<\/strong> un parcours \u00e9ducatif complet \u00e0 l&rsquo;aide d&rsquo;une visite guid\u00e9e vid\u00e9o du mus\u00e9e et de divers jeux pour renforcer l&rsquo;apprentissage des th\u00e8mes abord\u00e9s. <\/p>\n<p>De plus, pour les vrais petits pal\u00e9ontologues, nous proposons une gamme compl\u00e8te de tout ce qui est n\u00e9cessaire \u00e0 l&rsquo;installation de l&rsquo;atelier du petit pal\u00e9ontologue.<\/p>\n<p><strong>Atelier <\/strong>\u00e9ducatif <strong>pour les familles : <\/strong>l&rsquo;activit\u00e9 \u00e9ducative peut \u00e9galement \u00eatre r\u00e9alis\u00e9e \u00e0 la maison. En outre, plusieurs enfants peuvent r\u00e9aliser l&rsquo;atelier ensemble, par exemple \u00e0 l&rsquo;occasion d&rsquo;une <strong>f\u00eate d&rsquo;anniversaire<\/strong>, ou chacun chez soi. <\/p>\n<p><strong>Mat\u00e9riel pour le laboratoire d&rsquo;enseignement en ligne PaleoLab :<\/strong><\/p>\n<ul>\n<li>Visite vid\u00e9o et guide du mus\u00e9e<\/li>\n<li>Mat\u00e9riel p\u00e9dagogique et jeux<\/li>\n<li>Petit kit du pal\u00e9ontologue pour chaque enfant<\/li>\n<li>Assistance t\u00e9l\u00e9phonique ou par chat pendant l&rsquo;atelier (environ 2h)<\/li>\n<li>Contenu utilisable sur diff\u00e9rentes plates-formes d&rsquo;enseignement \u00e0 distance<\/li>\n<\/ul>\n<p>Pour plus de d\u00e9tails ou pour r\u00e9server, appelez le +39 339 16 76 863 ou <strong><a href=\"https:\/\/museocavallinodellagiara.it\/fr\/contacts\/\">\u00e9crivez-nous<\/a><\/strong>[\/vc_column_text][vc_video link=\u00a0\u00bbhttps:\/\/www.youtube.com\/watch?v=1vkGHn51fkg\u00a0\u00bb][\/vc_column][\/vc_row][vc_row full_width=\u00a0\u00bbstretch_row_content_no_spaces\u00a0\u00bb bg_color_pre=\u00a0\u00bbbg-color-accent\u00a0\u00bb css=\u00a0\u00bb.vc_custom_1494250403646{padding-top: 0px !important;}\u00a0\u00bb][vc_column]<div class=\"vntd-cta cta-text-color-white bg-color-none cta-align-center\"><div class=\"container\"><div class=\"row\"><div class=\"cta-texts\"><h2 class=\"cta-heading\"><span>Vuoi saperne di pi\u00f9?<\/span><\/h2><p class=\"cta-subtitle\">Contattaci per tutti i dettagli e pianificare il laboratorio!<\/p><\/div><div class=\"cta-buttons\"><a href=\"\" class=\"btn cta-btn1 btn-outline btn-white btn-hover-white\">Click<\/a><\/div><\/div><\/div><\/div>[\/vc_column][\/vc_row]<\/p>\n","protected":false},"excerpt":{"rendered":"<p>[vc_row][vc_column][vc_single_image image=\u00a0\u00bb3551&Prime; img_size=\u00a0\u00bb780&#215;420&Prime; alignment=\u00a0\u00bbcenter\u00a0\u00bb][\/vc_column][\/vc_row][vc_row][vc_column][vc_column_text]Les ateliers d&rsquo;enseignement sont des voies de formation alternatives \u00e0 l&rsquo;expos\u00e9 frontal, devenant une journ\u00e9e de formation pleine de stimuli et d&rsquo;activit\u00e9s. Le responsable des services \u00e9ducatifs, en collaboration avec le personnel du mus\u00e9e, adapte les ateliers aux diff\u00e9rents niveaux scolaires : plus simples pour l&rsquo;enseignement pr\u00e9scolaire, [&hellip;]<\/p>\n","protected":false},"author":1,"featured_media":0,"parent":0,"menu_order":0,"comment_status":"closed","ping_status":"closed","template":"","meta":{"footnotes":""},"class_list":["post-5645","page","type-page","status-publish","hentry"],"yoast_head":"<!-- This site is optimized with the Yoast SEO plugin v27.1.1 - https:\/\/yoast.com\/product\/yoast-seo-wordpress\/ -->\n<title>Ateliers \u00e9ducatifs - Museo del Cavallino della Giara<\/title>\n<meta name=\"description\" content=\"Ateliers \u00e9ducatifs pour les \u00e9coles et les familles, adaptables \u00e0 diff\u00e9rents groupes d&#039;\u00e2ge. Les conf\u00e9rences se d\u00e9roulent en face \u00e0 face mais sont associ\u00e9es \u00e0 des activit\u00e9s manuelles afin de rendre l&#039;activit\u00e9 attrayante et facile \u00e0 comprendre.\" \/>\n<meta name=\"robots\" content=\"index, follow, max-snippet:-1, max-image-preview:large, max-video-preview:-1\" \/>\n<link rel=\"canonical\" href=\"https:\/\/museocavallinodellagiara.it\/fr\/ateliers-educatifs\/\" \/>\n<meta property=\"og:locale\" content=\"fr_FR\" \/>\n<meta property=\"og:type\" content=\"article\" \/>\n<meta property=\"og:title\" content=\"Ateliers \u00e9ducatifs - Museo del Cavallino della Giara\" \/>\n<meta property=\"og:description\" content=\"Ateliers \u00e9ducatifs pour les \u00e9coles et les familles, adaptables \u00e0 diff\u00e9rents groupes d&#039;\u00e2ge. Les conf\u00e9rences se d\u00e9roulent en face \u00e0 face mais sont associ\u00e9es \u00e0 des activit\u00e9s manuelles afin de rendre l&#039;activit\u00e9 attrayante et facile \u00e0 comprendre.\" \/>\n<meta property=\"og:url\" content=\"https:\/\/museocavallinodellagiara.it\/fr\/ateliers-educatifs\/\" \/>\n<meta property=\"og:site_name\" content=\"Museo del Cavallino della Giara\" \/>\n<meta property=\"article:publisher\" content=\"https:\/\/business.facebook.com\/parcgenoni\/\" \/>\n<meta property=\"article:modified_time\" content=\"2025-03-29T14:23:48+00:00\" \/>\n<meta property=\"og:image\" content=\"https:\/\/www.parcgenoni.it\/wp-content\/uploads\/2020\/12\/laboratori-didatti-a-distanza-paleolab-web-1024x682.jpg\" \/>\n<meta name=\"twitter:card\" content=\"summary_large_image\" \/>\n<meta name=\"twitter:label1\" content=\"Dur\u00e9e de lecture estim\u00e9e\" \/>\n\t<meta name=\"twitter:data1\" content=\"4 minutes\" \/>\n<script type=\"application\/ld+json\" class=\"yoast-schema-graph\">{\"@context\":\"https:\/\/schema.org\",\"@graph\":[{\"@type\":\"WebPage\",\"@id\":\"https:\/\/museocavallinodellagiara.it\/fr\/ateliers-educatifs\/\",\"url\":\"https:\/\/museocavallinodellagiara.it\/fr\/ateliers-educatifs\/\",\"name\":\"Ateliers \u00e9ducatifs - Museo del Cavallino della Giara\",\"isPartOf\":{\"@id\":\"https:\/\/museocavallinodellagiara.it\/#website\"},\"primaryImageOfPage\":{\"@id\":\"https:\/\/museocavallinodellagiara.it\/fr\/ateliers-educatifs\/#primaryimage\"},\"image\":{\"@id\":\"https:\/\/museocavallinodellagiara.it\/fr\/ateliers-educatifs\/#primaryimage\"},\"thumbnailUrl\":\"https:\/\/www.parcgenoni.it\/wp-content\/uploads\/2020\/12\/laboratori-didatti-a-distanza-paleolab-web-1024x682.jpg\",\"datePublished\":\"2025-03-29T14:23:47+00:00\",\"dateModified\":\"2025-03-29T14:23:48+00:00\",\"description\":\"Ateliers \u00e9ducatifs pour les \u00e9coles et les familles, adaptables \u00e0 diff\u00e9rents groupes d'\u00e2ge. Les conf\u00e9rences se d\u00e9roulent en face \u00e0 face mais sont associ\u00e9es \u00e0 des activit\u00e9s manuelles afin de rendre l'activit\u00e9 attrayante et facile \u00e0 comprendre.\",\"breadcrumb\":{\"@id\":\"https:\/\/museocavallinodellagiara.it\/fr\/ateliers-educatifs\/#breadcrumb\"},\"inLanguage\":\"fr-FR\",\"potentialAction\":[{\"@type\":\"ReadAction\",\"target\":[\"https:\/\/museocavallinodellagiara.it\/fr\/ateliers-educatifs\/\"]}]},{\"@type\":\"ImageObject\",\"inLanguage\":\"fr-FR\",\"@id\":\"https:\/\/museocavallinodellagiara.it\/fr\/ateliers-educatifs\/#primaryimage\",\"url\":\"https:\/\/www.parcgenoni.it\/wp-content\/uploads\/2020\/12\/laboratori-didatti-a-distanza-paleolab-web-1024x682.jpg\",\"contentUrl\":\"https:\/\/www.parcgenoni.it\/wp-content\/uploads\/2020\/12\/laboratori-didatti-a-distanza-paleolab-web-1024x682.jpg\"},{\"@type\":\"BreadcrumbList\",\"@id\":\"https:\/\/museocavallinodellagiara.it\/fr\/ateliers-educatifs\/#breadcrumb\",\"itemListElement\":[{\"@type\":\"ListItem\",\"position\":1,\"name\":\"Home\",\"item\":\"https:\/\/museocavallinodellagiara.it\/fr\/\"},{\"@type\":\"ListItem\",\"position\":2,\"name\":\"Ateliers \u00e9ducatifs\"}]},{\"@type\":\"WebSite\",\"@id\":\"https:\/\/museocavallinodellagiara.it\/#website\",\"url\":\"https:\/\/museocavallinodellagiara.it\/\",\"name\":\"Museo del Cavallino della Giara\",\"description\":\"Il museo dedicato al cavallo e al Parco della Giara\",\"publisher\":{\"@id\":\"https:\/\/museocavallinodellagiara.it\/#organization\"},\"potentialAction\":[{\"@type\":\"SearchAction\",\"target\":{\"@type\":\"EntryPoint\",\"urlTemplate\":\"https:\/\/museocavallinodellagiara.it\/?s={search_term_string}\"},\"query-input\":{\"@type\":\"PropertyValueSpecification\",\"valueRequired\":true,\"valueName\":\"search_term_string\"}}],\"inLanguage\":\"fr-FR\"},{\"@type\":\"Organization\",\"@id\":\"https:\/\/museocavallinodellagiara.it\/#organization\",\"name\":\"Museo del Cavallino della Giara\",\"url\":\"https:\/\/museocavallinodellagiara.it\/\",\"logo\":{\"@type\":\"ImageObject\",\"inLanguage\":\"fr-FR\",\"@id\":\"https:\/\/museocavallinodellagiara.it\/#\/schema\/logo\/image\/\",\"url\":\"https:\/\/museocavallinodellagiara.it\/wp-content\/uploads\/2018\/01\/logo_cavallino.png\",\"contentUrl\":\"https:\/\/museocavallinodellagiara.it\/wp-content\/uploads\/2018\/01\/logo_cavallino.png\",\"width\":606,\"height\":739,\"caption\":\"Museo del Cavallino della Giara\"},\"image\":{\"@id\":\"https:\/\/museocavallinodellagiara.it\/#\/schema\/logo\/image\/\"},\"sameAs\":[\"https:\/\/business.facebook.com\/parcgenoni\/\",\"https:\/\/www.youtube.com\/user\/ParcGenoni\"]}]}<\/script>\n<!-- \/ Yoast SEO plugin. -->","yoast_head_json":{"title":"Ateliers \u00e9ducatifs - Museo del Cavallino della Giara","description":"Ateliers \u00e9ducatifs pour les \u00e9coles et les familles, adaptables \u00e0 diff\u00e9rents groupes d'\u00e2ge. Les conf\u00e9rences se d\u00e9roulent en face \u00e0 face mais sont associ\u00e9es \u00e0 des activit\u00e9s manuelles afin de rendre l'activit\u00e9 attrayante et facile \u00e0 comprendre.","robots":{"index":"index","follow":"follow","max-snippet":"max-snippet:-1","max-image-preview":"max-image-preview:large","max-video-preview":"max-video-preview:-1"},"canonical":"https:\/\/museocavallinodellagiara.it\/fr\/ateliers-educatifs\/","og_locale":"fr_FR","og_type":"article","og_title":"Ateliers \u00e9ducatifs - Museo del Cavallino della Giara","og_description":"Ateliers \u00e9ducatifs pour les \u00e9coles et les familles, adaptables \u00e0 diff\u00e9rents groupes d'\u00e2ge. Les conf\u00e9rences se d\u00e9roulent en face \u00e0 face mais sont associ\u00e9es \u00e0 des activit\u00e9s manuelles afin de rendre l'activit\u00e9 attrayante et facile \u00e0 comprendre.","og_url":"https:\/\/museocavallinodellagiara.it\/fr\/ateliers-educatifs\/","og_site_name":"Museo del Cavallino della Giara","article_publisher":"https:\/\/business.facebook.com\/parcgenoni\/","article_modified_time":"2025-03-29T14:23:48+00:00","og_image":[{"url":"https:\/\/www.parcgenoni.it\/wp-content\/uploads\/2020\/12\/laboratori-didatti-a-distanza-paleolab-web-1024x682.jpg","type":"","width":"","height":""}],"twitter_card":"summary_large_image","twitter_misc":{"Dur\u00e9e de lecture estim\u00e9e":"4 minutes"},"schema":{"@context":"https:\/\/schema.org","@graph":[{"@type":"WebPage","@id":"https:\/\/museocavallinodellagiara.it\/fr\/ateliers-educatifs\/","url":"https:\/\/museocavallinodellagiara.it\/fr\/ateliers-educatifs\/","name":"Ateliers \u00e9ducatifs - Museo del Cavallino della Giara","isPartOf":{"@id":"https:\/\/museocavallinodellagiara.it\/#website"},"primaryImageOfPage":{"@id":"https:\/\/museocavallinodellagiara.it\/fr\/ateliers-educatifs\/#primaryimage"},"image":{"@id":"https:\/\/museocavallinodellagiara.it\/fr\/ateliers-educatifs\/#primaryimage"},"thumbnailUrl":"https:\/\/www.parcgenoni.it\/wp-content\/uploads\/2020\/12\/laboratori-didatti-a-distanza-paleolab-web-1024x682.jpg","datePublished":"2025-03-29T14:23:47+00:00","dateModified":"2025-03-29T14:23:48+00:00","description":"Ateliers \u00e9ducatifs pour les \u00e9coles et les familles, adaptables \u00e0 diff\u00e9rents groupes d'\u00e2ge. Les conf\u00e9rences se d\u00e9roulent en face \u00e0 face mais sont associ\u00e9es \u00e0 des activit\u00e9s manuelles afin de rendre l'activit\u00e9 attrayante et facile \u00e0 comprendre.","breadcrumb":{"@id":"https:\/\/museocavallinodellagiara.it\/fr\/ateliers-educatifs\/#breadcrumb"},"inLanguage":"fr-FR","potentialAction":[{"@type":"ReadAction","target":["https:\/\/museocavallinodellagiara.it\/fr\/ateliers-educatifs\/"]}]},{"@type":"ImageObject","inLanguage":"fr-FR","@id":"https:\/\/museocavallinodellagiara.it\/fr\/ateliers-educatifs\/#primaryimage","url":"https:\/\/www.parcgenoni.it\/wp-content\/uploads\/2020\/12\/laboratori-didatti-a-distanza-paleolab-web-1024x682.jpg","contentUrl":"https:\/\/www.parcgenoni.it\/wp-content\/uploads\/2020\/12\/laboratori-didatti-a-distanza-paleolab-web-1024x682.jpg"},{"@type":"BreadcrumbList","@id":"https:\/\/museocavallinodellagiara.it\/fr\/ateliers-educatifs\/#breadcrumb","itemListElement":[{"@type":"ListItem","position":1,"name":"Home","item":"https:\/\/museocavallinodellagiara.it\/fr\/"},{"@type":"ListItem","position":2,"name":"Ateliers \u00e9ducatifs"}]},{"@type":"WebSite","@id":"https:\/\/museocavallinodellagiara.it\/#website","url":"https:\/\/museocavallinodellagiara.it\/","name":"Museo del Cavallino della Giara","description":"Il museo dedicato al cavallo e al Parco della Giara","publisher":{"@id":"https:\/\/museocavallinodellagiara.it\/#organization"},"potentialAction":[{"@type":"SearchAction","target":{"@type":"EntryPoint","urlTemplate":"https:\/\/museocavallinodellagiara.it\/?s={search_term_string}"},"query-input":{"@type":"PropertyValueSpecification","valueRequired":true,"valueName":"search_term_string"}}],"inLanguage":"fr-FR"},{"@type":"Organization","@id":"https:\/\/museocavallinodellagiara.it\/#organization","name":"Museo del Cavallino della Giara","url":"https:\/\/museocavallinodellagiara.it\/","logo":{"@type":"ImageObject","inLanguage":"fr-FR","@id":"https:\/\/museocavallinodellagiara.it\/#\/schema\/logo\/image\/","url":"https:\/\/museocavallinodellagiara.it\/wp-content\/uploads\/2018\/01\/logo_cavallino.png","contentUrl":"https:\/\/museocavallinodellagiara.it\/wp-content\/uploads\/2018\/01\/logo_cavallino.png","width":606,"height":739,"caption":"Museo del Cavallino della Giara"},"image":{"@id":"https:\/\/museocavallinodellagiara.it\/#\/schema\/logo\/image\/"},"sameAs":["https:\/\/business.facebook.com\/parcgenoni\/","https:\/\/www.youtube.com\/user\/ParcGenoni"]}]}},"_links":{"self":[{"href":"https:\/\/museocavallinodellagiara.it\/fr\/wp-json\/wp\/v2\/pages\/5645","targetHints":{"allow":["GET"]}}],"collection":[{"href":"https:\/\/museocavallinodellagiara.it\/fr\/wp-json\/wp\/v2\/pages"}],"about":[{"href":"https:\/\/museocavallinodellagiara.it\/fr\/wp-json\/wp\/v2\/types\/page"}],"author":[{"embeddable":true,"href":"https:\/\/museocavallinodellagiara.it\/fr\/wp-json\/wp\/v2\/users\/1"}],"replies":[{"embeddable":true,"href":"https:\/\/museocavallinodellagiara.it\/fr\/wp-json\/wp\/v2\/comments?post=5645"}],"version-history":[{"count":2,"href":"https:\/\/museocavallinodellagiara.it\/fr\/wp-json\/wp\/v2\/pages\/5645\/revisions"}],"predecessor-version":[{"id":5647,"href":"https:\/\/museocavallinodellagiara.it\/fr\/wp-json\/wp\/v2\/pages\/5645\/revisions\/5647"}],"wp:attachment":[{"href":"https:\/\/museocavallinodellagiara.it\/fr\/wp-json\/wp\/v2\/media?parent=5645"}],"curies":[{"name":"wp","href":"https:\/\/api.w.org\/{rel}","templated":true}]}}