{"id":5651,"date":"2025-03-29T14:25:01","date_gmt":"2025-03-29T14:25:01","guid":{"rendered":"https:\/\/museocavallinodellagiara.it\/musee\/"},"modified":"2025-03-29T14:25:03","modified_gmt":"2025-03-29T14:25:03","slug":"musee","status":"publish","type":"page","link":"https:\/\/museocavallinodellagiara.it\/fr\/musee\/","title":{"rendered":"Mus\u00e9e"},"content":{"rendered":"<p>[vc_row][vc_column]<div class=\"special-heading vntd-heading heading-border-below heading-align-center heading-with-icon\"><div class=\"special-heading-icon colored\"><i class=\"fa fa-university\"><\/i><\/div><h3 class=\"special-heading-title\">Le mus\u00e9e municipal de Cavallino della Giara<\/h3><p class=\"special-heading-subtitle\">Il cavallo della Giara e la storia del centro Sardegna.<\/p><\/div>[\/vc_column][\/vc_row][vc_row][vc_column][vc_single_image image=\u00a0\u00bb3566&Prime; alignment=\u00a0\u00bbcenter\u00a0\u00bb css_animation=\u00a0\u00bbfadeIn\u00a0\u00bb][\/vc_column][\/vc_row][vc_row][vc_column][vc_column_text]Le mus\u00e9e du Cavallino della Giara a pour mission de recueillir les t\u00e9moignages de son village d&rsquo;accueil, Genoni, en se concentrant sur les r\u00e9alit\u00e9s ancr\u00e9es dans la m\u00e9moire historique de sa population et conserv\u00e9es \u00e0 travers la culture mat\u00e9rielle, le travail, les r\u00e9cits et l&rsquo;environnement. M\u00e9moire historique d&rsquo;une communaut\u00e9 dont le parcours est accompagn\u00e9 par la pr\u00e9sence du cheval de la Giara, comme une ombre qui la suit sans l&rsquo;abandonner, en d\u00e9finissant ses contours et en marquant son chemin. <\/p>\n<p><span data-contrast=\"auto\">\u00c0 travers les images du photographe Alessio Orr\u00f9 et le film documentaire du r\u00e9alisateur Sergio Scavio, le mus\u00e9e raconte la vie sur le plateau de Giara au cours d&rsquo;une ann\u00e9e civile, en d\u00e9crivant la flore, la faune, la vie du cheval de Giara, mais aussi l&rsquo;implication de l&rsquo;homme dans la gestion du territoire.<\/span><span data-ccp-props=\"{\"201341983\":0,\"335559739\":160,\"335559740\":259}\"> <\/span><\/p>\n<p><span data-contrast=\"auto\">Dans la section consacr\u00e9e au cheval de la Giara, l&rsquo;origine de l&rsquo;animal, son habitat et sa relation avec l&rsquo;homme sont explor\u00e9s.<\/span><span data-ccp-props=\"{\"201341983\":0,\"335559739\":160,\"335559740\":259}\"> <\/span><\/p>\n<p>La cr\u00e9ation du mus\u00e9e est bas\u00e9e sur des entretiens avec des habitants qui ont v\u00e9cu les ann\u00e9es de guerre. Les habitants de G\u00eanes ont \u00e9t\u00e9 invit\u00e9s \u00e0 participer et la r\u00e9ponse a \u00e9t\u00e9 importante et active, comme toujours. Lors des entretiens, on s&rsquo;est efforc\u00e9 de recueillir une image objective, en \u00e9vitant d&rsquo;influencer la personne interrog\u00e9e par des questions trop sp\u00e9cifiques, et de documenter les souvenirs les plus clairs.  <\/p>\n<p>Les micro-histoires racont\u00e9es sont li\u00e9es au territoire sans jamais se d\u00e9tacher du contexte, mais en donnant un \u00e9clairage documentaire suppl\u00e9mentaire qui nous oblige, par devoir documentaire, \u00e0 un syst\u00e8me mus\u00e9al d&rsquo;exposition alternatif.<\/p>\n<p>Dans le but d&rsquo;impliquer les enfants, m\u00eame les plus jeunes, les interviews sont pass\u00e9es entre les mains d&rsquo;une grande artiste, l&rsquo;illustratrice Pia Valentinis, qui, apr\u00e8s avoir analys\u00e9 le mat\u00e9riel recueilli, l&rsquo;a transpos\u00e9 sous forme d&rsquo;illustrations. Des peintures qui renforcent l&rsquo;exposition du mus\u00e9e avec l&rsquo;objectif ambitieux d&rsquo;atteindre diff\u00e9rentes sensibilit\u00e9s.<\/p>\n<p>Les illustrations elles-m\u00eames, accompagn\u00e9es de l\u00e9gendes tir\u00e9es des interviews, constituent ce guide original pour la visite du mus\u00e9e. Les illustrations du livre sont class\u00e9es par salles, telles qu&rsquo;on peut les voir au mus\u00e9e, o\u00f9 il est \u00e9galement possible de visionner l&rsquo;interview vid\u00e9o qui a inspir\u00e9 l&rsquo;artiste pour la cr\u00e9ation du dessin. <\/p>\n<p>Giulio Angioni, qui a document\u00e9 les salles, donnant une vision plus large de la d\u00e9moethnoanthropologie sarde, g\u00e9n\u00e9rant une relation dialectique entre le local et le r\u00e9gional, et le Dr. Marco Piras d&rsquo;Agris pour l&rsquo;assistance scientifique dans la section consacr\u00e9e au cheval de Giara.<\/p>\n<p>Avec la collaboration de l&rsquo;onlus RP-Sardegna, les contenus peuvent \u00eatre utilis\u00e9s dans le penta-book, une aide importante pour la d\u00e9couverte du mus\u00e9e pour diff\u00e9rentes capacit\u00e9s cognitives. Dans le m\u00eame but, Archeogeo a r\u00e9alis\u00e9 des reproductions des objets les plus volumineux, facilitant ainsi la manipulation de l&rsquo;objet dans son ensemble. <\/p>\n<p>La contribution la plus importante est celle de l&rsquo;\u00e2me du mus\u00e9e, la population locale, qui, de diff\u00e9rentes mani\u00e8res, a particip\u00e9, collabor\u00e9, fait des dons et contribue \u00e0 la vie du mus\u00e9e Cavallino della Giara.[\/vc_column_text][\/vc_column][\/vc_row][vc_row equal_height=\u00a0\u00bbyes\u00a0\u00bb content_placement=\u00a0\u00bbmiddle\u00a0\u00bb css=\u00a0\u00bb.vc_custom_1493993344324{padding-top: 60px !important;padding-bottom: 20px !important;background-color: #ffffff !important;}\u00a0\u00bb][vc_column col_padding_side=\u00a0\u00bbright\u00a0\u00bb css=\u00a0\u00bb.vc_custom_1493057150253{padding-bottom: 15px !important;}\u00a0\u00bb][vc_tta_tabs style=\u00a0\u00bbengage_minimal\u00a0\u00bb alignment=\u00a0\u00bbcenter\u00a0\u00bb active_section=\u00a0\u00bb1&Prime; css=\u00a0\u00bb.vc_custom_1515403431813{padding-top: 30px !important;}\u00a0\u00bb][vc_tta_section title=\u00a0\u00bbStatuts | Articles d&apos;association | R\u00e8glements\u00a0\u00bb tab_id=\u00a0\u00bb1596812707313-9bae582d-bc2c\u00a0\u00bb]<div class=\"btn-holder btn-align-left\"><a href=\"https:\/\/museocavallinodellagiara.it\/wp-content\/uploads\/2020\/08\/Statuto_regolamento_atto-istitutivo_civico-museo-del-Cavallino.pdf\" title=\"\" class=\"btn btn-regular btn-solid  btn-accent btn-hover-dark\" target=\"\">T\u00e9l\u00e9charger les statuts de l'association | Statuts de l'association | R\u00e8glements<\/a><\/div>[\/vc_tta_section][vc_tta_section title=\u00a0\u00bbMission du mus\u00e9e\u00a0\u00bb tab_id=\u00a0\u00bb1515079000474-2364aa56-f680&Prime;][vc_column_text]Mission du Mus\u00e9e civique du Cavallino della Giara&#8230;[\/vc_column_text]<div class=\"btn-holder btn-align-left\"><a href=\"http:\/\/www.museocavallinodellagiara.it\/missione-del-museo\/\" title=\"\" class=\"btn btn-regular btn-solid  btn-accent btn-hover-dark btn-with-icon btn-icon-right_side\" target=\"\">Consulta la Missione del museo<i class=\"vc_li vc_li-paperplane\"><\/i><\/a><\/div>[\/vc_tta_section][vc_tta_section title=\u00a0\u00bbCharte des services\u00a0\u00bb tab_id=\u00a0\u00bb1515079215479-f69b341d-33fd\u00a0\u00bb][vc_column_text]Cette charte des services et des droits de l&rsquo;usager du mus\u00e9e s&rsquo;inspire de la d\u00e9finition du mus\u00e9e donn\u00e9e dans le d\u00e9cret l\u00e9gislatif n\u00b0 41 du 22 janvier 2004, dit \u00ab\u00a0Nouveau Code du Patrimoine Culturel\u00a0\u00bb art. 101, alin\u00e9a 2 : \u00ab\u00a0le mus\u00e9e est une structure permanente qui acquiert&#8230;[\/vc_column_text]<div class=\"btn-holder btn-align-center\"><a href=\"http:\/\/www.museocavallinodellagiara.it\/carta-dei-servizi\/\" title=\"\" class=\"btn btn-regular btn-solid  btn-accent btn-hover-dark btn-with-icon btn-icon-right_side\" target=\"\">Consulta la Carta dei Servizi<i class=\"vc_li vc_li-paperplane\"><\/i><\/a><\/div>[\/vc_tta_section][vc_tta_section title=\u00a0\u00bbAccessibilit\u00e9\u00a0\u00bb tab_id=\u00a0\u00bb1515079729522-3961f902-fde9&Prime;][vc_column_text]Le mus\u00e9e est \u00e9quip\u00e9 de supports braille pour la lecture des panneaux, ainsi que d&rsquo;un PC, pentalibre, avec une barre braille \u00e9quip\u00e9e de diff\u00e9rents logiciels (Magic, Jaws et Open Book) pour l&rsquo;acc\u00e8s aux documents et mat\u00e9riels du mus\u00e9e pour les personnes handicap\u00e9es.<\/p>\n<p>Plus des deux tiers du mus\u00e9e, soit la totalit\u00e9 du rez-de-chauss\u00e9e, sont accessibles aux fauteuils roulants.[\/vc_column_text][\/vc_tta_section][vc_tta_section title=\u00a0\u00bbSections du mus\u00e9e\u00a0\u00bb tab_id=\u00a0\u00bb1493993190218-196a605e-727b\u00a0\u00bb][vc_column_text]Le mus\u00e9e du Cavallino della Giara se trouve dans une maison \u00e0 cour centrale typique, divis\u00e9e en deux ailes et diff\u00e9rentes sections&#8230;.[\/vc_column_text]<div class=\"btn-holder btn-align-left\"><a href=\"http:\/\/www.museocavallinodellagiara.it\/collezioni\/\" title=\"\" class=\"btn btn-regular btn-solid  btn-accent btn-hover-dark btn-with-icon btn-icon-right_side\" target=\"\">Visita le sezioni del museo<i class=\"vc_li vc_li-paperplane\"><\/i><\/a><\/div>[\/vc_tta_section][vc_tta_section title=\u00a0\u00bbHoraires et billetterie\u00a0\u00bb tab_id=\u00a0\u00bb1515079217250-b8c3bd2b-1ad9&Prime;]<div class=\"btn-holder btn-align-right\"><a href=\"http:\/\/www.museocavallinodellagiara.it\/orari-e-biglietteria\/\" title=\"\" class=\"btn btn-regular btn-solid  btn-accent btn-hover-dark btn-with-icon btn-icon-right_side\" target=\"\">Voir les horaires d'ouverture du mus\u00e9e et les tarifs<i class=\"vc_li vc_li-paperplane\"><\/i><\/a><\/div>[\/vc_tta_section][vc_tta_section title=\u00a0\u00bbPersonnel\u00a0\u00bb tab_id=\u00a0\u00bb1515079442178-64f8ca6b-be87&Prime;][vc_column_text]<\/p>\n<p style=\"text-align: right;\">Propri\u00e9taire, organe de direction, direction et personnel&#8230;<\/p>\n<p>[\/vc_column_text]<div class=\"btn-holder btn-align-right\"><a href=\"http:\/\/www.museocavallinodellagiara.it\/staff\/\" title=\"\" class=\"btn btn-regular btn-solid  btn-accent btn-hover-dark btn-with-icon btn-icon-right_side\" target=\"\">Conosci tutto lo staff<i class=\"vc_li vc_li-paperplane\"><\/i><\/a><\/div>[\/vc_tta_section][\/vc_tta_tabs][\/vc_column][\/vc_row][vc_row full_width=\u00a0\u00bbstretch_row_content_no_spaces\u00a0\u00bb css_animation=\u00a0\u00bbslideInUp\u00a0\u00bb css=\u00a0\u00bb.vc_custom_1515404835691{padding-top: 0px !important;}\u00a0\u00bb][vc_column]<div class=\"vntd-cta cta-text-color-white bg-color-accent cta-align-left\"><div class=\"container\"><div class=\"row\"><div class=\"cta-texts col-md-8 col-sm-12\"><h2 class=\"cta-heading\"><span>Hai bisogno di maggiori dettagli?<\/span><\/h2><p class=\"cta-subtitle\">Non esitare a contattarci!<\/p><\/div><div class=\"cta-buttons col-md-4 col-sm-12\"><a href=\"http:\/\/www.museocavallinodellagiara.it\/contatti\/\" class=\"btn cta-btn1 btn-outline btn-white btn-hover-white\">Contattaci!<\/a><\/div><\/div><\/div><\/div>[\/vc_column][\/vc_row]<\/p>\n","protected":false},"excerpt":{"rendered":"<p>[vc_row][vc_column][\/vc_column][\/vc_row][vc_row][vc_column][vc_single_image image=\u00a0\u00bb3566&Prime; alignment=\u00a0\u00bbcenter\u00a0\u00bb css_animation=\u00a0\u00bbfadeIn\u00a0\u00bb][\/vc_column][\/vc_row][vc_row][vc_column][vc_column_text]Le mus\u00e9e du Cavallino della Giara a pour mission de recueillir les t\u00e9moignages de son village d&rsquo;accueil, Genoni, en se concentrant sur les r\u00e9alit\u00e9s ancr\u00e9es dans la m\u00e9moire historique de sa population et conserv\u00e9es \u00e0 travers la culture mat\u00e9rielle, le travail, les r\u00e9cits et l&rsquo;environnement. M\u00e9moire historique [&hellip;]<\/p>\n","protected":false},"author":1,"featured_media":0,"parent":0,"menu_order":0,"comment_status":"closed","ping_status":"closed","template":"","meta":{"footnotes":""},"class_list":["post-5651","page","type-page","status-publish","hentry"],"yoast_head":"<!-- This site is optimized with the Yoast SEO plugin v27.1.1 - https:\/\/yoast.com\/product\/yoast-seo-wordpress\/ -->\n<title>Mus\u00e9e - Museo del Cavallino della Giara<\/title>\n<meta name=\"description\" content=\"Mus\u00e9e ethnographique avec une section consacr\u00e9e au Cavallino della Giara, qui est li\u00e9 \u00e0 la communaut\u00e9 depuis des temps imm\u00e9moriaux. Les illustrations de Pia Valentinis, les micro-histoires et les expositions racontent l&#039;histoire de son village d&#039;accueil : Genoni.\" \/>\n<meta name=\"robots\" content=\"index, follow, max-snippet:-1, max-image-preview:large, max-video-preview:-1\" \/>\n<link rel=\"canonical\" href=\"https:\/\/museocavallinodellagiara.it\/fr\/musee\/\" \/>\n<meta property=\"og:locale\" content=\"fr_FR\" \/>\n<meta property=\"og:type\" content=\"article\" \/>\n<meta property=\"og:title\" content=\"Mus\u00e9e - Museo del Cavallino della Giara\" \/>\n<meta property=\"og:description\" content=\"Mus\u00e9e ethnographique avec une section consacr\u00e9e au Cavallino della Giara, qui est li\u00e9 \u00e0 la communaut\u00e9 depuis des temps imm\u00e9moriaux. Les illustrations de Pia Valentinis, les micro-histoires et les expositions racontent l&#039;histoire de son village d&#039;accueil : Genoni.\" \/>\n<meta property=\"og:url\" content=\"https:\/\/museocavallinodellagiara.it\/fr\/musee\/\" \/>\n<meta property=\"og:site_name\" content=\"Museo del Cavallino della Giara\" \/>\n<meta property=\"article:publisher\" content=\"https:\/\/business.facebook.com\/parcgenoni\/\" \/>\n<meta property=\"article:modified_time\" content=\"2025-03-29T14:25:03+00:00\" \/>\n<meta property=\"og:image\" content=\"https:\/\/museocavallinodellagiara.it\/wp-content\/uploads\/2018\/01\/cavalla_puledro_giara-min.jpg\" \/>\n\t<meta property=\"og:image:width\" content=\"1200\" \/>\n\t<meta property=\"og:image:height\" content=\"800\" \/>\n\t<meta property=\"og:image:type\" content=\"image\/jpeg\" \/>\n<meta name=\"twitter:card\" content=\"summary_large_image\" \/>\n<meta name=\"twitter:label1\" content=\"Dur\u00e9e de lecture estim\u00e9e\" \/>\n\t<meta name=\"twitter:data1\" content=\"6 minutes\" \/>\n<script type=\"application\/ld+json\" class=\"yoast-schema-graph\">{\"@context\":\"https:\/\/schema.org\",\"@graph\":[{\"@type\":\"WebPage\",\"@id\":\"https:\/\/museocavallinodellagiara.it\/fr\/musee\/\",\"url\":\"https:\/\/museocavallinodellagiara.it\/fr\/musee\/\",\"name\":\"Mus\u00e9e - Museo del Cavallino della Giara\",\"isPartOf\":{\"@id\":\"https:\/\/museocavallinodellagiara.it\/#website\"},\"datePublished\":\"2025-03-29T14:25:01+00:00\",\"dateModified\":\"2025-03-29T14:25:03+00:00\",\"description\":\"Mus\u00e9e ethnographique avec une section consacr\u00e9e au Cavallino della Giara, qui est li\u00e9 \u00e0 la communaut\u00e9 depuis des temps imm\u00e9moriaux. Les illustrations de Pia Valentinis, les micro-histoires et les expositions racontent l'histoire de son village d'accueil : Genoni.\",\"breadcrumb\":{\"@id\":\"https:\/\/museocavallinodellagiara.it\/fr\/musee\/#breadcrumb\"},\"inLanguage\":\"fr-FR\",\"potentialAction\":[{\"@type\":\"ReadAction\",\"target\":[\"https:\/\/museocavallinodellagiara.it\/fr\/musee\/\"]}]},{\"@type\":\"BreadcrumbList\",\"@id\":\"https:\/\/museocavallinodellagiara.it\/fr\/musee\/#breadcrumb\",\"itemListElement\":[{\"@type\":\"ListItem\",\"position\":1,\"name\":\"Home\",\"item\":\"https:\/\/museocavallinodellagiara.it\/fr\/\"},{\"@type\":\"ListItem\",\"position\":2,\"name\":\"Mus\u00e9e\"}]},{\"@type\":\"WebSite\",\"@id\":\"https:\/\/museocavallinodellagiara.it\/#website\",\"url\":\"https:\/\/museocavallinodellagiara.it\/\",\"name\":\"Museo del Cavallino della Giara\",\"description\":\"Il museo dedicato al cavallo e al Parco della Giara\",\"publisher\":{\"@id\":\"https:\/\/museocavallinodellagiara.it\/#organization\"},\"potentialAction\":[{\"@type\":\"SearchAction\",\"target\":{\"@type\":\"EntryPoint\",\"urlTemplate\":\"https:\/\/museocavallinodellagiara.it\/?s={search_term_string}\"},\"query-input\":{\"@type\":\"PropertyValueSpecification\",\"valueRequired\":true,\"valueName\":\"search_term_string\"}}],\"inLanguage\":\"fr-FR\"},{\"@type\":\"Organization\",\"@id\":\"https:\/\/museocavallinodellagiara.it\/#organization\",\"name\":\"Museo del Cavallino della Giara\",\"url\":\"https:\/\/museocavallinodellagiara.it\/\",\"logo\":{\"@type\":\"ImageObject\",\"inLanguage\":\"fr-FR\",\"@id\":\"https:\/\/museocavallinodellagiara.it\/#\/schema\/logo\/image\/\",\"url\":\"https:\/\/museocavallinodellagiara.it\/wp-content\/uploads\/2018\/01\/logo_cavallino.png\",\"contentUrl\":\"https:\/\/museocavallinodellagiara.it\/wp-content\/uploads\/2018\/01\/logo_cavallino.png\",\"width\":606,\"height\":739,\"caption\":\"Museo del Cavallino della Giara\"},\"image\":{\"@id\":\"https:\/\/museocavallinodellagiara.it\/#\/schema\/logo\/image\/\"},\"sameAs\":[\"https:\/\/business.facebook.com\/parcgenoni\/\",\"https:\/\/www.youtube.com\/user\/ParcGenoni\"]}]}<\/script>\n<!-- \/ Yoast SEO plugin. -->","yoast_head_json":{"title":"Mus\u00e9e - Museo del Cavallino della Giara","description":"Mus\u00e9e ethnographique avec une section consacr\u00e9e au Cavallino della Giara, qui est li\u00e9 \u00e0 la communaut\u00e9 depuis des temps imm\u00e9moriaux. Les illustrations de Pia Valentinis, les micro-histoires et les expositions racontent l'histoire de son village d'accueil : Genoni.","robots":{"index":"index","follow":"follow","max-snippet":"max-snippet:-1","max-image-preview":"max-image-preview:large","max-video-preview":"max-video-preview:-1"},"canonical":"https:\/\/museocavallinodellagiara.it\/fr\/musee\/","og_locale":"fr_FR","og_type":"article","og_title":"Mus\u00e9e - Museo del Cavallino della Giara","og_description":"Mus\u00e9e ethnographique avec une section consacr\u00e9e au Cavallino della Giara, qui est li\u00e9 \u00e0 la communaut\u00e9 depuis des temps imm\u00e9moriaux. Les illustrations de Pia Valentinis, les micro-histoires et les expositions racontent l'histoire de son village d'accueil : Genoni.","og_url":"https:\/\/museocavallinodellagiara.it\/fr\/musee\/","og_site_name":"Museo del Cavallino della Giara","article_publisher":"https:\/\/business.facebook.com\/parcgenoni\/","article_modified_time":"2025-03-29T14:25:03+00:00","og_image":[{"width":1200,"height":800,"url":"https:\/\/museocavallinodellagiara.it\/wp-content\/uploads\/2018\/01\/cavalla_puledro_giara-min.jpg","type":"image\/jpeg"}],"twitter_card":"summary_large_image","twitter_misc":{"Dur\u00e9e de lecture estim\u00e9e":"6 minutes"},"schema":{"@context":"https:\/\/schema.org","@graph":[{"@type":"WebPage","@id":"https:\/\/museocavallinodellagiara.it\/fr\/musee\/","url":"https:\/\/museocavallinodellagiara.it\/fr\/musee\/","name":"Mus\u00e9e - Museo del Cavallino della Giara","isPartOf":{"@id":"https:\/\/museocavallinodellagiara.it\/#website"},"datePublished":"2025-03-29T14:25:01+00:00","dateModified":"2025-03-29T14:25:03+00:00","description":"Mus\u00e9e ethnographique avec une section consacr\u00e9e au Cavallino della Giara, qui est li\u00e9 \u00e0 la communaut\u00e9 depuis des temps imm\u00e9moriaux. Les illustrations de Pia Valentinis, les micro-histoires et les expositions racontent l'histoire de son village d'accueil : Genoni.","breadcrumb":{"@id":"https:\/\/museocavallinodellagiara.it\/fr\/musee\/#breadcrumb"},"inLanguage":"fr-FR","potentialAction":[{"@type":"ReadAction","target":["https:\/\/museocavallinodellagiara.it\/fr\/musee\/"]}]},{"@type":"BreadcrumbList","@id":"https:\/\/museocavallinodellagiara.it\/fr\/musee\/#breadcrumb","itemListElement":[{"@type":"ListItem","position":1,"name":"Home","item":"https:\/\/museocavallinodellagiara.it\/fr\/"},{"@type":"ListItem","position":2,"name":"Mus\u00e9e"}]},{"@type":"WebSite","@id":"https:\/\/museocavallinodellagiara.it\/#website","url":"https:\/\/museocavallinodellagiara.it\/","name":"Museo del Cavallino della Giara","description":"Il museo dedicato al cavallo e al Parco della Giara","publisher":{"@id":"https:\/\/museocavallinodellagiara.it\/#organization"},"potentialAction":[{"@type":"SearchAction","target":{"@type":"EntryPoint","urlTemplate":"https:\/\/museocavallinodellagiara.it\/?s={search_term_string}"},"query-input":{"@type":"PropertyValueSpecification","valueRequired":true,"valueName":"search_term_string"}}],"inLanguage":"fr-FR"},{"@type":"Organization","@id":"https:\/\/museocavallinodellagiara.it\/#organization","name":"Museo del Cavallino della Giara","url":"https:\/\/museocavallinodellagiara.it\/","logo":{"@type":"ImageObject","inLanguage":"fr-FR","@id":"https:\/\/museocavallinodellagiara.it\/#\/schema\/logo\/image\/","url":"https:\/\/museocavallinodellagiara.it\/wp-content\/uploads\/2018\/01\/logo_cavallino.png","contentUrl":"https:\/\/museocavallinodellagiara.it\/wp-content\/uploads\/2018\/01\/logo_cavallino.png","width":606,"height":739,"caption":"Museo del Cavallino della Giara"},"image":{"@id":"https:\/\/museocavallinodellagiara.it\/#\/schema\/logo\/image\/"},"sameAs":["https:\/\/business.facebook.com\/parcgenoni\/","https:\/\/www.youtube.com\/user\/ParcGenoni"]}]}},"_links":{"self":[{"href":"https:\/\/museocavallinodellagiara.it\/fr\/wp-json\/wp\/v2\/pages\/5651","targetHints":{"allow":["GET"]}}],"collection":[{"href":"https:\/\/museocavallinodellagiara.it\/fr\/wp-json\/wp\/v2\/pages"}],"about":[{"href":"https:\/\/museocavallinodellagiara.it\/fr\/wp-json\/wp\/v2\/types\/page"}],"author":[{"embeddable":true,"href":"https:\/\/museocavallinodellagiara.it\/fr\/wp-json\/wp\/v2\/users\/1"}],"replies":[{"embeddable":true,"href":"https:\/\/museocavallinodellagiara.it\/fr\/wp-json\/wp\/v2\/comments?post=5651"}],"version-history":[{"count":6,"href":"https:\/\/museocavallinodellagiara.it\/fr\/wp-json\/wp\/v2\/pages\/5651\/revisions"}],"predecessor-version":[{"id":5662,"href":"https:\/\/museocavallinodellagiara.it\/fr\/wp-json\/wp\/v2\/pages\/5651\/revisions\/5662"}],"wp:attachment":[{"href":"https:\/\/museocavallinodellagiara.it\/fr\/wp-json\/wp\/v2\/media?parent=5651"}],"curies":[{"name":"wp","href":"https:\/\/api.w.org\/{rel}","templated":true}]}}