{"id":5659,"date":"2025-03-29T14:25:03","date_gmt":"2025-03-29T14:25:03","guid":{"rendered":"https:\/\/museocavallinodellagiara.it\/mission-du-musee\/"},"modified":"2025-03-29T14:25:03","modified_gmt":"2025-03-29T14:25:03","slug":"mission-du-musee","status":"publish","type":"page","link":"https:\/\/museocavallinodellagiara.it\/fr\/mission-du-musee\/","title":{"rendered":"Mission du mus\u00e9e"},"content":{"rendered":"<p>[vc_row][vc_column]<div class=\"special-heading vntd-heading heading-border-below heading-align-center heading-with-icon\"><div class=\"special-heading-icon colored\"><i class=\"fa fa-bullhorn\"><\/i><\/div><h3 class=\"special-heading-title\">La mission et les objectifs du mus\u00e9e<\/h3><p class=\"special-heading-subtitle\">Per un chiaro e puntuale rapporto con i visitatori<\/p><\/div>[\/vc_column][\/vc_row][vc_row][vc_column][vc_column_text]<\/p>\n<h2>Mission du mus\u00e9e civique du Cavallino della Giara<\/h2>\n<h3><strong>Engagement<\/strong><\/h3>\n<p>L&rsquo;engagement du Civico Museo del Cavallino della Giara di Genoni s&rsquo;exprime par l&rsquo;investissement de ressources et d&rsquo;\u00e9nergies dans la recherche d&rsquo;opportunit\u00e9s et de langages visant \u00e0 dialoguer avec la socialit\u00e9 de son territoire, en pr\u00e9sentant des t\u00e9moignages traditionnels dans la complexit\u00e9 de leurs relations avec l&rsquo;univers culturel et en exposant les caract\u00e8res symboliques, rituels, linguistiques et mat\u00e9riels inh\u00e9rents aux diverses manifestations humaines.<\/p>\n<p>En ce sens, le mus\u00e9e identifie le potentiel de la communaut\u00e9 civile en tant que ressource et la capacit\u00e9 d&rsquo;organiser une offre en termes de promotion d&rsquo;interventions cibl\u00e9es dans le domaine de la socialit\u00e9 en tant que productivit\u00e9.<\/p>\n<p>Le Mus\u00e9e identifie la valeur de ses op\u00e9rations dans la dimension de la restitution culturelle. Restitution en termes de participation active \u00e0 la culture et \u00e0 la croissance du lieu dans lequel le mus\u00e9e r\u00e9side afin de se positionner, fid\u00e8le \u00e0 sa nature th\u00e9matique et mus\u00e9ale, comme un centre d&rsquo;int\u00e9r\u00eat social stimulant la r\u00e9flexion sur la qualit\u00e9 de la vie, moteur d&rsquo;initiatives visant \u00e0 l&rsquo;\u00e9ducation et au dialogue sur les questions d&rsquo;identit\u00e9, de diversit\u00e9 et d&rsquo;appartenance. <\/p>\n<h3><strong>L&rsquo;action<\/strong><\/h3>\n<p>Le mus\u00e9e civique du Cavallino della Giara est ouvert \u00e0 tous les citoyens sans distinction afin de<\/p>\n<ul>\n<li>contribuer au d\u00e9veloppement de la communaut\u00e9 locale et de son territoire ;<\/li>\n<li>participer, dans la mesure de ses comp\u00e9tences, aux \u00e9v\u00e9nements et aux projets de croissance civile et culturelle de sa r\u00e9alit\u00e9 sociale ;<\/li>\n<li>contribuer \u00e0 cette r\u00e9flexion sur la qualit\u00e9 de vie qui d\u00e9coule de la prise de conscience de la relation incontournable entre la m\u00e9moire et l&rsquo;identit\u00e9 historico-culturelle ;<\/li>\n<li>Contribuer au d\u00e9veloppement de la culture en g\u00e9n\u00e9ral et de la lecture, avec une attention particuli\u00e8re pour les enfants ;<\/li>\n<\/ul>\n<p>Le mus\u00e9e accorde \u00e9galement une attention particuli\u00e8re aux valeurs de la rencontre sociale, \u00e0 la r\u00e9cup\u00e9ration d&rsquo;une relation correcte entre la consommation, l&rsquo;exploitation des ressources et les comp\u00e9tences manuelles, et \u00e0 la connaissance de l&rsquo;histoire en tant que garantie de la r\u00e9alisation de perspectives d&rsquo;avenir individuelles et collectives.<\/p>\n<p>Pour r\u00e9aliser ces objectifs, le mus\u00e9e envisage :<\/p>\n<ul>\n<li>l'\u00a0\u00bborientation qualit\u00e9\u00a0\u00bb de ses services et de son organisation en tant qu&rsquo;engagement \u00e9thique, d\u00e9ontologique et de responsabilit\u00e9 publique ;<\/li>\n<li>l&rsquo;attention port\u00e9e au regard et \u00e0 la participation du public en tant qu&rsquo;aspect d\u00e9terminant de la conception et de l&rsquo;exploitation ;<\/li>\n<li>les droits des utilisateurs en tant qu&rsquo;\u00e9l\u00e9ment indispensable de l&rsquo;action culturelle et organisationnelle ;<\/li>\n<li>la facilitation de l&rsquo;acc\u00e8s \u00e0 la connaissance, \u00e0 la communication et \u00e0 l&rsquo;information en tant qu&rsquo;expression de la valeur du mus\u00e9e en tant que service public de qualit\u00e9 ;<\/li>\n<li>le respect de l&rsquo;environnement et la diffusion de bonnes pratiques de gestion environnementale.<\/li>\n<\/ul>\n<p>[\/vc_column_text][\/vc_column][\/vc_row]<\/p>\n","protected":false},"excerpt":{"rendered":"<p>[vc_row][vc_column][\/vc_column][\/vc_row][vc_row][vc_column][vc_column_text] Mission du mus\u00e9e civique du Cavallino della Giara Engagement L&rsquo;engagement du Civico Museo del Cavallino della Giara di Genoni s&rsquo;exprime par l&rsquo;investissement de ressources et d&rsquo;\u00e9nergies dans la recherche d&rsquo;opportunit\u00e9s et de langages visant \u00e0 dialoguer avec la socialit\u00e9 de son territoire, en pr\u00e9sentant des t\u00e9moignages traditionnels dans la [&hellip;]<\/p>\n","protected":false},"author":1,"featured_media":0,"parent":0,"menu_order":0,"comment_status":"closed","ping_status":"closed","template":"","meta":{"footnotes":""},"class_list":["post-5659","page","type-page","status-publish","hentry"],"yoast_head":"<!-- This site is optimized with the Yoast SEO plugin v27.1.1 - https:\/\/yoast.com\/product\/yoast-seo-wordpress\/ -->\n<title>Mission du mus\u00e9e - Museo del Cavallino della Giara<\/title>\n<meta name=\"description\" content=\"Mission et objectifs du Mus\u00e9e pour une relation claire et opportune avec les visiteurs. L&#039;engagement du Mus\u00e9e Civique du Cavallino della Giara s&#039;exprime dans l&#039;investissement des ressources et des langues avec les soci\u00e9t\u00e9s de son territoire.\" \/>\n<meta name=\"robots\" content=\"index, follow, max-snippet:-1, max-image-preview:large, max-video-preview:-1\" \/>\n<link rel=\"canonical\" href=\"https:\/\/museocavallinodellagiara.it\/fr\/mission-du-musee\/\" \/>\n<meta property=\"og:locale\" content=\"fr_FR\" \/>\n<meta property=\"og:type\" content=\"article\" \/>\n<meta property=\"og:title\" content=\"Mission du mus\u00e9e - Museo del Cavallino della Giara\" \/>\n<meta property=\"og:description\" content=\"Mission et objectifs du Mus\u00e9e pour une relation claire et opportune avec les visiteurs. L&#039;engagement du Mus\u00e9e Civique du Cavallino della Giara s&#039;exprime dans l&#039;investissement des ressources et des langues avec les soci\u00e9t\u00e9s de son territoire.\" \/>\n<meta property=\"og:url\" content=\"https:\/\/museocavallinodellagiara.it\/fr\/mission-du-musee\/\" \/>\n<meta property=\"og:site_name\" content=\"Museo del Cavallino della Giara\" \/>\n<meta property=\"article:publisher\" content=\"https:\/\/business.facebook.com\/parcgenoni\/\" \/>\n<meta property=\"og:image\" content=\"https:\/\/museocavallinodellagiara.it\/wp-content\/uploads\/2018\/01\/cavalla_puledro_giara-min.jpg\" \/>\n\t<meta property=\"og:image:width\" content=\"1200\" \/>\n\t<meta property=\"og:image:height\" content=\"800\" \/>\n\t<meta property=\"og:image:type\" content=\"image\/jpeg\" \/>\n<meta name=\"twitter:card\" content=\"summary_large_image\" \/>\n<meta name=\"twitter:label1\" content=\"Dur\u00e9e de lecture estim\u00e9e\" \/>\n\t<meta name=\"twitter:data1\" content=\"3 minutes\" \/>\n<script type=\"application\/ld+json\" class=\"yoast-schema-graph\">{\"@context\":\"https:\/\/schema.org\",\"@graph\":[{\"@type\":\"WebPage\",\"@id\":\"https:\/\/museocavallinodellagiara.it\/fr\/mission-du-musee\/\",\"url\":\"https:\/\/museocavallinodellagiara.it\/fr\/mission-du-musee\/\",\"name\":\"Mission du mus\u00e9e - Museo del Cavallino della Giara\",\"isPartOf\":{\"@id\":\"https:\/\/museocavallinodellagiara.it\/#website\"},\"datePublished\":\"2025-03-29T14:25:03+00:00\",\"description\":\"Mission et objectifs du Mus\u00e9e pour une relation claire et opportune avec les visiteurs. L'engagement du Mus\u00e9e Civique du Cavallino della Giara s'exprime dans l'investissement des ressources et des langues avec les soci\u00e9t\u00e9s de son territoire.\",\"breadcrumb\":{\"@id\":\"https:\/\/museocavallinodellagiara.it\/fr\/mission-du-musee\/#breadcrumb\"},\"inLanguage\":\"fr-FR\",\"potentialAction\":[{\"@type\":\"ReadAction\",\"target\":[\"https:\/\/museocavallinodellagiara.it\/fr\/mission-du-musee\/\"]}]},{\"@type\":\"BreadcrumbList\",\"@id\":\"https:\/\/museocavallinodellagiara.it\/fr\/mission-du-musee\/#breadcrumb\",\"itemListElement\":[{\"@type\":\"ListItem\",\"position\":1,\"name\":\"Home\",\"item\":\"https:\/\/museocavallinodellagiara.it\/fr\/\"},{\"@type\":\"ListItem\",\"position\":2,\"name\":\"Mission du mus\u00e9e\"}]},{\"@type\":\"WebSite\",\"@id\":\"https:\/\/museocavallinodellagiara.it\/#website\",\"url\":\"https:\/\/museocavallinodellagiara.it\/\",\"name\":\"Museo del Cavallino della Giara\",\"description\":\"Il museo dedicato al cavallo e al Parco della Giara\",\"publisher\":{\"@id\":\"https:\/\/museocavallinodellagiara.it\/#organization\"},\"potentialAction\":[{\"@type\":\"SearchAction\",\"target\":{\"@type\":\"EntryPoint\",\"urlTemplate\":\"https:\/\/museocavallinodellagiara.it\/?s={search_term_string}\"},\"query-input\":{\"@type\":\"PropertyValueSpecification\",\"valueRequired\":true,\"valueName\":\"search_term_string\"}}],\"inLanguage\":\"fr-FR\"},{\"@type\":\"Organization\",\"@id\":\"https:\/\/museocavallinodellagiara.it\/#organization\",\"name\":\"Museo del Cavallino della Giara\",\"url\":\"https:\/\/museocavallinodellagiara.it\/\",\"logo\":{\"@type\":\"ImageObject\",\"inLanguage\":\"fr-FR\",\"@id\":\"https:\/\/museocavallinodellagiara.it\/#\/schema\/logo\/image\/\",\"url\":\"https:\/\/museocavallinodellagiara.it\/wp-content\/uploads\/2018\/01\/logo_cavallino.png\",\"contentUrl\":\"https:\/\/museocavallinodellagiara.it\/wp-content\/uploads\/2018\/01\/logo_cavallino.png\",\"width\":606,\"height\":739,\"caption\":\"Museo del Cavallino della Giara\"},\"image\":{\"@id\":\"https:\/\/museocavallinodellagiara.it\/#\/schema\/logo\/image\/\"},\"sameAs\":[\"https:\/\/business.facebook.com\/parcgenoni\/\",\"https:\/\/www.youtube.com\/user\/ParcGenoni\"]}]}<\/script>\n<!-- \/ Yoast SEO plugin. -->","yoast_head_json":{"title":"Mission du mus\u00e9e - Museo del Cavallino della Giara","description":"Mission et objectifs du Mus\u00e9e pour une relation claire et opportune avec les visiteurs. L'engagement du Mus\u00e9e Civique du Cavallino della Giara s'exprime dans l'investissement des ressources et des langues avec les soci\u00e9t\u00e9s de son territoire.","robots":{"index":"index","follow":"follow","max-snippet":"max-snippet:-1","max-image-preview":"max-image-preview:large","max-video-preview":"max-video-preview:-1"},"canonical":"https:\/\/museocavallinodellagiara.it\/fr\/mission-du-musee\/","og_locale":"fr_FR","og_type":"article","og_title":"Mission du mus\u00e9e - Museo del Cavallino della Giara","og_description":"Mission et objectifs du Mus\u00e9e pour une relation claire et opportune avec les visiteurs. L'engagement du Mus\u00e9e Civique du Cavallino della Giara s'exprime dans l'investissement des ressources et des langues avec les soci\u00e9t\u00e9s de son territoire.","og_url":"https:\/\/museocavallinodellagiara.it\/fr\/mission-du-musee\/","og_site_name":"Museo del Cavallino della Giara","article_publisher":"https:\/\/business.facebook.com\/parcgenoni\/","og_image":[{"width":1200,"height":800,"url":"https:\/\/museocavallinodellagiara.it\/wp-content\/uploads\/2018\/01\/cavalla_puledro_giara-min.jpg","type":"image\/jpeg"}],"twitter_card":"summary_large_image","twitter_misc":{"Dur\u00e9e de lecture estim\u00e9e":"3 minutes"},"schema":{"@context":"https:\/\/schema.org","@graph":[{"@type":"WebPage","@id":"https:\/\/museocavallinodellagiara.it\/fr\/mission-du-musee\/","url":"https:\/\/museocavallinodellagiara.it\/fr\/mission-du-musee\/","name":"Mission du mus\u00e9e - Museo del Cavallino della Giara","isPartOf":{"@id":"https:\/\/museocavallinodellagiara.it\/#website"},"datePublished":"2025-03-29T14:25:03+00:00","description":"Mission et objectifs du Mus\u00e9e pour une relation claire et opportune avec les visiteurs. L'engagement du Mus\u00e9e Civique du Cavallino della Giara s'exprime dans l'investissement des ressources et des langues avec les soci\u00e9t\u00e9s de son territoire.","breadcrumb":{"@id":"https:\/\/museocavallinodellagiara.it\/fr\/mission-du-musee\/#breadcrumb"},"inLanguage":"fr-FR","potentialAction":[{"@type":"ReadAction","target":["https:\/\/museocavallinodellagiara.it\/fr\/mission-du-musee\/"]}]},{"@type":"BreadcrumbList","@id":"https:\/\/museocavallinodellagiara.it\/fr\/mission-du-musee\/#breadcrumb","itemListElement":[{"@type":"ListItem","position":1,"name":"Home","item":"https:\/\/museocavallinodellagiara.it\/fr\/"},{"@type":"ListItem","position":2,"name":"Mission du mus\u00e9e"}]},{"@type":"WebSite","@id":"https:\/\/museocavallinodellagiara.it\/#website","url":"https:\/\/museocavallinodellagiara.it\/","name":"Museo del Cavallino della Giara","description":"Il museo dedicato al cavallo e al Parco della Giara","publisher":{"@id":"https:\/\/museocavallinodellagiara.it\/#organization"},"potentialAction":[{"@type":"SearchAction","target":{"@type":"EntryPoint","urlTemplate":"https:\/\/museocavallinodellagiara.it\/?s={search_term_string}"},"query-input":{"@type":"PropertyValueSpecification","valueRequired":true,"valueName":"search_term_string"}}],"inLanguage":"fr-FR"},{"@type":"Organization","@id":"https:\/\/museocavallinodellagiara.it\/#organization","name":"Museo del Cavallino della Giara","url":"https:\/\/museocavallinodellagiara.it\/","logo":{"@type":"ImageObject","inLanguage":"fr-FR","@id":"https:\/\/museocavallinodellagiara.it\/#\/schema\/logo\/image\/","url":"https:\/\/museocavallinodellagiara.it\/wp-content\/uploads\/2018\/01\/logo_cavallino.png","contentUrl":"https:\/\/museocavallinodellagiara.it\/wp-content\/uploads\/2018\/01\/logo_cavallino.png","width":606,"height":739,"caption":"Museo del Cavallino della Giara"},"image":{"@id":"https:\/\/museocavallinodellagiara.it\/#\/schema\/logo\/image\/"},"sameAs":["https:\/\/business.facebook.com\/parcgenoni\/","https:\/\/www.youtube.com\/user\/ParcGenoni"]}]}},"_links":{"self":[{"href":"https:\/\/museocavallinodellagiara.it\/fr\/wp-json\/wp\/v2\/pages\/5659","targetHints":{"allow":["GET"]}}],"collection":[{"href":"https:\/\/museocavallinodellagiara.it\/fr\/wp-json\/wp\/v2\/pages"}],"about":[{"href":"https:\/\/museocavallinodellagiara.it\/fr\/wp-json\/wp\/v2\/types\/page"}],"author":[{"embeddable":true,"href":"https:\/\/museocavallinodellagiara.it\/fr\/wp-json\/wp\/v2\/users\/1"}],"replies":[{"embeddable":true,"href":"https:\/\/museocavallinodellagiara.it\/fr\/wp-json\/wp\/v2\/comments?post=5659"}],"version-history":[{"count":1,"href":"https:\/\/museocavallinodellagiara.it\/fr\/wp-json\/wp\/v2\/pages\/5659\/revisions"}],"predecessor-version":[{"id":5664,"href":"https:\/\/museocavallinodellagiara.it\/fr\/wp-json\/wp\/v2\/pages\/5659\/revisions\/5664"}],"wp:attachment":[{"href":"https:\/\/museocavallinodellagiara.it\/fr\/wp-json\/wp\/v2\/media?parent=5659"}],"curies":[{"name":"wp","href":"https:\/\/api.w.org\/{rel}","templated":true}]}}