{"id":5667,"date":"2025-03-29T14:25:45","date_gmt":"2025-03-29T14:25:45","guid":{"rendered":"https:\/\/museocavallinodellagiara.it\/obligations-de-transparence-concernant-les-depenses-publiques\/"},"modified":"2025-03-29T14:25:45","modified_gmt":"2025-03-29T14:25:45","slug":"obligations-de-transparence-concernant-les-depenses-publiques","status":"publish","type":"page","link":"https:\/\/museocavallinodellagiara.it\/fr\/obligations-de-transparence-concernant-les-depenses-publiques\/","title":{"rendered":"Obligations de transparence concernant les d\u00e9penses publiques"},"content":{"rendered":"\n<p><strong>SECTION D\u00c9DI\u00c9E AUX OBLIGATIONS DE TRANSPARENCE<br\/>Obligations de transparence relatives aux d\u00e9penses publiques (Art. 1, c. 124, L 124\/2017)<\/strong><\/p>\n\n<p>D\u00e9cembre 2021 &#8211; D\u00e9cret du ministre de la Culture n\u00b0 228 du 30 juin 2021 &#8211; \u20ac 2,124.59 <br\/>Octobre 2021 &#8211; CONCESSION DES DOMAINES D&rsquo;INTERIEUR CONTRIBUTION &#8211; FONDS DE SOUTIEN AUX ACTIVIT\u00c9S \u00c9CONOMIQUES, ARTISANALES ET COMMERCIALES &#8211; \u20ac 1.168,20<br\/>Mai 2021 &#8211; ARR\u00caT\u00c9 MINIST\u00c9RIEL N\u00b0 297 DU 26\/06\/2020 FONDS D&rsquo;URGENCE DU MUS\u00c9E &#8211; \u20ac 10.730,50<br\/>Mai 2021 &#8211; MINIST\u00c8RE DE LA CULTURE DM 533 &#8211; \u20ac 2,848.59<br\/>Novembre 2020 &#8211; AG.ENTRATE PAG URG COVID19 &#8211; CONTRIBUTION ART. 1 DL N. 137 DEL 2020 &#8211; \u20ac 4.000,00<br\/>Ao\u00fbt 2020 &#8211; AG.ENTRATE PAG URG COVID19 &#8211; CONTRIBUTE ART. 25 DL N. 34 DEL 2020 &#8211; \u20ac 2.000,00<br\/>Mai 2020 &#8211; R\u00c9GION AUTONOME DE SARDINIE Ben &#8211; Culture Lab &#8211; CUPE88D17000020007 &#8211; Projet EN VOL SUR LA MER &#8211; \u20ac 4.800,00<\/p>\n\n<p>V\u00e9rification des aides d&rsquo;\u00c9tat <a href=\"https:\/\/www.rna.gov.it\/RegistroNazionaleTrasparenza\/faces\/pages\/TrasparenzaAiuto.jspx\" target=\"_blank\" rel=\"noreferrer noopener\">: https:\/\/www.rna.gov.it\/RegistroNazionaleTrasparenza\/faces\/pages\/TrasparenzaAiuto.jspx<\/a><\/p>\n","protected":false},"excerpt":{"rendered":"<p>SECTION D\u00c9DI\u00c9E AUX OBLIGATIONS DE TRANSPARENCEObligations de transparence relatives aux d\u00e9penses publiques (Art. 1, c. 124, L 124\/2017) D\u00e9cembre 2021 &#8211; D\u00e9cret du ministre de la Culture n\u00b0 228 du 30 juin 2021 &#8211; \u20ac 2,124.59 Octobre 2021 &#8211; CONCESSION DES DOMAINES D&rsquo;INTERIEUR CONTRIBUTION &#8211; FONDS DE SOUTIEN AUX ACTIVIT\u00c9S [&hellip;]<\/p>\n","protected":false},"author":1,"featured_media":0,"parent":0,"menu_order":0,"comment_status":"closed","ping_status":"closed","template":"","meta":{"footnotes":""},"class_list":["post-5667","page","type-page","status-publish","hentry"],"yoast_head":"<!-- This site is optimized with the Yoast SEO plugin v27.5 - https:\/\/yoast.com\/product\/yoast-seo-wordpress\/ -->\n<title>Obligations de transparence concernant les d\u00e9penses publiques - Museo del Cavallino della Giara<\/title>\n<meta name=\"robots\" content=\"index, follow, max-snippet:-1, max-image-preview:large, max-video-preview:-1\" \/>\n<link rel=\"canonical\" href=\"https:\/\/museocavallinodellagiara.it\/fr\/obligations-de-transparence-concernant-les-depenses-publiques\/\" \/>\n<meta property=\"og:locale\" content=\"fr_FR\" \/>\n<meta property=\"og:type\" content=\"article\" \/>\n<meta property=\"og:title\" content=\"Obligations de transparence concernant les d\u00e9penses publiques - Museo del Cavallino della Giara\" \/>\n<meta property=\"og:description\" content=\"SECTION D\u00c9DI\u00c9E AUX OBLIGATIONS DE TRANSPARENCEObligations de transparence relatives aux d\u00e9penses publiques (Art. 1, c. 124, L 124\/2017) D\u00e9cembre 2021 &#8211; D\u00e9cret du ministre de la Culture n\u00b0 228 du 30 juin 2021 &#8211; \u20ac 2,124.59 Octobre 2021 &#8211; CONCESSION DES DOMAINES D&rsquo;INTERIEUR CONTRIBUTION &#8211; FONDS DE SOUTIEN AUX ACTIVIT\u00c9S [&hellip;]\" \/>\n<meta property=\"og:url\" content=\"https:\/\/museocavallinodellagiara.it\/fr\/obligations-de-transparence-concernant-les-depenses-publiques\/\" \/>\n<meta property=\"og:site_name\" content=\"Museo del Cavallino della Giara\" \/>\n<meta property=\"article:publisher\" content=\"https:\/\/business.facebook.com\/parcgenoni\/\" \/>\n<meta property=\"og:image\" content=\"https:\/\/museocavallinodellagiara.it\/wp-content\/uploads\/2018\/01\/cavalla_puledro_giara-min.jpg\" \/>\n\t<meta property=\"og:image:width\" content=\"1200\" \/>\n\t<meta property=\"og:image:height\" content=\"800\" \/>\n\t<meta property=\"og:image:type\" content=\"image\/jpeg\" \/>\n<meta name=\"twitter:card\" content=\"summary_large_image\" \/>\n<meta name=\"twitter:label1\" content=\"Dur\u00e9e de lecture estim\u00e9e\" \/>\n\t<meta name=\"twitter:data1\" content=\"1 minute\" \/>\n<script type=\"application\/ld+json\" class=\"yoast-schema-graph\">{\"@context\":\"https:\\\/\\\/schema.org\",\"@graph\":[{\"@type\":\"WebPage\",\"@id\":\"https:\\\/\\\/museocavallinodellagiara.it\\\/fr\\\/obligations-de-transparence-concernant-les-depenses-publiques\\\/\",\"url\":\"https:\\\/\\\/museocavallinodellagiara.it\\\/fr\\\/obligations-de-transparence-concernant-les-depenses-publiques\\\/\",\"name\":\"Obligations de transparence concernant les d\u00e9penses publiques - Museo del Cavallino della Giara\",\"isPartOf\":{\"@id\":\"https:\\\/\\\/museocavallinodellagiara.it\\\/#website\"},\"datePublished\":\"2025-03-29T14:25:45+00:00\",\"breadcrumb\":{\"@id\":\"https:\\\/\\\/museocavallinodellagiara.it\\\/fr\\\/obligations-de-transparence-concernant-les-depenses-publiques\\\/#breadcrumb\"},\"inLanguage\":\"fr-FR\",\"potentialAction\":[{\"@type\":\"ReadAction\",\"target\":[\"https:\\\/\\\/museocavallinodellagiara.it\\\/fr\\\/obligations-de-transparence-concernant-les-depenses-publiques\\\/\"]}]},{\"@type\":\"BreadcrumbList\",\"@id\":\"https:\\\/\\\/museocavallinodellagiara.it\\\/fr\\\/obligations-de-transparence-concernant-les-depenses-publiques\\\/#breadcrumb\",\"itemListElement\":[{\"@type\":\"ListItem\",\"position\":1,\"name\":\"Home\",\"item\":\"https:\\\/\\\/museocavallinodellagiara.it\\\/fr\\\/\"},{\"@type\":\"ListItem\",\"position\":2,\"name\":\"Obligations de transparence concernant les d\u00e9penses publiques\"}]},{\"@type\":\"WebSite\",\"@id\":\"https:\\\/\\\/museocavallinodellagiara.it\\\/#website\",\"url\":\"https:\\\/\\\/museocavallinodellagiara.it\\\/\",\"name\":\"Museo del Cavallino della Giara\",\"description\":\"Il museo dedicato al cavallo e al Parco della Giara\",\"publisher\":{\"@id\":\"https:\\\/\\\/museocavallinodellagiara.it\\\/#organization\"},\"potentialAction\":[{\"@type\":\"SearchAction\",\"target\":{\"@type\":\"EntryPoint\",\"urlTemplate\":\"https:\\\/\\\/museocavallinodellagiara.it\\\/?s={search_term_string}\"},\"query-input\":{\"@type\":\"PropertyValueSpecification\",\"valueRequired\":true,\"valueName\":\"search_term_string\"}}],\"inLanguage\":\"fr-FR\"},{\"@type\":\"Organization\",\"@id\":\"https:\\\/\\\/museocavallinodellagiara.it\\\/#organization\",\"name\":\"Museo del Cavallino della Giara\",\"url\":\"https:\\\/\\\/museocavallinodellagiara.it\\\/\",\"logo\":{\"@type\":\"ImageObject\",\"inLanguage\":\"fr-FR\",\"@id\":\"https:\\\/\\\/museocavallinodellagiara.it\\\/#\\\/schema\\\/logo\\\/image\\\/\",\"url\":\"https:\\\/\\\/museocavallinodellagiara.it\\\/wp-content\\\/uploads\\\/2018\\\/01\\\/logo_cavallino.png\",\"contentUrl\":\"https:\\\/\\\/museocavallinodellagiara.it\\\/wp-content\\\/uploads\\\/2018\\\/01\\\/logo_cavallino.png\",\"width\":606,\"height\":739,\"caption\":\"Museo del Cavallino della Giara\"},\"image\":{\"@id\":\"https:\\\/\\\/museocavallinodellagiara.it\\\/#\\\/schema\\\/logo\\\/image\\\/\"},\"sameAs\":[\"https:\\\/\\\/business.facebook.com\\\/parcgenoni\\\/\",\"https:\\\/\\\/www.youtube.com\\\/user\\\/ParcGenoni\"]}]}<\/script>\n<!-- \/ Yoast SEO plugin. -->","yoast_head_json":{"title":"Obligations de transparence concernant les d\u00e9penses publiques - Museo del Cavallino della Giara","robots":{"index":"index","follow":"follow","max-snippet":"max-snippet:-1","max-image-preview":"max-image-preview:large","max-video-preview":"max-video-preview:-1"},"canonical":"https:\/\/museocavallinodellagiara.it\/fr\/obligations-de-transparence-concernant-les-depenses-publiques\/","og_locale":"fr_FR","og_type":"article","og_title":"Obligations de transparence concernant les d\u00e9penses publiques - Museo del Cavallino della Giara","og_description":"SECTION D\u00c9DI\u00c9E AUX OBLIGATIONS DE TRANSPARENCEObligations de transparence relatives aux d\u00e9penses publiques (Art. 1, c. 124, L 124\/2017) D\u00e9cembre 2021 &#8211; D\u00e9cret du ministre de la Culture n\u00b0 228 du 30 juin 2021 &#8211; \u20ac 2,124.59 Octobre 2021 &#8211; CONCESSION DES DOMAINES D&rsquo;INTERIEUR CONTRIBUTION &#8211; FONDS DE SOUTIEN AUX ACTIVIT\u00c9S [&hellip;]","og_url":"https:\/\/museocavallinodellagiara.it\/fr\/obligations-de-transparence-concernant-les-depenses-publiques\/","og_site_name":"Museo del Cavallino della Giara","article_publisher":"https:\/\/business.facebook.com\/parcgenoni\/","og_image":[{"width":1200,"height":800,"url":"https:\/\/museocavallinodellagiara.it\/wp-content\/uploads\/2018\/01\/cavalla_puledro_giara-min.jpg","type":"image\/jpeg"}],"twitter_card":"summary_large_image","twitter_misc":{"Dur\u00e9e de lecture estim\u00e9e":"1 minute"},"schema":{"@context":"https:\/\/schema.org","@graph":[{"@type":"WebPage","@id":"https:\/\/museocavallinodellagiara.it\/fr\/obligations-de-transparence-concernant-les-depenses-publiques\/","url":"https:\/\/museocavallinodellagiara.it\/fr\/obligations-de-transparence-concernant-les-depenses-publiques\/","name":"Obligations de transparence concernant les d\u00e9penses publiques - Museo del Cavallino della Giara","isPartOf":{"@id":"https:\/\/museocavallinodellagiara.it\/#website"},"datePublished":"2025-03-29T14:25:45+00:00","breadcrumb":{"@id":"https:\/\/museocavallinodellagiara.it\/fr\/obligations-de-transparence-concernant-les-depenses-publiques\/#breadcrumb"},"inLanguage":"fr-FR","potentialAction":[{"@type":"ReadAction","target":["https:\/\/museocavallinodellagiara.it\/fr\/obligations-de-transparence-concernant-les-depenses-publiques\/"]}]},{"@type":"BreadcrumbList","@id":"https:\/\/museocavallinodellagiara.it\/fr\/obligations-de-transparence-concernant-les-depenses-publiques\/#breadcrumb","itemListElement":[{"@type":"ListItem","position":1,"name":"Home","item":"https:\/\/museocavallinodellagiara.it\/fr\/"},{"@type":"ListItem","position":2,"name":"Obligations de transparence concernant les d\u00e9penses publiques"}]},{"@type":"WebSite","@id":"https:\/\/museocavallinodellagiara.it\/#website","url":"https:\/\/museocavallinodellagiara.it\/","name":"Museo del Cavallino della Giara","description":"Il museo dedicato al cavallo e al Parco della Giara","publisher":{"@id":"https:\/\/museocavallinodellagiara.it\/#organization"},"potentialAction":[{"@type":"SearchAction","target":{"@type":"EntryPoint","urlTemplate":"https:\/\/museocavallinodellagiara.it\/?s={search_term_string}"},"query-input":{"@type":"PropertyValueSpecification","valueRequired":true,"valueName":"search_term_string"}}],"inLanguage":"fr-FR"},{"@type":"Organization","@id":"https:\/\/museocavallinodellagiara.it\/#organization","name":"Museo del Cavallino della Giara","url":"https:\/\/museocavallinodellagiara.it\/","logo":{"@type":"ImageObject","inLanguage":"fr-FR","@id":"https:\/\/museocavallinodellagiara.it\/#\/schema\/logo\/image\/","url":"https:\/\/museocavallinodellagiara.it\/wp-content\/uploads\/2018\/01\/logo_cavallino.png","contentUrl":"https:\/\/museocavallinodellagiara.it\/wp-content\/uploads\/2018\/01\/logo_cavallino.png","width":606,"height":739,"caption":"Museo del Cavallino della Giara"},"image":{"@id":"https:\/\/museocavallinodellagiara.it\/#\/schema\/logo\/image\/"},"sameAs":["https:\/\/business.facebook.com\/parcgenoni\/","https:\/\/www.youtube.com\/user\/ParcGenoni"]}]}},"_links":{"self":[{"href":"https:\/\/museocavallinodellagiara.it\/fr\/wp-json\/wp\/v2\/pages\/5667","targetHints":{"allow":["GET"]}}],"collection":[{"href":"https:\/\/museocavallinodellagiara.it\/fr\/wp-json\/wp\/v2\/pages"}],"about":[{"href":"https:\/\/museocavallinodellagiara.it\/fr\/wp-json\/wp\/v2\/types\/page"}],"author":[{"embeddable":true,"href":"https:\/\/museocavallinodellagiara.it\/fr\/wp-json\/wp\/v2\/users\/1"}],"replies":[{"embeddable":true,"href":"https:\/\/museocavallinodellagiara.it\/fr\/wp-json\/wp\/v2\/comments?post=5667"}],"version-history":[{"count":1,"href":"https:\/\/museocavallinodellagiara.it\/fr\/wp-json\/wp\/v2\/pages\/5667\/revisions"}],"predecessor-version":[{"id":5668,"href":"https:\/\/museocavallinodellagiara.it\/fr\/wp-json\/wp\/v2\/pages\/5667\/revisions\/5668"}],"wp:attachment":[{"href":"https:\/\/museocavallinodellagiara.it\/fr\/wp-json\/wp\/v2\/media?parent=5667"}],"curies":[{"name":"wp","href":"https:\/\/api.w.org\/{rel}","templated":true}]}}