{"id":5672,"date":"2025-03-29T14:27:42","date_gmt":"2025-03-29T14:27:42","guid":{"rendered":"https:\/\/museocavallinodellagiara.it\/horaires-et-billetterie\/"},"modified":"2025-03-29T14:27:42","modified_gmt":"2025-03-29T14:27:42","slug":"horaires-et-billetterie","status":"publish","type":"page","link":"https:\/\/museocavallinodellagiara.it\/fr\/horaires-et-billetterie\/","title":{"rendered":"Horaires et billetterie"},"content":{"rendered":"<p>[vc_row][vc_column][vc_column_text]<div class=\"special-heading vntd-heading heading-border-below heading-align-center heading-with-icon\"><div class=\"special-heading-icon colored\"><i class=\"fa fa-clock-o\"><\/i><\/div><h3 class=\"special-heading-title\">Heures d'entr\u00e9e du Mus\u00e9e civique du Cavallino della Giara<\/h3><p class=\"special-heading-subtitle\">Invernali ed estivi<\/p><\/div>[\/vc_column_text][\/vc_column][\/vc_row][vc_row equal_height=\u00a0\u00bbyes\u00a0\u00bb content_placement=\u00a0\u00bbmiddle\u00a0\u00bb bg_color_pre=\u00a0\u00bbbg-color-1&Prime; css=\u00a0\u00bb.vc_custom_1545489475769{padding-top: 90px !important;padding-bottom: 20px !important;background-position: center !important;background-repeat: no-repeat !important;background-size: cover !important;}\u00a0\u00bb][vc_column width=\u00a0\u00bb1\/2&Prime; col_padding=\u00a0\u00bb2&Prime; col_padding_side=\u00a0\u00bbleft\u00a0\u00bb css=\u00a0\u00bb.vc_custom_1494861039724{padding-top: 20px !important;}\u00a0\u00bb][vc_column_text]<\/p>\n<h3 style=\"text-align: left;\"><strong>HIVER<\/strong><\/h3>\n<p>[\/vc_column_text][vc_column_text css=\u00a0\u00bb.vc_custom_1730477562291{margin-bottom: 25px !important;}\u00a0\u00bb]Lundi : 10 h \u00e0 18 h<br \/>\nMardi : 10 h \u00e0 18 h<br \/>\nMercredi : 10 h \u00e0 18 h<br \/>\nJeudi : 10 h \u00e0 18 h<br \/>\nVendredi : 10 h \u00e0 18 h<br \/>\nSamedi : 10 h \u00e0 19 h<br \/>\nDimanche : 10 h \u00e0 19 h[\/vc_column_text][\/vc_column][vc_column width=\u00a0\u00bb1\/2&Prime;][vc_column_text]<\/p>\n<h3 style=\"text-align: left;\"><strong>\u00c9T\u00c9<\/strong><\/h3>\n<p>[\/vc_column_text][vc_column_text]Lundi : 10 h \u00e0 13 h &#8211; 16 h \u00e0 20 h<br \/>\nMardi : 10 h \u00e0 13 h &#8211; 16 h \u00e0 20 h<br \/>\nMercredi : 10 h \u00e0 13 h &#8211; 16 h \u00e0 20 h<br \/>\nJeudi : 10 h \u00e0 13 h &#8211; 16 h \u00e0 20 h Vendredi : 10 h \u00e0 13 h &#8211; 16 h \u00e0 20 h Dimanche : 10 h \u00e0 13 h &#8211; 16 h \u00e0 20 h 00 &#8211; 16.00 \u00e0 20.00<br \/>\nVendredi : 10.00 \u00e0 13.00 &#8211; 16.00 \u00e0 20.00<br \/>\nSamedi : 10.00 \u00e0 13.00 &#8211; 16.00 \u00e0 20.00<br \/>\nDimanche : 10.00 \u00e0 13.00 &#8211; 16.00 \u00e0 20.00[\/vc_column_text][\/vc_column][\/vc_row][vc_row equal_height=\u00a0\u00bbyes\u00a0\u00bb content_placement=\u00a0\u00bbmiddle\u00a0\u00bb bg_color_pre=\u00a0\u00bbbg-color-1&Prime; css=\u00a0\u00bb.vc_custom_1545489401592{padding-top: 10px !important;padding-bottom: 60px !important;background-position: center !important;background-repeat: no-repeat !important;background-size: cover !important;}\u00a0\u00bb][vc_column col_padding=\u00a0\u00bb2&Prime; col_padding_side=\u00a0\u00bbleft\u00a0\u00bb css=\u00a0\u00bb.vc_custom_1494861039724{padding-top: 20px !important;}\u00a0\u00bb][vc_message message_box_color=\u00a0\u00bbdanger\u00a0\u00bb css_animation=\u00a0\u00bbfadeIn\u00a0\u00bb]<\/p>\n<p style=\"text-align: center;\"><strong>24, 25, 31 d\u00e9cembre et 1er janvier sur r\u00e9servation uniquement.<\/strong><\/p>\n<p>[\/vc_message][\/vc_column][\/vc_row][vc_row][vc_column][vc_separator color=\u00a0\u00bbcustom\u00a0\u00bb border_width=\u00a0\u00bb2&Prime; accent_color=\u00a0\u00bb#204d62&Prime;][\/vc_column][\/vc_row][vc_row][vc_column][vc_column_text]<div class=\"special-heading vntd-heading heading-border-below heading-align-center heading-with-icon\"><div class=\"special-heading-icon colored\"><i class=\"fa fa-money\"><\/i><\/div><h3 class=\"special-heading-title\">Billetterie et frais d'admission<\/h3><\/div>[\/vc_column_text][\/vc_column][\/vc_row][vc_row css=\u00a0\u00bb.vc_custom_1494253443261{padding-top: 80px !important;padding-bottom: 62px !important;}\u00a0\u00bb][vc_column][vc_row_inner css=\u00a0\u00bb.vc_custom_1494253419308{padding-top: 10px !important;}\u00a0\u00bb][vc_column_inner width=\u00a0\u00bb1\/4&Prime;][vc_column_text]<div class=\"pricing-box pricing-box-minimal pricing-box-gray\"><h4 class=\"pricing-box-title\">Enti\u00e8re<\/h2><div class=\"pricing-box-price\"><h5>\u20ac 3,5<\/h5><span class=\"pricing-box-period\">\/ Giornaliero<\/span><\/div><ul class=\"pricing-box-features\"><li>Include ingresso e visita guidata al Museo<\/li><\/ul><div class=\"pricing-box-button-holder\"><a href=\"https:\/\/www.museumshop.inlandsardinia.it\/prodotto\/biglietteria\/biglietto-museo-del-cavallino\/\" class=\"btn pricing-box-button btn-hover-dark btn-grey\">Acquista<\/a><\/div><\/div>[\/vc_column_text][\/vc_column_inner][vc_column_inner width=\u00a0\u00bb1\/4&Prime;][vc_column_text]<div class=\"pricing-box pricing-box-minimal pricing-box-gray\"><h4 class=\"pricing-box-title\">R\u00e9duit<\/h2><div class=\"pricing-box-price\"><h5>\u20ac 2,5<\/h5><span class=\"pricing-box-period\">\/ Giornaliero<\/span><\/div><ul class=\"pricing-box-features\"><li>Include ingresso e visita guidata al Museo<\/li><\/ul><div class=\"pricing-box-button-holder\"><a href=\"https:\/\/www.museumshop.inlandsardinia.it\/prodotto\/biglietteria\/biglietto-museo-del-cavallino\/\" class=\"btn pricing-box-button btn-hover-dark btn-grey\">Acquista<\/a><\/div><\/div>[\/vc_column_text][\/vc_column_inner][vc_column_inner width=\u00a0\u00bb1\/4&Prime;][vc_column_text]<div class=\"pricing-box pricing-box-featured  border-color-accent pricing-box-minimal pricing-box-gray\"><h4 class=\"pricing-box-title\">Atelier \u00e9ducatif<\/h2><div class=\"pricing-box-price\"><h5>\u20ac 6<\/h5><span class=\"pricing-box-period\">\/ Circa 2 ore<\/span><\/div><ul class=\"pricing-box-features\"><li>Include ingresso e visita guidata al Museo<\/li><\/ul><div class=\"pricing-box-button-holder\"><a href=\"https:\/\/www.museumshop.inlandsardinia.it\/laboratori-didattici\/\" class=\"btn pricing-box-button btn-hover-dark btn-accent\">Vedi le proposte<\/a><\/div><\/div>[\/vc_column_text][\/vc_column_inner][vc_column_inner width=\u00a0\u00bb1\/4&Prime;][vc_column_text]<div class=\"pricing-box pricing-box-minimal pricing-box-gray\"><h4 class=\"pricing-box-title\">Gratuit<\/h2><div class=\"pricing-box-price\"><h5>\u20ac 0<\/h5><span class=\"pricing-box-period\">\/ Giornaliero<\/span><\/div><ul class=\"pricing-box-features\"><li><\/li><\/ul><\/div>[\/vc_column_text][\/vc_column_inner][\/vc_row_inner][vc_row_inner css=\u00a0\u00bb.vc_custom_1494253419308{padding-top: 10px !important;}\u00a0\u00bb][vc_column_inner width=\u00a0\u00bb1\/4&Prime;][vc_column_text]<div class=\"pricing-box pricing-box-minimal pricing-box-gray\"><h4 class=\"pricing-box-title\">Deux mus\u00e9es<\/h2><div class=\"pricing-box-price\"><h5>\u20ac 6<\/h5><span class=\"pricing-box-period\">\/ Giornaliero<\/span><\/div><ul class=\"pricing-box-features\"><li>Include ingresso e visita guidata a due musei di Genoni<\/li><\/ul><div class=\"pricing-box-button-holder\"><a href=\"https:\/\/www.museumshop.inlandsardinia.it\/biglietteria-musei-di-genoni\/\" class=\"btn pricing-box-button btn-hover-dark btn-grey\">Acquista<\/a><\/div><\/div>[\/vc_column_text][\/vc_column_inner][vc_column_inner width=\u00a0\u00bb1\/4&Prime;][vc_column_text]<div class=\"pricing-box pricing-box-minimal pricing-box-gray\"><h4 class=\"pricing-box-title\">Trois sites\/mus\u00e9es<\/h2><div class=\"pricing-box-price\"><h5>\u20ac 8,5<\/h5><span class=\"pricing-box-period\">\/ Giornaliero<\/span><\/div><ul class=\"pricing-box-features\"><li>Include ingresso e visita guidata a tre siti\/musei di Genoni<\/li><\/ul><div class=\"pricing-box-button-holder\"><a href=\"https:\/\/www.museumshop.inlandsardinia.it\/biglietteria-musei-di-genoni\/\" class=\"btn pricing-box-button btn-hover-dark btn-grey\">Acquista<\/a><\/div><\/div>[\/vc_column_text][\/vc_column_inner][vc_column_inner width=\u00a0\u00bb1\/4&Prime;][vc_column_text]<div class=\"pricing-box pricing-box-featured  border-color-accent pricing-box-minimal pricing-box-gray\"><h4 class=\"pricing-box-title\">Journ\u00e9e enti\u00e8re<\/h2><div class=\"pricing-box-price\"><h5>\u20ac 10,5<\/h5><span class=\"pricing-box-period\">\/ Giornaliero<\/span><\/div><ul class=\"pricing-box-features\"><li>Include ingresso e visita guidata a tutte le strutture\/siti di Genoni<\/li><\/ul><div class=\"pricing-box-button-holder\"><a href=\"https:\/\/www.museumshop.inlandsardinia.it\/biglietteria-musei-di-genoni\/\" class=\"btn pricing-box-button btn-hover-dark btn-accent\">Acquista<\/a><\/div><\/div>[\/vc_column_text][\/vc_column_inner][vc_column_inner width=\u00a0\u00bb1\/4&Prime;][vc_column_text]<div class=\"pricing-box pricing-box-minimal pricing-box-gray\"><h4 class=\"pricing-box-title\">Visite guid\u00e9e du parc de la Giara<\/h2><div class=\"pricing-box-price\"><h5>\u20ac 10,5<\/h5><span class=\"pricing-box-period\">\/ Giornaliero<\/span><\/div><ul class=\"pricing-box-features\"><li>Include la formula di una giornata<\/li><\/ul><div class=\"pricing-box-button-holder\"><a href=\"https:\/\/www.museumshop.inlandsardinia.it\/biglietteria-musei-di-genoni\/\" class=\"btn pricing-box-button btn-hover-dark btn-grey\">Acquista<\/a><\/div><\/div>[\/vc_column_text][\/vc_column_inner][\/vc_row_inner]<div class=\"special-heading vntd-heading heading-no-border heading-align-center\"><h3 class=\"special-heading-title\">Ulteriori riduzione e offerte<\/h3><p class=\"special-heading-subtitle\">Biglietto ridotto per i visitatori dei nostri partner e gruppi!<\/p><\/div>[vc_column_text]<\/p>\n<ul>\n<li>Pour les groupes d&rsquo;au moins 20 personnes.<\/li>\n<li>Pour ceux qui pr\u00e9sentent un billet d&rsquo;entr\u00e9e au <strong>Bois des Contes de Pau (Bosco dell Fiabe)<\/strong>, au <strong>Mus\u00e9e du Jouet d&rsquo;Al\u00e8s (Museo del Giocattolo tradizionale della Sardegna), <\/strong>s\u00e9jour ou repas \u00e0 l&rsquo;<strong>Agriturismo Nuraxi e Pinna<\/strong>.<\/li>\n<li>Cette r\u00e9duction est \u00e9galement valable dans les autres structures culturelles participantes.<\/li>\n<\/ul>\n<p>[\/vc_column_text][\/vc_column][\/vc_row]<\/p>\n","protected":false},"excerpt":{"rendered":"<p>[vc_row][vc_column][vc_column_text][\/vc_column_text][\/vc_column][\/vc_row][vc_row equal_height=\u00a0\u00bbyes\u00a0\u00bb content_placement=\u00a0\u00bbmiddle\u00a0\u00bb bg_color_pre=\u00a0\u00bbbg-color-1&Prime; css=\u00a0\u00bb.vc_custom_1545489475769{padding-top: 90px !important;padding-bottom: 20px !important;background-position: center !important;background-repeat: no-repeat !important;background-size: cover !important;}\u00a0\u00bb][vc_column width=\u00a0\u00bb1\/2&Prime; col_padding=\u00a0\u00bb2&Prime; col_padding_side=\u00a0\u00bbleft\u00a0\u00bb css=\u00a0\u00bb.vc_custom_1494861039724{padding-top: 20px !important;}\u00a0\u00bb][vc_column_text] HIVER [\/vc_column_text][vc_column_text css=\u00a0\u00bb.vc_custom_1730477562291{margin-bottom: 25px !important;}\u00a0\u00bb]Lundi : 10 h \u00e0 18 h Mardi : 10 h \u00e0 18 h Mercredi : 10 h \u00e0 18 h Jeudi : 10 h [&hellip;]<\/p>\n","protected":false},"author":1,"featured_media":0,"parent":0,"menu_order":0,"comment_status":"closed","ping_status":"closed","template":"","meta":{"footnotes":""},"class_list":["post-5672","page","type-page","status-publish","hentry"],"yoast_head":"<!-- This site is optimized with the Yoast SEO plugin v27.1.1 - https:\/\/yoast.com\/product\/yoast-seo-wordpress\/ -->\n<title>Horaires et billetterie - Museo del Cavallino della Giara<\/title>\n<meta name=\"description\" content=\"Les horaires d&#039;ouverture et la billetterie du mus\u00e9e Cavallino della Giara et les diff\u00e9rentes possibilit\u00e9s de visite allant d&#039;une visite unique \u00e0 un circuit d&#039;une journ\u00e9e. Visitez le site !\" \/>\n<meta name=\"robots\" content=\"index, follow, max-snippet:-1, max-image-preview:large, max-video-preview:-1\" \/>\n<link rel=\"canonical\" href=\"https:\/\/museocavallinodellagiara.it\/fr\/horaires-et-billetterie\/\" \/>\n<meta property=\"og:locale\" content=\"fr_FR\" \/>\n<meta property=\"og:type\" content=\"article\" \/>\n<meta property=\"og:title\" content=\"Horaires et billetterie - Museo del Cavallino della Giara\" \/>\n<meta property=\"og:description\" content=\"Les horaires d&#039;ouverture et la billetterie du mus\u00e9e Cavallino della Giara et les diff\u00e9rentes possibilit\u00e9s de visite allant d&#039;une visite unique \u00e0 un circuit d&#039;une journ\u00e9e. Visitez le site !\" \/>\n<meta property=\"og:url\" content=\"https:\/\/museocavallinodellagiara.it\/fr\/horaires-et-billetterie\/\" \/>\n<meta property=\"og:site_name\" content=\"Museo del Cavallino della Giara\" \/>\n<meta property=\"article:publisher\" content=\"https:\/\/business.facebook.com\/parcgenoni\/\" \/>\n<meta property=\"og:image\" content=\"https:\/\/museocavallinodellagiara.it\/wp-content\/uploads\/2018\/01\/cavalla_puledro_giara-min.jpg\" \/>\n\t<meta property=\"og:image:width\" content=\"1200\" \/>\n\t<meta property=\"og:image:height\" content=\"800\" \/>\n\t<meta property=\"og:image:type\" content=\"image\/jpeg\" \/>\n<meta name=\"twitter:card\" content=\"summary_large_image\" \/>\n<meta name=\"twitter:label1\" content=\"Dur\u00e9e de lecture estim\u00e9e\" \/>\n\t<meta name=\"twitter:data1\" content=\"4 minutes\" \/>\n<script type=\"application\/ld+json\" class=\"yoast-schema-graph\">{\"@context\":\"https:\/\/schema.org\",\"@graph\":[{\"@type\":\"WebPage\",\"@id\":\"https:\/\/museocavallinodellagiara.it\/fr\/horaires-et-billetterie\/\",\"url\":\"https:\/\/museocavallinodellagiara.it\/fr\/horaires-et-billetterie\/\",\"name\":\"Horaires et billetterie - Museo del Cavallino della Giara\",\"isPartOf\":{\"@id\":\"https:\/\/museocavallinodellagiara.it\/#website\"},\"datePublished\":\"2025-03-29T14:27:42+00:00\",\"description\":\"Les horaires d'ouverture et la billetterie du mus\u00e9e Cavallino della Giara et les diff\u00e9rentes possibilit\u00e9s de visite allant d'une visite unique \u00e0 un circuit d'une journ\u00e9e. Visitez le site !\",\"breadcrumb\":{\"@id\":\"https:\/\/museocavallinodellagiara.it\/fr\/horaires-et-billetterie\/#breadcrumb\"},\"inLanguage\":\"fr-FR\",\"potentialAction\":[{\"@type\":\"ReadAction\",\"target\":[\"https:\/\/museocavallinodellagiara.it\/fr\/horaires-et-billetterie\/\"]}]},{\"@type\":\"BreadcrumbList\",\"@id\":\"https:\/\/museocavallinodellagiara.it\/fr\/horaires-et-billetterie\/#breadcrumb\",\"itemListElement\":[{\"@type\":\"ListItem\",\"position\":1,\"name\":\"Home\",\"item\":\"https:\/\/museocavallinodellagiara.it\/fr\/\"},{\"@type\":\"ListItem\",\"position\":2,\"name\":\"Horaires et billetterie\"}]},{\"@type\":\"WebSite\",\"@id\":\"https:\/\/museocavallinodellagiara.it\/#website\",\"url\":\"https:\/\/museocavallinodellagiara.it\/\",\"name\":\"Museo del Cavallino della Giara\",\"description\":\"Il museo dedicato al cavallo e al Parco della Giara\",\"publisher\":{\"@id\":\"https:\/\/museocavallinodellagiara.it\/#organization\"},\"potentialAction\":[{\"@type\":\"SearchAction\",\"target\":{\"@type\":\"EntryPoint\",\"urlTemplate\":\"https:\/\/museocavallinodellagiara.it\/?s={search_term_string}\"},\"query-input\":{\"@type\":\"PropertyValueSpecification\",\"valueRequired\":true,\"valueName\":\"search_term_string\"}}],\"inLanguage\":\"fr-FR\"},{\"@type\":\"Organization\",\"@id\":\"https:\/\/museocavallinodellagiara.it\/#organization\",\"name\":\"Museo del Cavallino della Giara\",\"url\":\"https:\/\/museocavallinodellagiara.it\/\",\"logo\":{\"@type\":\"ImageObject\",\"inLanguage\":\"fr-FR\",\"@id\":\"https:\/\/museocavallinodellagiara.it\/#\/schema\/logo\/image\/\",\"url\":\"https:\/\/museocavallinodellagiara.it\/wp-content\/uploads\/2018\/01\/logo_cavallino.png\",\"contentUrl\":\"https:\/\/museocavallinodellagiara.it\/wp-content\/uploads\/2018\/01\/logo_cavallino.png\",\"width\":606,\"height\":739,\"caption\":\"Museo del Cavallino della Giara\"},\"image\":{\"@id\":\"https:\/\/museocavallinodellagiara.it\/#\/schema\/logo\/image\/\"},\"sameAs\":[\"https:\/\/business.facebook.com\/parcgenoni\/\",\"https:\/\/www.youtube.com\/user\/ParcGenoni\"]}]}<\/script>\n<!-- \/ Yoast SEO plugin. -->","yoast_head_json":{"title":"Horaires et billetterie - Museo del Cavallino della Giara","description":"Les horaires d'ouverture et la billetterie du mus\u00e9e Cavallino della Giara et les diff\u00e9rentes possibilit\u00e9s de visite allant d'une visite unique \u00e0 un circuit d'une journ\u00e9e. Visitez le site !","robots":{"index":"index","follow":"follow","max-snippet":"max-snippet:-1","max-image-preview":"max-image-preview:large","max-video-preview":"max-video-preview:-1"},"canonical":"https:\/\/museocavallinodellagiara.it\/fr\/horaires-et-billetterie\/","og_locale":"fr_FR","og_type":"article","og_title":"Horaires et billetterie - Museo del Cavallino della Giara","og_description":"Les horaires d'ouverture et la billetterie du mus\u00e9e Cavallino della Giara et les diff\u00e9rentes possibilit\u00e9s de visite allant d'une visite unique \u00e0 un circuit d'une journ\u00e9e. Visitez le site !","og_url":"https:\/\/museocavallinodellagiara.it\/fr\/horaires-et-billetterie\/","og_site_name":"Museo del Cavallino della Giara","article_publisher":"https:\/\/business.facebook.com\/parcgenoni\/","og_image":[{"width":1200,"height":800,"url":"https:\/\/museocavallinodellagiara.it\/wp-content\/uploads\/2018\/01\/cavalla_puledro_giara-min.jpg","type":"image\/jpeg"}],"twitter_card":"summary_large_image","twitter_misc":{"Dur\u00e9e de lecture estim\u00e9e":"4 minutes"},"schema":{"@context":"https:\/\/schema.org","@graph":[{"@type":"WebPage","@id":"https:\/\/museocavallinodellagiara.it\/fr\/horaires-et-billetterie\/","url":"https:\/\/museocavallinodellagiara.it\/fr\/horaires-et-billetterie\/","name":"Horaires et billetterie - Museo del Cavallino della Giara","isPartOf":{"@id":"https:\/\/museocavallinodellagiara.it\/#website"},"datePublished":"2025-03-29T14:27:42+00:00","description":"Les horaires d'ouverture et la billetterie du mus\u00e9e Cavallino della Giara et les diff\u00e9rentes possibilit\u00e9s de visite allant d'une visite unique \u00e0 un circuit d'une journ\u00e9e. Visitez le site !","breadcrumb":{"@id":"https:\/\/museocavallinodellagiara.it\/fr\/horaires-et-billetterie\/#breadcrumb"},"inLanguage":"fr-FR","potentialAction":[{"@type":"ReadAction","target":["https:\/\/museocavallinodellagiara.it\/fr\/horaires-et-billetterie\/"]}]},{"@type":"BreadcrumbList","@id":"https:\/\/museocavallinodellagiara.it\/fr\/horaires-et-billetterie\/#breadcrumb","itemListElement":[{"@type":"ListItem","position":1,"name":"Home","item":"https:\/\/museocavallinodellagiara.it\/fr\/"},{"@type":"ListItem","position":2,"name":"Horaires et billetterie"}]},{"@type":"WebSite","@id":"https:\/\/museocavallinodellagiara.it\/#website","url":"https:\/\/museocavallinodellagiara.it\/","name":"Museo del Cavallino della Giara","description":"Il museo dedicato al cavallo e al Parco della Giara","publisher":{"@id":"https:\/\/museocavallinodellagiara.it\/#organization"},"potentialAction":[{"@type":"SearchAction","target":{"@type":"EntryPoint","urlTemplate":"https:\/\/museocavallinodellagiara.it\/?s={search_term_string}"},"query-input":{"@type":"PropertyValueSpecification","valueRequired":true,"valueName":"search_term_string"}}],"inLanguage":"fr-FR"},{"@type":"Organization","@id":"https:\/\/museocavallinodellagiara.it\/#organization","name":"Museo del Cavallino della Giara","url":"https:\/\/museocavallinodellagiara.it\/","logo":{"@type":"ImageObject","inLanguage":"fr-FR","@id":"https:\/\/museocavallinodellagiara.it\/#\/schema\/logo\/image\/","url":"https:\/\/museocavallinodellagiara.it\/wp-content\/uploads\/2018\/01\/logo_cavallino.png","contentUrl":"https:\/\/museocavallinodellagiara.it\/wp-content\/uploads\/2018\/01\/logo_cavallino.png","width":606,"height":739,"caption":"Museo del Cavallino della Giara"},"image":{"@id":"https:\/\/museocavallinodellagiara.it\/#\/schema\/logo\/image\/"},"sameAs":["https:\/\/business.facebook.com\/parcgenoni\/","https:\/\/www.youtube.com\/user\/ParcGenoni"]}]}},"_links":{"self":[{"href":"https:\/\/museocavallinodellagiara.it\/fr\/wp-json\/wp\/v2\/pages\/5672","targetHints":{"allow":["GET"]}}],"collection":[{"href":"https:\/\/museocavallinodellagiara.it\/fr\/wp-json\/wp\/v2\/pages"}],"about":[{"href":"https:\/\/museocavallinodellagiara.it\/fr\/wp-json\/wp\/v2\/types\/page"}],"author":[{"embeddable":true,"href":"https:\/\/museocavallinodellagiara.it\/fr\/wp-json\/wp\/v2\/users\/1"}],"replies":[{"embeddable":true,"href":"https:\/\/museocavallinodellagiara.it\/fr\/wp-json\/wp\/v2\/comments?post=5672"}],"version-history":[{"count":2,"href":"https:\/\/museocavallinodellagiara.it\/fr\/wp-json\/wp\/v2\/pages\/5672\/revisions"}],"predecessor-version":[{"id":5674,"href":"https:\/\/museocavallinodellagiara.it\/fr\/wp-json\/wp\/v2\/pages\/5672\/revisions\/5674"}],"wp:attachment":[{"href":"https:\/\/museocavallinodellagiara.it\/fr\/wp-json\/wp\/v2\/media?parent=5672"}],"curies":[{"name":"wp","href":"https:\/\/api.w.org\/{rel}","templated":true}]}}