{"id":5685,"date":"2025-03-29T14:49:20","date_gmt":"2025-03-29T14:49:20","guid":{"rendered":"https:\/\/museocavallinodellagiara.it\/lhospitalite\/"},"modified":"2025-03-29T14:59:58","modified_gmt":"2025-03-29T14:59:58","slug":"lhospitalite","status":"publish","type":"page","link":"https:\/\/museocavallinodellagiara.it\/fr\/lhospitalite\/","title":{"rendered":"L&rsquo;hospitalit\u00e9"},"content":{"rendered":"<p>[vc_row][vc_column]<div class=\"special-heading vntd-heading heading-border-below heading-align-center heading-with-icon\"><div class=\"special-heading-icon colored\"><i class=\"fa fa-cutlery\"><\/i><\/div><h3 class=\"special-heading-title\">O\u00f9 manger et dormir \u00e0 Genoni<\/h3><p class=\"special-heading-subtitle\">Ferme accueillante dans la campagne de la ville<\/p><\/div>[\/vc_column][\/vc_row][vc_row][vc_column][vc_single_image image=\u00a0\u00bb3848&Prime; img_size=\u00a0\u00bb780&#215;420&Prime; alignment=\u00a0\u00bbcenter\u00a0\u00bb][\/vc_column][\/vc_row][vc_row][vc_column][vc_column_text]V\u00e9ritable oasis de tranquillit\u00e9, la ferme Cuaddus e Tellas, qui s&rsquo;\u00e9tend sur 15 hectares, vous permet de vous initier aux activit\u00e9s de la ferme, qu&rsquo;il s&rsquo;agisse de s&rsquo;occuper des animaux ou de faire du pain et des p\u00e2tes. Encadrement ? Un troupeau de <a href=\"https:\/\/museocavallinodellagiara.it\/fr\/petit-cheval-de-la-giara-2\/\">Cavallini della Giara<\/a>. L&rsquo;exploitation dispose \u00e9galement de deux grandes chambres et est une ferme p\u00e9dagogique. <\/p>\n<p>L&rsquo;objectif des activit\u00e9s \u00e9ducatives est de mettre les enfants et les jeunes en contact avec le monde rural et ses productions par le biais d&rsquo;activit\u00e9s stimulantes et amusantes. Le protagoniste de l&rsquo;exp\u00e9rience est la ch\u00e8vre et son lait, qui a toujours \u00e9t\u00e9 consid\u00e9r\u00e9 comme un aliment aux propri\u00e9t\u00e9s nutritionnelles \u00e9lev\u00e9es. <\/p>\n<p>Et c&rsquo;est pr\u00e9cis\u00e9ment \u00e0 partir du lait qui sera trait par les enfants qu&rsquo;ils proc\u00e9deront \u00e0 la pr\u00e9paration d&rsquo;une d\u00e9licieuse glace artisanale, en exer\u00e7ant \u00e9galement les sens de la vue, du go\u00fbt et de l&rsquo;odorat, indispensables pour choisir les meilleurs ingr\u00e9dients.<br \/>\nA la fin de l&rsquo;activit\u00e9 ? Rien de tel que de d\u00e9guster une vraie glace artisanale fra\u00eechement fouett\u00e9e. <\/p>\n<p>Quelques activit\u00e9s et ateliers :<\/p>\n<p>Visite des animaux de la ferme<br \/>\nNourrir et soigner les animaux<br \/>\nTraire les ch\u00e8vres<br \/>\nChoisir et transformer les fruits de saison<br \/>\nPr\u00e9parer et remplir des coupes de glace<br \/>\nDe la ch\u00e8vre au yaourt<br \/>\nTout le monde \u00e0 cheval<br \/>\nCamilla, Geneva et les autres animaux de la ferme<\/p>\n<p>Informations et r\u00e9servations :<\/p>\n<p>Ferme Cuaddus &amp; Tellas<br \/>\nlocalit\u00e9 Priluzza<\/p>\n<p>+39 347 65 10 485<\/p>\n<p><a href=\"http:\/\/www.cuaddusetellas.com\/index.php\/ristorante?gclid=Cj0KCQiAkNfSBRCSARIsAL-u3X_caLHKQEtFP-a5gMPMzUHxgfv2Sz4ZvgQU812aRJKl3u83Br8BKhoaAqw4EALw_wcB\">Site web<\/a>[\/vc_column_text][\/vc_column][\/vc_row]<\/p>\n","protected":false},"excerpt":{"rendered":"<p>[vc_row][vc_column][\/vc_column][\/vc_row][vc_row][vc_column][vc_single_image image=\u00a0\u00bb3848&Prime; img_size=\u00a0\u00bb780&#215;420&Prime; alignment=\u00a0\u00bbcenter\u00a0\u00bb][\/vc_column][\/vc_row][vc_row][vc_column][vc_column_text]V\u00e9ritable oasis de tranquillit\u00e9, la ferme Cuaddus e Tellas, qui s&rsquo;\u00e9tend sur 15 hectares, vous permet de vous initier aux activit\u00e9s de la ferme, qu&rsquo;il s&rsquo;agisse de s&rsquo;occuper des animaux ou de faire du pain et des p\u00e2tes. Encadrement ? Un troupeau de Cavallini della Giara. L&rsquo;exploitation [&hellip;]<\/p>\n","protected":false},"author":1,"featured_media":0,"parent":0,"menu_order":0,"comment_status":"closed","ping_status":"closed","template":"","meta":{"footnotes":""},"class_list":["post-5685","page","type-page","status-publish","hentry"],"yoast_head":"<!-- This site is optimized with the Yoast SEO plugin v27.1.1 - https:\/\/yoast.com\/product\/yoast-seo-wordpress\/ -->\n<title>L&#039;hospitalit\u00e9 - Museo del Cavallino della Giara<\/title>\n<meta name=\"description\" content=\"Agritourisme immerg\u00e9 dans la nature \u00e0 quelques kilom\u00e8tres du parc Giara di Gesturi. Vous pourrez y d\u00e9guster des plats d&#039;antan. Un splendide troupeau de chevaux Cavallini della Giara encadre l&#039;\u00e9tablissement.\" \/>\n<meta name=\"robots\" content=\"index, follow, max-snippet:-1, max-image-preview:large, max-video-preview:-1\" \/>\n<link rel=\"canonical\" href=\"https:\/\/museocavallinodellagiara.it\/fr\/lhospitalite\/\" \/>\n<meta property=\"og:locale\" content=\"fr_FR\" \/>\n<meta property=\"og:type\" content=\"article\" \/>\n<meta property=\"og:title\" content=\"L&#039;hospitalit\u00e9 - Museo del Cavallino della Giara\" \/>\n<meta property=\"og:description\" content=\"Agritourisme immerg\u00e9 dans la nature \u00e0 quelques kilom\u00e8tres du parc Giara di Gesturi. Vous pourrez y d\u00e9guster des plats d&#039;antan. Un splendide troupeau de chevaux Cavallini della Giara encadre l&#039;\u00e9tablissement.\" \/>\n<meta property=\"og:url\" content=\"https:\/\/museocavallinodellagiara.it\/fr\/lhospitalite\/\" \/>\n<meta property=\"og:site_name\" content=\"Museo del Cavallino della Giara\" \/>\n<meta property=\"article:publisher\" content=\"https:\/\/business.facebook.com\/parcgenoni\/\" \/>\n<meta property=\"article:modified_time\" content=\"2025-03-29T14:59:58+00:00\" \/>\n<meta property=\"og:image\" content=\"https:\/\/museocavallinodellagiara.it\/wp-content\/uploads\/2018\/01\/cavalla_puledro_giara-min.jpg\" \/>\n\t<meta property=\"og:image:width\" content=\"1200\" \/>\n\t<meta property=\"og:image:height\" content=\"800\" \/>\n\t<meta property=\"og:image:type\" content=\"image\/jpeg\" \/>\n<meta name=\"twitter:card\" content=\"summary_large_image\" \/>\n<meta name=\"twitter:label1\" content=\"Dur\u00e9e de lecture estim\u00e9e\" \/>\n\t<meta name=\"twitter:data1\" content=\"2 minutes\" \/>\n<script type=\"application\/ld+json\" class=\"yoast-schema-graph\">{\"@context\":\"https:\/\/schema.org\",\"@graph\":[{\"@type\":\"WebPage\",\"@id\":\"https:\/\/museocavallinodellagiara.it\/fr\/lhospitalite\/\",\"url\":\"https:\/\/museocavallinodellagiara.it\/fr\/lhospitalite\/\",\"name\":\"L'hospitalit\u00e9 - Museo del Cavallino della Giara\",\"isPartOf\":{\"@id\":\"https:\/\/museocavallinodellagiara.it\/#website\"},\"datePublished\":\"2025-03-29T14:49:20+00:00\",\"dateModified\":\"2025-03-29T14:59:58+00:00\",\"description\":\"Agritourisme immerg\u00e9 dans la nature \u00e0 quelques kilom\u00e8tres du parc Giara di Gesturi. Vous pourrez y d\u00e9guster des plats d'antan. Un splendide troupeau de chevaux Cavallini della Giara encadre l'\u00e9tablissement.\",\"breadcrumb\":{\"@id\":\"https:\/\/museocavallinodellagiara.it\/fr\/lhospitalite\/#breadcrumb\"},\"inLanguage\":\"fr-FR\",\"potentialAction\":[{\"@type\":\"ReadAction\",\"target\":[\"https:\/\/museocavallinodellagiara.it\/fr\/lhospitalite\/\"]}]},{\"@type\":\"BreadcrumbList\",\"@id\":\"https:\/\/museocavallinodellagiara.it\/fr\/lhospitalite\/#breadcrumb\",\"itemListElement\":[{\"@type\":\"ListItem\",\"position\":1,\"name\":\"Home\",\"item\":\"https:\/\/museocavallinodellagiara.it\/fr\/\"},{\"@type\":\"ListItem\",\"position\":2,\"name\":\"L&#8217;hospitalit\u00e9\"}]},{\"@type\":\"WebSite\",\"@id\":\"https:\/\/museocavallinodellagiara.it\/#website\",\"url\":\"https:\/\/museocavallinodellagiara.it\/\",\"name\":\"Museo del Cavallino della Giara\",\"description\":\"Il museo dedicato al cavallo e al Parco della Giara\",\"publisher\":{\"@id\":\"https:\/\/museocavallinodellagiara.it\/#organization\"},\"potentialAction\":[{\"@type\":\"SearchAction\",\"target\":{\"@type\":\"EntryPoint\",\"urlTemplate\":\"https:\/\/museocavallinodellagiara.it\/?s={search_term_string}\"},\"query-input\":{\"@type\":\"PropertyValueSpecification\",\"valueRequired\":true,\"valueName\":\"search_term_string\"}}],\"inLanguage\":\"fr-FR\"},{\"@type\":\"Organization\",\"@id\":\"https:\/\/museocavallinodellagiara.it\/#organization\",\"name\":\"Museo del Cavallino della Giara\",\"url\":\"https:\/\/museocavallinodellagiara.it\/\",\"logo\":{\"@type\":\"ImageObject\",\"inLanguage\":\"fr-FR\",\"@id\":\"https:\/\/museocavallinodellagiara.it\/#\/schema\/logo\/image\/\",\"url\":\"https:\/\/museocavallinodellagiara.it\/wp-content\/uploads\/2018\/01\/logo_cavallino.png\",\"contentUrl\":\"https:\/\/museocavallinodellagiara.it\/wp-content\/uploads\/2018\/01\/logo_cavallino.png\",\"width\":606,\"height\":739,\"caption\":\"Museo del Cavallino della Giara\"},\"image\":{\"@id\":\"https:\/\/museocavallinodellagiara.it\/#\/schema\/logo\/image\/\"},\"sameAs\":[\"https:\/\/business.facebook.com\/parcgenoni\/\",\"https:\/\/www.youtube.com\/user\/ParcGenoni\"]}]}<\/script>\n<!-- \/ Yoast SEO plugin. -->","yoast_head_json":{"title":"L'hospitalit\u00e9 - Museo del Cavallino della Giara","description":"Agritourisme immerg\u00e9 dans la nature \u00e0 quelques kilom\u00e8tres du parc Giara di Gesturi. Vous pourrez y d\u00e9guster des plats d'antan. Un splendide troupeau de chevaux Cavallini della Giara encadre l'\u00e9tablissement.","robots":{"index":"index","follow":"follow","max-snippet":"max-snippet:-1","max-image-preview":"max-image-preview:large","max-video-preview":"max-video-preview:-1"},"canonical":"https:\/\/museocavallinodellagiara.it\/fr\/lhospitalite\/","og_locale":"fr_FR","og_type":"article","og_title":"L'hospitalit\u00e9 - Museo del Cavallino della Giara","og_description":"Agritourisme immerg\u00e9 dans la nature \u00e0 quelques kilom\u00e8tres du parc Giara di Gesturi. Vous pourrez y d\u00e9guster des plats d'antan. Un splendide troupeau de chevaux Cavallini della Giara encadre l'\u00e9tablissement.","og_url":"https:\/\/museocavallinodellagiara.it\/fr\/lhospitalite\/","og_site_name":"Museo del Cavallino della Giara","article_publisher":"https:\/\/business.facebook.com\/parcgenoni\/","article_modified_time":"2025-03-29T14:59:58+00:00","og_image":[{"width":1200,"height":800,"url":"https:\/\/museocavallinodellagiara.it\/wp-content\/uploads\/2018\/01\/cavalla_puledro_giara-min.jpg","type":"image\/jpeg"}],"twitter_card":"summary_large_image","twitter_misc":{"Dur\u00e9e de lecture estim\u00e9e":"2 minutes"},"schema":{"@context":"https:\/\/schema.org","@graph":[{"@type":"WebPage","@id":"https:\/\/museocavallinodellagiara.it\/fr\/lhospitalite\/","url":"https:\/\/museocavallinodellagiara.it\/fr\/lhospitalite\/","name":"L'hospitalit\u00e9 - Museo del Cavallino della Giara","isPartOf":{"@id":"https:\/\/museocavallinodellagiara.it\/#website"},"datePublished":"2025-03-29T14:49:20+00:00","dateModified":"2025-03-29T14:59:58+00:00","description":"Agritourisme immerg\u00e9 dans la nature \u00e0 quelques kilom\u00e8tres du parc Giara di Gesturi. Vous pourrez y d\u00e9guster des plats d'antan. Un splendide troupeau de chevaux Cavallini della Giara encadre l'\u00e9tablissement.","breadcrumb":{"@id":"https:\/\/museocavallinodellagiara.it\/fr\/lhospitalite\/#breadcrumb"},"inLanguage":"fr-FR","potentialAction":[{"@type":"ReadAction","target":["https:\/\/museocavallinodellagiara.it\/fr\/lhospitalite\/"]}]},{"@type":"BreadcrumbList","@id":"https:\/\/museocavallinodellagiara.it\/fr\/lhospitalite\/#breadcrumb","itemListElement":[{"@type":"ListItem","position":1,"name":"Home","item":"https:\/\/museocavallinodellagiara.it\/fr\/"},{"@type":"ListItem","position":2,"name":"L&#8217;hospitalit\u00e9"}]},{"@type":"WebSite","@id":"https:\/\/museocavallinodellagiara.it\/#website","url":"https:\/\/museocavallinodellagiara.it\/","name":"Museo del Cavallino della Giara","description":"Il museo dedicato al cavallo e al Parco della Giara","publisher":{"@id":"https:\/\/museocavallinodellagiara.it\/#organization"},"potentialAction":[{"@type":"SearchAction","target":{"@type":"EntryPoint","urlTemplate":"https:\/\/museocavallinodellagiara.it\/?s={search_term_string}"},"query-input":{"@type":"PropertyValueSpecification","valueRequired":true,"valueName":"search_term_string"}}],"inLanguage":"fr-FR"},{"@type":"Organization","@id":"https:\/\/museocavallinodellagiara.it\/#organization","name":"Museo del Cavallino della Giara","url":"https:\/\/museocavallinodellagiara.it\/","logo":{"@type":"ImageObject","inLanguage":"fr-FR","@id":"https:\/\/museocavallinodellagiara.it\/#\/schema\/logo\/image\/","url":"https:\/\/museocavallinodellagiara.it\/wp-content\/uploads\/2018\/01\/logo_cavallino.png","contentUrl":"https:\/\/museocavallinodellagiara.it\/wp-content\/uploads\/2018\/01\/logo_cavallino.png","width":606,"height":739,"caption":"Museo del Cavallino della Giara"},"image":{"@id":"https:\/\/museocavallinodellagiara.it\/#\/schema\/logo\/image\/"},"sameAs":["https:\/\/business.facebook.com\/parcgenoni\/","https:\/\/www.youtube.com\/user\/ParcGenoni"]}]}},"_links":{"self":[{"href":"https:\/\/museocavallinodellagiara.it\/fr\/wp-json\/wp\/v2\/pages\/5685","targetHints":{"allow":["GET"]}}],"collection":[{"href":"https:\/\/museocavallinodellagiara.it\/fr\/wp-json\/wp\/v2\/pages"}],"about":[{"href":"https:\/\/museocavallinodellagiara.it\/fr\/wp-json\/wp\/v2\/types\/page"}],"author":[{"embeddable":true,"href":"https:\/\/museocavallinodellagiara.it\/fr\/wp-json\/wp\/v2\/users\/1"}],"replies":[{"embeddable":true,"href":"https:\/\/museocavallinodellagiara.it\/fr\/wp-json\/wp\/v2\/comments?post=5685"}],"version-history":[{"count":4,"href":"https:\/\/museocavallinodellagiara.it\/fr\/wp-json\/wp\/v2\/pages\/5685\/revisions"}],"predecessor-version":[{"id":5737,"href":"https:\/\/museocavallinodellagiara.it\/fr\/wp-json\/wp\/v2\/pages\/5685\/revisions\/5737"}],"wp:attachment":[{"href":"https:\/\/museocavallinodellagiara.it\/fr\/wp-json\/wp\/v2\/media?parent=5685"}],"curies":[{"name":"wp","href":"https:\/\/api.w.org\/{rel}","templated":true}]}}