{"id":5697,"date":"2025-03-29T14:50:53","date_gmt":"2025-03-29T14:50:53","guid":{"rendered":"https:\/\/museocavallinodellagiara.it\/propositions-pour-les-familles\/"},"modified":"2025-03-29T14:50:54","modified_gmt":"2025-03-29T14:50:54","slug":"propositions-pour-les-familles","status":"publish","type":"page","link":"https:\/\/museocavallinodellagiara.it\/fr\/propositions-pour-les-familles\/","title":{"rendered":"Propositions pour les familles"},"content":{"rendered":"<p>[vc_row][vc_column]<div class=\"special-heading vntd-heading heading-border-below heading-align-center heading-with-icon\"><div class=\"special-heading-icon colored\"><i class=\"fa fa-users\"><\/i><\/div><h3 class=\"special-heading-title\">La meilleure solution pour les familles<\/h3><p class=\"special-heading-subtitle\">Una giornata di relax e divertimento tra musei e laboratori didattici<\/p><\/div>[\/vc_column][\/vc_row][vc_row][vc_column][vc_single_image image=\u00a0\u00bb3830&Prime; img_size=\u00a0\u00bb720&#215;480&Prime; alignment=\u00a0\u00bbcenter\u00a0\u00bb][\/vc_column][\/vc_row][vc_row][vc_column][vc_column_text]Propositions d\u00e9di\u00e9es aux familles au nom de la culture et de la d\u00e9tente.<\/p>\n<p>Les enfants et les jeunes sont guid\u00e9s par un \u00e9ducateur de mus\u00e9e entre th\u00e9orie et pratique dans la d\u00e9couverte des mus\u00e9es, \u00e0 travers un parcours p\u00e9dagogique agr\u00e9able et dynamique, en adaptant les diff\u00e9rentes activit\u00e9s aux tranches d&rsquo;\u00e2ge des jeunes visiteurs. Au cours de l&rsquo;activit\u00e9, ils ont l&rsquo;occasion d&rsquo;entrer en contact avec les objets expos\u00e9s et le contenu du mus\u00e9e afin de rapprocher le plus possible les enfants et les jeunes des th\u00e8mes abord\u00e9s. <\/p>\n<p>Dans le laboratoire p\u00e9dagogique du PARC, il y a du mat\u00e9riel scientifique : des microscopes, des microscopes et des ordinateurs ; utilis\u00e9s avec une s\u00e9curit\u00e9 maximale et avec l&rsquo;accompagnement constant d&rsquo;op\u00e9rateurs sp\u00e9cialis\u00e9s.<\/p>\n<p>Les parents, quant \u00e0 eux, peuvent choisir de visiter le mus\u00e9e civique du Cavallino della Giara et l&rsquo;ancien couvent des Fr\u00e8res Mineurs Observants. La premi\u00e8re partie de la journ\u00e9e se termine par une visite au PARC et un d\u00e9jeuner en commun, \u00e0 prendre dans le grand jardin et sur la place devant l&rsquo;ancien couvent des Fr\u00e8res Mineurs Observants, ou \u00e0 la ferme agritouristique Cuaddus e Tellas, o\u00f9, entre autres, en plus de d\u00e9guster d&rsquo;excellents plats, il est possible d&rsquo;admirer un troupeau de Cavallini della Giara. <\/p>\n<p>L&rsquo;apr\u00e8s-midi se termine par une promenade guid\u00e9e dans le magnifique parc de la Giara \u00e0 la recherche de chevaux sauvages.<\/p>\n<p>L&rsquo;itin\u00e9raire est adapt\u00e9 \u00e0 vos besoins et \u00e0 votre emploi du temps ; il commence g\u00e9n\u00e9ralement \u00e0 10 heures, ce qui est id\u00e9al pour effectuer l&rsquo;ensemble du parcours en toute tranquillit\u00e9.<\/p>\n<p>R\u00e9capitulatif des mus\u00e9es et sites \u00e0 visiter :<\/p>\n<p><a href=\"http:\/\/www.parcgenoni.it\/it\/parc\/museo\" target=\"_blank\" rel=\"noopener\">PARC<\/a><br \/>\n<a href=\"https:\/\/www.inlandsardinia.it\/ex-convento-dei-frati-osservanti-minori\/cosa-vedere\/ex-convento-dei-frati-osservanti-minori\" target=\"_blank\" rel=\"noopener\">Ancien couvent de l&rsquo;Ordre des Fr\u00e8res Mineurs<\/a><br \/>\n<a href=\"https:\/\/museocavallinodellagiara.it\/fr\/musee\/\">Mus\u00e9e municipal du cheval de Giara<\/a><\/p>\n<p><a href=\"https:\/\/www.inlandsardinia.it\/geo-paleo-sito\/cosa-vedere\/geo-paleo-sito\" target=\"_blank\" rel=\"noopener\">Site G\u00e9o Pal\u00e9o<\/a><br \/>\n<a href=\"https:\/\/museocavallinodellagiara.it\/fr\/le-parc-giara\/\">Parc Giara<\/a><\/p>\n<p>Ateliers \u00e9ducatifs possibles :<\/p>\n<p><a href=\"https:\/\/www.inlandsardinia.it\/laboratori-didattici\/cose-fare\/laboratori-didattici-gite-scolastiche#29\" target=\"_blank\" rel=\"noopener\">Pal\u00e9oLab<\/a><\/p>\n<p>Le prix sp\u00e9cial est de 21,00 \u20ac par famille (comprenant la visite du mus\u00e9e et la visite du plateau de Giara), plus le co\u00fbt de l&rsquo;atelier \u00e9ducatif de 6 \u20ac par personne.<\/p>\n<p><a href=\"https:\/\/www.museumshop.inlandsardinia.it\/negozio\/biglietteria\/proposta-per-famiglie\/\" target=\"_blank\" rel=\"noopener\">R\u00e9server en ligne  <\/a><\/p>\n<p>Visitez la section d\u00e9di\u00e9e aux <a href=\"https:\/\/museocavallinodellagiara.it\/staff-gestione-museo\/\">op\u00e9rateurs<\/a>.[\/vc_column_text][\/vc_column][\/vc_row][vc_row full_width=\u00a0\u00bbstretch_row_content_no_spaces\u00a0\u00bb bg_color_pre=\u00a0\u00bbbg-color-accent\u00a0\u00bb css=\u00a0\u00bb.vc_custom_1494250403646{padding-top: 0px !important;}\u00a0\u00bb][vc_column]<div class=\"vntd-cta cta-text-color-white bg-color-none cta-align-center\"><div class=\"container\"><div class=\"row\"><div class=\"cta-texts\"><h2 class=\"cta-heading\"><span>Maggiori informazioni?<\/span><\/h2><p class=\"cta-subtitle\">Contattaci per conoscere tutti i dettagli e pianificare la tua gita!<\/p><\/div><div class=\"cta-buttons\"><a href=\"https:\/\/museocavallinodellagiara.it\/contatti\/\" title=\"Contatti\" class=\"btn cta-btn1 btn-outline btn-white btn-hover-white\">Scrivi ora!<\/a><a href=\"https:\/\/www.museumshop.inlandsardinia.it\/categoria-prodotto\/biglietteria\/\" target=\"_blank\" class=\"btn cta-btn2 btn-solid btn-white btn-hover-white\">Acquista on-line<\/a><\/div><\/div><\/div><\/div>[\/vc_column][\/vc_row]<\/p>\n","protected":false},"excerpt":{"rendered":"<p>[vc_row][vc_column][\/vc_column][\/vc_row][vc_row][vc_column][vc_single_image image=\u00a0\u00bb3830&Prime; img_size=\u00a0\u00bb720&#215;480&Prime; alignment=\u00a0\u00bbcenter\u00a0\u00bb][\/vc_column][\/vc_row][vc_row][vc_column][vc_column_text]Propositions d\u00e9di\u00e9es aux familles au nom de la culture et de la d\u00e9tente. Les enfants et les jeunes sont guid\u00e9s par un \u00e9ducateur de mus\u00e9e entre th\u00e9orie et pratique dans la d\u00e9couverte des mus\u00e9es, \u00e0 travers un parcours p\u00e9dagogique agr\u00e9able et dynamique, en adaptant les diff\u00e9rentes activit\u00e9s [&hellip;]<\/p>\n","protected":false},"author":1,"featured_media":0,"parent":0,"menu_order":0,"comment_status":"closed","ping_status":"closed","template":"","meta":{"footnotes":""},"class_list":["post-5697","page","type-page","status-publish","hentry"],"yoast_head":"<!-- This site is optimized with the Yoast SEO plugin v27.1.1 - https:\/\/yoast.com\/product\/yoast-seo-wordpress\/ -->\n<title>Propositions pour les familles - Museo del Cavallino della Giara<\/title>\n<meta name=\"description\" content=\"Propositions int\u00e9ressantes pour les familles afin de visiter les mus\u00e9es, les sites culturels et le parc de la Giara. Des ateliers pour les enfants et les jeunes pour une journ\u00e9e de realax et de culture.\" \/>\n<meta name=\"robots\" content=\"index, follow, max-snippet:-1, max-image-preview:large, max-video-preview:-1\" \/>\n<link rel=\"canonical\" href=\"https:\/\/museocavallinodellagiara.it\/fr\/propositions-pour-les-familles\/\" \/>\n<meta property=\"og:locale\" content=\"fr_FR\" \/>\n<meta property=\"og:type\" content=\"article\" \/>\n<meta property=\"og:title\" content=\"Propositions pour les familles - Museo del Cavallino della Giara\" \/>\n<meta property=\"og:description\" content=\"Propositions int\u00e9ressantes pour les familles afin de visiter les mus\u00e9es, les sites culturels et le parc de la Giara. Des ateliers pour les enfants et les jeunes pour une journ\u00e9e de realax et de culture.\" \/>\n<meta property=\"og:url\" content=\"https:\/\/museocavallinodellagiara.it\/fr\/propositions-pour-les-familles\/\" \/>\n<meta property=\"og:site_name\" content=\"Museo del Cavallino della Giara\" \/>\n<meta property=\"article:publisher\" content=\"https:\/\/business.facebook.com\/parcgenoni\/\" \/>\n<meta property=\"article:modified_time\" content=\"2025-03-29T14:50:54+00:00\" \/>\n<meta property=\"og:image\" content=\"https:\/\/museocavallinodellagiara.it\/wp-content\/uploads\/2018\/01\/cavalla_puledro_giara-min.jpg\" \/>\n\t<meta property=\"og:image:width\" content=\"1200\" \/>\n\t<meta property=\"og:image:height\" content=\"800\" \/>\n\t<meta property=\"og:image:type\" content=\"image\/jpeg\" \/>\n<meta name=\"twitter:card\" content=\"summary_large_image\" \/>\n<meta name=\"twitter:label1\" content=\"Dur\u00e9e de lecture estim\u00e9e\" \/>\n\t<meta name=\"twitter:data1\" content=\"3 minutes\" \/>\n<script type=\"application\/ld+json\" class=\"yoast-schema-graph\">{\"@context\":\"https:\/\/schema.org\",\"@graph\":[{\"@type\":\"WebPage\",\"@id\":\"https:\/\/museocavallinodellagiara.it\/fr\/propositions-pour-les-familles\/\",\"url\":\"https:\/\/museocavallinodellagiara.it\/fr\/propositions-pour-les-familles\/\",\"name\":\"Propositions pour les familles - Museo del Cavallino della Giara\",\"isPartOf\":{\"@id\":\"https:\/\/museocavallinodellagiara.it\/#website\"},\"datePublished\":\"2025-03-29T14:50:53+00:00\",\"dateModified\":\"2025-03-29T14:50:54+00:00\",\"description\":\"Propositions int\u00e9ressantes pour les familles afin de visiter les mus\u00e9es, les sites culturels et le parc de la Giara. Des ateliers pour les enfants et les jeunes pour une journ\u00e9e de realax et de culture.\",\"breadcrumb\":{\"@id\":\"https:\/\/museocavallinodellagiara.it\/fr\/propositions-pour-les-familles\/#breadcrumb\"},\"inLanguage\":\"fr-FR\",\"potentialAction\":[{\"@type\":\"ReadAction\",\"target\":[\"https:\/\/museocavallinodellagiara.it\/fr\/propositions-pour-les-familles\/\"]}]},{\"@type\":\"BreadcrumbList\",\"@id\":\"https:\/\/museocavallinodellagiara.it\/fr\/propositions-pour-les-familles\/#breadcrumb\",\"itemListElement\":[{\"@type\":\"ListItem\",\"position\":1,\"name\":\"Home\",\"item\":\"https:\/\/museocavallinodellagiara.it\/fr\/\"},{\"@type\":\"ListItem\",\"position\":2,\"name\":\"Propositions pour les familles\"}]},{\"@type\":\"WebSite\",\"@id\":\"https:\/\/museocavallinodellagiara.it\/#website\",\"url\":\"https:\/\/museocavallinodellagiara.it\/\",\"name\":\"Museo del Cavallino della Giara\",\"description\":\"Il museo dedicato al cavallo e al Parco della Giara\",\"publisher\":{\"@id\":\"https:\/\/museocavallinodellagiara.it\/#organization\"},\"potentialAction\":[{\"@type\":\"SearchAction\",\"target\":{\"@type\":\"EntryPoint\",\"urlTemplate\":\"https:\/\/museocavallinodellagiara.it\/?s={search_term_string}\"},\"query-input\":{\"@type\":\"PropertyValueSpecification\",\"valueRequired\":true,\"valueName\":\"search_term_string\"}}],\"inLanguage\":\"fr-FR\"},{\"@type\":\"Organization\",\"@id\":\"https:\/\/museocavallinodellagiara.it\/#organization\",\"name\":\"Museo del Cavallino della Giara\",\"url\":\"https:\/\/museocavallinodellagiara.it\/\",\"logo\":{\"@type\":\"ImageObject\",\"inLanguage\":\"fr-FR\",\"@id\":\"https:\/\/museocavallinodellagiara.it\/#\/schema\/logo\/image\/\",\"url\":\"https:\/\/museocavallinodellagiara.it\/wp-content\/uploads\/2018\/01\/logo_cavallino.png\",\"contentUrl\":\"https:\/\/museocavallinodellagiara.it\/wp-content\/uploads\/2018\/01\/logo_cavallino.png\",\"width\":606,\"height\":739,\"caption\":\"Museo del Cavallino della Giara\"},\"image\":{\"@id\":\"https:\/\/museocavallinodellagiara.it\/#\/schema\/logo\/image\/\"},\"sameAs\":[\"https:\/\/business.facebook.com\/parcgenoni\/\",\"https:\/\/www.youtube.com\/user\/ParcGenoni\"]}]}<\/script>\n<!-- \/ Yoast SEO plugin. -->","yoast_head_json":{"title":"Propositions pour les familles - Museo del Cavallino della Giara","description":"Propositions int\u00e9ressantes pour les familles afin de visiter les mus\u00e9es, les sites culturels et le parc de la Giara. Des ateliers pour les enfants et les jeunes pour une journ\u00e9e de realax et de culture.","robots":{"index":"index","follow":"follow","max-snippet":"max-snippet:-1","max-image-preview":"max-image-preview:large","max-video-preview":"max-video-preview:-1"},"canonical":"https:\/\/museocavallinodellagiara.it\/fr\/propositions-pour-les-familles\/","og_locale":"fr_FR","og_type":"article","og_title":"Propositions pour les familles - Museo del Cavallino della Giara","og_description":"Propositions int\u00e9ressantes pour les familles afin de visiter les mus\u00e9es, les sites culturels et le parc de la Giara. Des ateliers pour les enfants et les jeunes pour une journ\u00e9e de realax et de culture.","og_url":"https:\/\/museocavallinodellagiara.it\/fr\/propositions-pour-les-familles\/","og_site_name":"Museo del Cavallino della Giara","article_publisher":"https:\/\/business.facebook.com\/parcgenoni\/","article_modified_time":"2025-03-29T14:50:54+00:00","og_image":[{"width":1200,"height":800,"url":"https:\/\/museocavallinodellagiara.it\/wp-content\/uploads\/2018\/01\/cavalla_puledro_giara-min.jpg","type":"image\/jpeg"}],"twitter_card":"summary_large_image","twitter_misc":{"Dur\u00e9e de lecture estim\u00e9e":"3 minutes"},"schema":{"@context":"https:\/\/schema.org","@graph":[{"@type":"WebPage","@id":"https:\/\/museocavallinodellagiara.it\/fr\/propositions-pour-les-familles\/","url":"https:\/\/museocavallinodellagiara.it\/fr\/propositions-pour-les-familles\/","name":"Propositions pour les familles - Museo del Cavallino della Giara","isPartOf":{"@id":"https:\/\/museocavallinodellagiara.it\/#website"},"datePublished":"2025-03-29T14:50:53+00:00","dateModified":"2025-03-29T14:50:54+00:00","description":"Propositions int\u00e9ressantes pour les familles afin de visiter les mus\u00e9es, les sites culturels et le parc de la Giara. Des ateliers pour les enfants et les jeunes pour une journ\u00e9e de realax et de culture.","breadcrumb":{"@id":"https:\/\/museocavallinodellagiara.it\/fr\/propositions-pour-les-familles\/#breadcrumb"},"inLanguage":"fr-FR","potentialAction":[{"@type":"ReadAction","target":["https:\/\/museocavallinodellagiara.it\/fr\/propositions-pour-les-familles\/"]}]},{"@type":"BreadcrumbList","@id":"https:\/\/museocavallinodellagiara.it\/fr\/propositions-pour-les-familles\/#breadcrumb","itemListElement":[{"@type":"ListItem","position":1,"name":"Home","item":"https:\/\/museocavallinodellagiara.it\/fr\/"},{"@type":"ListItem","position":2,"name":"Propositions pour les familles"}]},{"@type":"WebSite","@id":"https:\/\/museocavallinodellagiara.it\/#website","url":"https:\/\/museocavallinodellagiara.it\/","name":"Museo del Cavallino della Giara","description":"Il museo dedicato al cavallo e al Parco della Giara","publisher":{"@id":"https:\/\/museocavallinodellagiara.it\/#organization"},"potentialAction":[{"@type":"SearchAction","target":{"@type":"EntryPoint","urlTemplate":"https:\/\/museocavallinodellagiara.it\/?s={search_term_string}"},"query-input":{"@type":"PropertyValueSpecification","valueRequired":true,"valueName":"search_term_string"}}],"inLanguage":"fr-FR"},{"@type":"Organization","@id":"https:\/\/museocavallinodellagiara.it\/#organization","name":"Museo del Cavallino della Giara","url":"https:\/\/museocavallinodellagiara.it\/","logo":{"@type":"ImageObject","inLanguage":"fr-FR","@id":"https:\/\/museocavallinodellagiara.it\/#\/schema\/logo\/image\/","url":"https:\/\/museocavallinodellagiara.it\/wp-content\/uploads\/2018\/01\/logo_cavallino.png","contentUrl":"https:\/\/museocavallinodellagiara.it\/wp-content\/uploads\/2018\/01\/logo_cavallino.png","width":606,"height":739,"caption":"Museo del Cavallino della Giara"},"image":{"@id":"https:\/\/museocavallinodellagiara.it\/#\/schema\/logo\/image\/"},"sameAs":["https:\/\/business.facebook.com\/parcgenoni\/","https:\/\/www.youtube.com\/user\/ParcGenoni"]}]}},"_links":{"self":[{"href":"https:\/\/museocavallinodellagiara.it\/fr\/wp-json\/wp\/v2\/pages\/5697","targetHints":{"allow":["GET"]}}],"collection":[{"href":"https:\/\/museocavallinodellagiara.it\/fr\/wp-json\/wp\/v2\/pages"}],"about":[{"href":"https:\/\/museocavallinodellagiara.it\/fr\/wp-json\/wp\/v2\/types\/page"}],"author":[{"embeddable":true,"href":"https:\/\/museocavallinodellagiara.it\/fr\/wp-json\/wp\/v2\/users\/1"}],"replies":[{"embeddable":true,"href":"https:\/\/museocavallinodellagiara.it\/fr\/wp-json\/wp\/v2\/comments?post=5697"}],"version-history":[{"count":2,"href":"https:\/\/museocavallinodellagiara.it\/fr\/wp-json\/wp\/v2\/pages\/5697\/revisions"}],"predecessor-version":[{"id":5699,"href":"https:\/\/museocavallinodellagiara.it\/fr\/wp-json\/wp\/v2\/pages\/5697\/revisions\/5699"}],"wp:attachment":[{"href":"https:\/\/museocavallinodellagiara.it\/fr\/wp-json\/wp\/v2\/media?parent=5697"}],"curies":[{"name":"wp","href":"https:\/\/api.w.org\/{rel}","templated":true}]}}