{"id":5703,"date":"2025-03-29T14:51:56","date_gmt":"2025-03-29T14:51:56","guid":{"rendered":"https:\/\/museocavallinodellagiara.it\/propositions-dune-journee-entiere\/"},"modified":"2025-03-29T14:51:56","modified_gmt":"2025-03-29T14:51:56","slug":"propositions-dune-journee-entiere","status":"publish","type":"page","link":"https:\/\/museocavallinodellagiara.it\/fr\/propositions-dune-journee-entiere\/","title":{"rendered":"Propositions d&rsquo;une journ\u00e9e enti\u00e8re"},"content":{"rendered":"<p>[vc_row][vc_column]<div class=\"special-heading vntd-heading heading-border-below heading-align-center heading-with-icon\"><div class=\"special-heading-icon colored\"><i class=\"fa fa-flag-o\"><\/i><\/div><h3 class=\"special-heading-title\">La meilleure sortie<\/h3><p class=\"special-heading-subtitle\">Anche per piccoli gruppo o coppie<\/p><\/div>[\/vc_column][\/vc_row][vc_row][vc_column][vc_single_image image=\u00a0\u00bb3496&Prime; alignment=\u00a0\u00bbcenter\u00a0\u00bb][\/vc_column][\/vc_row][vc_row][vc_column][vc_column_text]Une journ\u00e9e diff\u00e9rente, au cours de laquelle vous pourrez profiter de la nature tout en d\u00e9couvrant le parc de la Giara et en visitant des mus\u00e9es et des sites d&rsquo;int\u00e9r\u00eat culturel. Et pourquoi pas, savourer une bonne cuisine dans une ferme ou, si vous le souhaitez, en plein air avec un panier-repas. Les itin\u00e9raires propos\u00e9s, visit\u00e9s avec un <a href=\"https:\/\/museocavallinodellagiara.it\/staff-gestione-museo\/\">guide touristique<\/a>, sont adapt\u00e9s aux besoins des visiteurs.  <\/p>\n<p>Les mus\u00e9es et sites suivants sont visit\u00e9s :<\/p>\n<p><a href=\"http:\/\/www.parcgenoni.it\/it\/\" target=\"_blank\" rel=\"noopener\">PARC<\/a><br \/>\n<a href=\"https:\/\/www.inlandsardinia.it\/ex-convento-dei-frati-osservanti-minori\/cosa-vedere\/ex-convento-dei-frati-osservanti-minori\" target=\"_blank\" rel=\"noopener\">Ancien couvent de l&rsquo;Ordre des Fr\u00e8res Mineurs<\/a><br \/>\n<a href=\"https:\/\/museocavallinodellagiara.it\/fr\/musee\/\">Mus\u00e9e municipal du cheval de Giara<\/a><br \/>\n<a href=\"https:\/\/www.inlandsardinia.it\/geo-paleo-sito\/cosa-vedere\/geo-paleo-sito\">Site G\u00e9o Pal\u00e9o<\/a><br \/>\n<a href=\"https:\/\/museocavallinodellagiara.it\/fr\/le-parc-giara\/\">Giara di Gesturi<\/a><\/p>\n<p>&nbsp;<\/p>\n<p>Autres propositions :<\/p>\n<p>Randonn\u00e9e urbaine<\/p>\n<p>Une journ\u00e9e consacr\u00e9e \u00e0 la d\u00e9couverte de Genoni, de ses \u00e9glises, de ses mus\u00e9es locaux et de ses sites d&rsquo;int\u00e9r\u00eat culturel. La visite, \u00e0 pied, nous conduit \u00e0 travers les ruelles pittoresques et les rues sombres en basalte du village. Nous visitons l&rsquo;ancien couvent des Fr\u00e8res Mineurs Observants de la premi\u00e8re moiti\u00e9 du XVIIe si\u00e8cle et poursuivons avec la visite de l&rsquo;\u00e9glise principale, celle de Santa Barbara, datant du XVIIIe si\u00e8cle. <\/p>\n<p>Nous rejoignons ensuite la place d\u00e9di\u00e9e \u00e0 l&rsquo;O.M.V. P\u00e8re Raffaele Melis et poursuivons notre route pour atteindre la colline de Santu Antine ; \u00e0 mi-chemin, nous faisons une pause et visitons le P.AR.C. o\u00f9 nous d\u00e9couvrons les origines, la g\u00e9ologie et les fossiles de la r\u00e9gion. Apr\u00e8s la visite du mus\u00e9e, nous montons au sommet de la colline d&rsquo;o\u00f9 l&rsquo;on peut admirer les ruines du nuraghe de Santu Antine et jouir d&rsquo;un panorama \u00e0 360\u00b0 sur le centre de la Sardaigne.  <\/p>\n<p>Plusieurs variantes peuvent \u00eatre incluses dans l&rsquo;itin\u00e9raire, une visite au Geo Paleo Site, une promenade sur la Giara di Gesturi ou une visite \u00e0 l&rsquo;un des nombreux nuraghi de la r\u00e9gion.<\/p>\n<p>Pour le d\u00e9jeuner ou le d\u00eener, vous pouvez r\u00e9server \u00e0 l&rsquo;agritourisme Cuaddus e Tellas ou \u00e0 l&rsquo;auberge Monti Paulis.<\/p>\n<p>Un guide touristique vous accompagne tout au long de la journ\u00e9e et de l&rsquo;itin\u00e9raire.<\/p>\n<p>Pour d\u00e9couvrir les autres itin\u00e9raires, <a href=\"https:\/\/www.inlandsardinia.it\/visite-guidate\/cose-fare\/visite-guidate-sardegna\" target=\"_blank\" rel=\"noopener\">cliquez ici.<\/a><\/p>\n<p>Le co\u00fbt de la journ\u00e9e est de 10,50 \u20ac par personne.[\/vc_column_text][\/vc_column][\/vc_row][vc_row full_width=\u00a0\u00bbstretch_row_content_no_spaces\u00a0\u00bb bg_color_pre=\u00a0\u00bbbg-color-accent\u00a0\u00bb css=\u00a0\u00bb.vc_custom_1494250403646{padding-top: 0px !important;}\u00a0\u00bb][vc_column]<div class=\"vntd-cta cta-text-color-white bg-color-none cta-align-center\"><div class=\"container\"><div class=\"row\"><div class=\"cta-texts\"><h2 class=\"cta-heading\"><span>Maggiori informazioni?<\/span><\/h2><p class=\"cta-subtitle\">Contattaci per tutti i dettagli e pianificare la tua gita!<\/p><\/div><div class=\"cta-buttons\"><a href=\"http:\/\/www.museocavallinodellagiara.it\/contatti\/\" class=\"btn cta-btn1 btn-outline btn-white btn-hover-white\">SCRIVI<\/a><a href=\"https:\/\/www.museumshop.inlandsardinia.it\/biglietteria-musei-di-genoni\/\" target=\"_blank\" class=\"btn cta-btn2 btn-solid btn-white btn-hover-white\">ACQUISTA ON-LINE!<\/a><\/div><\/div><\/div><\/div>[\/vc_column][\/vc_row]<\/p>\n","protected":false},"excerpt":{"rendered":"<p>[vc_row][vc_column][\/vc_column][\/vc_row][vc_row][vc_column][vc_single_image image=\u00a0\u00bb3496&Prime; alignment=\u00a0\u00bbcenter\u00a0\u00bb][\/vc_column][\/vc_row][vc_row][vc_column][vc_column_text]Une journ\u00e9e diff\u00e9rente, au cours de laquelle vous pourrez profiter de la nature tout en d\u00e9couvrant le parc de la Giara et en visitant des mus\u00e9es et des sites d&rsquo;int\u00e9r\u00eat culturel. Et pourquoi pas, savourer une bonne cuisine dans une ferme ou, si vous le souhaitez, en plein [&hellip;]<\/p>\n","protected":false},"author":1,"featured_media":0,"parent":0,"menu_order":0,"comment_status":"closed","ping_status":"closed","template":"","meta":{"footnotes":""},"class_list":["post-5703","page","type-page","status-publish","hentry"],"yoast_head":"<!-- This site is optimized with the Yoast SEO plugin v27.1.1 - https:\/\/yoast.com\/product\/yoast-seo-wordpress\/ -->\n<title>Propositions d&#039;une journ\u00e9e enti\u00e8re - Museo del Cavallino della Giara<\/title>\n<meta name=\"description\" content=\"Une journ\u00e9e en immersion dans la nature et la culture, \u00e0 la d\u00e9couverte d&#039;un petit village au pied du plateau de Giara, Genoni. Mus\u00e9es, sites d&#039;int\u00e9r\u00eat culturel, approfondissement des aspects g\u00e9ologiques et pal\u00e9ontologiques en compagnie de guides experts et passionn\u00e9s.\" \/>\n<meta name=\"robots\" content=\"index, follow, max-snippet:-1, max-image-preview:large, max-video-preview:-1\" \/>\n<link rel=\"canonical\" href=\"https:\/\/museocavallinodellagiara.it\/fr\/propositions-dune-journee-entiere\/\" \/>\n<meta property=\"og:locale\" content=\"fr_FR\" \/>\n<meta property=\"og:type\" content=\"article\" \/>\n<meta property=\"og:title\" content=\"Propositions d&#039;une journ\u00e9e enti\u00e8re - Museo del Cavallino della Giara\" \/>\n<meta property=\"og:description\" content=\"Une journ\u00e9e en immersion dans la nature et la culture, \u00e0 la d\u00e9couverte d&#039;un petit village au pied du plateau de Giara, Genoni. Mus\u00e9es, sites d&#039;int\u00e9r\u00eat culturel, approfondissement des aspects g\u00e9ologiques et pal\u00e9ontologiques en compagnie de guides experts et passionn\u00e9s.\" \/>\n<meta property=\"og:url\" content=\"https:\/\/museocavallinodellagiara.it\/fr\/propositions-dune-journee-entiere\/\" \/>\n<meta property=\"og:site_name\" content=\"Museo del Cavallino della Giara\" \/>\n<meta property=\"article:publisher\" content=\"https:\/\/business.facebook.com\/parcgenoni\/\" \/>\n<meta property=\"og:image\" content=\"https:\/\/museocavallinodellagiara.it\/wp-content\/uploads\/2018\/01\/cavalla_puledro_giara-min.jpg\" \/>\n\t<meta property=\"og:image:width\" content=\"1200\" \/>\n\t<meta property=\"og:image:height\" content=\"800\" \/>\n\t<meta property=\"og:image:type\" content=\"image\/jpeg\" \/>\n<meta name=\"twitter:card\" content=\"summary_large_image\" \/>\n<meta name=\"twitter:label1\" content=\"Dur\u00e9e de lecture estim\u00e9e\" \/>\n\t<meta name=\"twitter:data1\" content=\"3 minutes\" \/>\n<script type=\"application\/ld+json\" class=\"yoast-schema-graph\">{\"@context\":\"https:\/\/schema.org\",\"@graph\":[{\"@type\":\"WebPage\",\"@id\":\"https:\/\/museocavallinodellagiara.it\/fr\/propositions-dune-journee-entiere\/\",\"url\":\"https:\/\/museocavallinodellagiara.it\/fr\/propositions-dune-journee-entiere\/\",\"name\":\"Propositions d'une journ\u00e9e enti\u00e8re - Museo del Cavallino della Giara\",\"isPartOf\":{\"@id\":\"https:\/\/museocavallinodellagiara.it\/#website\"},\"datePublished\":\"2025-03-29T14:51:56+00:00\",\"description\":\"Une journ\u00e9e en immersion dans la nature et la culture, \u00e0 la d\u00e9couverte d'un petit village au pied du plateau de Giara, Genoni. Mus\u00e9es, sites d'int\u00e9r\u00eat culturel, approfondissement des aspects g\u00e9ologiques et pal\u00e9ontologiques en compagnie de guides experts et passionn\u00e9s.\",\"breadcrumb\":{\"@id\":\"https:\/\/museocavallinodellagiara.it\/fr\/propositions-dune-journee-entiere\/#breadcrumb\"},\"inLanguage\":\"fr-FR\",\"potentialAction\":[{\"@type\":\"ReadAction\",\"target\":[\"https:\/\/museocavallinodellagiara.it\/fr\/propositions-dune-journee-entiere\/\"]}]},{\"@type\":\"BreadcrumbList\",\"@id\":\"https:\/\/museocavallinodellagiara.it\/fr\/propositions-dune-journee-entiere\/#breadcrumb\",\"itemListElement\":[{\"@type\":\"ListItem\",\"position\":1,\"name\":\"Home\",\"item\":\"https:\/\/museocavallinodellagiara.it\/fr\/\"},{\"@type\":\"ListItem\",\"position\":2,\"name\":\"Propositions d&rsquo;une journ\u00e9e enti\u00e8re\"}]},{\"@type\":\"WebSite\",\"@id\":\"https:\/\/museocavallinodellagiara.it\/#website\",\"url\":\"https:\/\/museocavallinodellagiara.it\/\",\"name\":\"Museo del Cavallino della Giara\",\"description\":\"Il museo dedicato al cavallo e al Parco della Giara\",\"publisher\":{\"@id\":\"https:\/\/museocavallinodellagiara.it\/#organization\"},\"potentialAction\":[{\"@type\":\"SearchAction\",\"target\":{\"@type\":\"EntryPoint\",\"urlTemplate\":\"https:\/\/museocavallinodellagiara.it\/?s={search_term_string}\"},\"query-input\":{\"@type\":\"PropertyValueSpecification\",\"valueRequired\":true,\"valueName\":\"search_term_string\"}}],\"inLanguage\":\"fr-FR\"},{\"@type\":\"Organization\",\"@id\":\"https:\/\/museocavallinodellagiara.it\/#organization\",\"name\":\"Museo del Cavallino della Giara\",\"url\":\"https:\/\/museocavallinodellagiara.it\/\",\"logo\":{\"@type\":\"ImageObject\",\"inLanguage\":\"fr-FR\",\"@id\":\"https:\/\/museocavallinodellagiara.it\/#\/schema\/logo\/image\/\",\"url\":\"https:\/\/museocavallinodellagiara.it\/wp-content\/uploads\/2018\/01\/logo_cavallino.png\",\"contentUrl\":\"https:\/\/museocavallinodellagiara.it\/wp-content\/uploads\/2018\/01\/logo_cavallino.png\",\"width\":606,\"height\":739,\"caption\":\"Museo del Cavallino della Giara\"},\"image\":{\"@id\":\"https:\/\/museocavallinodellagiara.it\/#\/schema\/logo\/image\/\"},\"sameAs\":[\"https:\/\/business.facebook.com\/parcgenoni\/\",\"https:\/\/www.youtube.com\/user\/ParcGenoni\"]}]}<\/script>\n<!-- \/ Yoast SEO plugin. -->","yoast_head_json":{"title":"Propositions d'une journ\u00e9e enti\u00e8re - Museo del Cavallino della Giara","description":"Une journ\u00e9e en immersion dans la nature et la culture, \u00e0 la d\u00e9couverte d'un petit village au pied du plateau de Giara, Genoni. Mus\u00e9es, sites d'int\u00e9r\u00eat culturel, approfondissement des aspects g\u00e9ologiques et pal\u00e9ontologiques en compagnie de guides experts et passionn\u00e9s.","robots":{"index":"index","follow":"follow","max-snippet":"max-snippet:-1","max-image-preview":"max-image-preview:large","max-video-preview":"max-video-preview:-1"},"canonical":"https:\/\/museocavallinodellagiara.it\/fr\/propositions-dune-journee-entiere\/","og_locale":"fr_FR","og_type":"article","og_title":"Propositions d'une journ\u00e9e enti\u00e8re - Museo del Cavallino della Giara","og_description":"Une journ\u00e9e en immersion dans la nature et la culture, \u00e0 la d\u00e9couverte d'un petit village au pied du plateau de Giara, Genoni. Mus\u00e9es, sites d'int\u00e9r\u00eat culturel, approfondissement des aspects g\u00e9ologiques et pal\u00e9ontologiques en compagnie de guides experts et passionn\u00e9s.","og_url":"https:\/\/museocavallinodellagiara.it\/fr\/propositions-dune-journee-entiere\/","og_site_name":"Museo del Cavallino della Giara","article_publisher":"https:\/\/business.facebook.com\/parcgenoni\/","og_image":[{"width":1200,"height":800,"url":"https:\/\/museocavallinodellagiara.it\/wp-content\/uploads\/2018\/01\/cavalla_puledro_giara-min.jpg","type":"image\/jpeg"}],"twitter_card":"summary_large_image","twitter_misc":{"Dur\u00e9e de lecture estim\u00e9e":"3 minutes"},"schema":{"@context":"https:\/\/schema.org","@graph":[{"@type":"WebPage","@id":"https:\/\/museocavallinodellagiara.it\/fr\/propositions-dune-journee-entiere\/","url":"https:\/\/museocavallinodellagiara.it\/fr\/propositions-dune-journee-entiere\/","name":"Propositions d'une journ\u00e9e enti\u00e8re - Museo del Cavallino della Giara","isPartOf":{"@id":"https:\/\/museocavallinodellagiara.it\/#website"},"datePublished":"2025-03-29T14:51:56+00:00","description":"Une journ\u00e9e en immersion dans la nature et la culture, \u00e0 la d\u00e9couverte d'un petit village au pied du plateau de Giara, Genoni. Mus\u00e9es, sites d'int\u00e9r\u00eat culturel, approfondissement des aspects g\u00e9ologiques et pal\u00e9ontologiques en compagnie de guides experts et passionn\u00e9s.","breadcrumb":{"@id":"https:\/\/museocavallinodellagiara.it\/fr\/propositions-dune-journee-entiere\/#breadcrumb"},"inLanguage":"fr-FR","potentialAction":[{"@type":"ReadAction","target":["https:\/\/museocavallinodellagiara.it\/fr\/propositions-dune-journee-entiere\/"]}]},{"@type":"BreadcrumbList","@id":"https:\/\/museocavallinodellagiara.it\/fr\/propositions-dune-journee-entiere\/#breadcrumb","itemListElement":[{"@type":"ListItem","position":1,"name":"Home","item":"https:\/\/museocavallinodellagiara.it\/fr\/"},{"@type":"ListItem","position":2,"name":"Propositions d&rsquo;une journ\u00e9e enti\u00e8re"}]},{"@type":"WebSite","@id":"https:\/\/museocavallinodellagiara.it\/#website","url":"https:\/\/museocavallinodellagiara.it\/","name":"Museo del Cavallino della Giara","description":"Il museo dedicato al cavallo e al Parco della Giara","publisher":{"@id":"https:\/\/museocavallinodellagiara.it\/#organization"},"potentialAction":[{"@type":"SearchAction","target":{"@type":"EntryPoint","urlTemplate":"https:\/\/museocavallinodellagiara.it\/?s={search_term_string}"},"query-input":{"@type":"PropertyValueSpecification","valueRequired":true,"valueName":"search_term_string"}}],"inLanguage":"fr-FR"},{"@type":"Organization","@id":"https:\/\/museocavallinodellagiara.it\/#organization","name":"Museo del Cavallino della Giara","url":"https:\/\/museocavallinodellagiara.it\/","logo":{"@type":"ImageObject","inLanguage":"fr-FR","@id":"https:\/\/museocavallinodellagiara.it\/#\/schema\/logo\/image\/","url":"https:\/\/museocavallinodellagiara.it\/wp-content\/uploads\/2018\/01\/logo_cavallino.png","contentUrl":"https:\/\/museocavallinodellagiara.it\/wp-content\/uploads\/2018\/01\/logo_cavallino.png","width":606,"height":739,"caption":"Museo del Cavallino della Giara"},"image":{"@id":"https:\/\/museocavallinodellagiara.it\/#\/schema\/logo\/image\/"},"sameAs":["https:\/\/business.facebook.com\/parcgenoni\/","https:\/\/www.youtube.com\/user\/ParcGenoni"]}]}},"_links":{"self":[{"href":"https:\/\/museocavallinodellagiara.it\/fr\/wp-json\/wp\/v2\/pages\/5703","targetHints":{"allow":["GET"]}}],"collection":[{"href":"https:\/\/museocavallinodellagiara.it\/fr\/wp-json\/wp\/v2\/pages"}],"about":[{"href":"https:\/\/museocavallinodellagiara.it\/fr\/wp-json\/wp\/v2\/types\/page"}],"author":[{"embeddable":true,"href":"https:\/\/museocavallinodellagiara.it\/fr\/wp-json\/wp\/v2\/users\/1"}],"replies":[{"embeddable":true,"href":"https:\/\/museocavallinodellagiara.it\/fr\/wp-json\/wp\/v2\/comments?post=5703"}],"version-history":[{"count":2,"href":"https:\/\/museocavallinodellagiara.it\/fr\/wp-json\/wp\/v2\/pages\/5703\/revisions"}],"predecessor-version":[{"id":5705,"href":"https:\/\/museocavallinodellagiara.it\/fr\/wp-json\/wp\/v2\/pages\/5703\/revisions\/5705"}],"wp:attachment":[{"href":"https:\/\/museocavallinodellagiara.it\/fr\/wp-json\/wp\/v2\/media?parent=5703"}],"curies":[{"name":"wp","href":"https:\/\/api.w.org\/{rel}","templated":true}]}}