{"id":5719,"date":"2025-03-29T14:53:23","date_gmt":"2025-03-29T14:53:23","guid":{"rendered":"https:\/\/museocavallinodellagiara.it\/section-ethnographique\/"},"modified":"2025-03-29T14:53:23","modified_gmt":"2025-03-29T14:53:23","slug":"section-ethnographique","status":"publish","type":"page","link":"https:\/\/museocavallinodellagiara.it\/fr\/section-ethnographique\/","title":{"rendered":"Section ethnographique"},"content":{"rendered":"<p>[vc_row][vc_column]<div class=\"special-heading vntd-heading heading-border-below heading-align-center heading-with-icon\"><div class=\"special-heading-icon colored\"><i class=\"fa fa-diamond\"><\/i><\/div><h3 class=\"special-heading-title\">Section ethnographique du mus\u00e9e<\/h3><p class=\"special-heading-subtitle\">Oltre 400 pezzi esposti e catalogati<\/p><\/div>[\/vc_column][\/vc_row][vc_row][vc_column]<div class=\"video-lightbox color-scheme-white video-lightbox-img\"><div class=\"video-lightbox-inner\"><a href=\"https:\/\/www.youtube.com\/watch?v=Q8tvisg9gjs\" class=\"video-link mp-video\"><div class=\"video-lightbox-image-holder\" style=\"background-image:url(https:\/\/museocavallinodellagiara.it\/wp-content\/uploads\/2024\/03\/CONVEGNO-CAVALLO-DELLA-GIARA-1.png)\"><div class=\"bg-overlay bg-overlay-dark20\"><\/div><div class=\"video-lightbox-image-icon\"><i class=\"engage-icon-icon engage-icon-triangle-right-17\"><\/i><\/div><\/div><\/a><\/div><\/div>[vc_separator][\/vc_column][\/vc_row][vc_row][vc_column][vc_column_text]La section ethnographique du Museo del Cavallino della Giara est d\u00e9velopp\u00e9e dans les diff\u00e9rentes salles de la Casa Serra restaur\u00e9e et mus\u00e9ifi\u00e9e. Des outils issus des travaux des champs, du menuisier, du berger, mais aussi des objets de cuisine et de chambre \u00e0 coucher du d\u00e9but du XXe si\u00e8cle cr\u00e9ent un parcours mus\u00e9al agr\u00e9able et instructif. La pr\u00e9sence des objets et leur signification sont compl\u00e9t\u00e9es par des entretiens vid\u00e9o avec des anciens de la r\u00e9gion qui parlent des outils et de l&rsquo;histoire du village. La section ethnographique du mus\u00e9e est document\u00e9e par le <a href=\"https:\/\/it.wikipedia.org\/wiki\/Giulio_Angioni\">professeur Giulio Angioni<\/a>, qui donne une vision plus large de la d\u00e9moethnoanthropologie sarde et g\u00e9n\u00e8re une relation dialectique entre le local et le r\u00e9gional.<\/p>\n<p>Le mus\u00e9e poss\u00e8de environ 400 objets, restaur\u00e9s, catalogu\u00e9s et r\u00e9pertori\u00e9s selon les normes de catalogage de l&rsquo;ICCD.<\/p>\n<p>Les objets expos\u00e9s sont des dons de la population locale, qui a pr\u00e9f\u00e9r\u00e9 pr\u00e9server sa m\u00e9moire historique dans le mus\u00e9e. Chaque objet re\u00e7u au mus\u00e9e suit un long processus de pr\u00e9paration \u00e0 l&rsquo;exposition. Le nettoyage et la d\u00e9sinfection marquent les premiers moments, la deuxi\u00e8me \u00e9tape est l&rsquo;entr\u00e9e dans l&rsquo;inventaire et le catalogage.<\/p>\n<p>La reconstitution historique de l&rsquo;objet est une \u00e9tape cl\u00e9 de l&rsquo;exposition. Tous les outils n&rsquo;offrent pas en m\u00eame temps, avec clart\u00e9, l&rsquo;objectif et l&rsquo;utilisation pour lesquels ils ont \u00e9t\u00e9 cr\u00e9\u00e9s. Surtout, le donneur n&rsquo;en est pas toujours conscient. C&rsquo;est \u00e0 ce moment-l\u00e0 que commence le processus d&rsquo;\u00e9tude, en recherchant des objets similaires dans les catalogues du patrimoine culturel. Des utilisations dans d&rsquo;autres r\u00e9gions sont envisag\u00e9es. Les personnes de la communaut\u00e9 qui, par affinit\u00e9, peuvent \u00eatre famili\u00e8res avec l&rsquo;instrument sont interrog\u00e9es. Au terme de ce long processus, on parvient g\u00e9n\u00e9ralement \u00e0 d\u00e9couvrir la fonction et l&rsquo;utilisation de l&rsquo;objet myst\u00e9rieux. Inspir\u00e9s par ce processus, nous avons mis en place des visites guid\u00e9es sur le th\u00e8me \u00ab\u00a0devinez ce que c&rsquo;est\u00a0\u00bb. Un jeu qui concerne les enfants mais aussi les adultes qui retrouvent le plaisir de la d\u00e9couverte dans l&rsquo;instant ludique.[\/vc_column_text][\/vc_column][\/vc_row][vc_row][vc_column]<div class=\"vntd-image-gallery vntd-content-element \"><div id=\"vntd-gallery-7109\" class=\"vntd-grid grid-items vntd-gallery-grid grid-cols-3 hover-effect-scale hover-icon\" data-cols=\"3\" data-data-cols-tablet=\"3\" data-data-cols-mobile=\"1\" data-item-gap=\"5\"><div class=\"item grid-item cbp-item vntd-gallery-item mp-gallery\"><a href=\"https:\/\/museocavallinodellagiara.it\/wp-content\/uploads\/2018\/01\/chinino-di-stato.jpg\" title=\"Confezione di Chinino di Stato\"><div class=\"gallery-item-overlay\"><i class=\"vntd-gallery-zoom-icon engage-icon-icon engage-icon-zoom-2\"><\/i><\/div><img loading=\"lazy\" decoding=\"async\" width=\"600\" height=\"600\" src=\"https:\/\/museocavallinodellagiara.it\/wp-content\/uploads\/2018\/01\/chinino-di-stato-600x600.jpg\" class=\"attachment-engage-masonry-square\" alt=\"Confezione di Chinino di Stato\" srcset=\"https:\/\/museocavallinodellagiara.it\/wp-content\/uploads\/2018\/01\/chinino-di-stato-600x600.jpg 600w, https:\/\/museocavallinodellagiara.it\/wp-content\/uploads\/2018\/01\/chinino-di-stato-150x150.jpg 150w\" sizes=\"auto, (max-width: 600px) 100vw, 600px\" \/><\/a><\/div><div class=\"item grid-item cbp-item vntd-gallery-item mp-gallery\"><a href=\"https:\/\/museocavallinodellagiara.it\/wp-content\/uploads\/2018\/01\/zucca-per-vino.jpg\" title=\"Zucca per il vino\"><div class=\"gallery-item-overlay\"><i class=\"vntd-gallery-zoom-icon engage-icon-icon engage-icon-zoom-2\"><\/i><\/div><img loading=\"lazy\" decoding=\"async\" width=\"600\" height=\"600\" src=\"https:\/\/museocavallinodellagiara.it\/wp-content\/uploads\/2018\/01\/zucca-per-vino-600x600.jpg\" class=\"attachment-engage-masonry-square\" alt=\"Zucca per il vino\" srcset=\"https:\/\/museocavallinodellagiara.it\/wp-content\/uploads\/2018\/01\/zucca-per-vino-600x600.jpg 600w, https:\/\/museocavallinodellagiara.it\/wp-content\/uploads\/2018\/01\/zucca-per-vino-150x150.jpg 150w\" sizes=\"auto, (max-width: 600px) 100vw, 600px\" \/><\/a><\/div><div class=\"item grid-item cbp-item vntd-gallery-item mp-gallery\"><a href=\"https:\/\/museocavallinodellagiara.it\/wp-content\/uploads\/2018\/01\/timbro-marchiatura-a-fuoco-frontale.jpg\" title=\"Timbro per la marchiatura a fuoco\"><div class=\"gallery-item-overlay\"><i class=\"vntd-gallery-zoom-icon engage-icon-icon engage-icon-zoom-2\"><\/i><\/div><img loading=\"lazy\" decoding=\"async\" width=\"600\" height=\"600\" src=\"https:\/\/museocavallinodellagiara.it\/wp-content\/uploads\/2018\/01\/timbro-marchiatura-a-fuoco-frontale-600x600.jpg\" class=\"attachment-engage-masonry-square\" alt=\"Timbro per la marchiatura a fuoco\" srcset=\"https:\/\/museocavallinodellagiara.it\/wp-content\/uploads\/2018\/01\/timbro-marchiatura-a-fuoco-frontale-600x600.jpg 600w, https:\/\/museocavallinodellagiara.it\/wp-content\/uploads\/2018\/01\/timbro-marchiatura-a-fuoco-frontale-150x150.jpg 150w\" sizes=\"auto, (max-width: 600px) 100vw, 600px\" \/><\/a><\/div><div class=\"item grid-item cbp-item vntd-gallery-item mp-gallery\"><a href=\"https:\/\/museocavallinodellagiara.it\/wp-content\/uploads\/2018\/01\/spatola-ferratura.jpg\" title=\"Spatola per la ferratura\"><div class=\"gallery-item-overlay\"><i class=\"vntd-gallery-zoom-icon engage-icon-icon engage-icon-zoom-2\"><\/i><\/div><img loading=\"lazy\" decoding=\"async\" width=\"600\" height=\"600\" src=\"https:\/\/museocavallinodellagiara.it\/wp-content\/uploads\/2018\/01\/spatola-ferratura-600x600.jpg\" class=\"attachment-engage-masonry-square\" alt=\"Paletta da maniscalco\" srcset=\"https:\/\/museocavallinodellagiara.it\/wp-content\/uploads\/2018\/01\/spatola-ferratura-600x600.jpg 600w, https:\/\/museocavallinodellagiara.it\/wp-content\/uploads\/2018\/01\/spatola-ferratura-150x150.jpg 150w\" sizes=\"auto, (max-width: 600px) 100vw, 600px\" \/><\/a><\/div><div class=\"item grid-item cbp-item vntd-gallery-item mp-gallery\"><a href=\"https:\/\/museocavallinodellagiara.it\/wp-content\/uploads\/2018\/01\/Peretta-clistere.jpg\" title=\"Peretta per la pulizia e l&#039;evacuazione dell&#039;intestino\"><div class=\"gallery-item-overlay\"><i class=\"vntd-gallery-zoom-icon engage-icon-icon engage-icon-zoom-2\"><\/i><\/div><img loading=\"lazy\" decoding=\"async\" width=\"600\" height=\"600\" src=\"https:\/\/museocavallinodellagiara.it\/wp-content\/uploads\/2018\/01\/Peretta-clistere-600x600.jpg\" class=\"attachment-engage-masonry-square\" alt=\"Peretta per la pulizia e l&#039;evacuazione dell&#039;intestino\" srcset=\"https:\/\/museocavallinodellagiara.it\/wp-content\/uploads\/2018\/01\/Peretta-clistere-600x600.jpg 600w, https:\/\/museocavallinodellagiara.it\/wp-content\/uploads\/2018\/01\/Peretta-clistere-150x150.jpg 150w\" sizes=\"auto, (max-width: 600px) 100vw, 600px\" \/><\/a><\/div><div class=\"item grid-item cbp-item vntd-gallery-item mp-gallery\"><a href=\"https:\/\/museocavallinodellagiara.it\/wp-content\/uploads\/2018\/01\/fionda.jpg\" title=\"Fionda in legno\"><div class=\"gallery-item-overlay\"><i class=\"vntd-gallery-zoom-icon engage-icon-icon engage-icon-zoom-2\"><\/i><\/div><img loading=\"lazy\" decoding=\"async\" width=\"600\" height=\"600\" src=\"https:\/\/museocavallinodellagiara.it\/wp-content\/uploads\/2018\/01\/fionda-600x600.jpg\" class=\"attachment-engage-masonry-square\" alt=\"Fionda in legno\" srcset=\"https:\/\/museocavallinodellagiara.it\/wp-content\/uploads\/2018\/01\/fionda-600x600.jpg 600w, https:\/\/museocavallinodellagiara.it\/wp-content\/uploads\/2018\/01\/fionda-150x150.jpg 150w\" sizes=\"auto, (max-width: 600px) 100vw, 600px\" \/><\/a><\/div><div class=\"item grid-item cbp-item vntd-gallery-item mp-gallery\"><a href=\"https:\/\/museocavallinodellagiara.it\/wp-content\/uploads\/2018\/01\/dissuasore.jpg\" title=\"Dissuasore per svezzamento vitelli\"><div class=\"gallery-item-overlay\"><i class=\"vntd-gallery-zoom-icon engage-icon-icon engage-icon-zoom-2\"><\/i><\/div><img loading=\"lazy\" decoding=\"async\" width=\"600\" height=\"600\" src=\"https:\/\/museocavallinodellagiara.it\/wp-content\/uploads\/2018\/01\/dissuasore-600x600.jpg\" class=\"attachment-engage-masonry-square\" alt=\"Dissuasore in legno per svezzamento vitelli\" srcset=\"https:\/\/museocavallinodellagiara.it\/wp-content\/uploads\/2018\/01\/dissuasore-600x600.jpg 600w, https:\/\/museocavallinodellagiara.it\/wp-content\/uploads\/2018\/01\/dissuasore-150x150.jpg 150w\" sizes=\"auto, (max-width: 600px) 100vw, 600px\" \/><\/a><\/div><div class=\"item grid-item cbp-item vntd-gallery-item mp-gallery\"><a href=\"https:\/\/museocavallinodellagiara.it\/wp-content\/uploads\/2018\/01\/chiodi-per-ferrare.jpg\" title=\"Chiodi per ferrare il cavallo\"><div class=\"gallery-item-overlay\"><i class=\"vntd-gallery-zoom-icon engage-icon-icon engage-icon-zoom-2\"><\/i><\/div><img loading=\"lazy\" decoding=\"async\" width=\"600\" height=\"600\" src=\"https:\/\/museocavallinodellagiara.it\/wp-content\/uploads\/2018\/01\/chiodi-per-ferrare-600x600.jpg\" class=\"attachment-engage-masonry-square\" alt=\"Chiodi per ferrare il cavallo\" srcset=\"https:\/\/museocavallinodellagiara.it\/wp-content\/uploads\/2018\/01\/chiodi-per-ferrare-600x600.jpg 600w, https:\/\/museocavallinodellagiara.it\/wp-content\/uploads\/2018\/01\/chiodi-per-ferrare-150x150.jpg 150w\" sizes=\"auto, (max-width: 600px) 100vw, 600px\" \/><\/a><\/div><div class=\"item grid-item cbp-item vntd-gallery-item mp-gallery\"><a href=\"https:\/\/museocavallinodellagiara.it\/wp-content\/uploads\/2018\/01\/occhiali-per-trebbiare.jpg\" title=\"Occhiali per trebbiare\"><div class=\"gallery-item-overlay\"><i class=\"vntd-gallery-zoom-icon engage-icon-icon engage-icon-zoom-2\"><\/i><\/div><img loading=\"lazy\" decoding=\"async\" width=\"600\" height=\"600\" src=\"https:\/\/museocavallinodellagiara.it\/wp-content\/uploads\/2018\/01\/occhiali-per-trebbiare-600x600.jpg\" class=\"attachment-engage-masonry-square\" alt=\"Occhiali per trebbiare\" srcset=\"https:\/\/museocavallinodellagiara.it\/wp-content\/uploads\/2018\/01\/occhiali-per-trebbiare-600x600.jpg 600w, https:\/\/museocavallinodellagiara.it\/wp-content\/uploads\/2018\/01\/occhiali-per-trebbiare-150x150.jpg 150w\" sizes=\"auto, (max-width: 600px) 100vw, 600px\" \/><\/a><\/div><div class=\"item grid-item cbp-item vntd-gallery-item mp-gallery\"><a href=\"https:\/\/museocavallinodellagiara.it\/wp-content\/uploads\/2018\/01\/lampada-ad-olio.jpg\" title=\"Lampada ad olio di lentischio\"><div class=\"gallery-item-overlay\"><i class=\"vntd-gallery-zoom-icon engage-icon-icon engage-icon-zoom-2\"><\/i><\/div><img loading=\"lazy\" decoding=\"async\" width=\"600\" height=\"600\" src=\"https:\/\/museocavallinodellagiara.it\/wp-content\/uploads\/2018\/01\/lampada-ad-olio-600x600.jpg\" class=\"attachment-engage-masonry-square\" alt=\"Lampada ad olio di lentischio\" srcset=\"https:\/\/museocavallinodellagiara.it\/wp-content\/uploads\/2018\/01\/lampada-ad-olio-600x600.jpg 600w, https:\/\/museocavallinodellagiara.it\/wp-content\/uploads\/2018\/01\/lampada-ad-olio-150x150.jpg 150w\" sizes=\"auto, (max-width: 600px) 100vw, 600px\" \/><\/a><\/div><div class=\"item grid-item cbp-item vntd-gallery-item mp-gallery\"><a href=\"https:\/\/museocavallinodellagiara.it\/wp-content\/uploads\/2018\/01\/timbro-marchiatura-a-fuoco-testata.jpg\" title=\"Timbro per la marchiatura a fuoco \"><div class=\"gallery-item-overlay\"><i class=\"vntd-gallery-zoom-icon engage-icon-icon engage-icon-zoom-2\"><\/i><\/div><img loading=\"lazy\" decoding=\"async\" width=\"600\" height=\"600\" src=\"https:\/\/museocavallinodellagiara.it\/wp-content\/uploads\/2018\/01\/timbro-marchiatura-a-fuoco-testata-600x600.jpg\" class=\"attachment-engage-masonry-square\" alt=\"Timbro per la marchiatura a fuoco\" srcset=\"https:\/\/museocavallinodellagiara.it\/wp-content\/uploads\/2018\/01\/timbro-marchiatura-a-fuoco-testata-600x600.jpg 600w, https:\/\/museocavallinodellagiara.it\/wp-content\/uploads\/2018\/01\/timbro-marchiatura-a-fuoco-testata-150x150.jpg 150w\" sizes=\"auto, (max-width: 600px) 100vw, 600px\" \/><\/a><\/div><\/div><\/div>[\/vc_column][\/vc_row][vc_row full_width=\u00a0\u00bbstretch_row_content_no_spaces\u00a0\u00bb bg_color_pre=\u00a0\u00bbbg-color-accent\u00a0\u00bb css=\u00a0\u00bb.vc_custom_1494250403646{padding-top: 0px !important;}\u00a0\u00bb][vc_column]<div class=\"vntd-cta cta-text-color-white bg-color-none cta-align-center\"><div class=\"container\"><div class=\"row\"><div class=\"cta-texts\"><h2 class=\"cta-heading\"><span>Vuoi saperne di pi\u00f9?<\/span><\/h2><p class=\"cta-subtitle\">Vieni a trovarci<\/p><\/div><div class=\"cta-buttons\"><a href=\"\" class=\"btn cta-btn1 btn-outline btn-white btn-hover-white\">Scrivici!<\/a><a href=\"https:\/\/www.museumshop.inlandsardinia.it\/prodotto\/biglietteria\/biglietto-museo-del-cavallino\/\" target=\"_blank\" class=\"btn cta-btn2 btn-solid btn-white btn-hover-white\">Prenota on-line<\/a><\/div><\/div><\/div><\/div>[\/vc_column][\/vc_row]<\/p>\n","protected":false},"excerpt":{"rendered":"<p>[vc_row][vc_column][\/vc_column][\/vc_row][vc_row][vc_column][vc_separator][\/vc_column][\/vc_row][vc_row][vc_column][vc_column_text]La section ethnographique du Museo del Cavallino della Giara est d\u00e9velopp\u00e9e dans les diff\u00e9rentes salles de la Casa Serra restaur\u00e9e et mus\u00e9ifi\u00e9e. Des outils issus des travaux des champs, du menuisier, du berger, mais aussi des objets de cuisine et de chambre \u00e0 coucher du d\u00e9but du XXe si\u00e8cle cr\u00e9ent [&hellip;]<\/p>\n","protected":false},"author":1,"featured_media":0,"parent":0,"menu_order":0,"comment_status":"closed","ping_status":"closed","template":"","meta":{"footnotes":""},"class_list":["post-5719","page","type-page","status-publish","hentry"],"yoast_head":"<!-- This site is optimized with the Yoast SEO plugin v27.1.1 - https:\/\/yoast.com\/product\/yoast-seo-wordpress\/ -->\n<title>Section ethnographique - Museo del Cavallino della Giara<\/title>\n<meta name=\"description\" content=\"La section ethnographique du Civico Museo del Cavallino della Giara compte plus de 400 pi\u00e8ces catalogu\u00e9es et expos\u00e9es dans le mus\u00e9e.\" \/>\n<meta name=\"robots\" content=\"index, follow, max-snippet:-1, max-image-preview:large, max-video-preview:-1\" \/>\n<link rel=\"canonical\" href=\"https:\/\/museocavallinodellagiara.it\/fr\/section-ethnographique\/\" \/>\n<meta property=\"og:locale\" content=\"fr_FR\" \/>\n<meta property=\"og:type\" content=\"article\" \/>\n<meta property=\"og:title\" content=\"Mus\u00e9e du Cavallino della Giara\" \/>\n<meta property=\"og:description\" content=\"La section ethnographique du Civico Museo del Cavallino della Giara compte plus de 400 pi\u00e8ces catalogu\u00e9es et expos\u00e9es dans le mus\u00e9e.\" \/>\n<meta property=\"og:url\" content=\"https:\/\/museocavallinodellagiara.it\/fr\/section-ethnographique\/\" \/>\n<meta property=\"og:site_name\" content=\"Museo del Cavallino della Giara\" \/>\n<meta property=\"article:publisher\" content=\"https:\/\/business.facebook.com\/parcgenoni\/\" \/>\n<meta property=\"og:image\" content=\"https:\/\/museocavallinodellagiara.it\/wp-content\/uploads\/2018\/01\/Peretta-clistere.jpg\" \/>\n<meta name=\"twitter:card\" content=\"summary_large_image\" \/>\n<meta name=\"twitter:title\" content=\"Mus\u00e9e du Cavallino della Giara\" \/>\n<meta name=\"twitter:description\" content=\"La section ethnographique du Civico Museo del Cavallino della Giara compte plus de 400 pi\u00e8ces catalogu\u00e9es et expos\u00e9es dans le mus\u00e9e.\" \/>\n<meta name=\"twitter:image\" content=\"https:\/\/museocavallinodellagiara.it\/wp-content\/uploads\/2018\/01\/Peretta-clistere.jpg\" \/>\n<meta name=\"twitter:label1\" content=\"Dur\u00e9e de lecture estim\u00e9e\" \/>\n\t<meta name=\"twitter:data1\" content=\"3 minutes\" \/>\n<script type=\"application\/ld+json\" class=\"yoast-schema-graph\">{\"@context\":\"https:\/\/schema.org\",\"@graph\":[{\"@type\":\"WebPage\",\"@id\":\"https:\/\/museocavallinodellagiara.it\/fr\/section-ethnographique\/\",\"url\":\"https:\/\/museocavallinodellagiara.it\/fr\/section-ethnographique\/\",\"name\":\"Section ethnographique - Museo del Cavallino della Giara\",\"isPartOf\":{\"@id\":\"https:\/\/museocavallinodellagiara.it\/#website\"},\"datePublished\":\"2025-03-29T14:53:23+00:00\",\"description\":\"La section ethnographique du Civico Museo del Cavallino della Giara compte plus de 400 pi\u00e8ces catalogu\u00e9es et expos\u00e9es dans le mus\u00e9e.\",\"breadcrumb\":{\"@id\":\"https:\/\/museocavallinodellagiara.it\/fr\/section-ethnographique\/#breadcrumb\"},\"inLanguage\":\"fr-FR\",\"potentialAction\":[{\"@type\":\"ReadAction\",\"target\":[\"https:\/\/museocavallinodellagiara.it\/fr\/section-ethnographique\/\"]}]},{\"@type\":\"BreadcrumbList\",\"@id\":\"https:\/\/museocavallinodellagiara.it\/fr\/section-ethnographique\/#breadcrumb\",\"itemListElement\":[{\"@type\":\"ListItem\",\"position\":1,\"name\":\"Home\",\"item\":\"https:\/\/museocavallinodellagiara.it\/fr\/\"},{\"@type\":\"ListItem\",\"position\":2,\"name\":\"Section ethnographique\"}]},{\"@type\":\"WebSite\",\"@id\":\"https:\/\/museocavallinodellagiara.it\/#website\",\"url\":\"https:\/\/museocavallinodellagiara.it\/\",\"name\":\"Museo del Cavallino della Giara\",\"description\":\"Il museo dedicato al cavallo e al Parco della Giara\",\"publisher\":{\"@id\":\"https:\/\/museocavallinodellagiara.it\/#organization\"},\"potentialAction\":[{\"@type\":\"SearchAction\",\"target\":{\"@type\":\"EntryPoint\",\"urlTemplate\":\"https:\/\/museocavallinodellagiara.it\/?s={search_term_string}\"},\"query-input\":{\"@type\":\"PropertyValueSpecification\",\"valueRequired\":true,\"valueName\":\"search_term_string\"}}],\"inLanguage\":\"fr-FR\"},{\"@type\":\"Organization\",\"@id\":\"https:\/\/museocavallinodellagiara.it\/#organization\",\"name\":\"Museo del Cavallino della Giara\",\"url\":\"https:\/\/museocavallinodellagiara.it\/\",\"logo\":{\"@type\":\"ImageObject\",\"inLanguage\":\"fr-FR\",\"@id\":\"https:\/\/museocavallinodellagiara.it\/#\/schema\/logo\/image\/\",\"url\":\"https:\/\/museocavallinodellagiara.it\/wp-content\/uploads\/2018\/01\/logo_cavallino.png\",\"contentUrl\":\"https:\/\/museocavallinodellagiara.it\/wp-content\/uploads\/2018\/01\/logo_cavallino.png\",\"width\":606,\"height\":739,\"caption\":\"Museo del Cavallino della Giara\"},\"image\":{\"@id\":\"https:\/\/museocavallinodellagiara.it\/#\/schema\/logo\/image\/\"},\"sameAs\":[\"https:\/\/business.facebook.com\/parcgenoni\/\",\"https:\/\/www.youtube.com\/user\/ParcGenoni\"]}]}<\/script>\n<!-- \/ Yoast SEO plugin. -->","yoast_head_json":{"title":"Section ethnographique - Museo del Cavallino della Giara","description":"La section ethnographique du Civico Museo del Cavallino della Giara compte plus de 400 pi\u00e8ces catalogu\u00e9es et expos\u00e9es dans le mus\u00e9e.","robots":{"index":"index","follow":"follow","max-snippet":"max-snippet:-1","max-image-preview":"max-image-preview:large","max-video-preview":"max-video-preview:-1"},"canonical":"https:\/\/museocavallinodellagiara.it\/fr\/section-ethnographique\/","og_locale":"fr_FR","og_type":"article","og_title":"Mus\u00e9e du Cavallino della Giara","og_description":"La section ethnographique du Civico Museo del Cavallino della Giara compte plus de 400 pi\u00e8ces catalogu\u00e9es et expos\u00e9es dans le mus\u00e9e.","og_url":"https:\/\/museocavallinodellagiara.it\/fr\/section-ethnographique\/","og_site_name":"Museo del Cavallino della Giara","article_publisher":"https:\/\/business.facebook.com\/parcgenoni\/","og_image":[{"url":"https:\/\/museocavallinodellagiara.it\/wp-content\/uploads\/2018\/01\/Peretta-clistere.jpg","type":"","width":"","height":""}],"twitter_card":"summary_large_image","twitter_title":"Mus\u00e9e du Cavallino della Giara","twitter_description":"La section ethnographique du Civico Museo del Cavallino della Giara compte plus de 400 pi\u00e8ces catalogu\u00e9es et expos\u00e9es dans le mus\u00e9e.","twitter_image":"https:\/\/museocavallinodellagiara.it\/wp-content\/uploads\/2018\/01\/Peretta-clistere.jpg","twitter_misc":{"Dur\u00e9e de lecture estim\u00e9e":"3 minutes"},"schema":{"@context":"https:\/\/schema.org","@graph":[{"@type":"WebPage","@id":"https:\/\/museocavallinodellagiara.it\/fr\/section-ethnographique\/","url":"https:\/\/museocavallinodellagiara.it\/fr\/section-ethnographique\/","name":"Section ethnographique - Museo del Cavallino della Giara","isPartOf":{"@id":"https:\/\/museocavallinodellagiara.it\/#website"},"datePublished":"2025-03-29T14:53:23+00:00","description":"La section ethnographique du Civico Museo del Cavallino della Giara compte plus de 400 pi\u00e8ces catalogu\u00e9es et expos\u00e9es dans le mus\u00e9e.","breadcrumb":{"@id":"https:\/\/museocavallinodellagiara.it\/fr\/section-ethnographique\/#breadcrumb"},"inLanguage":"fr-FR","potentialAction":[{"@type":"ReadAction","target":["https:\/\/museocavallinodellagiara.it\/fr\/section-ethnographique\/"]}]},{"@type":"BreadcrumbList","@id":"https:\/\/museocavallinodellagiara.it\/fr\/section-ethnographique\/#breadcrumb","itemListElement":[{"@type":"ListItem","position":1,"name":"Home","item":"https:\/\/museocavallinodellagiara.it\/fr\/"},{"@type":"ListItem","position":2,"name":"Section ethnographique"}]},{"@type":"WebSite","@id":"https:\/\/museocavallinodellagiara.it\/#website","url":"https:\/\/museocavallinodellagiara.it\/","name":"Museo del Cavallino della Giara","description":"Il museo dedicato al cavallo e al Parco della Giara","publisher":{"@id":"https:\/\/museocavallinodellagiara.it\/#organization"},"potentialAction":[{"@type":"SearchAction","target":{"@type":"EntryPoint","urlTemplate":"https:\/\/museocavallinodellagiara.it\/?s={search_term_string}"},"query-input":{"@type":"PropertyValueSpecification","valueRequired":true,"valueName":"search_term_string"}}],"inLanguage":"fr-FR"},{"@type":"Organization","@id":"https:\/\/museocavallinodellagiara.it\/#organization","name":"Museo del Cavallino della Giara","url":"https:\/\/museocavallinodellagiara.it\/","logo":{"@type":"ImageObject","inLanguage":"fr-FR","@id":"https:\/\/museocavallinodellagiara.it\/#\/schema\/logo\/image\/","url":"https:\/\/museocavallinodellagiara.it\/wp-content\/uploads\/2018\/01\/logo_cavallino.png","contentUrl":"https:\/\/museocavallinodellagiara.it\/wp-content\/uploads\/2018\/01\/logo_cavallino.png","width":606,"height":739,"caption":"Museo del Cavallino della Giara"},"image":{"@id":"https:\/\/museocavallinodellagiara.it\/#\/schema\/logo\/image\/"},"sameAs":["https:\/\/business.facebook.com\/parcgenoni\/","https:\/\/www.youtube.com\/user\/ParcGenoni"]}]}},"_links":{"self":[{"href":"https:\/\/museocavallinodellagiara.it\/fr\/wp-json\/wp\/v2\/pages\/5719","targetHints":{"allow":["GET"]}}],"collection":[{"href":"https:\/\/museocavallinodellagiara.it\/fr\/wp-json\/wp\/v2\/pages"}],"about":[{"href":"https:\/\/museocavallinodellagiara.it\/fr\/wp-json\/wp\/v2\/types\/page"}],"author":[{"embeddable":true,"href":"https:\/\/museocavallinodellagiara.it\/fr\/wp-json\/wp\/v2\/users\/1"}],"replies":[{"embeddable":true,"href":"https:\/\/museocavallinodellagiara.it\/fr\/wp-json\/wp\/v2\/comments?post=5719"}],"version-history":[{"count":1,"href":"https:\/\/museocavallinodellagiara.it\/fr\/wp-json\/wp\/v2\/pages\/5719\/revisions"}],"predecessor-version":[{"id":5722,"href":"https:\/\/museocavallinodellagiara.it\/fr\/wp-json\/wp\/v2\/pages\/5719\/revisions\/5722"}],"wp:attachment":[{"href":"https:\/\/museocavallinodellagiara.it\/fr\/wp-json\/wp\/v2\/media?parent=5719"}],"curies":[{"name":"wp","href":"https:\/\/api.w.org\/{rel}","templated":true}]}}