{"id":5726,"date":"2025-03-29T14:56:03","date_gmt":"2025-03-29T14:56:03","guid":{"rendered":"https:\/\/museocavallinodellagiara.it\/personnel\/"},"modified":"2025-03-29T14:56:03","modified_gmt":"2025-03-29T14:56:03","slug":"personnel","status":"publish","type":"page","link":"https:\/\/museocavallinodellagiara.it\/fr\/personnel\/","title":{"rendered":"Personnel"},"content":{"rendered":"<p>[vc_row][vc_column]<div class=\"special-heading vntd-heading heading-border-below heading-align-center heading-with-icon\"><div class=\"special-heading-icon colored\"><i class=\"fa fa-building-o\"><\/i><\/div><h3 class=\"special-heading-title\">Gestion des mus\u00e9es<\/h3><\/div>[\/vc_column][\/vc_row][vc_row][vc_column width=\u00a0\u00bb1\/2&Prime;][vc_single_image image=\u00a0\u00bb3666&Prime; img_size=\u00a0\u00bbmedium\u00a0\u00bb alignment=\u00a0\u00bbcenter\u00a0\u00bb css_animation=\u00a0\u00bbfadeIn\u00a0\u00bb][vc_column_text]<strong>Propri\u00e9taire :<\/strong> Municipalit\u00e9 de Genoni<\/p>\n<p><strong>Conseil d&rsquo;administration : <\/strong>Maire de la Municipalit\u00e9 de Genoni Soddu Roberto, Secci Virginia et Zedda Gabriele<\/p>\n<p><strong>Directeur : <\/strong>Zucca Michele[\/vc_column_text][\/vc_column][vc_column width=\u00a0\u00bb1\/2&Prime;][vc_single_image image=\u00a0\u00bb3777&Prime; img_size=\u00a0\u00bbmedium\u00a0\u00bb alignment=\u00a0\u00bbcenter\u00a0\u00bb onclick=\u00a0\u00bbzoom\u00a0\u00bb css_animation=\u00a0\u00bbfadeIn\u00a0\u00bb][vc_column_text]<strong>Entit\u00e9 gestionnaire : <\/strong>Giunone Soc Coop &#8211; coopgiunone@yahoo.it &#8211;<br \/>\n<strong>Si\u00e8ge social : <\/strong>via Matteotti, 16 &#8211; 08030 &#8211; Genoni &#8211; OR<br \/>\n<strong>PI :<\/strong> 01261540916<br \/>\n N.<strong>Registre des soci\u00e9t\u00e9s coop\u00e9ratives : <\/strong>A 185492[\/vc_column_text][\/vc_column][\/vc_row][vc_row css=\u00a0\u00bb.vc_custom_1495446935969{padding-top: 75px !important;padding-bottom: 30px !important;}\u00a0\u00bb][vc_column]<div class=\"special-heading vntd-heading heading-no-border heading-align-center\"style=\"margin-bottom:60px;\"><h3 class=\"special-heading-title\">Team di lavoro<\/h3><p class=\"special-heading-subtitle\">Il gruppo di operatori museali impegnato nella gestione del Museo del Cavallino della Giara<\/p><\/div>[vc_row_inner][vc_column_inner width=\u00a0\u00bb1\/3&Prime;]<div class=\"team-item vntd-person wpb_content_element team-members-modern team-members-no\"><div class=\"item-main\"><a  class=\"item-image\"><img decoding=\"async\" src=\"https:\/\/museocavallinodellagiara.it\/wp-content\/uploads\/2018\/01\/michele-zucca.jpg\" alt=\"Michele Zucca\" title=\"Michele Zucca\"><\/a><div class=\"item-overlay\"><div class=\"item-overlay-inner\"><div class=\"vntd-social-icons social-icons social-icons-circle\"><a href=\"#\" class=\"icon-twitter\" target=\"_blank\" alt=\"Twitter\"><i class=\"fa fa-twitter icon-primary\"><\/i><\/a><a href=\"https:\/\/www.facebook.com\/michelezucca77\" class=\"icon-facebook\" target=\"_blank\" alt=\"Facebook\"><i class=\"fa fa-facebook icon-primary\"><\/i><\/a><a href=\"https:\/\/www.linkedin.com\/in\/michele-zucca-70557b1b\/\" class=\"icon-linkedin\" target=\"_blank\" alt=\"LinkedIn\"><i class=\"fa fa-linkedin icon-primary\"><\/i><\/a><a href=\"https:\/\/plus.google.com\/u\/0\/+MicheleZucca\" class=\"icon-google-plus\" target=\"_blank\" alt=\"Google Plus\"><i class=\"fa fa-google-plus icon-primary\"><\/i><\/a><a href=\"https:\/\/api.whatsapp.com\/send?phone=393391676863\" class=\"icon-whatsapp\" target=\"_blank\" alt=\"Whatsapp\"><i class=\"fa fa-whatsapp icon-primary\"><\/i><\/a><\/div><\/div><\/div><\/div><div class=\"item-caption\"><div class=\"item-caption-inner\"><div class=\"team-caption-header\"><div class=\"team-caption-titles\"><h4 class=\"item-title team-member-name\">Michele Zucca<\/h4><div class=\"caption-categories member-position\">Direttore, Guida Turistica, Educatore Museale<\/div><\/div><\/div><\/div><\/div><\/div><div class=\"team-item vntd-person wpb_content_element team-members-modern team-members-no\"><div class=\"item-main\"><a  class=\"item-image\"><img decoding=\"async\" src=\"https:\/\/museocavallinodellagiara.it\/wp-content\/uploads\/2018\/01\/anna-maria-ardu-guida.jpg\" alt=\"Anna Maria Ardu\" title=\"Anna Maria Ardu\"><\/a><div class=\"item-overlay\"><div class=\"item-overlay-inner\"><div class=\"vntd-social-icons social-icons social-icons-circle\"><a href=\"#\" class=\"icon-twitter\" target=\"_blank\" alt=\"Twitter\"><i class=\"fa fa-twitter icon-primary\"><\/i><\/a><a href=\"https:\/\/www.facebook.com\/anna.m.ardu\" class=\"icon-facebook\" target=\"_blank\" alt=\"Facebook\"><i class=\"fa fa-facebook icon-primary\"><\/i><\/a><a href=\"https:\/\/www.linkedin.com\/in\/anna-maria-ardu-2a756aa9\/\" class=\"icon-linkedin\" target=\"_blank\" alt=\"LinkedIn\"><i class=\"fa fa-linkedin icon-primary\"><\/i><\/a><\/div><\/div><\/div><\/div><div class=\"item-caption\"><div class=\"item-caption-inner\"><div class=\"team-caption-header\"><div class=\"team-caption-titles\"><h4 class=\"item-title team-member-name\">Anna Maria Ardu<\/h4><div class=\"caption-categories member-position\">Consulente Scientifico, Guida Turistica, Educatore Museale<\/div><\/div><\/div><\/div><\/div><\/div>[\/vc_column_inner][vc_column_inner width=\u00a0\u00bb1\/3&Prime;]<div class=\"team-item vntd-person wpb_content_element team-members-modern team-members-no\"><div class=\"item-main\"><a  class=\"item-image\"><img decoding=\"async\" src=\"https:\/\/museocavallinodellagiara.it\/wp-content\/uploads\/2018\/01\/roberta-carta-1.jpg\" alt=\"Roberta Carta\" title=\"Roberta Carta\"><\/a><div class=\"item-overlay\"><div class=\"item-overlay-inner\"><div class=\"vntd-social-icons social-icons social-icons-circle\"><a href=\"#\" class=\"icon-twitter\" target=\"_blank\" alt=\"Twitter\"><i class=\"fa fa-twitter icon-primary\"><\/i><\/a><a href=\"https:\/\/www.facebook.com\/roby.carta3\" class=\"icon-facebook\" target=\"_blank\" alt=\"Facebook\"><i class=\"fa fa-facebook icon-primary\"><\/i><\/a><\/div><\/div><\/div><\/div><div class=\"item-caption\"><div class=\"item-caption-inner\"><div class=\"team-caption-header\"><div class=\"team-caption-titles\"><h4 class=\"item-title team-member-name\">Roberta Carta<\/h4><div class=\"caption-categories member-position\">Servizi Amministrativi, Educatore Museale<\/div><\/div><\/div><\/div><\/div><\/div><div class=\"team-item vntd-person wpb_content_element team-members-modern team-members-no\"><div class=\"item-main\"><a  class=\"item-image\"><img decoding=\"async\" src=\"https:\/\/museocavallinodellagiara.it\/wp-content\/uploads\/2018\/01\/luigi-sanciu.jpg\" alt=\"Luigi Sanciu\" title=\"Luigi Sanciu\"><\/a><div class=\"item-overlay\"><div class=\"item-overlay-inner\"><div class=\"vntd-social-icons social-icons social-icons-circle\"><a href=\"#\" class=\"icon-twitter\" target=\"_blank\" alt=\"Twitter\"><i class=\"fa fa-twitter icon-primary\"><\/i><\/a><a href=\"https:\/\/www.facebook.com\/LuigiSanciu80\/\" class=\"icon-facebook\" target=\"_blank\" alt=\"Facebook\"><i class=\"fa fa-facebook icon-primary\"><\/i><\/a><a href=\"https:\/\/www.linkedin.com\/in\/luigi-sanciu-b656b065\/\" class=\"icon-linkedin\" target=\"_blank\" alt=\"LinkedIn\"><i class=\"fa fa-linkedin icon-primary\"><\/i><\/a><\/div><\/div><\/div><\/div><div class=\"item-caption\"><div class=\"item-caption-inner\"><div class=\"team-caption-header\"><div class=\"team-caption-titles\"><h4 class=\"item-title team-member-name\">Luigi Sanciu<\/h4><div class=\"caption-categories member-position\">Consulente Scientifico, Guida Turistica, Educatore Museale<\/div><\/div><\/div><\/div><\/div><\/div>[\/vc_column_inner][vc_column_inner width=\u00a0\u00bb1\/3&Prime;]<div class=\"team-item vntd-person wpb_content_element team-members-modern team-members-no\"><div class=\"item-main\"><a  class=\"item-image\"><img decoding=\"async\" src=\"https:\/\/museocavallinodellagiara.it\/wp-content\/uploads\/2018\/01\/lorenza-pili.jpg\" alt=\"Lorenza Pili\" title=\"Lorenza Pili\"><\/a><div class=\"item-overlay\"><div class=\"item-overlay-inner\"><div class=\"vntd-social-icons social-icons social-icons-circle\"><a href=\"#\" class=\"icon-twitter\" target=\"_blank\" alt=\"Twitter\"><i class=\"fa fa-twitter icon-primary\"><\/i><\/a><a href=\"https:\/\/www.facebook.com\/lorenza.pili\" class=\"icon-facebook\" target=\"_blank\" alt=\"Facebook\"><i class=\"fa fa-facebook icon-primary\"><\/i><\/a><\/div><\/div><\/div><\/div><div class=\"item-caption\"><div class=\"item-caption-inner\"><div class=\"team-caption-header\"><div class=\"team-caption-titles\"><h4 class=\"item-title team-member-name\">Lorenza Pili<\/h4><div class=\"caption-categories member-position\">Guida Turistica, Educatore Museale<\/div><\/div><\/div><\/div><\/div><\/div><div class=\"team-item vntd-person wpb_content_element team-members-modern team-members-no\"><div class=\"item-main\"><a  class=\"item-image\"><img decoding=\"async\" src=\"https:\/\/museocavallinodellagiara.it\/wp-content\/uploads\/2018\/01\/virginia-secci-3.jpg\" alt=\"Virginia Secci\" title=\"Virginia Secci\"><\/a><div class=\"item-overlay\"><div class=\"item-overlay-inner\"><div class=\"vntd-social-icons social-icons social-icons-circle\"><a href=\"#\" class=\"icon-twitter\" target=\"_blank\" alt=\"Twitter\"><i class=\"fa fa-twitter icon-primary\"><\/i><\/a><a href=\"https:\/\/www.facebook.com\/virginia.e.secci\" class=\"icon-facebook\" target=\"_blank\" alt=\"Facebook\"><i class=\"fa fa-facebook icon-primary\"><\/i><\/a><a href=\"https:\/\/www.linkedin.com\/in\/virginia-secci-14922940\/\" class=\"icon-linkedin\" target=\"_blank\" alt=\"LinkedIn\"><i class=\"fa fa-linkedin icon-primary\"><\/i><\/a><\/div><\/div><\/div><\/div><div class=\"item-caption\"><div class=\"item-caption-inner\"><div class=\"team-caption-header\"><div class=\"team-caption-titles\"><h4 class=\"item-title team-member-name\">Virginia Secci<\/h4><div class=\"caption-categories member-position\">Guida Turistica, Educatore Museale<\/div><\/div><\/div><\/div><\/div><\/div>[\/vc_column_inner][\/vc_row_inner][\/vc_column][\/vc_row][vc_row css=\u00a0\u00bb.vc_custom_1494858964069{padding-top: 90px !important;padding-bottom: 55px !important;}\u00a0\u00bb][vc_column width=\u00a0\u00bb1\/4&Prime;][vc_pie value=\u00a0\u00bb95&Prime; color=\u00a0\u00bbcustom\u00a0\u00bb title=\u00a0\u00bbGestion d&apos;ateliers \u00e9ducatifs\u00a0\u00bb units=\u00a0\u00bb%\u00a0\u00bb custom_color=\u00a0\u00bb#204d62&Prime;][\/vc_column][vc_column width=\u00a0\u00bb1\/4&Prime;][vc_pie value=\u00a0\u00bb80&Prime; color=\u00a0\u00bbcustom\u00a0\u00bb title=\u00a0\u00bbGestion du DesignGroup et langues \u00e9trang\u00e8res\u00a0\u00bb units=\u00a0\u00bb%\u00a0\u00bb custom_color=\u00a0\u00bb#204d62&Prime;][\/vc_column][vc_column width=\u00a0\u00bb1\/4&Prime;][vc_pie value=\u00a0\u00bb75&Prime; color=\u00a0\u00bbcustom\u00a0\u00bb title=\u00a0\u00bbConception de l&apos;exposition\u00a0\u00bb units=\u00a0\u00bb%\u00a0\u00bb custom_color=\u00a0\u00bb#204d62&Prime;][\/vc_column][vc_column width=\u00a0\u00bb1\/4&Prime;][vc_pie value=\u00a0\u00bb94&Prime; color=\u00a0\u00bbcustom\u00a0\u00bb title=\u00a0\u00bbMise en \u0153uvre et gestion de projets\u00a0\u00bb units=\u00a0\u00bb%\u00a0\u00bb custom_color=\u00a0\u00bb#204d62&Prime;][\/vc_column][\/vc_row][vc_row full_width=\u00a0\u00bbstretch_row_content_no_spaces\u00a0\u00bb bg_color_pre=\u00a0\u00bbbg-color-accent\u00a0\u00bb css=\u00a0\u00bb.vc_custom_1494250403646{padding-top: 0px !important;}\u00a0\u00bb][vc_column]<div class=\"vntd-cta cta-text-color-white bg-color-none cta-align-center\"><div class=\"container\"><div class=\"row\"><div class=\"cta-texts\"><h2 class=\"cta-heading\"><span>Vuoi conoscerci di persona?<\/span><\/h2><p class=\"cta-subtitle\">Prenota una visita al museo!<\/p><\/div><div class=\"cta-buttons\"><a href=\"http:\/\/www.museocavallinodellagiara.it\/contatti\/\" class=\"btn cta-btn1 btn-outline btn-white btn-hover-white\">Contattaci!<\/a><\/div><\/div><\/div><\/div>[\/vc_column][\/vc_row]<\/p>\n","protected":false},"excerpt":{"rendered":"<p>[vc_row][vc_column][\/vc_column][\/vc_row][vc_row][vc_column width=\u00a0\u00bb1\/2&Prime;][vc_single_image image=\u00a0\u00bb3666&Prime; img_size=\u00a0\u00bbmedium\u00a0\u00bb alignment=\u00a0\u00bbcenter\u00a0\u00bb css_animation=\u00a0\u00bbfadeIn\u00a0\u00bb][vc_column_text]Propri\u00e9taire : Municipalit\u00e9 de Genoni Conseil d&rsquo;administration : Maire de la Municipalit\u00e9 de Genoni Soddu Roberto, Secci Virginia et Zedda Gabriele Directeur : Zucca Michele[\/vc_column_text][\/vc_column][vc_column width=\u00a0\u00bb1\/2&Prime;][vc_single_image image=\u00a0\u00bb3777&Prime; img_size=\u00a0\u00bbmedium\u00a0\u00bb alignment=\u00a0\u00bbcenter\u00a0\u00bb onclick=\u00a0\u00bbzoom\u00a0\u00bb css_animation=\u00a0\u00bbfadeIn\u00a0\u00bb][vc_column_text]Entit\u00e9 gestionnaire : Giunone Soc Coop &#8211; coopgiunone@yahoo.it &#8211; Si\u00e8ge social : via Matteotti, 16 [&hellip;]<\/p>\n","protected":false},"author":1,"featured_media":0,"parent":0,"menu_order":0,"comment_status":"closed","ping_status":"closed","template":"","meta":{"footnotes":""},"class_list":["post-5726","page","type-page","status-publish","hentry"],"yoast_head":"<!-- This site is optimized with the Yoast SEO plugin v27.1.1 - https:\/\/yoast.com\/product\/yoast-seo-wordpress\/ -->\n<title>Personnel - Museo del Cavallino della Giara<\/title>\n<meta name=\"description\" content=\"Le personnel form\u00e9 et qualifi\u00e9 de Giunone Soc Coop g\u00e8re le mus\u00e9e civique du Cavallino della Giara de la municipalit\u00e9 de Genoni. D\u00e9couvrez qui nous sommes !\" \/>\n<meta name=\"robots\" content=\"index, follow, max-snippet:-1, max-image-preview:large, max-video-preview:-1\" \/>\n<link rel=\"canonical\" href=\"https:\/\/museocavallinodellagiara.it\/fr\/personnel\/\" \/>\n<meta property=\"og:locale\" content=\"fr_FR\" \/>\n<meta property=\"og:type\" content=\"article\" \/>\n<meta property=\"og:title\" content=\"Personnel - Museo del Cavallino della Giara\" \/>\n<meta property=\"og:description\" content=\"Le personnel form\u00e9 et qualifi\u00e9 de Giunone Soc Coop g\u00e8re le mus\u00e9e civique du Cavallino della Giara de la municipalit\u00e9 de Genoni. D\u00e9couvrez qui nous sommes !\" \/>\n<meta property=\"og:url\" content=\"https:\/\/museocavallinodellagiara.it\/fr\/personnel\/\" \/>\n<meta property=\"og:site_name\" content=\"Museo del Cavallino della Giara\" \/>\n<meta property=\"article:publisher\" content=\"https:\/\/business.facebook.com\/parcgenoni\/\" \/>\n<meta property=\"og:image\" content=\"https:\/\/museocavallinodellagiara.it\/wp-content\/uploads\/2018\/01\/cavalla_puledro_giara-min.jpg\" \/>\n\t<meta property=\"og:image:width\" content=\"1200\" \/>\n\t<meta property=\"og:image:height\" content=\"800\" \/>\n\t<meta property=\"og:image:type\" content=\"image\/jpeg\" \/>\n<meta name=\"twitter:card\" content=\"summary_large_image\" \/>\n<meta name=\"twitter:label1\" content=\"Dur\u00e9e de lecture estim\u00e9e\" \/>\n\t<meta name=\"twitter:data1\" content=\"3 minutes\" \/>\n<script type=\"application\/ld+json\" class=\"yoast-schema-graph\">{\"@context\":\"https:\/\/schema.org\",\"@graph\":[{\"@type\":\"WebPage\",\"@id\":\"https:\/\/museocavallinodellagiara.it\/fr\/personnel\/\",\"url\":\"https:\/\/museocavallinodellagiara.it\/fr\/personnel\/\",\"name\":\"Personnel - Museo del Cavallino della Giara\",\"isPartOf\":{\"@id\":\"https:\/\/museocavallinodellagiara.it\/#website\"},\"datePublished\":\"2025-03-29T14:56:03+00:00\",\"description\":\"Le personnel form\u00e9 et qualifi\u00e9 de Giunone Soc Coop g\u00e8re le mus\u00e9e civique du Cavallino della Giara de la municipalit\u00e9 de Genoni. D\u00e9couvrez qui nous sommes !\",\"breadcrumb\":{\"@id\":\"https:\/\/museocavallinodellagiara.it\/fr\/personnel\/#breadcrumb\"},\"inLanguage\":\"fr-FR\",\"potentialAction\":[{\"@type\":\"ReadAction\",\"target\":[\"https:\/\/museocavallinodellagiara.it\/fr\/personnel\/\"]}]},{\"@type\":\"BreadcrumbList\",\"@id\":\"https:\/\/museocavallinodellagiara.it\/fr\/personnel\/#breadcrumb\",\"itemListElement\":[{\"@type\":\"ListItem\",\"position\":1,\"name\":\"Home\",\"item\":\"https:\/\/museocavallinodellagiara.it\/fr\/\"},{\"@type\":\"ListItem\",\"position\":2,\"name\":\"Personnel\"}]},{\"@type\":\"WebSite\",\"@id\":\"https:\/\/museocavallinodellagiara.it\/#website\",\"url\":\"https:\/\/museocavallinodellagiara.it\/\",\"name\":\"Museo del Cavallino della Giara\",\"description\":\"Il museo dedicato al cavallo e al Parco della Giara\",\"publisher\":{\"@id\":\"https:\/\/museocavallinodellagiara.it\/#organization\"},\"potentialAction\":[{\"@type\":\"SearchAction\",\"target\":{\"@type\":\"EntryPoint\",\"urlTemplate\":\"https:\/\/museocavallinodellagiara.it\/?s={search_term_string}\"},\"query-input\":{\"@type\":\"PropertyValueSpecification\",\"valueRequired\":true,\"valueName\":\"search_term_string\"}}],\"inLanguage\":\"fr-FR\"},{\"@type\":\"Organization\",\"@id\":\"https:\/\/museocavallinodellagiara.it\/#organization\",\"name\":\"Museo del Cavallino della Giara\",\"url\":\"https:\/\/museocavallinodellagiara.it\/\",\"logo\":{\"@type\":\"ImageObject\",\"inLanguage\":\"fr-FR\",\"@id\":\"https:\/\/museocavallinodellagiara.it\/#\/schema\/logo\/image\/\",\"url\":\"https:\/\/museocavallinodellagiara.it\/wp-content\/uploads\/2018\/01\/logo_cavallino.png\",\"contentUrl\":\"https:\/\/museocavallinodellagiara.it\/wp-content\/uploads\/2018\/01\/logo_cavallino.png\",\"width\":606,\"height\":739,\"caption\":\"Museo del Cavallino della Giara\"},\"image\":{\"@id\":\"https:\/\/museocavallinodellagiara.it\/#\/schema\/logo\/image\/\"},\"sameAs\":[\"https:\/\/business.facebook.com\/parcgenoni\/\",\"https:\/\/www.youtube.com\/user\/ParcGenoni\"]}]}<\/script>\n<!-- \/ Yoast SEO plugin. -->","yoast_head_json":{"title":"Personnel - Museo del Cavallino della Giara","description":"Le personnel form\u00e9 et qualifi\u00e9 de Giunone Soc Coop g\u00e8re le mus\u00e9e civique du Cavallino della Giara de la municipalit\u00e9 de Genoni. D\u00e9couvrez qui nous sommes !","robots":{"index":"index","follow":"follow","max-snippet":"max-snippet:-1","max-image-preview":"max-image-preview:large","max-video-preview":"max-video-preview:-1"},"canonical":"https:\/\/museocavallinodellagiara.it\/fr\/personnel\/","og_locale":"fr_FR","og_type":"article","og_title":"Personnel - Museo del Cavallino della Giara","og_description":"Le personnel form\u00e9 et qualifi\u00e9 de Giunone Soc Coop g\u00e8re le mus\u00e9e civique du Cavallino della Giara de la municipalit\u00e9 de Genoni. D\u00e9couvrez qui nous sommes !","og_url":"https:\/\/museocavallinodellagiara.it\/fr\/personnel\/","og_site_name":"Museo del Cavallino della Giara","article_publisher":"https:\/\/business.facebook.com\/parcgenoni\/","og_image":[{"width":1200,"height":800,"url":"https:\/\/museocavallinodellagiara.it\/wp-content\/uploads\/2018\/01\/cavalla_puledro_giara-min.jpg","type":"image\/jpeg"}],"twitter_card":"summary_large_image","twitter_misc":{"Dur\u00e9e de lecture estim\u00e9e":"3 minutes"},"schema":{"@context":"https:\/\/schema.org","@graph":[{"@type":"WebPage","@id":"https:\/\/museocavallinodellagiara.it\/fr\/personnel\/","url":"https:\/\/museocavallinodellagiara.it\/fr\/personnel\/","name":"Personnel - Museo del Cavallino della Giara","isPartOf":{"@id":"https:\/\/museocavallinodellagiara.it\/#website"},"datePublished":"2025-03-29T14:56:03+00:00","description":"Le personnel form\u00e9 et qualifi\u00e9 de Giunone Soc Coop g\u00e8re le mus\u00e9e civique du Cavallino della Giara de la municipalit\u00e9 de Genoni. D\u00e9couvrez qui nous sommes !","breadcrumb":{"@id":"https:\/\/museocavallinodellagiara.it\/fr\/personnel\/#breadcrumb"},"inLanguage":"fr-FR","potentialAction":[{"@type":"ReadAction","target":["https:\/\/museocavallinodellagiara.it\/fr\/personnel\/"]}]},{"@type":"BreadcrumbList","@id":"https:\/\/museocavallinodellagiara.it\/fr\/personnel\/#breadcrumb","itemListElement":[{"@type":"ListItem","position":1,"name":"Home","item":"https:\/\/museocavallinodellagiara.it\/fr\/"},{"@type":"ListItem","position":2,"name":"Personnel"}]},{"@type":"WebSite","@id":"https:\/\/museocavallinodellagiara.it\/#website","url":"https:\/\/museocavallinodellagiara.it\/","name":"Museo del Cavallino della Giara","description":"Il museo dedicato al cavallo e al Parco della Giara","publisher":{"@id":"https:\/\/museocavallinodellagiara.it\/#organization"},"potentialAction":[{"@type":"SearchAction","target":{"@type":"EntryPoint","urlTemplate":"https:\/\/museocavallinodellagiara.it\/?s={search_term_string}"},"query-input":{"@type":"PropertyValueSpecification","valueRequired":true,"valueName":"search_term_string"}}],"inLanguage":"fr-FR"},{"@type":"Organization","@id":"https:\/\/museocavallinodellagiara.it\/#organization","name":"Museo del Cavallino della Giara","url":"https:\/\/museocavallinodellagiara.it\/","logo":{"@type":"ImageObject","inLanguage":"fr-FR","@id":"https:\/\/museocavallinodellagiara.it\/#\/schema\/logo\/image\/","url":"https:\/\/museocavallinodellagiara.it\/wp-content\/uploads\/2018\/01\/logo_cavallino.png","contentUrl":"https:\/\/museocavallinodellagiara.it\/wp-content\/uploads\/2018\/01\/logo_cavallino.png","width":606,"height":739,"caption":"Museo del Cavallino della Giara"},"image":{"@id":"https:\/\/museocavallinodellagiara.it\/#\/schema\/logo\/image\/"},"sameAs":["https:\/\/business.facebook.com\/parcgenoni\/","https:\/\/www.youtube.com\/user\/ParcGenoni"]}]}},"_links":{"self":[{"href":"https:\/\/museocavallinodellagiara.it\/fr\/wp-json\/wp\/v2\/pages\/5726","targetHints":{"allow":["GET"]}}],"collection":[{"href":"https:\/\/museocavallinodellagiara.it\/fr\/wp-json\/wp\/v2\/pages"}],"about":[{"href":"https:\/\/museocavallinodellagiara.it\/fr\/wp-json\/wp\/v2\/types\/page"}],"author":[{"embeddable":true,"href":"https:\/\/museocavallinodellagiara.it\/fr\/wp-json\/wp\/v2\/users\/1"}],"replies":[{"embeddable":true,"href":"https:\/\/museocavallinodellagiara.it\/fr\/wp-json\/wp\/v2\/comments?post=5726"}],"version-history":[{"count":1,"href":"https:\/\/museocavallinodellagiara.it\/fr\/wp-json\/wp\/v2\/pages\/5726\/revisions"}],"predecessor-version":[{"id":5729,"href":"https:\/\/museocavallinodellagiara.it\/fr\/wp-json\/wp\/v2\/pages\/5726\/revisions\/5729"}],"wp:attachment":[{"href":"https:\/\/museocavallinodellagiara.it\/fr\/wp-json\/wp\/v2\/media?parent=5726"}],"curies":[{"name":"wp","href":"https:\/\/api.w.org\/{rel}","templated":true}]}}