{"id":5730,"date":"2025-03-29T14:56:26","date_gmt":"2025-03-29T14:56:26","guid":{"rendered":"https:\/\/museocavallinodellagiara.it\/interviews-video\/"},"modified":"2025-03-29T14:56:26","modified_gmt":"2025-03-29T14:56:26","slug":"interviews-video","status":"publish","type":"page","link":"https:\/\/museocavallinodellagiara.it\/fr\/interviews-video\/","title":{"rendered":"Interviews vid\u00e9o"},"content":{"rendered":"<p>[vc_row][vc_column]<div class=\"special-heading vntd-heading heading-border-below heading-align-center heading-with-icon\"><div class=\"special-heading-icon colored\"><i class=\"fa fa-video-camera\"><\/i><\/div><h3 class=\"special-heading-title\">Interviews vid\u00e9o<\/h3><p class=\"special-heading-subtitle\">Le microstorie che hanno dato vita al museo<\/p><\/div>[\/vc_column][\/vc_row][vc_row][vc_column][vc_single_image image=\u00a0\u00bb4172&Prime; alignment=\u00a0\u00bbcenter\u00a0\u00bb][\/vc_column][\/vc_row][vc_row][vc_column][vc_column_text]Le travail de mise \u00e0 jour du mus\u00e9e a comport\u00e9 une trentaine d&rsquo;entretiens avec la population locale qui avait v\u00e9cu les ann\u00e9es de guerre. Les habitants de G\u00eanes ont \u00e9t\u00e9 invit\u00e9s \u00e0 participer et la r\u00e9ponse a \u00e9t\u00e9 importante et active, comme toujours.<br \/>\nLors des entretiens, une image objective a \u00e9t\u00e9 recueillie, en \u00e9vitant d&rsquo;influencer la personne interrog\u00e9e avec des questions trop sp\u00e9cifiques, et une tentative a \u00e9t\u00e9 faite pour documenter les souvenirs les plus clairs. Cette m\u00e9thode a ses limites, car il n&rsquo;est souvent pas possible d&rsquo;entrer dans les d\u00e9tails des sujets, \u00e0 moins que la personne interrog\u00e9e ne le fasse elle-m\u00eame. Le r\u00e9sultat est cependant absolument sinc\u00e8re. A la base de la m\u00e9thode, il y a le syst\u00e8me des micro-r\u00e9cits. Grendi nous a appris que : \u00ab\u00a0La micro-analyse sociale est davantage li\u00e9e au caract\u00e8re fondamental des donn\u00e9es prises en consid\u00e9ration qu&rsquo;\u00e0 la taille de l&rsquo;espace social en tant que tel\u00a0\u00bb. Mais<br \/>\n, ce qui a renforc\u00e9 l&rsquo;id\u00e9e, c&rsquo;est le caract\u00e8re exp\u00e9rimental, comme le souligne Levi : \u00ab\u00a0Le vrai probl\u00e8me est le choix exp\u00e9rimental de la taille de l&rsquo;\u00e9chelle dans l&rsquo;observation. La possibilit\u00e9 qu&rsquo;une observation microscopique nous montre des choses qui n&rsquo;avaient pas \u00e9t\u00e9 observ\u00e9es auparavant est le caract\u00e8re unificateur de la recherche microscopique\u00a0\u00bb.<br \/>\nCette pr\u00e9misse donne de la force au projet. Les micro-histoires racont\u00e9es sont li\u00e9es au territoire sans jamais se d\u00e9tacher du contexte, mais en donnant un \u00e9clairage documentaire suppl\u00e9mentaire qui n\u00e9cessite un syst\u00e8me d&rsquo;exposition mus\u00e9ale alternatif.<br \/>\nLes interviews sont divis\u00e9es en mini-vid\u00e9os, aussi concises que repr\u00e9sentatives, et sont li\u00e9es \u00e0 la visite du mus\u00e9e par des Qr-codes qui renvoient aux vid\u00e9os o\u00f9 c&rsquo;est la population locale qui raconte des situations, des anecdotes, des objets et des histoires.[\/vc_column_text][\/vc_column][\/vc_row][vc_row equal_height=\u00a0\u00bbyes\u00a0\u00bb content_placement=\u00a0\u00bbmiddle\u00a0\u00bb color_scheme=\u00a0\u00bbwhite\u00a0\u00bb bg_gradient1=\u00a0\u00bb#204d62&Prime; bg_gradient2=\u00a0\u00bb#ffffff\u00a0\u00bb css=\u00a0\u00bb.vc_custom_1518010075786{padding-top: 120px !important;padding-bottom: 120px !important;background-color: #204d62 !important;background-position: center !important;background-repeat: no-repeat !important;background-size: cover !important;}\u00a0\u00bb][vc_column width=\u00a0\u00bb1\/2&Prime; col_padding=\u00a0\u00bb3&Prime; col_padding_side=\u00a0\u00bbright\u00a0\u00bb]<div class=\"video-lightbox color-scheme-white video-lightbox-img\"><div class=\"video-lightbox-inner\"><a href=\"https:\/\/www.youtube.com\/watch?v=EfYOEswngRk\" class=\"video-link mp-video\"><div class=\"video-lightbox-image-holder video-lightbox-round\" style=\"background-image:url(https:\/\/museocavallinodellagiara.it\/wp-content\/uploads\/2018\/02\/Giara-min-min.jpg)\"><div class=\"bg-overlay bg-overlay-dark20\"><\/div><div class=\"video-lightbox-image-icon\"><i class=\"engage-icon-icon engage-icon-triangle-right-17\"><\/i><\/div><\/div><\/a><\/div><\/div>[\/vc_column][vc_column width=\u00a0\u00bb1\/2&Prime; col_padding=\u00a0\u00bb3&Prime; col_padding_side=\u00a0\u00bbleft\u00a0\u00bb][vc_custom_heading text=\u00a0\u00bbSouvenirs de jeunesse\u00a0\u00bb font_container=\u00a0\u00bbtag:h2|font_size:50px|text_align:left\u00a0\u00bb use_theme_fonts=\u00a0\u00bbyes\u00a0\u00bb css=\u00a0\u00bb.vc_custom_1518011563467{margin-bottom: 20px !important;}\u00a0\u00bb][vc_column_text font_size=\u00a0\u00bblarge\u00a0\u00bb]Ignazio Serra raconte comment, dans son enfance, il gardait le b\u00e9tail sur la Giara.[\/vc_column_text][\/vc_column][\/vc_row][vc_row equal_height=\u00a0\u00bbyes\u00a0\u00bb content_placement=\u00a0\u00bbmiddle\u00a0\u00bb css=\u00a0\u00bb.vc_custom_1518009843763{padding-top: 120px !important;padding-bottom: 120px !important;background-position: center !important;background-repeat: no-repeat !important;background-size: cover !important;}\u00a0\u00bb][vc_column width=\u00a0\u00bb1\/2&Prime; col_padding=\u00a0\u00bb3&Prime; col_padding_side=\u00a0\u00bbright\u00a0\u00bb]<div class=\"video-lightbox color-scheme-white video-lightbox-img\"><div class=\"video-lightbox-inner\"><a href=\"https:\/\/www.youtube.com\/watch?v=n3eT6VaDBs4\" class=\"video-link mp-video\"><div class=\"video-lightbox-image-holder video-lightbox-round\" style=\"background-image:url(https:\/\/museocavallinodellagiara.it\/wp-content\/uploads\/2018\/02\/cavallo600-min-min.jpg)\"><div class=\"bg-overlay bg-overlay-dark20\"><\/div><div class=\"video-lightbox-image-icon\"><i class=\"engage-icon-icon engage-icon-triangle-right-17\"><\/i><\/div><\/div><\/a><\/div><\/div>[\/vc_column][vc_column width=\u00a0\u00bb1\/2&Prime; col_padding=\u00a0\u00bb3&Prime; col_padding_side=\u00a0\u00bbleft\u00a0\u00bb][vc_custom_heading text=\u00a0\u00bbLa vente des chevaux de Giara\u00a0\u00bb font_container=\u00a0\u00bbtag:h2|font_size:50px|text_align:left\u00a0\u00bb use_theme_fonts=\u00a0\u00bbyes\u00a0\u00bb css=\u00a0\u00bb.vc_custom_1518012173325{margin-bottom: 20px !important;}\u00a0\u00bb][vc_column_text font_size=\u00a0\u00bblarge\u00a0\u00bb]Antonio Secci raconte l&rsquo;\u00e9poque o\u00f9 les chevaux de la Giara \u00e9taient priv\u00e9s et vendus dans le reste de l&rsquo;Italie.[\/vc_column_text][\/vc_column][\/vc_row][vc_row equal_height=\u00a0\u00bbyes\u00a0\u00bb content_placement=\u00a0\u00bbmiddle\u00a0\u00bb color_scheme=\u00a0\u00bbwhite\u00a0\u00bb bg_gradient1=\u00a0\u00bb#204d62&Prime; bg_gradient2=\u00a0\u00bb#ffffff\u00a0\u00bb css=\u00a0\u00bb.vc_custom_1518010075786{padding-top: 120px !important;padding-bottom: 120px !important;background-color: #204d62 !important;background-position: center !important;background-repeat: no-repeat !important;background-size: cover !important;}\u00a0\u00bb][vc_column width=\u00a0\u00bb1\/2&Prime; col_padding=\u00a0\u00bb3&Prime; col_padding_side=\u00a0\u00bbright\u00a0\u00bb]<div class=\"video-lightbox color-scheme-white video-lightbox-img\"><div class=\"video-lightbox-inner\"><a href=\"https:\/\/www.youtube.com\/watch?v=xKFXJjjAGB0\" class=\"video-link mp-video\"><div class=\"video-lightbox-image-holder video-lightbox-round\" style=\"background-image:url(https:\/\/museocavallinodellagiara.it\/wp-content\/uploads\/2018\/02\/Il_ballo-min-min.jpg)\"><div class=\"bg-overlay bg-overlay-dark20\"><\/div><div class=\"video-lightbox-image-icon\"><i class=\"engage-icon-icon engage-icon-triangle-right-17\"><\/i><\/div><\/div><\/a><\/div><\/div>[\/vc_column][vc_column width=\u00a0\u00bb1\/2&Prime; col_padding=\u00a0\u00bb3&Prime; col_padding_side=\u00a0\u00bbleft\u00a0\u00bb][vc_custom_heading text=\u00a0\u00bbF\u00eates et soir\u00e9es dansantes\u00a0\u00bb font_container=\u00a0\u00bbtag:h2|font_size:50px|text_align:left\u00a0\u00bb use_theme_fonts=\u00a0\u00bbyes\u00a0\u00bb css=\u00a0\u00bb.vc_custom_1518012656622{margin-bottom: 20px !important;}\u00a0\u00bb][vc_column_text font_size=\u00a0\u00bblarge\u00a0\u00bb]Franco Secci parle de danses et de f\u00eates.[\/vc_column_text][\/vc_column][\/vc_row][vc_row full_width=\u00a0\u00bbstretch_row_content_no_spaces\u00a0\u00bb bg_color_pre=\u00a0\u00bbbg-color-accent\u00a0\u00bb css=\u00a0\u00bb.vc_custom_1518013257621{padding-top: 0px !important;background-color: #204d62 !important;}\u00a0\u00bb][vc_column]<div class=\"vntd-cta cta-text-color-white bg-color-none cta-align-center\"><div class=\"container\"><div class=\"row\"><div class=\"cta-texts\"><h2 class=\"cta-heading\"><span>Tutte le video interviste.<\/span><\/h2><p class=\"cta-subtitle\">Sono visibili al Museo<\/p><\/div><div class=\"cta-buttons\"><a href=\"http:\/\/www.museocavallinodellagiara.it\/contatti\/\" class=\"btn cta-btn1 btn-outline btn-white btn-hover-white\">Contattaci per prenotare!<\/a><\/div><\/div><\/div><\/div>[\/vc_column][\/vc_row]<\/p>\n","protected":false},"excerpt":{"rendered":"<p>[vc_row][vc_column][\/vc_column][\/vc_row][vc_row][vc_column][vc_single_image image=\u00a0\u00bb4172&Prime; alignment=\u00a0\u00bbcenter\u00a0\u00bb][\/vc_column][\/vc_row][vc_row][vc_column][vc_column_text]Le travail de mise \u00e0 jour du mus\u00e9e a comport\u00e9 une trentaine d&rsquo;entretiens avec la population locale qui avait v\u00e9cu les ann\u00e9es de guerre. Les habitants de G\u00eanes ont \u00e9t\u00e9 invit\u00e9s \u00e0 participer et la r\u00e9ponse a \u00e9t\u00e9 importante et active, comme toujours. Lors des entretiens, une image [&hellip;]<\/p>\n","protected":false},"author":1,"featured_media":5731,"parent":0,"menu_order":0,"comment_status":"closed","ping_status":"closed","template":"","meta":{"footnotes":""},"class_list":["post-5730","page","type-page","status-publish","has-post-thumbnail","hentry"],"yoast_head":"<!-- This site is optimized with the Yoast SEO plugin v27.1.1 - https:\/\/yoast.com\/product\/yoast-seo-wordpress\/ -->\n<title>Interviews vid\u00e9o - Museo del Cavallino della Giara<\/title>\n<meta name=\"description\" content=\"Les interviews vid\u00e9o racontent l&#039;histoire du village de Genoni. La plupart des interviews ont \u00e9t\u00e9 illustr\u00e9es par Pia Valentinis.\" \/>\n<meta name=\"robots\" content=\"index, follow, max-snippet:-1, max-image-preview:large, max-video-preview:-1\" \/>\n<link rel=\"canonical\" href=\"https:\/\/museocavallinodellagiara.it\/fr\/interviews-video\/\" \/>\n<meta property=\"og:locale\" content=\"fr_FR\" \/>\n<meta property=\"og:type\" content=\"article\" \/>\n<meta property=\"og:title\" content=\"Interviews vid\u00e9o du mus\u00e9e\" \/>\n<meta property=\"og:description\" content=\"Les interviews vid\u00e9o racontent l&#039;histoire du village de Genoni. La plupart des interviews ont \u00e9t\u00e9 illustr\u00e9es par Pia Valentinis.\" \/>\n<meta property=\"og:url\" content=\"https:\/\/museocavallinodellagiara.it\/fr\/interviews-video\/\" \/>\n<meta property=\"og:site_name\" content=\"Museo del Cavallino della Giara\" \/>\n<meta property=\"article:publisher\" content=\"https:\/\/business.facebook.com\/parcgenoni\/\" \/>\n<meta property=\"og:image\" content=\"https:\/\/museocavallinodellagiara.it\/wp-content\/uploads\/2018\/02\/cavallo600-min-min.jpg\" \/>\n<meta name=\"twitter:card\" content=\"summary_large_image\" \/>\n<meta name=\"twitter:title\" content=\"Interviews vid\u00e9o du mus\u00e9e\" \/>\n<meta name=\"twitter:description\" content=\"Les interviews vid\u00e9o racontent l&#039;histoire du village de Genoni. La plupart des interviews ont \u00e9t\u00e9 illustr\u00e9es par Pia Valentinis.\" \/>\n<meta name=\"twitter:image\" content=\"https:\/\/museocavallinodellagiara.it\/wp-content\/uploads\/2018\/02\/cavallo600-min-min.jpg\" \/>\n<meta name=\"twitter:label1\" content=\"Dur\u00e9e de lecture estim\u00e9e\" \/>\n\t<meta name=\"twitter:data1\" content=\"4 minutes\" \/>\n<script type=\"application\/ld+json\" class=\"yoast-schema-graph\">{\"@context\":\"https:\/\/schema.org\",\"@graph\":[{\"@type\":\"WebPage\",\"@id\":\"https:\/\/museocavallinodellagiara.it\/fr\/interviews-video\/\",\"url\":\"https:\/\/museocavallinodellagiara.it\/fr\/interviews-video\/\",\"name\":\"Interviews vid\u00e9o - Museo del Cavallino della Giara\",\"isPartOf\":{\"@id\":\"https:\/\/museocavallinodellagiara.it\/#website\"},\"primaryImageOfPage\":{\"@id\":\"https:\/\/museocavallinodellagiara.it\/fr\/interviews-video\/#primaryimage\"},\"image\":{\"@id\":\"https:\/\/museocavallinodellagiara.it\/fr\/interviews-video\/#primaryimage\"},\"thumbnailUrl\":\"https:\/\/museocavallinodellagiara.it\/wp-content\/uploads\/2018\/02\/Il_canto-min-min.jpg\",\"datePublished\":\"2025-03-29T14:56:26+00:00\",\"description\":\"Les interviews vid\u00e9o racontent l'histoire du village de Genoni. La plupart des interviews ont \u00e9t\u00e9 illustr\u00e9es par Pia Valentinis.\",\"breadcrumb\":{\"@id\":\"https:\/\/museocavallinodellagiara.it\/fr\/interviews-video\/#breadcrumb\"},\"inLanguage\":\"fr-FR\",\"potentialAction\":[{\"@type\":\"ReadAction\",\"target\":[\"https:\/\/museocavallinodellagiara.it\/fr\/interviews-video\/\"]}]},{\"@type\":\"ImageObject\",\"inLanguage\":\"fr-FR\",\"@id\":\"https:\/\/museocavallinodellagiara.it\/fr\/interviews-video\/#primaryimage\",\"url\":\"https:\/\/museocavallinodellagiara.it\/wp-content\/uploads\/2018\/02\/Il_canto-min-min.jpg\",\"contentUrl\":\"https:\/\/museocavallinodellagiara.it\/wp-content\/uploads\/2018\/02\/Il_canto-min-min.jpg\",\"width\":543,\"height\":768,\"caption\":\"Illustrazione di Pia Valentinis sul canto\"},{\"@type\":\"BreadcrumbList\",\"@id\":\"https:\/\/museocavallinodellagiara.it\/fr\/interviews-video\/#breadcrumb\",\"itemListElement\":[{\"@type\":\"ListItem\",\"position\":1,\"name\":\"Home\",\"item\":\"https:\/\/museocavallinodellagiara.it\/fr\/\"},{\"@type\":\"ListItem\",\"position\":2,\"name\":\"Interviews vid\u00e9o\"}]},{\"@type\":\"WebSite\",\"@id\":\"https:\/\/museocavallinodellagiara.it\/#website\",\"url\":\"https:\/\/museocavallinodellagiara.it\/\",\"name\":\"Museo del Cavallino della Giara\",\"description\":\"Il museo dedicato al cavallo e al Parco della Giara\",\"publisher\":{\"@id\":\"https:\/\/museocavallinodellagiara.it\/#organization\"},\"potentialAction\":[{\"@type\":\"SearchAction\",\"target\":{\"@type\":\"EntryPoint\",\"urlTemplate\":\"https:\/\/museocavallinodellagiara.it\/?s={search_term_string}\"},\"query-input\":{\"@type\":\"PropertyValueSpecification\",\"valueRequired\":true,\"valueName\":\"search_term_string\"}}],\"inLanguage\":\"fr-FR\"},{\"@type\":\"Organization\",\"@id\":\"https:\/\/museocavallinodellagiara.it\/#organization\",\"name\":\"Museo del Cavallino della Giara\",\"url\":\"https:\/\/museocavallinodellagiara.it\/\",\"logo\":{\"@type\":\"ImageObject\",\"inLanguage\":\"fr-FR\",\"@id\":\"https:\/\/museocavallinodellagiara.it\/#\/schema\/logo\/image\/\",\"url\":\"https:\/\/museocavallinodellagiara.it\/wp-content\/uploads\/2018\/01\/logo_cavallino.png\",\"contentUrl\":\"https:\/\/museocavallinodellagiara.it\/wp-content\/uploads\/2018\/01\/logo_cavallino.png\",\"width\":606,\"height\":739,\"caption\":\"Museo del Cavallino della Giara\"},\"image\":{\"@id\":\"https:\/\/museocavallinodellagiara.it\/#\/schema\/logo\/image\/\"},\"sameAs\":[\"https:\/\/business.facebook.com\/parcgenoni\/\",\"https:\/\/www.youtube.com\/user\/ParcGenoni\"]}]}<\/script>\n<!-- \/ Yoast SEO plugin. -->","yoast_head_json":{"title":"Interviews vid\u00e9o - Museo del Cavallino della Giara","description":"Les interviews vid\u00e9o racontent l'histoire du village de Genoni. La plupart des interviews ont \u00e9t\u00e9 illustr\u00e9es par Pia Valentinis.","robots":{"index":"index","follow":"follow","max-snippet":"max-snippet:-1","max-image-preview":"max-image-preview:large","max-video-preview":"max-video-preview:-1"},"canonical":"https:\/\/museocavallinodellagiara.it\/fr\/interviews-video\/","og_locale":"fr_FR","og_type":"article","og_title":"Interviews vid\u00e9o du mus\u00e9e","og_description":"Les interviews vid\u00e9o racontent l'histoire du village de Genoni. La plupart des interviews ont \u00e9t\u00e9 illustr\u00e9es par Pia Valentinis.","og_url":"https:\/\/museocavallinodellagiara.it\/fr\/interviews-video\/","og_site_name":"Museo del Cavallino della Giara","article_publisher":"https:\/\/business.facebook.com\/parcgenoni\/","og_image":[{"url":"https:\/\/museocavallinodellagiara.it\/wp-content\/uploads\/2018\/02\/cavallo600-min-min.jpg","type":"","width":"","height":""}],"twitter_card":"summary_large_image","twitter_title":"Interviews vid\u00e9o du mus\u00e9e","twitter_description":"Les interviews vid\u00e9o racontent l'histoire du village de Genoni. La plupart des interviews ont \u00e9t\u00e9 illustr\u00e9es par Pia Valentinis.","twitter_image":"https:\/\/museocavallinodellagiara.it\/wp-content\/uploads\/2018\/02\/cavallo600-min-min.jpg","twitter_misc":{"Dur\u00e9e de lecture estim\u00e9e":"4 minutes"},"schema":{"@context":"https:\/\/schema.org","@graph":[{"@type":"WebPage","@id":"https:\/\/museocavallinodellagiara.it\/fr\/interviews-video\/","url":"https:\/\/museocavallinodellagiara.it\/fr\/interviews-video\/","name":"Interviews vid\u00e9o - Museo del Cavallino della Giara","isPartOf":{"@id":"https:\/\/museocavallinodellagiara.it\/#website"},"primaryImageOfPage":{"@id":"https:\/\/museocavallinodellagiara.it\/fr\/interviews-video\/#primaryimage"},"image":{"@id":"https:\/\/museocavallinodellagiara.it\/fr\/interviews-video\/#primaryimage"},"thumbnailUrl":"https:\/\/museocavallinodellagiara.it\/wp-content\/uploads\/2018\/02\/Il_canto-min-min.jpg","datePublished":"2025-03-29T14:56:26+00:00","description":"Les interviews vid\u00e9o racontent l'histoire du village de Genoni. La plupart des interviews ont \u00e9t\u00e9 illustr\u00e9es par Pia Valentinis.","breadcrumb":{"@id":"https:\/\/museocavallinodellagiara.it\/fr\/interviews-video\/#breadcrumb"},"inLanguage":"fr-FR","potentialAction":[{"@type":"ReadAction","target":["https:\/\/museocavallinodellagiara.it\/fr\/interviews-video\/"]}]},{"@type":"ImageObject","inLanguage":"fr-FR","@id":"https:\/\/museocavallinodellagiara.it\/fr\/interviews-video\/#primaryimage","url":"https:\/\/museocavallinodellagiara.it\/wp-content\/uploads\/2018\/02\/Il_canto-min-min.jpg","contentUrl":"https:\/\/museocavallinodellagiara.it\/wp-content\/uploads\/2018\/02\/Il_canto-min-min.jpg","width":543,"height":768,"caption":"Illustrazione di Pia Valentinis sul canto"},{"@type":"BreadcrumbList","@id":"https:\/\/museocavallinodellagiara.it\/fr\/interviews-video\/#breadcrumb","itemListElement":[{"@type":"ListItem","position":1,"name":"Home","item":"https:\/\/museocavallinodellagiara.it\/fr\/"},{"@type":"ListItem","position":2,"name":"Interviews vid\u00e9o"}]},{"@type":"WebSite","@id":"https:\/\/museocavallinodellagiara.it\/#website","url":"https:\/\/museocavallinodellagiara.it\/","name":"Museo del Cavallino della Giara","description":"Il museo dedicato al cavallo e al Parco della Giara","publisher":{"@id":"https:\/\/museocavallinodellagiara.it\/#organization"},"potentialAction":[{"@type":"SearchAction","target":{"@type":"EntryPoint","urlTemplate":"https:\/\/museocavallinodellagiara.it\/?s={search_term_string}"},"query-input":{"@type":"PropertyValueSpecification","valueRequired":true,"valueName":"search_term_string"}}],"inLanguage":"fr-FR"},{"@type":"Organization","@id":"https:\/\/museocavallinodellagiara.it\/#organization","name":"Museo del Cavallino della Giara","url":"https:\/\/museocavallinodellagiara.it\/","logo":{"@type":"ImageObject","inLanguage":"fr-FR","@id":"https:\/\/museocavallinodellagiara.it\/#\/schema\/logo\/image\/","url":"https:\/\/museocavallinodellagiara.it\/wp-content\/uploads\/2018\/01\/logo_cavallino.png","contentUrl":"https:\/\/museocavallinodellagiara.it\/wp-content\/uploads\/2018\/01\/logo_cavallino.png","width":606,"height":739,"caption":"Museo del Cavallino della Giara"},"image":{"@id":"https:\/\/museocavallinodellagiara.it\/#\/schema\/logo\/image\/"},"sameAs":["https:\/\/business.facebook.com\/parcgenoni\/","https:\/\/www.youtube.com\/user\/ParcGenoni"]}]}},"_links":{"self":[{"href":"https:\/\/museocavallinodellagiara.it\/fr\/wp-json\/wp\/v2\/pages\/5730","targetHints":{"allow":["GET"]}}],"collection":[{"href":"https:\/\/museocavallinodellagiara.it\/fr\/wp-json\/wp\/v2\/pages"}],"about":[{"href":"https:\/\/museocavallinodellagiara.it\/fr\/wp-json\/wp\/v2\/types\/page"}],"author":[{"embeddable":true,"href":"https:\/\/museocavallinodellagiara.it\/fr\/wp-json\/wp\/v2\/users\/1"}],"replies":[{"embeddable":true,"href":"https:\/\/museocavallinodellagiara.it\/fr\/wp-json\/wp\/v2\/comments?post=5730"}],"version-history":[{"count":2,"href":"https:\/\/museocavallinodellagiara.it\/fr\/wp-json\/wp\/v2\/pages\/5730\/revisions"}],"predecessor-version":[{"id":5733,"href":"https:\/\/museocavallinodellagiara.it\/fr\/wp-json\/wp\/v2\/pages\/5730\/revisions\/5733"}],"wp:featuredmedia":[{"embeddable":true,"href":"https:\/\/museocavallinodellagiara.it\/fr\/wp-json\/wp\/v2\/media\/5731"}],"wp:attachment":[{"href":"https:\/\/museocavallinodellagiara.it\/fr\/wp-json\/wp\/v2\/media?parent=5730"}],"curies":[{"name":"wp","href":"https:\/\/api.w.org\/{rel}","templated":true}]}}